{"id":52333,"date":"2025-03-19T16:25:14","date_gmt":"2025-03-20T00:25:14","guid":{"rendered":"https:\/\/www.sumologic.com\/solutions\/application-monitoring"},"modified":"2026-01-23T07:04:10","modified_gmt":"2026-01-23T15:04:10","slug":"application-monitoring","status":"publish","type":"page","link":"https:\/\/www.sumologic.com\/de\/solutions\/application-monitoring","title":{"rendered":"Application Monitoring"},"content":{"rendered":"\n<section class=\"e-stn e-stn-e29c1412f8521d8d563da1604836dba45a7358a5 e-stn--main-banner\"><style>@media only screen and (max-width: 9999px) {\n\t\t\t\t\t\t\t\t\t.e-stn.e-stn-e29c1412f8521d8d563da1604836dba45a7358a5 { \n\t\t\t\t\t\t\t\t\t\tbackground-color: #101827; \n\t\t\t\t\t\t\t\t\t}\n\t\t\t\t\t\t\t\t}<\/style><div class=\"container\">\n<div class=\"wp-block-b3rg-row e-row row\">\n<div class=\"wp-block-b3rg-column e-col e-col-30cf6e0d31fd8780616c8617a3382c2b2c7f4e3b e-col--content-wrapper  col-sm-12 col-lg-6\">\n<p class=\"eyebrow has-text-color has-link-color wp-elements-6559c43a09af7330ba37548b7fd960fa\" style=\"color:#ffffff\">Application Monitoring<\/p>\n\n\n\n<h1 class=\"wp-block-heading has-pure-white-color has-text-color has-link-color wp-elements-b0bdc4d59e6f42e03cf020169a61d7e6\" id=\"use-application-monitoring-to-reduce-downtime-and-solve-issues-faster\">Nutzen Sie Application Monitoring, um Ausfallzeiten zu reduzieren und Probleme schneller zu l\u00f6sen<\/h1>\n\n\n\n<p class=\"description has-chinese-silver-color has-text-color has-link-color wp-elements-84a37dc2bba5517bd5d013e5a3977869\">Eine integrierte Application-Monitoring-Plattform f\u00fcr alle Ihre Daten w\u00e4hrend des gesamten Entwicklungslebenszyklus<\/p>\n\n\n\n<div class=\"e-div e-div-b8650eb23605cc1c3c2b0261ca56a62af47c216e e-div--button-wrapper\"><div class=\"e-btn e-btn--blue-button-with-right-arrow\"><a class=\"e-btn__link\"href=\"https:\/\/www.sumologic.com\/sign-up\" target=\"_self\">\n<p class=\"title\">Kostenlose Testversion starten<\/p>\n<\/a><\/div>\n\n<\/div>\n<\/div>\n\n\n\n<div class=\"wp-block-b3rg-column e-col e-col-15df7f642de35e557df618afb20d16d065041e70 e-col--media-wrapper  col-sm-12 col-lg-6\">\n<div class=\"e-div e-div-c798c7a4466427637118b74d5226a20455577ae2 e-div--media-wrapper\"><div class=\"e-img e-img--section-bg\"><\/div>\n\n\n<div class=\"browser-ui dark\">\n<figure class=\"browser-ui__wrap\">\n<img decoding=\"async\" class=\"browser-ui__img\" src=\"https:\/\/www.sumologic.com\/wp-content\/uploads\/sl-8qlkbqlr1u44.gif\" alt=\"\" width=\"1366\" height=\"699\" loading=\"lazy\" title=\"\">\n\n\n<div id=\"storylane-block_8c0f2f9a20026218a79ad4621c65d38c\" class=\"storylane-block\"><button onclick=\"Storylane.Play({type:'popup', demo_type:'image', width:2560, height:1310, scale:'0.95', demo_url:'https:\/\/app.storylane.io\/demo\/8qlkbqlr1u44?embed=popup', padding_bottom:'calc(51.17% + 25px)'})\"\n                class=\"btn-left-icon__blue\">\n                Take a tour\n            <\/button><\/div><\/figure>\n<\/div>\n<\/div>\n\n\n\n<style>\n.sl-popup {z-index: 2;}\n.e-col-15df7f642de35e557df618afb20d16d065041e70 div.browser-ui img {\naspect-ratio: inherit!important;\nposition: relative!important;\nz-index: -1!important;\ntransform: scale(1.05);\ntransform-origin: 5% 8%;\n}\n.e-col-15df7f642de35e557df618afb20d16d065041e70 div.browser-ui .browser-ui__wrap .btn-left-icon__blue {z-index: 2;}\n<\/style>\n<\/div>\n<\/div>\n<\/div><\/section>\n\n<div class=\"wp-block-group is-content-justification-center is-nowrap is-layout-flex wp-container-core-group-is-layout-23441af8 wp-block-group-is-layout-flex\">\n<div class=\"wp-block-columns is-layout-flex wp-container-core-columns-is-layout-28f84493 wp-block-columns-is-layout-flex\">\n<div class=\"wp-block-column is-layout-flow wp-block-column-is-layout-flow\" style=\"flex-basis:15%\"><\/div>\n\n\n\n<div class=\"wp-block-column is-layout-flow wp-block-column-is-layout-flow\" style=\"flex-basis:70%\">\n<h2 class=\"wp-block-heading has-text-align-center\" id=\"sumo-logic-security-capabilities-1\">Application Monitoring und Observability<\/h2>\n\n\n\n<div style=\"height:20px\" aria-hidden=\"true\" class=\"wp-block-spacer\"><\/div>\n<\/div>\n\n\n\n<div class=\"wp-block-column is-layout-flow wp-block-column-is-layout-flow\" style=\"flex-basis:15%\"><\/div>\n<\/div>\n<\/div>\n\n<section id=\"section-4\" class=\"e-stn e-stn-ef04c0a598ec06449a3755c6ffafb082324cdde7 e-stn--repeatable-content-cards e-mt-0 e-pt-30 e-mb-0 e-pb-30\"><div class=\"container\">\n<div class=\"wp-block-b3rg-row e-row row\">\n<div class=\"wp-block-b3rg-column e-col e-col-15df7f642de35e557df618afb20d16d065041e70 e-col--media-wrapper  col-sm-12 col-lg-6\">\n<h2 class=\"wp-block-heading has-large-font-size\" id=\"cloud-native-architecture-1\">Flexible, moderne Lizenzierung, die die kompromisslose Nutzung aller relevanten Daten erm\u00f6glicht<\/h2>\n\n\n\n<p><strong>Beheben Sie Probleme mit Ihren Microservices, nicht mit Ihrer Observability-Rechnung<\/strong><\/p>\n\n\n\n<p>Das flexible, Credit-basierte Lizenzmodell von Sumo Logic bietet Ihnen die volle Kontrolle und bestraft niemals Ihre Nutzungs- oder Architektur-Entscheidungen. Im Vergleich zu anderen Tools beseitigt der \u201eInfrequent Data Tier\u201c von Sumo Logic die sogenannte \u201eDatensteuer\u201c und erm\u00f6glicht die Aufnahme von Daten, ohne dass Sie sich um \u00fcberm\u00e4\u00dfige Analysekosten sorgen m\u00fcssen.<\/p>\n\n\n\n<p>Das Lizenzierungsmodell von Sumo Logic bietet:<\/p>\n\n\n\n<ul class=\"wp-block-list\">\n<li><strong>Vorhersehbarkeit<\/strong>\u00a0\u2013 keine Strafgeb\u00fchren oder Mehrkosten f\u00fcr das \u00dcbertreffen des urspr\u00fcnglich im Vertrag gesch\u00e4tzten Datenvolumens oder benutzerdefinierte Metriken.<\/li>\n\n\n\n<li><strong>Flexibilit\u00e4t bei der \u00dcbernahme von Produkten<\/strong>\u00a0\u2013 Self-Service-Nutzung von Produkten (Logs, Metriken, Tracing, SIEM, Data Tiers und mehr), keine Notwendigkeit, jedes Produkt oder jede Funktionalit\u00e4t zu lizenzieren. Im Vergleich zu anderen Tools k\u00f6nnen Sie verwenden, was Sie wollen und wie Sie es wollen\u00a0\u2013 <em>f\u00fcr alle Benutzer verf\u00fcgbar<\/em>.<\/li>\n\n\n\n<li><strong>Keine Verschwendung<\/strong>\u00a0\u2013 Vermeiden Sie Verschwendung, indem Sie Ihr Guthaben nur f\u00fcr das ausgeben, was Sie nutzen.<\/li>\n<\/ul>\n<\/div>\n\n\n\n<div class=\"wp-block-b3rg-column e-col e-col-30cf6e0d31fd8780616c8617a3382c2b2c7f4e3b e-col--content-wrapper  col-sm-12 col-lg-6\"><div class=\"e-img \">\n<figure class=\"wp-block-image size-full\"><img loading=\"lazy\" decoding=\"async\" width=\"1692\" height=\"1174\" src=\"https:\/\/www.sumologic.com\/wp-content\/uploads\/dashboard-Unlimited_flexibility.png\" alt=\"\" class=\"wp-image-13729\" title=\"\"><\/figure>\n<\/div><\/div>\n<\/div>\n<\/div><\/section>\n\n<section id=\"section-5\" class=\"e-stn e-stn-c0a3e4264b08468931731a842cd217c07a632cac e-stn--repeatable-content-cards e-mt-0 e-pt-30 e-mb-0 e-pb-30\"><style>@media only screen and (max-width: 9999px) {\n\t\t\t\t\t\t\t\t\t.e-stn.e-stn-c0a3e4264b08468931731a842cd217c07a632cac { \n\t\t\t\t\t\t\t\t\t\tbackground-color: #f8f8f8; \n\t\t\t\t\t\t\t\t\t}\n\t\t\t\t\t\t\t\t}<\/style><div class=\"container\">\n<div class=\"wp-block-b3rg-row e-row row\">\n<div class=\"wp-block-b3rg-column e-col e-col-30cf6e0d31fd8780616c8617a3382c2b2c7f4e3b e-col--content-wrapper  col-sm-12 col-lg-6\"><div class=\"e-img \">\n<figure class=\"wp-block-image size-full\"><img loading=\"lazy\" decoding=\"async\" width=\"2174\" height=\"1476\" src=\"https:\/\/www.sumologic.com\/wp-content\/uploads\/dashboard-section2_Microservices_Observability.jpg\" alt=\"\" class=\"wp-image-13733\" title=\"\"><\/figure>\n<\/div><\/div>\n\n\n\n<div class=\"wp-block-b3rg-column e-col e-col-30cf6e0d31fd8780616c8617a3382c2b2c7f4e3b e-col--content-wrapper  col-sm-12 col-lg-6\">\n<h2 class=\"wp-block-heading has-large-font-size\" id=\"uncover-and-investigate-insights\">Microservice-Observability<\/h2>\n\n\n\n<p><strong>Alle Tools, die Sie f\u00fcr die Observability ben\u00f6tigen, an einem Ort<\/strong><\/p>\n\n\n\n<p>Reduzieren Sie Ausfallzeiten und l\u00f6sen Sie kundenrelevante Probleme schneller mit einer integrierten Observability-Plattform f\u00fcr alle Ihre Anwendungsdaten.<\/p>\n\n\n\n<p>Die Microservices Observability-L\u00f6sung von Sumo Logic deckt alle Ihre Daten ab \u2013 Leistungsmetriken, Logs und Ereignisse sowie verteiltes Tracing \u2013 auf einer hoch skalierbaren, sicheren und kosteng\u00fcnstigen Analyseplattform.<\/p>\n<\/div>\n<\/div>\n<\/div><\/section>\n\n<section id=\"section-6\" class=\"e-stn e-stn-8e6c700e6a612cbd88aa4fb6fdeca8401a0f8e9a e-stn--repeatable-content-cards e-mt-0 e-pt-30 e-mb-0 e-pb-30\"><div class=\"container\">\n<div class=\"wp-block-b3rg-row e-row row\">\n<div class=\"wp-block-b3rg-column e-col e-col-15df7f642de35e557df618afb20d16d065041e70 e-col--media-wrapper  col-sm-12 col-lg-6\">\n<h2 class=\"wp-block-heading has-large-font-size\" id=\"case-management\">Leistungsstarke Analyse-Tools<\/h2>\n\n\n\n<p><strong>Schnellere Reaktion auf Vorf\u00e4lle, um Ausfallzeiten zu reduzieren und Probleme zu l\u00f6sen, die sich auf den Kunden auswirken<\/strong><\/p>\n\n\n\n<p>Die integrierte Analyseplattform von Sumo Logic setzt Systemprobleme nahtlos in Beziehung zueinander: Leistungsmonitoring, tiefe Einblicke in die Protokollierung, \u00dcberwachung der Benutzerfreundlichkeit durch Tracing und Transaktionsanalysen sowie Sicherheitstransparenz durch integrierte Sicherheitsanalysen.<\/p>\n\n\n\n<p>Dieselbe Plattform bietet au\u00dferdem eine \u00fcberragende Leistung und ausgefeilte Analysen, die Sicherheitsteams ben\u00f6tigen, um auch die kompliziertesten Probleme schnell zu erkennen und zu l\u00f6sen \u2013 mit Tools wie:<\/p>\n\n\n\n<ul class=\"wp-block-list\">\n<li><strong>Datengesteuerte Erkennung<\/strong>\u00a0\u2013 Leistungsstarke, KI- und ML-gesteuerte Funktionen wie unsere patentierten LogReduce- und LogCompare-Musteranalysen zur schnelleren Erkennung von Anomalien und Gewinnung von Erkenntnissen in Echtzeit, ohne dass Datenproben genommen werden m\u00fcssen.<\/li>\n\n\n\n<li><strong>Analyseschema<\/strong>\u00a0\u2013 Parse on-write und Parse on-search gibt Benutzern die Flexibilit\u00e4t, Logs zu verarbeiten, die m\u00f6glicherweise noch nicht ausgeparst wurden.<\/li>\n\n\n\n<li><strong>Apps und Integrationen<\/strong>\u00a0\u2013 \u00fcber 240 Apps und Integrationen, damit Sie alle Ihre Betriebsdaten an einem Ort erfassen und speichern k\u00f6nnen.<\/li>\n<\/ul>\n<\/div>\n\n\n\n<div class=\"wp-block-b3rg-column e-col e-col-30cf6e0d31fd8780616c8617a3382c2b2c7f4e3b e-col--content-wrapper  col-sm-12 col-lg-6\"><div class=\"e-img \">\n<figure class=\"wp-block-image size-full\"><img loading=\"lazy\" decoding=\"async\" width=\"2458\" height=\"1760\" src=\"https:\/\/www.sumologic.com\/wp-content\/uploads\/dashboard-Section3_Powerful_Analytics_Tools.jpg\" alt=\"\" class=\"wp-image-13735\" title=\"\"><\/figure>\n<\/div><\/div>\n<\/div>\n<\/div><\/section>\n\n<section id=\"section-7\" class=\"e-stn e-stn-044bb539962d1eb9a0f846ad3c35d317ccdec22b e-stn--repeatable-content-cards e-mt-0 e-pt-30 e-mb-0 e-pb-30\"><style>@media only screen and (max-width: 9999px) {\n\t\t\t\t\t\t\t\t\t.e-stn.e-stn-044bb539962d1eb9a0f846ad3c35d317ccdec22b { \n\t\t\t\t\t\t\t\t\t\tbackground-color: #f8f8f8; \n\t\t\t\t\t\t\t\t\t}\n\t\t\t\t\t\t\t\t}<\/style><div class=\"container\">\n<div class=\"wp-block-b3rg-row e-row row\">\n<div class=\"wp-block-b3rg-column e-col e-col-30cf6e0d31fd8780616c8617a3382c2b2c7f4e3b e-col--content-wrapper  col-sm-12 col-lg-6\"><div class=\"e-img \">\n<figure class=\"wp-block-image size-full\"><img loading=\"lazy\" decoding=\"async\" width=\"2188\" height=\"1536\" src=\"https:\/\/www.sumologic.com\/wp-content\/uploads\/dashboard-Section4_Audit_Compliance.jpg\" alt=\"\" class=\"wp-image-13736\" title=\"\"><\/figure>\n<\/div><\/div>\n\n\n\n<div class=\"wp-block-b3rg-column e-col e-col-30cf6e0d31fd8780616c8617a3382c2b2c7f4e3b e-col--content-wrapper  col-sm-12 col-lg-6\">\n<h2 class=\"wp-block-heading has-large-font-size\" id=\"uncover-and-investigate-insights\">Audit und Compliance<\/h2>\n\n\n\n<p><strong>Analysegesteuertes Compliance-Monitoring<\/strong><\/p>\n\n\n\n<p>Stellen Sie m\u00fchelos Ihre Compliance fest mit Cloud-nativer Skalierbarkeit \u00fcber Ihre Cloud- und lokalen Umgebungen hinweg.<\/p>\n\n\n\n<ul class=\"wp-block-list\">\n<li><strong>Kontinuierliche Compliance<\/strong>\u00a0\u2013 Cloud-native Sicherheits- und Konfigurationsanalyse, die die Daten\u00fcberwachung, Analyse und Berichterstattung bietet, die f\u00fcr eine schnelle, kosteneffektive kontinuierliche Compliance-Bereitschaft f\u00fcr PCI, HIPAA, DSGVO, FISMA, SOX, ISO, COBIT und andere erforderlich sind.<\/li>\n\n\n\n<li><strong>Proaktive Analysen<\/strong>\u00a0\u2013 Erweiterte Analysetools bieten Echtzeiteinblicke in Ihre Compliance- und Sicherheitslage in Ihren Cloud- und lokalen Umgebungen.<\/li>\n\n\n\n<li><strong>Granulares Compliance-Reporting<\/strong>\u00a0\u2013 Granulare Dashboards und Berichte bieten Transparenz, um schnell und einfach die Compliance-Bereitschaft und die besten Sicherheitsverfahren zu demonstrieren.<\/li>\n<\/ul>\n<\/div>\n<\/div>\n<\/div><\/section>\n\n<section id=\"section-6\" class=\"e-stn e-stn-8e6c700e6a612cbd88aa4fb6fdeca8401a0f8e9a e-stn--repeatable-content-cards e-mt-0 e-pt-30 e-mb-0 e-pb-30\"><div class=\"container\">\n<div class=\"wp-block-b3rg-row e-row row\">\n<div class=\"wp-block-b3rg-column e-col e-col-15df7f642de35e557df618afb20d16d065041e70 e-col--media-wrapper  col-sm-12 col-lg-6\">\n<h2 class=\"wp-block-heading has-large-font-size\" id=\"case-management\">Sicherheitsdaten<\/h2>\n\n\n\n<p><strong>Sicherheitsanalysen<\/strong><\/p>\n\n\n\n<p>Im Vergleich zu anderen Tools unterst\u00fctzt die Cloud-native L\u00f6sung von Sumo Logic das gesamte Spektrum der Sicherheitsanwendungsf\u00e4lle \u2013 von Protokollierung \u00fcber Compliance bis hin zu Monitoring und Sicherung von Hybrid-Clouds und der Bereitstellung marktf\u00fchrender SIEM-Funktionen.<\/p>\n\n\n\n<ul class=\"wp-block-list\">\n<li><strong>\u00dcberwachung der Cloud-Sicherheit<\/strong>\u00a0\u2013 \u00dcberwachen und sichern Sie Ihre hybriden und Multi-Cloud-Umgebungen mit zentralem Log-Management (CLM) f\u00fcr AWS, Azure, GCP und gesch\u00e4ftskritische SaaS-Anwendungen.<\/li>\n<\/ul>\n<\/div>\n\n\n\n<div class=\"wp-block-b3rg-column e-col e-col-30cf6e0d31fd8780616c8617a3382c2b2c7f4e3b e-col--content-wrapper  col-sm-12 col-lg-6\"><div class=\"e-img \">\n<figure class=\"wp-block-image size-full\"><img loading=\"lazy\" decoding=\"async\" width=\"2516\" height=\"1864\" src=\"https:\/\/www.sumologic.com\/wp-content\/uploads\/dashboard-Section5_Security_Intelligence.jpg\" alt=\"\" class=\"wp-image-13737\" title=\"\"><\/figure>\n<\/div><\/div>\n<\/div>\n<\/div><\/section>\n\n<div class=\"wp-block-columns is-layout-flex wp-container-core-columns-is-layout-28f84493 wp-block-columns-is-layout-flex\" id=\"section-5\">\n<div class=\"wp-block-column is-layout-flow wp-block-column-is-layout-flow\" style=\"flex-basis:25%\"><\/div>\n\n\n\n<div class=\"wp-block-column is-layout-flow wp-block-column-is-layout-flow\" style=\"flex-basis:50%\">\n<h3 class=\"wp-block-heading has-text-align-center\" id=\"real-time-application-monitoring-is-the-lifeblood-of-modern-business\">Application Monitoring in Echtzeit ist das Lebenselixier eines modernen Unternehmens<\/h3>\n\n\n\n<p><strong>\u201e<strong>Wenn man ein modernes App-basiertes Start-up betreibt, ist Echtzeit das Lebenselixier des Unternehmens. Jeden Tag machen wir uns Gedanken \u00fcber die Skalierung und dar\u00fcber, ob wir die richtigen Tools haben, um die Bereitstellung von Funktionen zu beschleunigen und unser Modell zu optimieren. Wir setzen auf Observability und Sumo Logic liefert uns die Echtzeit-Einsichten und die Bedrohungsdaten, um wie eine Bank zu arbeiten und unsere Kundendaten zu sch\u00fctzen.<\/strong>\u201c<\/strong><br\/><br\/><strong> \u2013 <strong>Jem Walters<\/strong><\/strong>,<strong><strong>Mitbegr\u00fcnder und CTO<\/strong>, Snoop<\/strong><\/p>\n\n\n\n<div style=\"height:30px\" aria-hidden=\"true\" class=\"wp-block-spacer\"><\/div>\n<\/div>\n\n\n\n<div class=\"wp-block-column is-layout-flow wp-block-column-is-layout-flow\" style=\"flex-basis:25%\"><\/div>\n<\/div>\n\n<section class=\"e-stn e-stn-ceba3706ee898be52a7a7a7b87aa3e5ff65e62e4 e-stn--events-main-banner e-pt-0\"><style>@media only screen and (max-width: 9999px) {\n\t\t\t\t\t\t\t\t\t.e-stn.e-stn-ceba3706ee898be52a7a7a7b87aa3e5ff65e62e4 { \n\t\t\t\t\t\t\t\t\t\tbackground-color: #101827; \n\t\t\t\t\t\t\t\t\t}\n\t\t\t\t\t\t\t\t}<\/style><div class=\"container\">\n<div class=\"wp-block-b3rg-row e-row row\">\n<div class=\"wp-block-b3rg-column e-col e-col-30cf6e0d31fd8780616c8617a3382c2b2c7f4e3b e-col--content-wrapper  col-sm-12 col-lg-6\">\n<h2 class=\"wp-block-heading has-pure-white-color has-text-color has-link-color wp-elements-191aa9e22906ba58ec2bab93db1113bf\" id=\"monitor-secure-and-optimize-your-apps\">\u00dcberwachen, sichern und optimieren Sie Ihre Anwendungen<\/h2>\n\n\n\n<p class=\"has-text-color has-link-color wp-elements-aedb80113caa000e140183bc8e4022cc\" style=\"color:#ffffff\">Erfahren Sie, wie Sie Sumo Logic in nur 15 Minuten einrichten \u2013 ohne operativen Mehraufwand.<\/p>\n\n\n<div class=\"e-btn e-btn--white-border-button\"><a class=\"e-btn__link\"href=\"https:\/\/www.sumologic.com\/sign-up\" target=\"_self\">\n<p class=\"title\">Kostenlose Testversion starten<\/p>\n<\/a><\/div><\/div>\n\n\n\n<div class=\"wp-block-b3rg-column e-col e-col-15df7f642de35e557df618afb20d16d065041e70 e-col--media-wrapper  col-sm-12 col-lg-6\"><div class=\"e-img \">\n<figure class=\"wp-block-image size-large\"><img decoding=\"async\" src=\"https:\/\/sumo-wp-marketing-site-assets.s3.amazonaws.com\/uploads\/2024\/10\/Frame-1073715737.svg\" alt=\"\" class=\"wp-image-1151\" title=\"\"><\/figure>\n<\/div><\/div>\n<\/div>\n<\/div><\/section>\n","protected":false},"excerpt":{"rendered":"<p>Application Monitoring und Observability Application Monitoring in Echtzeit ist das Lebenselixier eines modernen Unternehmens \u201eWenn man ein modernes App-basiertes Start-up betreibt, ist Echtzeit das Lebenselixier des Unternehmens. Jeden Tag machen wir uns Gedanken \u00fcber die Skalierung und dar\u00fcber, ob wir die richtigen Tools haben, um die Bereitstellung von Funktionen zu beschleunigen und unser Modell zu [&hellip;]<\/p>\n","protected":false},"author":4,"featured_media":0,"parent":51998,"menu_order":0,"comment_status":"closed","ping_status":"closed","template":"","meta":{"_acf_changed":false,"show_custom_date":false,"custom_date":"","featured":false,"featured_image":0,"learn_more_label":"","image_alt_text":"","learn_more_type":"","show_popup":false,"learn_more_link_file":0,"event_date":false,"event_start_date":"","event_end_date":"","place_holder_image_url":"","post_reading_time":"3","notification_enabled":false,"notification_text":"","notification_logo":"","notification_expiration_time":0,"is_enable_transparent_header":false,"selected_taxonomy_terms":{"translation_priority":[221]},"selected_primary_terms":[],"learn_more_link":[],"featured_page_list":[],"notification_enabled_post_list":[],"_gspb_post_css":"","_relevanssi_hide_post":"","_relevanssi_hide_content":"","_relevanssi_pin_for_all":"","_relevanssi_pin_keywords":"","_relevanssi_unpin_keywords":"","_relevanssi_related_keywords":"","_relevanssi_related_include_ids":"","_relevanssi_related_exclude_ids":"","_relevanssi_related_no_append":"","_relevanssi_related_not_related":"","_relevanssi_related_posts":"","_relevanssi_noindex_reason":"","inline_featured_image":false,"footnotes":""},"class_list":["post-52333","page","type-page","status-publish","hentry"],"acf":[],"_links":{"self":[{"href":"https:\/\/www.sumologic.com\/de\/wp-json\/wp\/v2\/pages\/52333","targetHints":{"allow":["GET"]}}],"collection":[{"href":"https:\/\/www.sumologic.com\/de\/wp-json\/wp\/v2\/pages"}],"about":[{"href":"https:\/\/www.sumologic.com\/de\/wp-json\/wp\/v2\/types\/page"}],"author":[{"embeddable":true,"href":"https:\/\/www.sumologic.com\/de\/wp-json\/wp\/v2\/users\/4"}],"replies":[{"embeddable":true,"href":"https:\/\/www.sumologic.com\/de\/wp-json\/wp\/v2\/comments?post=52333"}],"version-history":[{"count":7,"href":"https:\/\/www.sumologic.com\/de\/wp-json\/wp\/v2\/pages\/52333\/revisions"}],"predecessor-version":[{"id":67580,"href":"https:\/\/www.sumologic.com\/de\/wp-json\/wp\/v2\/pages\/52333\/revisions\/67580"}],"up":[{"embeddable":true,"href":"https:\/\/www.sumologic.com\/de\/wp-json\/wp\/v2\/pages\/51998"}],"wp:attachment":[{"href":"https:\/\/www.sumologic.com\/de\/wp-json\/wp\/v2\/media?parent=52333"}],"curies":[{"name":"wp","href":"https:\/\/api.w.org\/{rel}","templated":true}]}}