{"id":52336,"date":"2025-04-11T15:52:13","date_gmt":"2025-04-11T23:52:13","guid":{"rendered":"https:\/\/www.sumologic.com\/solutions\/end-user-monitoring"},"modified":"2026-01-22T05:55:21","modified_gmt":"2026-01-22T13:55:21","slug":"end-user-monitoring","status":"publish","type":"page","link":"https:\/\/www.sumologic.com\/de\/solutions\/end-user-monitoring","title":{"rendered":"End User Monitoring"},"content":{"rendered":"\n<section class=\"e-stn e-stn-123fadf620c2bf68b8019a401fc4bfec370b2069 e-stn--cta-with-content-buttons\"><style>@media only screen and (max-width: 9999px) {\n\t\t\t\t\t\t\t\t\t.e-stn.e-stn-123fadf620c2bf68b8019a401fc4bfec370b2069 { \n\t\t\t\t\t\t\t\t\t\tbackground-color: #101827; \n\t\t\t\t\t\t\t\t\t}\n\t\t\t\t\t\t\t\t}<\/style><div class=\"container\">\n<div class=\"wp-block-b3rg-row e-row row\">\n<div class=\"wp-block-b3rg-column e-col e-col-0d9008e2df6be06c70b848263cf0b002bd5b4489 e-col--content-wrapper  col-sm-12 col-lg-6 col-xl-8 d-lg-flex flex-lg-column justify-content-lg-center\">\n<p><a href=\"https:\/\/www.sumologic.com\/de\/solutions\/digital-customer-experience\" data-type=\"page\" data-id=\"122\">DIGITALES KUNDENERLEBENIS<\/a><\/p>\n\n\n\n<h1 class=\"wp-block-heading has-pure-white-color has-text-color has-link-color wp-elements-9f0ece416793862980e6bb06a785e3a9\" id=\"end-user-monitoring-because-every-click-counts\">End User Monitoring \u2013 weil jeder Klick z\u00e4hlt<\/h1>\n\n\n\n<p class=\"has-chinese-silver-color has-text-color has-link-color wp-elements-7d139f964ce8f8a65eadb21efb3b8751\">Erhalten Sie tiefe Einblicke in das Nutzerverhalten, indem Sie Performance-Metriken \u00fcber SaaS-Anwendungen hinweg verfolgen, um das digitale Erlebnis Ihrer Kunden zu verbessern.<\/p>\n\n\n\n<div class=\"e-div e-div-b8650eb23605cc1c3c2b0261ca56a62af47c216e e-div--button-wrapper\"><div class=\"e-btn e-btn--blue-button-small\"><a class=\"e-btn__link\"href=\"https:\/\/www.sumologic.com\/sign-up\" target=\"_self\">\n<p class=\"title\">Kostenlose Testversion starten<\/p>\n<\/a><\/div>\n\n<div class=\"e-btn e-btn--white-border-button\"><a class=\"e-btn__link\"href=\"https:\/\/www.sumologic.com\/case-studies\/acquia\" target=\"_self\">\n<p class=\"title\">Fallstudie ansehen<\/p>\n<\/a><\/div><\/div>\n<\/div>\n\n\n\n<div class=\"wp-block-b3rg-column e-col e-col-7718b33dc17f8d6957b02edbe53482976331a554  col-sm-12 col-lg-6 col-xl-4 d-lg-flex flex-lg-column justify-content-lg-center\"><div class=\"e-img \">\n<figure class=\"wp-block-image size-full\"><img loading=\"lazy\" decoding=\"async\" width=\"850\" height=\"762\" src=\"https:\/\/www.sumologic.com\/wp-content\/uploads\/hero-End-User-Monitoring-hero-3.jpg\" alt=\"\" class=\"wp-image-18133\" title=\"\" srcset=\"https:\/\/www.sumologic.com\/wp-content\/uploads\/hero-End-User-Monitoring-hero-3.jpg 850w, https:\/\/www.sumologic.com\/wp-content\/uploads\/hero-End-User-Monitoring-hero-3-300x269.jpg 300w, https:\/\/www.sumologic.com\/wp-content\/uploads\/hero-End-User-Monitoring-hero-3-768x688.jpg 768w, https:\/\/www.sumologic.com\/wp-content\/uploads\/hero-End-User-Monitoring-hero-3-575x515.jpg 575w\" sizes=\"auto, (max-width: 850px) 100vw, 850px\" \/><\/figure>\n<\/div><\/div>\n<\/div>\n<\/div><\/section>\n\n<div class=\"wp-block-group is-nowrap is-layout-flex wp-container-core-group-is-layout-6c531013 wp-block-group-is-layout-flex\">\n<div class=\"wp-block-columns is-layout-flex wp-container-core-columns-is-layout-28f84493 wp-block-columns-is-layout-flex\">\n<div class=\"wp-block-column is-layout-flow wp-block-column-is-layout-flow\" style=\"flex-basis:20%\"><\/div>\n\n\n\n<div class=\"wp-block-column is-layout-flow wp-block-column-is-layout-flow\" style=\"flex-basis:60%\">\n<h2 class=\"wp-block-heading has-text-align-center\" id=\"identify-the-source-of-bad-end-user-experience-to-troubleshoot-faster\">Identifizieren Sie die Ursache f\u00fcr ein schlechtes Nutzererlebnis, um Fehler schneller zu beheben<\/h2>\n\n\n\n<p class=\"has-text-align-center\">Sumo Logic bietet Full-Stack-Observability, um Nutzeraktivit\u00e4ten in Echtzeit zu verstehen. Ob ger\u00e4tebasiertes Endnutzer-Monitoring, Real User Monitoring oder Synthetic Monitoring, um Probleme zu identifizieren, bevor sie auftreten \u2013 Sumo Logic zentralisiert alle Anforderungen an die \u00dcberwachung Ihres digitalen Kundenerlebnisses auf einer einzigen Plattform.<\/p>\n<\/div>\n\n\n\n<div class=\"wp-block-column is-layout-flow wp-block-column-is-layout-flow\" style=\"flex-basis:20%\"><\/div>\n<\/div>\n<\/div>\n\n<section id=\"section-4\" class=\"e-stn e-stn-ef04c0a598ec06449a3755c6ffafb082324cdde7 e-stn--repeatable-content-cards e-mt-0 e-pt-30 e-mb-0 e-pb-30\"><div class=\"container\">\n<div class=\"wp-block-b3rg-row e-row row\">\n<div class=\"wp-block-b3rg-column e-col e-col-15df7f642de35e557df618afb20d16d065041e70 e-col--media-wrapper  col-sm-12 col-lg-6\">\n<h2 class=\"wp-block-heading has-large-font-size\" id=\"cloud-native-architecture-1\">Real User Monitoring (RUM)<\/h2>\n\n\n\n<p>Verbessern Sie Ihr Nutzererlebnis und gehen Sie Problemen mit der Anwendungsleistung schneller auf den Grund \u2013 mit Website-Monitoring, angereicherten Daten, Machine Intelligence und Distributed Tracing. \u00dcberwachen Sie die tats\u00e4chlichen Benutzerinteraktionen mit Ihrer Anwendung, um einen m\u00f6glichst genauen \u00dcberblick \u00fcber Ihr Nutzererlebnis zu erhalten.<\/p>\n\n\n\n<p>Real User Monitoring in Echtzeit erfasst Informationen \u00fcber Seitenaufrufe, Browserversionen, den Standort des Nutzers, die Ladezeit von Seiten und andere KPIs f\u00fcr Webbrowser und Anwendungen.<\/p>\n\n\n<div class=\"e-btn e-btn--underline-black-common-link-with-arrow\"><a class=\"e-btn__link\"href=\"https:\/\/www.sumologic.com\/solutions\/real-user-monitoring\" target=\"_self\">\n<p class=\"title\">Mehr erfahren<\/p>\n<\/a><\/div><\/div>\n\n\n\n<div class=\"wp-block-b3rg-column e-col e-col-30cf6e0d31fd8780616c8617a3382c2b2c7f4e3b e-col--content-wrapper  col-sm-12 col-lg-6\"><div class=\"e-img \">\n<figure class=\"wp-block-image size-full\"><img loading=\"lazy\" decoding=\"async\" width=\"1600\" height=\"1114\" src=\"https:\/\/www.sumologic.com\/wp-content\/uploads\/dashboard-EUM-RUM-2.png\" alt=\"\" class=\"wp-image-18131\" title=\"\" srcset=\"https:\/\/www.sumologic.com\/wp-content\/uploads\/dashboard-EUM-RUM-2.png 1600w, https:\/\/www.sumologic.com\/wp-content\/uploads\/dashboard-EUM-RUM-2-300x209.png 300w, https:\/\/www.sumologic.com\/wp-content\/uploads\/dashboard-EUM-RUM-2-1024x713.png 1024w, https:\/\/www.sumologic.com\/wp-content\/uploads\/dashboard-EUM-RUM-2-768x535.png 768w, https:\/\/www.sumologic.com\/wp-content\/uploads\/dashboard-EUM-RUM-2-1536x1069.png 1536w, https:\/\/www.sumologic.com\/wp-content\/uploads\/dashboard-EUM-RUM-2-575x400.png 575w\" sizes=\"auto, (max-width: 1600px) 100vw, 1600px\" \/><\/figure>\n<\/div><\/div>\n<\/div>\n<\/div><\/section>\n\n<section id=\"section-5\" class=\"e-stn e-stn-c0a3e4264b08468931731a842cd217c07a632cac e-stn--repeatable-content-cards e-mt-0 e-pt-30 e-mb-0 e-pb-30\"><style>@media only screen and (max-width: 9999px) {\n\t\t\t\t\t\t\t\t\t.e-stn.e-stn-c0a3e4264b08468931731a842cd217c07a632cac { \n\t\t\t\t\t\t\t\t\t\tbackground-color: #f8f8f8; \n\t\t\t\t\t\t\t\t\t}\n\t\t\t\t\t\t\t\t}<\/style><div class=\"container\">\n<div class=\"wp-block-b3rg-row e-row row\">\n<div class=\"wp-block-b3rg-column e-col e-col-30cf6e0d31fd8780616c8617a3382c2b2c7f4e3b e-col--content-wrapper  col-sm-12 col-lg-6\"><div class=\"e-img \">\n<figure class=\"wp-block-image size-full\"><img loading=\"lazy\" decoding=\"async\" width=\"1600\" height=\"1043\" src=\"https:\/\/www.sumologic.com\/wp-content\/uploads\/dashboard-EUM-SyntheticMonitoring-2.png\" alt=\"\" class=\"wp-image-18132\" title=\"\" srcset=\"https:\/\/www.sumologic.com\/wp-content\/uploads\/dashboard-EUM-SyntheticMonitoring-2.png 1600w, https:\/\/www.sumologic.com\/wp-content\/uploads\/dashboard-EUM-SyntheticMonitoring-2-300x196.png 300w, https:\/\/www.sumologic.com\/wp-content\/uploads\/dashboard-EUM-SyntheticMonitoring-2-1024x668.png 1024w, https:\/\/www.sumologic.com\/wp-content\/uploads\/dashboard-EUM-SyntheticMonitoring-2-768x501.png 768w, https:\/\/www.sumologic.com\/wp-content\/uploads\/dashboard-EUM-SyntheticMonitoring-2-1536x1001.png 1536w, https:\/\/www.sumologic.com\/wp-content\/uploads\/dashboard-EUM-SyntheticMonitoring-2-575x375.png 575w\" sizes=\"auto, (max-width: 1600px) 100vw, 1600px\" \/><\/figure>\n<\/div><\/div>\n\n\n\n<div class=\"wp-block-b3rg-column e-col e-col-30cf6e0d31fd8780616c8617a3382c2b2c7f4e3b e-col--content-wrapper  col-sm-12 col-lg-6\">\n<h2 class=\"wp-block-heading has-large-font-size\" id=\"uncover-and-investigate-insights\">Synthetisches Monitoring<\/h2>\n\n\n\n<p>Die robusten Integrationen von Sumo Logic f\u00fcr Synthetic-Provider bieten integrierte Dashboards zur Anzeige von Synthetic-Monitoring-Daten und erm\u00f6glichen eine einfache, sofort einsatzbereite Benutzererfahrung. Durch die Simulation von Benutzeraktionen mithilfe von Skripten hilft Ihnen das Synthetic Monitoring dabei, Performance-Probleme zu finden und zu beheben, bevor sie tats\u00e4chlich auftreten.<\/p>\n\n\n<div class=\"e-btn e-btn--underline-black-common-link-with-arrow\"><a class=\"e-btn__link\"href=\"https:\/\/www.sumologic.com\/app-catalog\/catchpoint\" target=\"_self\">\n<p class=\"title\">Mehr erfahren<\/p>\n<\/a><\/div><\/div>\n<\/div>\n<\/div><\/section>\n\n<section id=\"section-7\" class=\"e-stn e-stn-0a4d04e509d285e023233a0e8d32dca0a6820859 e-stn--dynamic-grid-section e-mt-0 e-mb-0\"><style>@media only screen and (max-width: 9999px) {\n\t\t\t\t\t\t\t\t\t.e-stn.e-stn-0a4d04e509d285e023233a0e8d32dca0a6820859 { \n\t\t\t\t\t\t\t\t\t\tbackground-color: #ffffff; \n\t\t\t\t\t\t\t\t\t}\n\t\t\t\t\t\t\t\t}<\/style><div class=\"container\">\n<div class=\"wp-block-b3rg-row e-row row justify-content-center\">\n<div class=\"wp-block-b3rg-column e-col e-col-23c491b9590ceaa0fec0c4d0a346887f5f358584  col-sm-7\">\n<h2 class=\"wp-block-heading has-text-align-center has-pure-black-color has-text-color has-link-color wp-elements-c2b2aa09297f7c8cad3a129c0c428d95\" id=\"the-all-in-one-solution-to-manage-and-improve-user-experience\">Die Komplettl\u00f6sung zur Verwaltung und Verbesserung der Benutzererfahrung<\/h2>\n\n\n\n<p class=\"has-text-align-center has-pure-black-color has-text-color has-link-color wp-elements-b14060dee5ae02e5201aad6d6656e84a\">Sumo Logic bietet einen durchg\u00e4ngigen Einblick in die digitale Erfahrung Ihrer Benutzer mit vorgefertigten und vorkonfigurierten Dashboards f\u00fcr granulare Leistungseinblicke, um Probleme zu erkennen.<\/p>\n\n\n\n<div style=\"height:30px\" aria-hidden=\"true\" class=\"wp-block-spacer\"><\/div>\n\n\n\n<div style=\"height:10px\" aria-hidden=\"true\" class=\"wp-block-spacer\"><\/div>\n<\/div>\n<\/div>\n\n\n\n<div class=\"wp-block-b3rg-row e-row row justify-content-center e-row--dlt\">\n<div class=\"wp-block-b3rg-column e-col e-col-fb16d19c19a5d501f2ddbce9412fd9f46af6fdf6  col-sm-4\">\n<div class=\"e-div e-div-431e405250f2ce8249058d3c4dd9ba0fc1b25722\"><div class=\"e-img \">\n<figure class=\"wp-block-image size-full is-resized\"><img loading=\"lazy\" decoding=\"async\" width=\"97\" height=\"97\" src=\"https:\/\/www.sumologic.com\/wp-content\/uploads\/icon-OptimizePerformance.png\" alt=\"\" class=\"wp-image-18135\" style=\"aspect-ratio:1;width:63px\" title=\"\"><\/figure>\n<\/div>\n\n\n<h3 class=\"wp-block-heading has-pure-black-color has-text-color has-link-color has-medium-font-size wp-elements-162d74e8654ddf9b99d3cc1d30510b92\" id=\"automated-insights\">Monitoring<\/h3>\n\n\n\n<p class=\"has-pure-black-color has-text-color has-link-color wp-elements-87114a338a27e5c72867198df1952ca1\">Korrelieren Sie schnell und einfach alle Infrastruktur-, Anwendungs- und Browser-Telemetriedaten in Ihrem gesamten technischen Stack mit dem Nutzerverhalten, um Probleme Ihrer Nutzer genau zu verstehen und zu beheben.<\/p>\n<\/div>\n<\/div>\n\n\n\n<div class=\"wp-block-b3rg-column e-col e-col-fb16d19c19a5d501f2ddbce9412fd9f46af6fdf6  col-sm-4\">\n<div class=\"e-div e-div-431e405250f2ce8249058d3c4dd9ba0fc1b25722\"><div class=\"e-img \">\n<figure class=\"wp-block-image size-full is-resized\"><img loading=\"lazy\" decoding=\"async\" width=\"112\" height=\"112\" src=\"https:\/\/www.sumologic.com\/wp-content\/uploads\/icon-Diagnose-2.png\" alt=\"\" class=\"wp-image-18134\" style=\"aspect-ratio:1;width:63px\" title=\"\"><\/figure>\n<\/div>\n\n\n<h3 class=\"wp-block-heading has-pure-black-color has-text-color has-link-color has-medium-font-size wp-elements-93b592a773bc13a51ece0f059d7e8b03\" id=\"cloud-native-architecture\">Diagnose<\/h3>\n\n\n\n<p class=\"has-pure-black-color has-text-color has-link-color wp-elements-de183940984330267a94865348525d80\">Erkennen Sie schnell Leistungseinbu\u00dfen, wo Nutzerprobleme auftreten und welche Dienste davon betroffen sind.<\/p>\n<\/div>\n<\/div>\n<\/div>\n\n\n\n<div class=\"wp-block-b3rg-row e-row row justify-content-center e-row--dlt\">\n<div class=\"wp-block-b3rg-column e-col e-col-fb16d19c19a5d501f2ddbce9412fd9f46af6fdf6  col-sm-4\">\n<div class=\"e-div e-div-431e405250f2ce8249058d3c4dd9ba0fc1b25722\"><div class=\"e-img \">\n<figure class=\"wp-block-image size-full is-resized\"><img loading=\"lazy\" decoding=\"async\" width=\"110\" height=\"110\" src=\"https:\/\/www.sumologic.com\/wp-content\/uploads\/icon-TroubleshootFaster-2.png\" alt=\"\" class=\"wp-image-18136\" style=\"aspect-ratio:1;width:63px\" title=\"\"><\/figure>\n<\/div>\n\n\n<h3 class=\"wp-block-heading has-pure-black-color has-text-color has-link-color has-medium-font-size wp-elements-7c49402847b8ad9f5a95fbb3403b243d\" id=\"automated-insights\">Troubleshooting<\/h3>\n\n\n\n<p class=\"has-pure-black-color has-text-color has-link-color wp-elements-7c310342b82506f67a30c08fd1853a71\">Durchsuchen Sie alle Anwendungs-, Browser- und Infrastruktur-Telemetriedaten in Sekundenschnelle mit maschinellem Lernen, um die Ursache von Problemen schneller zu finden.<\/p>\n<\/div>\n<\/div>\n\n\n\n<div class=\"wp-block-b3rg-column e-col e-col-fb16d19c19a5d501f2ddbce9412fd9f46af6fdf6  col-sm-4\">\n<div class=\"e-div e-div-431e405250f2ce8249058d3c4dd9ba0fc1b25722\"><div class=\"e-img \">\n<figure class=\"wp-block-image size-full is-resized\"><img loading=\"lazy\" decoding=\"async\" width=\"94\" height=\"97\" src=\"https:\/\/www.sumologic.com\/wp-content\/uploads\/icon-Unify.png\" alt=\"\" class=\"wp-image-18137\" style=\"aspect-ratio:1;width:63px\" title=\"\"><\/figure>\n<\/div>\n\n\n<h3 class=\"wp-block-heading has-pure-black-color has-text-color has-link-color has-medium-font-size wp-elements-8301b6fa656d2848e8346a8ea64f105d\" id=\"cloud-native-architecture\">Optimierung<\/h3>\n\n\n\n<p class=\"has-pure-black-color has-text-color has-link-color wp-elements-a9cb170a70bd1323619496998ce08bb1\">Nutzen Sie Technologie-Benchmarks, um Endnutzer-Komponenten zu optimieren und die Kundenzufriedenheit zu verbessern.<\/p>\n<\/div>\n<\/div>\n<\/div>\n<\/div><\/section>\n\n<section class=\"page-section resource-card-section gsbp-585e707 alignfull\" id=\"section-6\">\n<div>\n<div class=\"box-container resource-card-section__container\">\n<div class=\"resource-card-section__heading-wrapper\">\n<h2 class=\"resource-card-section__heading\">Zus\u00e4tzliche Ressourcen<\/h2>\n<\/div>\n\n\n\n<div class=\"grid--l-3 grid--m-2 grid--s-1 gap--l resource-block-wrapper mt-3 grid--3\">\n<a class=\"resource-block\" href=\"https:\/\/www.sumologic.com\/de\/solutions\/application-monitoring\">\n<div class=\"resource-block__img-wrap\">\n<figure class=\"resource-block__figure\">\n<img decoding=\"async\" class=\"resource-block__img\" src=\"https:\/\/www.sumologic.com\/wp-content\/uploads\/thumb-macro-application-observability.jpg\" alt=\"\" width=\"650\" height=\"364\" loading=\"lazy\" title=\"\">\n<\/figure>\n<\/div>\n\n\n\n<div class=\"resource-block__body-wrap\">\n<div class=\"resource-block__sub-heading\">L\u00f6sung<\/div>\n\n\n\n<h3 class=\"resource-block__heading\">Anwendungs-Observability<\/h3>\n\n\n\n<div class=\"btn-right-arrow resource-block__link\">Mehr erfahren<\/div>\n<\/div>\n<\/a>\n\n\n\n<a class=\"resource-block\" href=\"https:\/\/www.sumologic.com\/de\/solutions\/real-user-monitoring\">\n<div class=\"resource-block__img-wrap\">\n<figure class=\"resource-block__figure\">\n<img decoding=\"async\" class=\"resource-block__img\" src=\"https:\/\/www.sumologic.com\/wp-content\/uploads\/thumb-RUM-652-366.jpg\" alt=\"\" width=\"652\" height=\"366\" loading=\"lazy\" title=\"\">\n<\/figure>\n<\/div>\n\n\n\n<div class=\"resource-block__body-wrap\">\n<div class=\"resource-block__sub-heading\">L\u00f6sung<\/div>\n\n\n\n<h3 class=\"resource-block__heading\">Real User Monitoring<\/h3>\n\n\n\n<div class=\"btn-right-arrow resource-block__link\">Mehr erfahren<\/div>\n<\/div>\n<\/a>\n<\/div>\n<\/div>\n<\/div>\n<\/section>\n\n<section class=\"e-stn e-stn-ceba3706ee898be52a7a7a7b87aa3e5ff65e62e4 e-stn--events-main-banner e-pt-0\"><style>@media only screen and (max-width: 9999px) {\n\t\t\t\t\t\t\t\t\t.e-stn.e-stn-ceba3706ee898be52a7a7a7b87aa3e5ff65e62e4 { \n\t\t\t\t\t\t\t\t\t\tbackground-color: #101827; \n\t\t\t\t\t\t\t\t\t}\n\t\t\t\t\t\t\t\t}<\/style><div class=\"container\">\n<div class=\"wp-block-b3rg-row e-row row\">\n<div class=\"wp-block-b3rg-column e-col e-col-30cf6e0d31fd8780616c8617a3382c2b2c7f4e3b e-col--content-wrapper  col-sm-12 col-lg-6\">\n<h2 class=\"wp-block-heading has-pure-white-color has-text-color has-link-color wp-elements-e3a34d6f41b83cf49ce5ca7a406e7a99\" id=\"one-platform-flexible-pricing-any-scale\">Eine Plattform. Flexible Preise. Beliebig skalierbar.<\/h2>\n\n\n\n<p class=\"has-text-color has-link-color wp-elements-3dba1c09b1f5bfde42858209a7e1c873\" style=\"color:#ffffff\">Informieren Sie sich \u00fcber die Pl\u00e4ne von Sumo Logic f\u00fcr das Monitoring und die Optimierung des Nutzererlebnisses.<\/p>\n\n\n<div class=\"e-btn e-btn--white-border-button\"><a class=\"e-btn__link\"href=\"https:\/\/www.sumologic.com\/pricing\" target=\"_self\">\n<p class=\"title\">Preise ansehen<\/p>\n<\/a><\/div><\/div>\n\n\n\n<div class=\"wp-block-b3rg-column e-col e-col-15df7f642de35e557df618afb20d16d065041e70 e-col--media-wrapper  col-sm-12 col-lg-6\"><div class=\"e-img \">\n<figure class=\"wp-block-image size-large\"><img decoding=\"async\" src=\"https:\/\/sumo-wp-marketing-site-assets.s3.amazonaws.com\/uploads\/2024\/10\/Frame-1073715737.svg\" alt=\"\" class=\"wp-image-1151\" title=\"\"><\/figure>\n<\/div><\/div>\n<\/div>\n<\/div><\/section>\n","protected":false},"excerpt":{"rendered":"<p>Identifizieren Sie die Ursache f\u00fcr ein schlechtes Nutzererlebnis, um Fehler schneller zu beheben Sumo Logic bietet Full-Stack-Observability, um Nutzeraktivit\u00e4ten in Echtzeit zu verstehen. Ob ger\u00e4tebasiertes Endnutzer-Monitoring, Real User Monitoring oder Synthetic Monitoring, um Probleme zu identifizieren, bevor sie auftreten \u2013 Sumo Logic zentralisiert alle Anforderungen an die \u00dcberwachung Ihres digitalen Kundenerlebnisses auf einer einzigen Plattform.<\/p>\n","protected":false},"author":4,"featured_media":45227,"parent":51998,"menu_order":0,"comment_status":"closed","ping_status":"closed","template":"","meta":{"_acf_changed":false,"show_custom_date":false,"custom_date":"","featured":false,"featured_image":0,"learn_more_label":"","image_alt_text":"","learn_more_type":"","show_popup":false,"learn_more_link_file":0,"event_date":false,"event_start_date":"","event_end_date":"","place_holder_image_url":"","post_reading_time":"2","notification_enabled":false,"notification_text":"","notification_logo":"","notification_expiration_time":0,"is_enable_transparent_header":false,"selected_taxonomy_terms":{"translation_priority":[221]},"selected_primary_terms":[],"learn_more_link":[],"featured_page_list":[],"notification_enabled_post_list":[],"_gspb_post_css":".gsbp-9713641{display:flex;justify-content:center;flex-direction:column;align-items:center;padding-right:var(--wp--custom--spacing--side, min(3vw, 20px));padding-left:var(--wp--custom--spacing--side, min(3vw, 20px));margin-top:0;margin-bottom:0;position:relative;padding-top:var(--cf-space-xl);padding-bottom:var(--cf-space-xl)}.gsbp-1581a8b{max-width:100%;width:1380px}.related-items__left-col{display:flex;flex-direction:column;column-gap:var(--cf-space-m);row-gap:var(--cf-space-3xs)}body .related-items__heading:is(h1,h2,h3,h4,h5,h6){font-size:var(--cf-text-2xl)}.related-items__right-col{display:flex;column-gap:var(--space-l);row-gap:var(--space-l)}.related-items__item{padding-top:var(--cf-space-s);padding-bottom:var(--cf-space-s);padding-left:var(--cf-space-s);padding-right:var(--cf-space-s);display:flex;flex-direction:column;row-gap:var(--cf-space-xs);text-decoration:none;border-width:1px;border-style:solid;border-color:var(--cf-primary-30)}.related-items__item .relate-items__item-img{max-width:100%;height:auto;object-fit:cover}body .relate-items__item-title:is(h1,h2,h3,h4,h5,h6){text-decoration:none;color:var(--cf-primary)}.related-items__item .relate-items__item-img{text-decoration:none;margin-bottom:var(--cf-space-4xs)}.related-items__item .relate-items__item-title{text-decoration:none;font-size:var(--cf-text-l)}.related-items__item .related-items__item-btn{color:var(--cf-primary);padding-top:var(--cf-space-xs);padding-bottom:var(--cf-space-xs);padding-left:var(--cf-space-xs);padding-right:var(--cf-space-xs);border-width:1px;border-style:solid;max-width:150px;display:flex;justify-content:center}.related-items__item .related-items__item-text{color:var(--cf-primary)}","_relevanssi_hide_post":"","_relevanssi_hide_content":"","_relevanssi_pin_for_all":"","_relevanssi_pin_keywords":"","_relevanssi_unpin_keywords":"","_relevanssi_related_keywords":"","_relevanssi_related_include_ids":"","_relevanssi_related_exclude_ids":"","_relevanssi_related_no_append":"","_relevanssi_related_not_related":"","_relevanssi_related_posts":"","_relevanssi_noindex_reason":"","inline_featured_image":false,"footnotes":""},"class_list":["post-52336","page","type-page","status-publish","has-post-thumbnail","hentry"],"acf":[],"_links":{"self":[{"href":"https:\/\/www.sumologic.com\/de\/wp-json\/wp\/v2\/pages\/52336","targetHints":{"allow":["GET"]}}],"collection":[{"href":"https:\/\/www.sumologic.com\/de\/wp-json\/wp\/v2\/pages"}],"about":[{"href":"https:\/\/www.sumologic.com\/de\/wp-json\/wp\/v2\/types\/page"}],"author":[{"embeddable":true,"href":"https:\/\/www.sumologic.com\/de\/wp-json\/wp\/v2\/users\/4"}],"replies":[{"embeddable":true,"href":"https:\/\/www.sumologic.com\/de\/wp-json\/wp\/v2\/comments?post=52336"}],"version-history":[{"count":8,"href":"https:\/\/www.sumologic.com\/de\/wp-json\/wp\/v2\/pages\/52336\/revisions"}],"predecessor-version":[{"id":67392,"href":"https:\/\/www.sumologic.com\/de\/wp-json\/wp\/v2\/pages\/52336\/revisions\/67392"}],"up":[{"embeddable":true,"href":"https:\/\/www.sumologic.com\/de\/wp-json\/wp\/v2\/pages\/51998"}],"wp:featuredmedia":[{"embeddable":true,"href":"https:\/\/www.sumologic.com\/de\/wp-json\/wp\/v2\/media\/45227"}],"wp:attachment":[{"href":"https:\/\/www.sumologic.com\/de\/wp-json\/wp\/v2\/media?parent=52336"}],"curies":[{"name":"wp","href":"https:\/\/api.w.org\/{rel}","templated":true}]}}