{"id":52344,"date":"2025-02-09T05:53:40","date_gmt":"2025-02-09T13:53:40","guid":{"rendered":"https:\/\/www.sumologic.com\/solutions\/bildung"},"modified":"2026-03-17T15:42:21","modified_gmt":"2026-03-17T23:42:21","slug":"education","status":"publish","type":"page","link":"https:\/\/www.sumologic.com\/de\/solutions\/education","title":{"rendered":"Bildungswesen"},"content":{"rendered":"\n<section class=\"e-stn e-stn-e29c1412f8521d8d563da1604836dba45a7358a5 e-stn--main-banner\"><style>@media only screen and (max-width: 9999px) {\n\t\t\t\t\t\t\t\t\t.e-stn.e-stn-e29c1412f8521d8d563da1604836dba45a7358a5 { \n\t\t\t\t\t\t\t\t\t\tbackground-color: #101827; \n\t\t\t\t\t\t\t\t\t}\n\t\t\t\t\t\t\t\t}<\/style><div class=\"container\">\n<div class=\"wp-block-b3rg-row e-row row\">\n<div class=\"wp-block-b3rg-column e-col e-col-30cf6e0d31fd8780616c8617a3382c2b2c7f4e3b e-col--content-wrapper  col-sm-12 col-lg-6\">\n<p class=\"eyebrow has-chinese-silver-color has-text-color has-link-color wp-elements-cc652e2a0de5bec3b5b74f8d92829e8e\">Bildungseinrichtungen<\/p>\n\n\n\n<h1 class=\"wp-block-heading has-pure-white-color has-text-color has-link-color wp-elements-3cc959f1a2e92dd0cd908669cf29aecc\" id=\"achieve-greater-cyber-resilience\">Holen Sie das Beste aus Ihren Technologieinvestitionen heraus und bewahren Sie gleichzeitig ein starkes Sicherheits- und Compliance-Niveau.<\/h1>\n\n\n\n<div class=\"e-div e-div-b8650eb23605cc1c3c2b0261ca56a62af47c216e e-div--button-wrapper\"><div class=\"e-btn e-btn--blue-button-with-right-arrow\"><a class=\"e-btn__link\"href=\"https:\/\/www.sumologic.com\/briefs\/education\" target=\"_self\">\n<p class=\"title\">Bericht zu L\u00f6sungen herunterladen<\/p>\n<\/a><\/div>\n\n<div class=\"e-btn e-btn--white-border-button\"><a class=\"e-btn__link\"href=\"https:\/\/www.sumologic.com\/briefs\/network-security-insights\" target=\"_self\">\n<p class=\"title\">Einblicke gewinnen<\/p>\n<\/a><\/div><\/div>\n<\/div>\n\n\n\n<div class=\"wp-block-b3rg-column e-col e-col-15df7f642de35e557df618afb20d16d065041e70 e-col--media-wrapper  col-sm-12 col-lg-6\">\n<div class=\"e-div e-div-c798c7a4466427637118b74d5226a20455577ae2 e-div--media-wrapper\"><div class=\"e-img \">\n<figure class=\"wp-block-image size-full\"><img loading=\"lazy\" decoding=\"async\" width=\"1206\" height=\"996\" src=\"https:\/\/www.sumologic.com\/wp-content\/uploads\/hero-education_solution_hero.jpg\" alt=\"Bildungswesen\" class=\"wp-image-9822\" title=\"\" srcset=\"https:\/\/www.sumologic.com\/wp-content\/uploads\/hero-education_solution_hero.jpg 1206w, https:\/\/www.sumologic.com\/wp-content\/uploads\/hero-education_solution_hero-300x248.jpg 300w, https:\/\/www.sumologic.com\/wp-content\/uploads\/hero-education_solution_hero-1024x846.jpg 1024w, https:\/\/www.sumologic.com\/wp-content\/uploads\/hero-education_solution_hero-768x634.jpg 768w, https:\/\/www.sumologic.com\/wp-content\/uploads\/hero-education_solution_hero-575x475.jpg 575w\" sizes=\"auto, (max-width: 1206px) 100vw, 1206px\" \/><\/figure>\n<\/div>\n\n<div class=\"e-img e-img--section-bg\">\n<figure class=\"wp-block-image size-large\"><img decoding=\"async\" src=\"https:\/\/sumo-wp-marketing-site-assets.s3.amazonaws.com\/uploads\/2024\/10\/main-banner-bg-blur.svg\" alt=\"\" class=\"wp-image-1076\" title=\"\"><\/figure>\n<\/div><\/div>\n<\/div>\n<\/div>\n<\/div><\/section>\n\n<div class=\"wp-block-columns is-layout-flex wp-container-core-columns-is-layout-28f84493 wp-block-columns-is-layout-flex\" id=\"section-5\">\n<div class=\"wp-block-column is-layout-flow wp-block-column-is-layout-flow\" style=\"flex-basis:25%\"><\/div>\n\n\n\n<div class=\"wp-block-column is-layout-flow wp-block-column-is-layout-flow\" style=\"flex-basis:50%\">\n<h2 class=\"wp-block-heading has-text-align-center\" id=\"sumo-logic-provides-observability-and-security-for-education-in-one-central-place\">Sumo Logic bietet Observability und Sicherheit f\u00fcr Bildungseinrichtungen an einem zentralen Ort<\/h2>\n\n\n<div class=\"e-img \">\n<figure class=\"wp-block-image size-large\"><img loading=\"lazy\" decoding=\"async\" width=\"1024\" height=\"447\" src=\"https:\/\/www.sumologic.com\/wp-content\/uploads\/\/continuous_intelligence_platform-1-1024x447.png\" alt=\"\" class=\"wp-image-9829\" title=\"\" srcset=\"https:\/\/www.sumologic.com\/wp-content\/uploads\/continuous_intelligence_platform-1-1024x447.png 1024w, https:\/\/www.sumologic.com\/wp-content\/uploads\/continuous_intelligence_platform-1-300x131.png 300w, https:\/\/www.sumologic.com\/wp-content\/uploads\/continuous_intelligence_platform-1-768x335.png 768w, https:\/\/www.sumologic.com\/wp-content\/uploads\/continuous_intelligence_platform-1-1536x670.png 1536w, https:\/\/www.sumologic.com\/wp-content\/uploads\/continuous_intelligence_platform-1-2048x894.png 2048w, https:\/\/www.sumologic.com\/wp-content\/uploads\/continuous_intelligence_platform-1-575x251.png 575w\" sizes=\"auto, (max-width: 1024px) 100vw, 1024px\" \/><\/figure>\n<\/div>\n\n\n<p>Die Continuous-Intelligence- und Monitoring-Plattform von Sumo Logic f\u00fcr Bildungseinrichtungen bietet Observability und tiefgreifende Einblicke im gesamten Unternehmen und erleichtert die Erfassung und Nutzung von strukturierten oder unstrukturierten Maschinendaten aus beliebigen Quellen, ob selbst gehostet oder in der Cloud.<\/p>\n\n\n\n<p>Diese tiefgreifende Observability erstreckt sich auf die gesamte Bandbreite an Systemen, die in heutigen Bildungseinrichtungen vorhanden sind: Studentenregistrierungs- und Lernmanagementsysteme, Netzwerke, On-Premise-Anwendungen sowie Cloud-Apps und viele mehr. Sobald die Log-Daten verwaltet werden, unterst\u00fctzt die Cloud-native SaaS-Plattform von Sumo Logic die digitale Transformation, Risikominderung, Sicherheit und Compliance, um kosteneffizient wichtige Erkenntnisse \u00fcber Systeme, Netzwerke und Campuse hinweg zu liefern.<\/p>\n\n\n\n<p><a href=\"https:\/\/www.sumologic.com\/de\/solutions\/public-sector\" data-type=\"page\" data-id=\"10099\">Erfahren Sie mehr<\/a>\u00a0dar\u00fcber, wie Sumo Logic den \u00f6ffentlichen Sektor unterst\u00fctzt.<\/p>\n\n\n\n<div style=\"height:30px\" aria-hidden=\"true\" class=\"wp-block-spacer\"><\/div>\n<\/div>\n\n\n\n<div class=\"wp-block-column is-layout-flow wp-block-column-is-layout-flow\" style=\"flex-basis:25%\"><\/div>\n<\/div>\n\n<section id=\"section-4\" class=\"e-stn e-stn-f1cded40a645db22ab1c5598d63dbbe40c60fb23 e-stn--dynamic-grid-section e-mt-0 e-mb-0 e-pb-40\"><style>@media only screen and (max-width: 9999px) {\n\t\t\t\t\t\t\t\t\t.e-stn.e-stn-f1cded40a645db22ab1c5598d63dbbe40c60fb23 { \n\t\t\t\t\t\t\t\t\t\tbackground-color: #f1f1f1; \n\t\t\t\t\t\t\t\t\t}\n\t\t\t\t\t\t\t\t}<\/style><div class=\"container\">\n<div class=\"wp-block-b3rg-row e-row row justify-content-center\">\n<div class=\"wp-block-b3rg-column e-col e-col-23c491b9590ceaa0fec0c4d0a346887f5f358584  col-sm-7\">\n<h2 class=\"wp-block-heading has-text-align-center has-pure-black-color has-text-color has-link-color wp-elements-f41c173ef650a8ef4674cb1e79817d76\" id=\"the-advantage-of-sumo-logic-cloud-soar\">Mit Sumo Logic k\u00f6nnen Sie<\/h2>\n\n\n\n<div style=\"height:10px\" aria-hidden=\"true\" class=\"wp-block-spacer\"><\/div>\n<\/div>\n<\/div>\n\n\n\n<div class=\"wp-block-b3rg-row e-row row justify-content-center e-row--dlt\">\n<div class=\"wp-block-b3rg-column e-col e-col-fb16d19c19a5d501f2ddbce9412fd9f46af6fdf6  col-sm-4\">\n<div class=\"e-div e-div-431e405250f2ce8249058d3c4dd9ba0fc1b25722\"><div class=\"e-img \">\n<figure class=\"wp-block-image size-full is-resized\"><img decoding=\"async\" src=\"http:\/\/www.sumologic.com\/wp-content\/uploads\/icon-logs.svg\" alt=\"\" class=\"wp-image-3326\" style=\"aspect-ratio:1;width:63px\" title=\"\"><\/figure>\n<\/div>\n\n\n<h3 class=\"wp-block-heading has-pure-black-color has-text-color has-link-color has-medium-font-size wp-elements-2dba34b8801f4df97c8be29943db56b9\" id=\"automated-insights\">Campus-Silos aufbrechen<\/h3>\n\n\n\n<p class=\"has-pure-black-color has-text-color has-link-color wp-elements-ba7d54d76fc1d0901d01e8c77d2172fb\">Nutzen Sie moderne Log-Management-Tools, um Ihr Monitoring und Troubleshooting zu verbessern, Ihre Sicherheit zu erh\u00f6hen und wichtige Gesch\u00e4ftseinblicke zu gewinnen.<\/p>\n<\/div>\n<\/div>\n\n\n\n<div class=\"wp-block-b3rg-column e-col e-col-fb16d19c19a5d501f2ddbce9412fd9f46af6fdf6  col-sm-4\">\n<div class=\"e-div e-div-431e405250f2ce8249058d3c4dd9ba0fc1b25722\"><div class=\"e-img \">\n<figure class=\"wp-block-image size-full is-resized\"><img decoding=\"async\" src=\"http:\/\/www.sumologic.com\/wp-content\/uploads\/troubleshoot-1.svg\" alt=\"\" class=\"wp-image-8784\" style=\"aspect-ratio:1;width:63px\" title=\"\"><\/figure>\n<\/div>\n\n\n<h3 class=\"wp-block-heading has-pure-black-color has-text-color has-link-color has-medium-font-size wp-elements-5835e2f51091a953e7865a98c5747bbd\" id=\"cloud-native-architecture\">Ausfallzeiten reduzieren<\/h3>\n\n\n\n<p class=\"has-pure-black-color has-text-color has-link-color wp-elements-d7ca1ac90d3452a404cdeeae053ee238\">L\u00f6sen Sie kundenrelevante Probleme schneller mit einer integrierten Observability-Plattform f\u00fcr alle Ihre Anwendungsdaten, einschlie\u00dflich Logs, Metriken und Traces \u00fcber den gesamten Entwicklungszyklus hinweg.<\/p>\n<\/div>\n<\/div>\n<\/div>\n\n\n\n<div class=\"wp-block-b3rg-row e-row row justify-content-center e-row--dlt\">\n<div class=\"wp-block-b3rg-column e-col e-col-fb16d19c19a5d501f2ddbce9412fd9f46af6fdf6  col-sm-4\"><div class=\"e-img \">\n<figure class=\"wp-block-image size-full is-resized\"><img decoding=\"async\" src=\"http:\/\/www.sumologic.com\/wp-content\/uploads\/icon-valuable-security-insights.svg\" alt=\"\" class=\"wp-image-3317\" style=\"aspect-ratio:1;width:63px\" title=\"\"><\/figure>\n<\/div>\n\n\n<h3 class=\"wp-block-heading has-pure-black-color has-text-color has-link-color has-medium-font-size wp-elements-3997d681ace9d6f1dc05c96d5afe6041\" id=\"automate-secops-workflows\">Sichtbarkeit verbessern<\/h3>\n\n\n\n<p class=\"has-pure-black-color has-text-color has-link-color wp-elements-802e894ea94bd3064a739bf45d2a6b1c\">Sicherheitsanalysten k\u00f6nnen nahtlos lokale, Hybrid- und Multi-Cloud-Infrastrukturen \u00fcberwachen und die Auswirkungen und den Kontext eines Angriffs genau verstehen.<\/p>\n<\/div>\n\n\n\n<div class=\"wp-block-b3rg-column e-col e-col-fb16d19c19a5d501f2ddbce9412fd9f46af6fdf6  col-sm-4\">\n<div class=\"e-div e-div-431e405250f2ce8249058d3c4dd9ba0fc1b25722\"><div class=\"e-img \">\n<figure class=\"wp-block-image size-full is-resized\"><img loading=\"lazy\" decoding=\"async\" width=\"64\" height=\"64\" src=\"http:\/\/www.sumologic.com\/wp-content\/uploads\/icon-scale-and-elastic-2-color-2.svg\" alt=\"\" class=\"wp-image-9750\" style=\"aspect-ratio:1;width:63px\" title=\"\"><\/figure>\n<\/div>\n\n\n<h3 class=\"wp-block-heading has-pure-black-color has-text-color has-link-color has-medium-font-size wp-elements-5fe29f2fb1ef53ab3abd02c1e85e8b03\" id=\"automated-insights\">Gesamtbetriebskosten senken<\/h3>\n\n\n\n<p class=\"has-pure-black-color has-text-color has-link-color wp-elements-1027936d1dbba091b13aae0f4fcda85a\">Nutzen Sie unsere Cloud-native, elastische Skalierungsl\u00f6sung und unser Cloud-Lizenzierungsmodell, das eine unvergleichliche Benutzerfreundlichkeit bietet.<\/p>\n<\/div>\n<\/div>\n<\/div>\n<\/div><\/section>\n\n<section class=\"e-stn e-stn-f93668508123a6c328ac8bfdad5e06f9e9b64111 e-stn--events-main-banner e-mt-0 e-pt-0\"><style>@media only screen and (max-width: 9999px) {\n\t\t\t\t\t\t\t\t\t.e-stn.e-stn-f93668508123a6c328ac8bfdad5e06f9e9b64111 { \n\t\t\t\t\t\t\t\t\t\tbackground-color: #101827; \n\t\t\t\t\t\t\t\t\t}\n\t\t\t\t\t\t\t\t}<\/style><div class=\"container\">\n<div class=\"wp-block-b3rg-row e-row row\">\n<div class=\"wp-block-b3rg-column e-col e-col-30cf6e0d31fd8780616c8617a3382c2b2c7f4e3b e-col--content-wrapper  col-sm-12 col-lg-6\">\n<h2 class=\"wp-block-heading has-pure-white-color has-text-color has-link-color has-large-font-size wp-elements-3930cc6e6bd5260ba38c4d49b9dac8ac\" id=\"modernize-your-security-operations\">Wie Hochschuleinrichtungen SIEM nutzen, um Bedrohungen zu priorisieren und Daten zu sch\u00fctzen<\/h2>\n\n\n<div class=\"e-btn e-btn--white-border-button\"><a class=\"e-btn__link\"href=\"https:\/\/assets-www.sumologic.com\/resources\/brief\/New_Insights_into_Network_Security_v2-3.pdf\" target=\"_blank\">\n<p class=\"title\">Lesen Sie den Bericht zu L\u00f6sungen<\/p>\n<\/a><\/div><\/div>\n\n\n\n<div class=\"wp-block-b3rg-column e-col e-col-15df7f642de35e557df618afb20d16d065041e70 e-col--media-wrapper  col-sm-12 col-lg-6\"><div class=\"e-img \"><\/div><\/div>\n<\/div>\n<\/div><\/section>\n\n<section class=\"page-section resource-card-section gsbp-585e707 alignfull\" id=\"section-6\">\n<div>\n<div class=\"box-container resource-card-section__container\">\n<div class=\"resource-card-section__heading-wrapper\">\n<h2 class=\"resource-card-section__heading\">Zus\u00e4tzliche Ressourcen<\/h2>\n\n\n\n<p>Erf\u00fcllen Sie die zahlreichen regulatorischen Anforderungen und Standards, die Bildungseinrichtungen betreffen.<\/p>\n<\/div>\n\n\n\n<div class=\"grid--l-3 grid--m-2 grid--s-1 gap--l resource-block-wrapper mt-3 grid--4\">\n<a class=\"resource-block\" href=\"https:\/\/marketplace.fedramp.gov\/#!\/product\/sumo-logic?sort=productName&amp;productNameSearch=sumo\" target=\"_blank\" rel=\"noopener\">\n<div class=\"resource-block__img-wrap\">\n<figure class=\"resource-block__figure\">\n<img decoding=\"async\" class=\"resource-block__img gsbp-432d09b\" src=\"https:\/\/www.sumologic.com\/wp-content\/uploads\/logo_FedRAMP_tm_200x200-v4.png\" alt=\"\" width=\"200\" height=\"200\" loading=\"lazy\" title=\"\">\n<\/figure>\n<\/div>\n\n\n\n<div class=\"resource-block__body-wrap\">\n<h3 class=\"resource-block__heading\">FedRAMP\u00ae Moderate autorisiert<\/h3>\n\n\n\n<div class=\"btn-right-arrow resource-block__link\">Mehr erfahren<\/div>\n<\/div>\n<\/a>\n\n\n\n<a class=\"resource-block\" href=\"https:\/\/www.sumologic.com\/demo\/pci-compliance-app\">\n<div class=\"resource-block__img-wrap\">\n<figure class=\"resource-block__figure\">\n<img decoding=\"async\" class=\"resource-block__img gsbp-6f49efd\" src=\"https:\/\/www.sumologic.com\/wp-content\/uploads\/logo-pci-v3.png\" alt=\"\" width=\"200\" height=\"200\" loading=\"lazy\" title=\"\">\n<\/figure>\n<\/div>\n\n\n\n<div class=\"resource-block__body-wrap\">\n<div class=\"resource-block__sub-heading\">Demo<\/div>\n\n\n\n<h3 class=\"resource-block__heading\">PCI DSS<\/h3>\n\n\n\n<p class=\"compare-items-sect__btm-item-text\">Kontinuierliches Monitoring und Transparenz der relevanten PCI DSS-Anforderungen<\/p>\n\n\n\n<div class=\"btn-right-arrow resource-block__link\">Demo ansehen<\/div>\n<\/div>\n<\/a>\n\n\n\n<a class=\"resource-block\" href=\"https:\/\/www.sumologic.com\/platform\/security\">\n<div class=\"resource-block__img-wrap\">\n<figure class=\"resource-block__figure\">\n<img decoding=\"async\" class=\"resource-block__img gsbp-2a96479\" src=\"https:\/\/www.sumologic.com\/wp-content\/uploads\/logo-HIPAA-v4.png\" alt=\"\" width=\"200\" height=\"200\" loading=\"lazy\" title=\"\">\n<\/figure>\n<\/div>\n\n\n\n<div class=\"resource-block__body-wrap\">\n<div class=\"resource-block__sub-heading\">Sicherheit<\/div>\n\n\n\n<h3 class=\"resource-block__heading\">HIPAA<\/h3>\n\n\n\n<p class=\"compare-items-sect__btm-item-text\">Sch\u00fctzen Sie Patientendaten mit Sicherheits-Monitoring und Einblicken in Echtzeit<\/p>\n\n\n\n<div class=\"btn-right-arrow resource-block__link\">Mehr erfahren<\/div>\n<\/div>\n<\/a>\n\n\n\n<a class=\"resource-block\" href=\"https:\/\/www.sumologic.com\/platform\/security\">\n<div class=\"resource-block__img-wrap\">\n<figure class=\"resource-block__figure\">\n<img decoding=\"async\" class=\"resource-block__img gsbp-f391f39\" src=\"https:\/\/www.sumologic.com\/wp-content\/uploads\/thumb-GDPR-2.png\" alt=\"\" width=\"200\" height=\"200\" loading=\"lazy\" title=\"\">\n<\/figure>\n<\/div>\n\n\n\n<div class=\"resource-block__body-wrap\">\n<div class=\"resource-block__sub-heading\">Sicherheit<\/div>\n\n\n\n<h3 class=\"resource-block__heading\">DSGVO<\/h3>\n\n\n\n<p class=\"compare-items-sect__btm-item-text\">Schaffen Sie einen zentralen Punkt f\u00fcr die DSGVO-bezogene Datensammlung und -analyse<\/p>\n\n\n\n<div class=\"btn-right-arrow resource-block__link\">Mehr erfahren<\/div>\n<\/div>\n<\/a>\n<\/div>\n<\/div>\n<\/div>\n<\/section>\n\n<style>\n.resource-block__img {\n    width: 80%;\n    height: 80%;\n    object-fit: contain;\n display: inline-block; \/* Ensures the image obeys text-align *\/\n}\n.resource-block__figure {\ntext-align: center !important;\n}\n\n.resource-block__img-wrap {\n  display: grid;\n  place-items: center; \/* Centers both horizontally and vertically *\/\n  height: 250px;       \/* Required to see vertical centering *\/\n}\n<\/style>\n\n<section class=\"e-stn e-stn-ceba3706ee898be52a7a7a7b87aa3e5ff65e62e4 e-stn--events-main-banner e-pt-0\"><style>@media only screen and (max-width: 9999px) {\n\t\t\t\t\t\t\t\t\t.e-stn.e-stn-ceba3706ee898be52a7a7a7b87aa3e5ff65e62e4 { \n\t\t\t\t\t\t\t\t\t\tbackground-color: #101827; \n\t\t\t\t\t\t\t\t\t}\n\t\t\t\t\t\t\t\t}<\/style><div class=\"container\">\n<div class=\"wp-block-b3rg-row e-row row\">\n<div class=\"wp-block-b3rg-column e-col e-col-30cf6e0d31fd8780616c8617a3382c2b2c7f4e3b e-col--content-wrapper  col-sm-12 col-lg-6\">\n<h2 class=\"wp-block-heading has-pure-white-color has-text-color has-link-color has-large-font-size wp-elements-575867ecdbe750b4908e1c51e589fecb\" id=\"modernize-your-security-operations\">Sumo Logic f\u00fcr Bildungseinrichtungen<\/h2>\n\n\n\n<p class=\"has-text-color has-link-color wp-elements-0744117fc5f279f7dc1f521c5180824b\" style=\"color:#ffffff\">Sumo Logic ist eine skalierbare und sichere Plattform, die Petabytes an Daten verarbeitet und analysiert, \u00fcber 30 Millionen Suchvorg\u00e4nge durchf\u00fchrt und t\u00e4glich \u00fcber 500 Billionen Datens\u00e4tze scannt.<\/p>\n\n\n<div class=\"e-btn e-btn--white-border-button\"><a class=\"e-btn__link\" href=\"https:\/\/www.sumologic.com\/sign-up\" target=\"_self\">\n<p class=\"title\">Starten Sie noch heute<\/p>\n<\/a><\/div><\/div>\n\n\n\n<div class=\"wp-block-b3rg-column e-col e-col-15df7f642de35e557df618afb20d16d065041e70 e-col--media-wrapper  col-sm-12 col-lg-6\"><div class=\"e-img \">\n<figure class=\"wp-block-image size-large\"><img decoding=\"async\" src=\"https:\/\/sumo-wp-marketing-site-assets.s3.amazonaws.com\/uploads\/2024\/10\/Frame-1073715737.svg\" alt=\"\" class=\"wp-image-1151\" title=\"\"><\/figure>\n<\/div><\/div>\n<\/div>\n<\/div><\/section>\n","protected":false},"excerpt":{"rendered":"<p>Sumo Logic bietet Observability und Sicherheit f\u00fcr Bildungseinrichtungen an einem zentralen Ort Die Continuous-Intelligence- und Monitoring-Plattform von Sumo Logic f\u00fcr Bildungseinrichtungen bietet Observability und tiefgreifende Einblicke im gesamten Unternehmen und erleichtert die Erfassung und Nutzung von strukturierten oder unstrukturierten Maschinendaten aus beliebigen Quellen, ob selbst gehostet oder in der Cloud. Diese tiefgreifende Observability erstreckt sich [&hellip;]<\/p>\n","protected":false},"author":4,"featured_media":45224,"parent":51998,"menu_order":0,"comment_status":"closed","ping_status":"closed","template":"","meta":{"_acf_changed":false,"show_custom_date":false,"custom_date":"","featured":false,"featured_image":0,"learn_more_label":"","image_alt_text":"","learn_more_type":"","show_popup":false,"learn_more_link_file":0,"event_date":false,"event_start_date":"","event_end_date":"","place_holder_image_url":"","post_reading_time":"2","notification_enabled":false,"notification_text":"","notification_logo":"","notification_expiration_time":0,"is_enable_transparent_header":false,"selected_taxonomy_terms":{"translation_priority":[221]},"selected_primary_terms":[],"learn_more_link":[],"featured_page_list":[],"notification_enabled_post_list":[],"_gspb_post_css":".gsbp-9713641{display:flex;justify-content:center;flex-direction:column;align-items:center;padding-right:var(--wp--custom--spacing--side, min(3vw, 20px));padding-left:var(--wp--custom--spacing--side, min(3vw, 20px));margin-top:0;margin-bottom:0;position:relative;padding-top:var(--cf-space-xl);padding-bottom:var(--cf-space-xl)}.gsbp-1581a8b{max-width:100%;width:1380px}.related-items__left-col{display:flex;flex-direction:column;column-gap:var(--cf-space-m);row-gap:var(--cf-space-3xs)}body .related-items__heading:is(h1,h2,h3,h4,h5,h6){font-size:var(--cf-text-2xl)}.related-items__right-col{display:flex;column-gap:var(--space-l);row-gap:var(--space-l)}.related-items__item{border-width:1px;border-style:solid;border-color:var(--cf-primary-30);padding-top:var(--space-xs);padding-bottom:var(--space-xs);padding-left:var(--space-xs);padding-right:var(--space-xs);display:flex;flex-direction:column;row-gap:var(--cf-space-xs);text-decoration:none}.related-items__item .relate-items__item-img{max-width:100%;height:auto;object-fit:fill}body .relate-items__item-title:is(h1,h2,h3,h4,h5,h6){text-decoration:none;color:var(--cf-primary)}.related-items__item .relate-items__item-img{text-decoration:none;margin-bottom:var(--cf-space-4xs)}.related-items__item .relate-items__item-title{text-decoration:none;font-size:var(--cf-text-l)}.related-items__item .related-items__item-btn{color:var(--cf-primary);padding-top:var(--cf-space-xs);padding-bottom:var(--cf-space-xs);padding-left:var(--cf-space-xs);padding-right:var(--cf-space-xs);border-width:1px;border-style:solid;max-width:150px;display:flex;justify-content:center}.related-items__item .related-items__item-text{color:var(--cf-primary)}","_relevanssi_hide_post":"","_relevanssi_hide_content":"","_relevanssi_pin_for_all":"","_relevanssi_pin_keywords":"","_relevanssi_unpin_keywords":"","_relevanssi_related_keywords":"","_relevanssi_related_include_ids":"","_relevanssi_related_exclude_ids":"","_relevanssi_related_no_append":"","_relevanssi_related_not_related":"","_relevanssi_related_posts":"","_relevanssi_noindex_reason":"","inline_featured_image":false,"footnotes":""},"class_list":["post-52344","page","type-page","status-publish","has-post-thumbnail","hentry"],"acf":[],"_links":{"self":[{"href":"https:\/\/www.sumologic.com\/de\/wp-json\/wp\/v2\/pages\/52344","targetHints":{"allow":["GET"]}}],"collection":[{"href":"https:\/\/www.sumologic.com\/de\/wp-json\/wp\/v2\/pages"}],"about":[{"href":"https:\/\/www.sumologic.com\/de\/wp-json\/wp\/v2\/types\/page"}],"author":[{"embeddable":true,"href":"https:\/\/www.sumologic.com\/de\/wp-json\/wp\/v2\/users\/4"}],"replies":[{"embeddable":true,"href":"https:\/\/www.sumologic.com\/de\/wp-json\/wp\/v2\/comments?post=52344"}],"version-history":[{"count":15,"href":"https:\/\/www.sumologic.com\/de\/wp-json\/wp\/v2\/pages\/52344\/revisions"}],"predecessor-version":[{"id":70970,"href":"https:\/\/www.sumologic.com\/de\/wp-json\/wp\/v2\/pages\/52344\/revisions\/70970"}],"up":[{"embeddable":true,"href":"https:\/\/www.sumologic.com\/de\/wp-json\/wp\/v2\/pages\/51998"}],"wp:featuredmedia":[{"embeddable":true,"href":"https:\/\/www.sumologic.com\/de\/wp-json\/wp\/v2\/media\/45224"}],"wp:attachment":[{"href":"https:\/\/www.sumologic.com\/de\/wp-json\/wp\/v2\/media?parent=52344"}],"curies":[{"name":"wp","href":"https:\/\/api.w.org\/{rel}","templated":true}]}}