{"id":52381,"date":"2024-10-14T14:28:08","date_gmt":"2024-10-14T22:28:08","guid":{"rendered":"https:\/\/www.sumologic.com\/solutions\/log-management"},"modified":"2026-01-27T06:30:56","modified_gmt":"2026-01-27T14:30:56","slug":"log-management","status":"publish","type":"page","link":"https:\/\/www.sumologic.com\/de\/solutions\/log-management","title":{"rendered":"Log-Management"},"content":{"rendered":"\n<section class=\"e-stn e-stn-123fadf620c2bf68b8019a401fc4bfec370b2069 e-stn--cta-with-content-buttons\"><style>@media only screen and (max-width: 9999px) {\n\t\t\t\t\t\t\t\t\t.e-stn.e-stn-123fadf620c2bf68b8019a401fc4bfec370b2069 { \n\t\t\t\t\t\t\t\t\t\tbackground-color: #101827; \n\t\t\t\t\t\t\t\t\t}\n\t\t\t\t\t\t\t\t}<\/style><div class=\"container\">\n<div class=\"wp-block-b3rg-row e-row row\">\n<div class=\"wp-block-b3rg-column e-col e-col-0d9008e2df6be06c70b848263cf0b002bd5b4489 e-col--content-wrapper  col-sm-12 col-lg-6 col-xl-8 d-lg-flex flex-lg-column justify-content-lg-center\">\n<p class=\"has-chinese-silver-color has-text-color has-link-color wp-elements-93f4ae28aad0761204436b675de0e71d\">LOG-MANAGEMENT<\/p>\n\n\n\n<h1 class=\"wp-block-heading has-pure-white-color has-text-color has-link-color wp-elements-1d36981dd6152f3d74d9c88568b9b8a5\" id=\"log-management-your-solution-to-go-from-chaos-to-clarity\">Log-Management: Ihre L\u00f6sung, um vom Chaos zur Klarheit zu gelangen<\/h1>\n\n\n\n<p class=\"has-chinese-silver-color has-text-color has-link-color wp-elements-f72376d7e9b3a2c7d09d95248fa36337\">Brechen Sie Silos auf und nutzen Sie moderne Log-Management-Tools, um Monitoring, Troubleshooting und Sicherheit zu verbessern und wichtige Gesch\u00e4ftseinblicke zu gewinnen.<\/p>\n\n\n\n<div class=\"e-div e-div-b8650eb23605cc1c3c2b0261ca56a62af47c216e e-div--button-wrapper\"><div class=\"e-btn e-btn--blue-button-small\"><a class=\"e-btn__link\"href=\"https:\/\/www.sumologic.com\/sign-up\" target=\"_self\">\n<p class=\"title\">Loslegen<\/p>\n<\/a><\/div>\n\n<\/div>\n<\/div>\n\n\n\n<div class=\"wp-block-b3rg-column e-col e-col-7718b33dc17f8d6957b02edbe53482976331a554  col-sm-12 col-lg-6 col-xl-4 d-lg-flex flex-lg-column justify-content-lg-center\"><div class=\"e-img \">\n<figure class=\"wp-block-image size-full\"><img loading=\"lazy\" decoding=\"async\" width=\"1440\" height=\"1000\" src=\"https:\/\/www.sumologic.com\/wp-content\/uploads\/hero-log-management.jpg\" alt=\"\" class=\"wp-image-8832\" title=\"\" srcset=\"https:\/\/www.sumologic.com\/wp-content\/uploads\/hero-log-management.jpg 1440w, https:\/\/www.sumologic.com\/wp-content\/uploads\/hero-log-management-300x208.jpg 300w, https:\/\/www.sumologic.com\/wp-content\/uploads\/hero-log-management-1024x711.jpg 1024w, https:\/\/www.sumologic.com\/wp-content\/uploads\/hero-log-management-768x533.jpg 768w, https:\/\/www.sumologic.com\/wp-content\/uploads\/hero-log-management-575x399.jpg 575w\" sizes=\"auto, (max-width: 1440px) 100vw, 1440px\" \/><\/figure>\n<\/div><\/div>\n<\/div>\n<\/div><\/section>\n\n<section id=\"section-2\" class=\"e-stn e-stn-5deb0a4d3ac7bfa1b90a05c3a814ce3c00d0f60d e-stn--repeatable-content-cards e-mt-0 e-pt-30 e-mb-0 e-pb-30\"><div class=\"container\">\n<div class=\"wp-block-b3rg-row e-row row\">\n<div class=\"wp-block-b3rg-column e-col e-col-15df7f642de35e557df618afb20d16d065041e70 e-col--media-wrapper  col-sm-12 col-lg-6\">\n<h2 class=\"wp-block-heading has-eigengrau-color has-text-color has-link-color has-large-font-size wp-elements-c7affb54182e7f0d3f574760763ce26a\" id=\"reduce-mean-time-to-resolve-mttr\">Log-Management-Tools f\u00fcr die gesamte Infrastruktur<\/h2>\n\n\n\n<p><strong>Cloud, vor Ort und alles dazwischen<\/strong><\/p>\n\n\n\n<p>Moderne Unternehmen verarbeiten Petabytes an Maschinendaten in Form von Ereignisprotokollen. Protokolle sind allgegenw\u00e4rtig und werden st\u00e4ndig von jedem Teil Ihres Software-Stacks an Sie weitergeleitet. Diese Protokolle geben Ihnen wichtige Einblicke in die Leistung Ihrer Anwendungen und Infrastruktur, vorausgesetzt, Sie k\u00f6nnen die Daten sortieren und sinnvoll nutzen.<\/p>\n\n\n\n<p>In vielen Top-Unternehmen stecken die Schl\u00fcssel zu verbesserter Fehlerbehebung, Sicherheit und Business Intelligence in Silos fest und gehen in einem Meer von St\u00f6rungen unter.<\/p>\n\n\n\n<p>Mit den vereinheitlichten Log- und Metrik-Tools von Sumo Logic k\u00f6nnen Sie die Bereitstellung moderner Anwendungen beschleunigen, Monitoring und Troubleshooting in Echtzeit durchf\u00fchren und die Sicherheit und Compliance verbessern.<\/p>\n<\/div>\n\n\n\n<div class=\"wp-block-b3rg-column e-col e-col-30cf6e0d31fd8780616c8617a3382c2b2c7f4e3b e-col--content-wrapper  col-sm-12 col-lg-6\"><div class=\"e-img \">\n<figure class=\"wp-block-image size-full\"><img loading=\"lazy\" decoding=\"async\" width=\"2053\" height=\"1401\" src=\"https:\/\/www.sumologic.com\/wp-content\/uploads\/dashboard-kubernetes_cluster_overview.png\" alt=\"\" class=\"wp-image-8835\" title=\"\" srcset=\"https:\/\/www.sumologic.com\/wp-content\/uploads\/dashboard-kubernetes_cluster_overview.png 2053w, https:\/\/www.sumologic.com\/wp-content\/uploads\/dashboard-kubernetes_cluster_overview-300x205.png 300w, https:\/\/www.sumologic.com\/wp-content\/uploads\/dashboard-kubernetes_cluster_overview-1024x699.png 1024w, https:\/\/www.sumologic.com\/wp-content\/uploads\/dashboard-kubernetes_cluster_overview-768x524.png 768w, https:\/\/www.sumologic.com\/wp-content\/uploads\/dashboard-kubernetes_cluster_overview-1536x1048.png 1536w, https:\/\/www.sumologic.com\/wp-content\/uploads\/dashboard-kubernetes_cluster_overview-2048x1398.png 2048w, https:\/\/www.sumologic.com\/wp-content\/uploads\/dashboard-kubernetes_cluster_overview-575x392.png 575w\" sizes=\"auto, (max-width: 2053px) 100vw, 2053px\" \/><\/figure>\n<\/div><\/div>\n<\/div>\n<\/div><\/section>\n\n<h2 class=\"wp-block-heading has-text-align-center pb-1 has-eigengrau-color has-text-color has-background has-link-color wp-elements-3e2d7e20580edacb0f461ab8a23ed6e5\" id=\"log-management-for-cloud-first-organizations\" style=\"background-color:#f8f9fa\">Log-Management f\u00fcr Cloud-first Unternehmen<\/h2>\n\n<section id=\"section-1\" class=\"e-stn e-stn-9819a45c7d8f2ed5bf74c7e7107f8fe793a3ea4e e-stn--repeatable-content-cards e-mt-0 e-pt-30 e-mb-0 e-pb-30\"><style>@media only screen and (max-width: 9999px) {\n\t\t\t\t\t\t\t\t\t.e-stn.e-stn-9819a45c7d8f2ed5bf74c7e7107f8fe793a3ea4e { \n\t\t\t\t\t\t\t\t\t\tbackground-color: #f8f9fa; \n\t\t\t\t\t\t\t\t\t}\n\t\t\t\t\t\t\t\t}<\/style><div class=\"container\">\n<div class=\"wp-block-b3rg-row e-row row\">\n<div class=\"wp-block-b3rg-column e-col e-col-30cf6e0d31fd8780616c8617a3382c2b2c7f4e3b e-col--content-wrapper  col-sm-12 col-lg-6\"><div class=\"e-img \">\n<figure class=\"wp-block-image size-full\"><img loading=\"lazy\" decoding=\"async\" width=\"2048\" height=\"1385\" src=\"https:\/\/www.sumologic.com\/wp-content\/uploads\/dashboard-log-management-section-1.png\" alt=\"\" class=\"wp-image-8836\" title=\"\" srcset=\"https:\/\/www.sumologic.com\/wp-content\/uploads\/dashboard-log-management-section-1.png 2048w, https:\/\/www.sumologic.com\/wp-content\/uploads\/dashboard-log-management-section-1-300x203.png 300w, https:\/\/www.sumologic.com\/wp-content\/uploads\/dashboard-log-management-section-1-1024x693.png 1024w, https:\/\/www.sumologic.com\/wp-content\/uploads\/dashboard-log-management-section-1-768x519.png 768w, https:\/\/www.sumologic.com\/wp-content\/uploads\/dashboard-log-management-section-1-1536x1039.png 1536w, https:\/\/www.sumologic.com\/wp-content\/uploads\/dashboard-log-management-section-1-575x389.png 575w\" sizes=\"auto, (max-width: 2048px) 100vw, 2048px\" \/><\/figure>\n<\/div><\/div>\n\n\n\n<div class=\"wp-block-b3rg-column e-col e-col-30cf6e0d31fd8780616c8617a3382c2b2c7f4e3b e-col--content-wrapper  col-sm-12 col-lg-6\">\n<h2 class=\"wp-block-heading has-eigengrau-color has-text-color has-link-color has-large-font-size wp-elements-a5b2deeedf803e631bb7496c9853b5be\" id=\"eliminate-data-silos-and-tool-and-service-sprawl\">Verbessern Sie Verf\u00fcgbarkeit und Leistung mit einheitlichem Log-Management<\/h2>\n\n\n\n<p><strong>Reduzieren Sie Ihre MTTR mit maschinellem Lernen und Ursachenanalyse<\/strong><\/p>\n\n\n\n<p>Rohdaten k\u00f6nnen Ihnen zwar sagen, was mit einer einzelnen Komponente Ihres Stacks passiert ist, aber ein zentralisiertes Log-Management bietet Ihnen weit mehr. Das gemeinsame Betrachten von Log-Dashboards an einem Ort ist der beste Weg, um Probleme zu korrelieren und die Ursache zu identifizieren, wenn etwas schiefl\u00e4uft. Mithilfe integrierter pr\u00e4diktiver Analysen k\u00f6nnen Sie Trends erkennen und Probleme in jeder Phase der Entwicklungspipeline l\u00f6sen.<\/p>\n\n\n\n<p>Mit einer vereinheitlichten L\u00f6sung f\u00fcr Logs und Metriken k\u00f6nnen DevOps-Teams riesige Datenmengen schneller \u2013 und pr\u00e4ziser \u2013 als je zuvor auswerten. Benutzerfreundliche Dashboards und Datenvisualisierungen helfen Ihnen dabei, Ereignisse zu verstehen und zu interpretieren sowie mehr Transparenz in jede Komponente Ihres Stacks zu bringen.<\/p>\n<\/div>\n<\/div>\n<\/div><\/section>\n\n<section id=\"section-2\" class=\"e-stn e-stn-5deb0a4d3ac7bfa1b90a05c3a814ce3c00d0f60d e-stn--repeatable-content-cards e-mt-0 e-pt-30 e-mb-0 e-pb-30\"><div class=\"container\">\n<div class=\"wp-block-b3rg-row e-row row\">\n<div class=\"wp-block-b3rg-column e-col e-col-15df7f642de35e557df618afb20d16d065041e70 e-col--media-wrapper  col-sm-12 col-lg-6\">\n<h2 class=\"wp-block-heading has-eigengrau-color has-text-color has-link-color has-large-font-size wp-elements-17150eca6ea28970c3369336de548c1c\" id=\"reduce-mean-time-to-resolve-mttr\">Vereinfachen Sie Sicherheit und Compliance mit zentralisiertem Log-Management<\/h2>\n\n\n\n<p><strong>\u00dcberwachen Sie Ihre Protokolle in Echtzeit und speichern Sie wichtige Altdaten<\/strong><\/p>\n\n\n\n<p>Logdaten enthalten kritische Informationen \u00fcber potenzielle Sicherheitsereignisse. Eine schnellere Bedrohungserkennung gibt Ihren IT-Teams alles an die Hand, was sie brauchen, um zu bestimmen, was wirklich eine Untersuchung wert ist. Maschinelles Lernen und Automatisierung helfen Ihren Teams anschlie\u00dfend dabei, sich auf die Bedrohungen mit den gr\u00f6\u00dften Auswirkungen zu konzentrieren und schnell zu reagieren.<\/p>\n\n\n\n<p>Mit einem vereinheitlichten Log-Management-System hilft Sumo Logic Ihnen dabei, Sicherheitsverletzungen zu stoppen, Kompromittierungsindikatoren (IOCs) zu erkennen und Ihre Daten in handlungsrelevante Bedrohungsinformationen umzuwandeln. Sumo Logic bietet als erster Anbieter Multi-Tenant-SaaS-Sicherheitsanalysen mit integrierter Threat Intelligence. Unsere Tools zur Gegneranalyse und Threat Intelligence sind direkt in die Sicherheitsl\u00f6sungen f\u00fcr Unternehmen eingebettet und liefern Ihnen die Daten, die Sie f\u00fcr fundierte Entscheidungen \u00fcber Ihre Sicherheitsinfrastruktur ben\u00f6tigen.<\/p>\n<\/div>\n\n\n\n<div class=\"wp-block-b3rg-column e-col e-col-30cf6e0d31fd8780616c8617a3382c2b2c7f4e3b e-col--content-wrapper  col-sm-12 col-lg-6\"><div class=\"e-img \">\n<figure class=\"wp-block-image size-full\"><img loading=\"lazy\" decoding=\"async\" width=\"2086\" height=\"1437\" src=\"https:\/\/www.sumologic.com\/wp-content\/uploads\/dashboard-log-management-section-2.png\" alt=\"\" class=\"wp-image-8839\" title=\"\" srcset=\"https:\/\/www.sumologic.com\/wp-content\/uploads\/dashboard-log-management-section-2.png 2086w, https:\/\/www.sumologic.com\/wp-content\/uploads\/dashboard-log-management-section-2-300x207.png 300w, https:\/\/www.sumologic.com\/wp-content\/uploads\/dashboard-log-management-section-2-1024x705.png 1024w, https:\/\/www.sumologic.com\/wp-content\/uploads\/dashboard-log-management-section-2-768x529.png 768w, https:\/\/www.sumologic.com\/wp-content\/uploads\/dashboard-log-management-section-2-1536x1058.png 1536w, https:\/\/www.sumologic.com\/wp-content\/uploads\/dashboard-log-management-section-2-2048x1411.png 2048w, https:\/\/www.sumologic.com\/wp-content\/uploads\/dashboard-log-management-section-2-575x396.png 575w\" sizes=\"auto, (max-width: 2086px) 100vw, 2086px\" \/><\/figure>\n<\/div><\/div>\n<\/div>\n<\/div><\/section>\n\n<section id=\"section-1\" class=\"e-stn e-stn-9819a45c7d8f2ed5bf74c7e7107f8fe793a3ea4e e-stn--repeatable-content-cards e-mt-0 e-pt-30 e-mb-0 e-pb-30\"><style>@media only screen and (max-width: 9999px) {\n\t\t\t\t\t\t\t\t\t.e-stn.e-stn-9819a45c7d8f2ed5bf74c7e7107f8fe793a3ea4e { \n\t\t\t\t\t\t\t\t\t\tbackground-color: #f8f9fa; \n\t\t\t\t\t\t\t\t\t}\n\t\t\t\t\t\t\t\t}<\/style><div class=\"container\">\n<div class=\"wp-block-b3rg-row e-row row\">\n<div class=\"wp-block-b3rg-column e-col e-col-30cf6e0d31fd8780616c8617a3382c2b2c7f4e3b e-col--content-wrapper  col-sm-12 col-lg-6\"><div class=\"e-img \">\n<figure class=\"wp-block-image size-full\"><img loading=\"lazy\" decoding=\"async\" width=\"1900\" height=\"1237\" src=\"https:\/\/www.sumologic.com\/wp-content\/uploads\/dashboard-section3-sumo-logic-service.png\" alt=\"\" class=\"wp-image-8840\" title=\"\" srcset=\"https:\/\/www.sumologic.com\/wp-content\/uploads\/dashboard-section3-sumo-logic-service.png 1900w, https:\/\/www.sumologic.com\/wp-content\/uploads\/dashboard-section3-sumo-logic-service-300x195.png 300w, https:\/\/www.sumologic.com\/wp-content\/uploads\/dashboard-section3-sumo-logic-service-1024x667.png 1024w, https:\/\/www.sumologic.com\/wp-content\/uploads\/dashboard-section3-sumo-logic-service-768x500.png 768w, https:\/\/www.sumologic.com\/wp-content\/uploads\/dashboard-section3-sumo-logic-service-1536x1000.png 1536w, https:\/\/www.sumologic.com\/wp-content\/uploads\/dashboard-section3-sumo-logic-service-575x374.png 575w\" sizes=\"auto, (max-width: 1900px) 100vw, 1900px\" \/><\/figure>\n<\/div><\/div>\n\n\n\n<div class=\"wp-block-b3rg-column e-col e-col-30cf6e0d31fd8780616c8617a3382c2b2c7f4e3b e-col--content-wrapper  col-sm-12 col-lg-6\">\n<h2 class=\"wp-block-heading has-eigengrau-color has-text-color has-link-color has-large-font-size wp-elements-2dc5603691013dafdd6072b8ee149d99\" id=\"eliminate-data-silos-and-tool-and-service-sprawl\">Cloud-Log-Management<\/h2>\n\n\n\n<p><strong>Ein-Klick-Integrationen mit AWS-, Azure- und GCP-Diensten<\/strong><\/p>\n\n\n\n<p>F\u00fcr eine umfassende Transparenz ben\u00f6tigen Cloud-Architekturen einen modernen Ansatz f\u00fcr Protokollierung und Monitoring. Mit Sumo Logic k\u00f6nnen Sie gro\u00dfe Mengen an Cloud-Protokollen zentralisieren und Analysen durchf\u00fchren, die Ihnen Einblicke in Gesch\u00e4ft, Betrieb und Sicherheit verschaffen. Als Cloud-native L\u00f6sung skaliert Sumo Logic bei Bedarf, um massive Workload-Migrationen, wachsende Bereitstellungen und saisonale Spitzen, die in Cloud-Umgebungen \u00fcblich sind, zu optimieren.<\/p>\n\n\n\n<p>Unsere Plattform umfasst integrierte Mustererkennung, Anomalieerkennung, Ausrei\u00dfererkennung und pr\u00e4diktive Analysen f\u00fcr unvergleichliche Einblicke in Maschinendaten. Wir bieten auch Apps zur Integration des Log-Managements mit verschiedenen Komponenten der \u00d6kosysteme von AWS, Azure und GCP.<\/p>\n<\/div>\n<\/div>\n<\/div><\/section>\n\n<section id=\"section-2\" class=\"e-stn e-stn-5deb0a4d3ac7bfa1b90a05c3a814ce3c00d0f60d e-stn--repeatable-content-cards e-mt-0 e-pt-30 e-mb-0 e-pb-30\"><div class=\"container\">\n<div class=\"wp-block-b3rg-row e-row row\">\n<div class=\"wp-block-b3rg-column e-col e-col-15df7f642de35e557df618afb20d16d065041e70 e-col--media-wrapper  col-sm-12 col-lg-6\">\n<h2 class=\"wp-block-heading has-eigengrau-color has-text-color has-link-color has-large-font-size wp-elements-27a9c6f72a108f9094110c0ad39c52a1\" id=\"reduce-mean-time-to-resolve-mttr\">Multi-Cloud-Unterst\u00fctzung<\/h2>\n\n\n\n<p>Sumo Logic bietet Echtzeit-Transparenz in AWS-, Azure- und GCP-Cloud-Anwendungen und -Infrastrukturen. Dar\u00fcber hinaus bieten wir \u00fcber 150 Anwendungen und native Integrationen, die Ihnen einen sofortigen Einblick in die Technologien geben, die Ihren Anwendungen zugrundeliegen.<\/p>\n<\/div>\n\n\n\n<div class=\"wp-block-b3rg-column e-col e-col-30cf6e0d31fd8780616c8617a3382c2b2c7f4e3b e-col--content-wrapper  col-sm-12 col-lg-6\"><div class=\"e-img \">\n<figure class=\"wp-block-image size-full\"><img loading=\"lazy\" decoding=\"async\" width=\"1600\" height=\"1000\" src=\"https:\/\/www.sumologic.com\/wp-content\/uploads\/dashboard-Multi-cloud-support-logos.png\" alt=\"\" class=\"wp-image-8842\" title=\"\" srcset=\"https:\/\/www.sumologic.com\/wp-content\/uploads\/dashboard-Multi-cloud-support-logos.png 1600w, https:\/\/www.sumologic.com\/wp-content\/uploads\/dashboard-Multi-cloud-support-logos-300x188.png 300w, https:\/\/www.sumologic.com\/wp-content\/uploads\/dashboard-Multi-cloud-support-logos-1024x640.png 1024w, https:\/\/www.sumologic.com\/wp-content\/uploads\/dashboard-Multi-cloud-support-logos-768x480.png 768w, https:\/\/www.sumologic.com\/wp-content\/uploads\/dashboard-Multi-cloud-support-logos-1536x960.png 1536w, https:\/\/www.sumologic.com\/wp-content\/uploads\/dashboard-Multi-cloud-support-logos-575x359.png 575w\" sizes=\"auto, (max-width: 1600px) 100vw, 1600px\" \/><\/figure>\n<\/div><\/div>\n<\/div>\n<\/div><\/section>\n\n<section class=\"page-section resource-card-section gsbp-585e707 alignfull\" id=\"section-6\">\n<div>\n<div class=\"box-container resource-card-section__container\">\n<div class=\"resource-card-section__heading-wrapper\">\n<h2 class=\"resource-card-section__heading\">Zus\u00e4tzliche Ressourcen<\/h2>\n<\/div>\n\n\n\n<div class=\"grid--l-3 grid--m-2 grid--s-1 gap--l resource-block-wrapper mt-3 grid--3\">\n<a class=\"resource-block\" href=\"https:\/\/www.sumologic.com\/guides\/log-management\">\n<div class=\"resource-block__img-wrap\">\n<figure class=\"resource-block__figure\">\n<img decoding=\"async\" class=\"resource-block__img\" src=\"https:\/\/www.sumologic.com\/wp-content\/uploads\/thumb-LM-Multicloud-2.jpg\" alt=\"\" width=\"652\" height=\"356\" loading=\"lazy\" title=\"\">\n<\/figure>\n<\/div>\n\n\n\n<div class=\"resource-block__body-wrap\">\n<div class=\"resource-block__sub-heading\">Leitfaden<\/div>\n\n\n\n<h3 class=\"resource-block__heading\">Alles, was Sie \u00fcber Log-Management wissen m\u00fcssen<\/h3>\n\n\n\n<div class=\"btn-right-arrow resource-block__link\">Leitfaden lesen<\/div>\n<\/div>\n<\/a>\n\n\n\n<a class=\"resource-block\" href=\"https:\/\/www.sumologic.com\/guides\/log-management-best-practices\">\n<div class=\"resource-block__img-wrap\">\n<figure class=\"resource-block__figure\">\n<img decoding=\"async\" class=\"resource-block__img\" src=\"https:\/\/www.sumologic.com\/wp-content\/uploads\/thumb-Log-management-652x366-1.jpg\" alt=\"\" width=\"652\" height=\"366\" loading=\"lazy\" title=\"\">\n<\/figure>\n<\/div>\n\n\n\n<div class=\"resource-block__body-wrap\">\n<div class=\"resource-block__sub-heading\">Leitfaden<\/div>\n\n\n\n<h3 class=\"resource-block__heading\">Best Practices f\u00fcr das Log-Management<\/h3>\n\n\n\n<div class=\"btn-right-arrow resource-block__link\">Leitfaden lesen<\/div>\n<\/div>\n<\/a>\n\n\n\n<a class=\"resource-block\" href=\"https:\/\/www.sumologic.com\/de\/solutions\/log-analytics\">\n<div class=\"resource-block__img-wrap\">\n<figure class=\"resource-block__figure\">\n<img decoding=\"async\" class=\"resource-block__img\" src=\"https:\/\/www.sumologic.com\/wp-content\/uploads\/thumb-LogAnalytics_652x366.jpg\" alt=\"\" width=\"1118\" height=\"628\" loading=\"lazy\" title=\"\">\n<\/figure>\n<\/div>\n\n\n\n<div class=\"resource-block__body-wrap\">\n<div class=\"resource-block__sub-heading\">L\u00f6sung<\/div>\n\n\n\n<h3 class=\"resource-block__heading\">Skalierbare Log-Analyse<\/h3>\n\n\n\n<div class=\"btn-right-arrow resource-block__link\">Mehr erfahren<\/div>\n<\/div>\n<\/a>\n<\/div>\n<\/div>\n<\/div>\n<\/section>\n\n<section class=\"e-stn e-stn-ceba3706ee898be52a7a7a7b87aa3e5ff65e62e4 e-stn--events-main-banner e-pt-0\"><style>@media only screen and (max-width: 9999px) {\n\t\t\t\t\t\t\t\t\t.e-stn.e-stn-ceba3706ee898be52a7a7a7b87aa3e5ff65e62e4 { \n\t\t\t\t\t\t\t\t\t\tbackground-color: #101827; \n\t\t\t\t\t\t\t\t\t}\n\t\t\t\t\t\t\t\t}<\/style><div class=\"container\">\n<div class=\"wp-block-b3rg-row e-row row\">\n<div class=\"wp-block-b3rg-column e-col e-col-30cf6e0d31fd8780616c8617a3382c2b2c7f4e3b e-col--content-wrapper  col-sm-12 col-lg-6\">\n<h2 class=\"wp-block-heading has-pure-white-color has-text-color has-link-color wp-elements-348c3b5df7569dd32022c8b8dbd2a086\" id=\"modern-log-management\">Modernes Log-Management<\/h2>\n\n\n\n<p class=\"has-text-color has-link-color wp-elements-b25089110883e05b63211ee31832829f\" style=\"color:#ffffff\">Fassen Sie Ihre Logs, Metriken und Ereignisse zusammen und analysieren Sie sie, um eine umfassende Observability zu erm\u00f6glichen.<\/p>\n\n\n<div class=\"e-btn e-btn--white-border-button\"><a class=\"e-btn__link\"href=\"https:\/\/www.sumologic.com\/sign-up\" target=\"_self\">\n<p class=\"title\">Kostenlose Testversion starten<\/p>\n<\/a><\/div><\/div>\n\n\n\n<div class=\"wp-block-b3rg-column e-col e-col-15df7f642de35e557df618afb20d16d065041e70 e-col--media-wrapper  col-sm-12 col-lg-6\"><div class=\"e-img \">\n<figure class=\"wp-block-image size-large\"><img decoding=\"async\" src=\"https:\/\/sumo-wp-marketing-site-assets.s3.amazonaws.com\/uploads\/2024\/10\/Frame-1073715737.svg\" alt=\"\" class=\"wp-image-1151\" title=\"\"><\/figure>\n<\/div><\/div>\n<\/div>\n<\/div><\/section>\n","protected":false},"excerpt":{"rendered":"<p>Log-Management f\u00fcr Cloud-first Unternehmen<\/p>\n","protected":false},"author":1,"featured_media":0,"parent":51998,"menu_order":0,"comment_status":"closed","ping_status":"closed","template":"","meta":{"_acf_changed":false,"show_custom_date":false,"custom_date":"","featured":false,"featured_image":0,"learn_more_label":"","image_alt_text":"","learn_more_type":"","show_popup":false,"learn_more_link_file":0,"event_date":false,"event_start_date":"","event_end_date":"","place_holder_image_url":"","post_reading_time":"3","notification_enabled":false,"notification_text":"","notification_logo":"","notification_expiration_time":0,"is_enable_transparent_header":false,"selected_taxonomy_terms":{"translation_priority":[221]},"selected_primary_terms":[],"learn_more_link":[],"featured_page_list":[],"notification_enabled_post_list":[],"_gspb_post_css":".gsbp-9713641{display:flex;justify-content:center;flex-direction:column;align-items:center;padding-right:var(--wp--custom--spacing--side, min(3vw, 20px));padding-left:var(--wp--custom--spacing--side, min(3vw, 20px));margin-top:0;margin-bottom:0;position:relative;padding-top:var(--cf-space-xl);padding-bottom:var(--cf-space-xl)}.gsbp-1581a8b{max-width:100%;width:1380px}.related-items__left-col{display:flex;flex-direction:column;column-gap:var(--cf-space-m);row-gap:var(--cf-space-3xs)}body .related-items__heading:is(h1,h2,h3,h4,h5,h6){font-size:var(--cf-text-2xl)}.related-items__right-col{display:flex;column-gap:var(--space-l);row-gap:var(--space-l)}.related-items__item{padding-top:var(--cf-space-s);padding-bottom:var(--cf-space-s);padding-left:var(--cf-space-s);padding-right:var(--cf-space-s);display:flex;flex-direction:column;row-gap:var(--cf-space-xs);text-decoration:none;border-width:1px;border-style:solid;border-color:var(--cf-primary-30)}.related-items__item .relate-items__item-img{max-width:100%;height:auto;object-fit:cover}body .relate-items__item-title:is(h1,h2,h3,h4,h5,h6){text-decoration:none;color:var(--cf-primary)}.related-items__item .relate-items__item-img{text-decoration:none;margin-bottom:var(--cf-space-4xs)}.related-items__item .relate-items__item-title{text-decoration:none;font-size:var(--cf-text-l)}.related-items__item .related-items__item-btn{color:var(--cf-primary);padding-top:var(--cf-space-xs);padding-bottom:var(--cf-space-xs);padding-left:var(--cf-space-xs);padding-right:var(--cf-space-xs);border-width:1px;border-style:solid;max-width:150px;display:flex;justify-content:center}.related-items__item .related-items__item-text{color:var(--cf-primary)}","_relevanssi_hide_post":"","_relevanssi_hide_content":"","_relevanssi_pin_for_all":"","_relevanssi_pin_keywords":"","_relevanssi_unpin_keywords":"","_relevanssi_related_keywords":"","_relevanssi_related_include_ids":"","_relevanssi_related_exclude_ids":"","_relevanssi_related_no_append":"","_relevanssi_related_not_related":"","_relevanssi_related_posts":"","_relevanssi_noindex_reason":"","inline_featured_image":false,"footnotes":""},"class_list":["post-52381","page","type-page","status-publish","hentry"],"acf":[],"_links":{"self":[{"href":"https:\/\/www.sumologic.com\/de\/wp-json\/wp\/v2\/pages\/52381","targetHints":{"allow":["GET"]}}],"collection":[{"href":"https:\/\/www.sumologic.com\/de\/wp-json\/wp\/v2\/pages"}],"about":[{"href":"https:\/\/www.sumologic.com\/de\/wp-json\/wp\/v2\/types\/page"}],"author":[{"embeddable":true,"href":"https:\/\/www.sumologic.com\/de\/wp-json\/wp\/v2\/users\/1"}],"replies":[{"embeddable":true,"href":"https:\/\/www.sumologic.com\/de\/wp-json\/wp\/v2\/comments?post=52381"}],"version-history":[{"count":5,"href":"https:\/\/www.sumologic.com\/de\/wp-json\/wp\/v2\/pages\/52381\/revisions"}],"predecessor-version":[{"id":67815,"href":"https:\/\/www.sumologic.com\/de\/wp-json\/wp\/v2\/pages\/52381\/revisions\/67815"}],"up":[{"embeddable":true,"href":"https:\/\/www.sumologic.com\/de\/wp-json\/wp\/v2\/pages\/51998"}],"wp:attachment":[{"href":"https:\/\/www.sumologic.com\/de\/wp-json\/wp\/v2\/media?parent=52381"}],"curies":[{"name":"wp","href":"https:\/\/api.w.org\/{rel}","templated":true}]}}