{"id":52386,"date":"2025-07-28T20:58:38","date_gmt":"2025-07-29T04:58:38","guid":{"rendered":"https:\/\/www.sumologic.com\/google-security-operations-vs-sumo-logic"},"modified":"2026-01-22T05:55:19","modified_gmt":"2026-01-22T13:55:19","slug":"google-security-operations","status":"publish","type":"page","link":"https:\/\/www.sumologic.com\/de\/vs\/google-security-operations","title":{"rendered":"Google Security Operations vs. Sumo Logic"},"content":{"rendered":"\n<section class=\"e-stn e-stn-123fadf620c2bf68b8019a401fc4bfec370b2069 e-stn--cta-with-content-buttons\"><style>@media only screen and (max-width: 9999px) {\n\t\t\t\t\t\t\t\t\t.e-stn.e-stn-123fadf620c2bf68b8019a401fc4bfec370b2069 { \n\t\t\t\t\t\t\t\t\t\tbackground-color: #101827; \n\t\t\t\t\t\t\t\t\t}\n\t\t\t\t\t\t\t\t}<\/style><div class=\"container\">\n<div class=\"wp-block-b3rg-row e-row row\">\n<div class=\"wp-block-b3rg-column e-col e-col-0fb6f973503015aa16a81d26fbe404c54ad73406 e-col--content-wrapper  col-sm-12 col-lg-6 d-lg-flex flex-lg-column justify-content-lg-center\">\n<p class=\"has-chinese-silver-color has-text-color has-link-color wp-elements-acb98ef1b765847be4e756c7cde055fa\">GOOGLE SECURITY OPERATIONS VS. SUMO LOGIC SIEM<\/p>\n\n\n\n<h1 class=\"wp-block-heading fs-1 has-pure-white-color has-text-color has-link-color wp-elements-d7959adb68ce16c677c928b72cc62e76\" id=\"driving-operational-efficiency-with-sumo-logic\">Steigerung der betrieblichen Effizienz mit Sumo Logic<\/h1>\n\n\n\n<p class=\"has-chinese-silver-color has-text-color has-link-color wp-elements-688cebac1cedc152e1ac7b0121bc9e50\">Begrenzte Erkennungen, verrauschte Alarme, Regelerstellung nach dem Code-Prinzip und eine Komfortzone nur f\u00fcr die Google Cloud \u2013 Google SecOps bremst Teams, die schnelle, kontextbezogene Reaktionen in hybriden Umgebungen ben\u00f6tigen. Vergleichen Sie Sumo Logic Cloud SIEM und Google SecOps und finden Sie noch heute die richtige L\u00f6sung.<\/p>\n\n\n\n<div class=\"e-div e-div-b8650eb23605cc1c3c2b0261ca56a62af47c216e e-div--button-wrapper\"><div class=\"e-btn e-btn--blue-button-small\"><a class=\"e-btn__link\"href=\"https:\/\/www.sumologic.com\/request-demo\" target=\"_self\">\n<p class=\"title\">Demo buchen<\/p>\n<\/a><\/div>\n\n<div class=\"e-btn e-btn--white-border-button\"><a class=\"e-btn__link\"href=\"#compare\" target=\"_self\">\n<p class=\"title\">Vergleich<\/p>\n<\/a><\/div><\/div>\n<\/div>\n\n\n\n<div class=\"wp-block-b3rg-column e-col e-col-6ac9affda8bf2f34cb5962f2423d66ea16ac0c25  col-sm-12 col-lg-6 d-lg-flex flex-lg-column justify-content-lg-center\">\n<div id=\"wistia-block_a8e3abe4324c00ea11baf3f05ebd0b62\" class=\"wistia-video-block\" data-wistia-video=\"wistia_471zkno1sb\">\n\n    <script src=\"https:\/\/fast.wistia.com\/player.js\" async><\/script>\n    <script src=\"https:\/\/fast.wistia.com\/embed\/471zkno1sb.js\" async type=\"module\"><\/script>\n\n    <style>\n        wistia-player[media-id='471zkno1sb']:not(:defined) {\n            background: center \/ contain no-repeat url('https:\/\/fast.wistia.com\/embed\/medias\/471zkno1sb\/swatch');\n            display: block;\n            filter: blur(5px);\n            padding-top: 56.25%;\n        }\n    <\/style>\n\n    <wistia-player\n        media-id=\"471zkno1sb\"\n        aspect=\"1.7777777777777777\">\n    <\/wistia-player>\n\n<\/div>\n\n<style>\n    div[data-wistia-video=\"wistia_471zkno1sb\"] {\n        position: relative;\n        width: 100%;\n        padding-top: 56.25%;\n        background: center \/ cover no-repeat url('https:\/\/fast.wistia.com\/embed\/medias\/471zkno1sb\/swatch');\n    }\n\n    div[data-wistia-video=\"wistia_471zkno1sb\"] wistia-player {\n        position: absolute;\n        top: 0;\n        left: 0;\n        width: 100%;\n        height: 100%;\n        filter: none;\n    }\n<\/style>\n<\/div>\n<\/div>\n<\/div><\/section>\n\n<section class=\"customer-logos-sect mt-0 gsbp-b63c2ff alignfull\" data-type=\"section-component\">\n<div class=\"gsbp-fc27bad\" data-type=\"content-area-component\">\n<div class=\"box-container customer-logos-sect__cont\">\n<div class=\"customer-logos-sect__left\">\n<p class=\"customer-logos-sect__heading\">Mehr als 2.500 Kunden weltweit vertrauen uns<\/p>\n<\/div>\n\n\n\n<div class=\"customer-logos-sect__right\"><div id=\"customer-info-block_272eb65329fcf9f2b09beb93f24b0e82\" class=\"customer-info-block\"><div class=\"customer-logos-sect__logo-wrap\"><figure class=\"customer-logos-sect__logo-fig\"><img decoding=\"async\"\n                   class=\"customer-logos-sect__logo-img\"\n                   src=\"https:\/\/www.sumologic.com\/wp-content\/uploads\/alaska-logo-blk.svg\"\n                   alt=\"Alaska Airlines logo\"\n                   loading=\"lazy\"\n                   title=\"Alaska Airlines\" \/><\/figure><figure class=\"customer-logos-sect__logo-fig\"><img decoding=\"async\"\n                   class=\"customer-logos-sect__logo-img\"\n                   src=\"https:\/\/www.sumologic.com\/wp-content\/uploads\/logo-dolby-blk.svg\"\n                   alt=\"Dolby logo\"\n                   loading=\"lazy\"\n                   title=\"Dolby\" \/><\/figure><figure class=\"customer-logos-sect__logo-fig\"><img decoding=\"async\"\n                   class=\"customer-logos-sect__logo-img\"\n                   src=\"https:\/\/www.sumologic.com\/wp-content\/uploads\/grammarly-25-logo-blk.svg\"\n                   alt=\"Grammarly logo\"\n                   loading=\"lazy\"\n                   title=\"Grammarly\" \/><\/figure><figure class=\"customer-logos-sect__logo-fig\"><img decoding=\"async\"\n                   class=\"customer-logos-sect__logo-img\"\n                   src=\"https:\/\/www.sumologic.com\/wp-content\/uploads\/hello-fresh-logo-blk.svg\"\n                   alt=\"Hello Fresh logo\"\n                   loading=\"lazy\"\n                   title=\"Hello Fresh\" \/><\/figure><figure class=\"customer-logos-sect__logo-fig\"><img decoding=\"async\"\n                   class=\"customer-logos-sect__logo-img\"\n                   src=\"https:\/\/www.sumologic.com\/wp-content\/uploads\/2024\/10\/samsung-logo-blk.svg.svg\"\n                   alt=\"Samsung logo\"\n                   loading=\"lazy\"\n                   title=\"Samsung\" \/><\/figure><figure class=\"customer-logos-sect__logo-fig\"><img decoding=\"async\"\n                   class=\"customer-logos-sect__logo-img\"\n                   src=\"https:\/\/www.sumologic.com\/wp-content\/uploads\/logo-ulta-beauty-blk.svg\"\n                   alt=\"Ulta Beauty logo\"\n                   loading=\"lazy\"\n                   title=\"Ulta Beauty\" \/><\/figure><\/div><\/div><\/div>\n<\/div>\n<\/div>\n<\/section>\n\n<div class=\"wp-block-group is-content-justification-center is-nowrap is-layout-flex wp-container-core-group-is-layout-23441af8 wp-block-group-is-layout-flex\">\n<div class=\"wp-block-columns is-layout-flex wp-container-core-columns-is-layout-28f84493 wp-block-columns-is-layout-flex\">\n<div class=\"wp-block-column is-layout-flow wp-block-column-is-layout-flow\" style=\"flex-basis:10%\"><\/div>\n\n\n\n<div class=\"wp-block-column is-layout-flow wp-block-column-is-layout-flow\" style=\"flex-basis:80%\">\n<h2 class=\"wp-block-heading has-text-align-center mb-3 has-eigengrau-color has-text-color has-link-color wp-elements-523be196a6b5c9c4c349ba8fa93183c6\" id=\"why-fight-the-tool-you-rely-on-to-fight-attackers\">Warum sollten Sie das Tool bek\u00e4mpfen, auf das Sie sich im Kampf gegen Angreifer verlassen?<\/h2>\n\n\n\n<p class=\"has-text-align-center has-delft-blue-color has-text-color has-link-color wp-elements-bbb45ff5e84046c96eb15a52928f355f\">Sehen Sie, wie Sumo\u202fLogic\u202fCloud SIEM die Erkennung, Untersuchung und Reaktion mit integrierter Verhaltensanalyse und Automatisierung beschleunigt \u2013 f\u00fcr schnellere und intelligentere Entscheidungen, ohne den Betrieb zu behindern.<br\/><\/p>\n<\/div>\n\n\n\n<div class=\"wp-block-column is-layout-flow wp-block-column-is-layout-flow\" style=\"flex-basis:10%\"><\/div>\n<\/div>\n<\/div>\n\n<section class=\"page-section gsbp-04a6e3b alignfull\" id=\"compare\">\n<div class=\"gsbp-c22e855\">\n<div class=\"box-container\"><div id=\"single-brand-compare-block_a3f322a3f8046cf20a206268bdd86727\" class=\"single-brand-compare-table-wrapper\"><table class=\"single-brand-compare-table\"><thead>\n        <tr class=\"single-brand-compare-table-row\">\n            <th>\n                <a href=\"#\" class=\"single-brand-compare-table-all-expandable\" id=\"toggleAllDetails\">\n                    Expand all\n                <\/a>\n            <\/th>\n            <th class=\"single-brand-compare-table-heading brand-name\">Sumo Logic Cloud SIEM<\/th>\n            <th class=\"single-brand-compare-table-heading competitor-name\">Google SecOps<\/th>\n        <\/tr>\n      <\/thead><tbody><tr class=\"single-brand-compare-table-row\"><td class=\"row-info\">\n                <span class=\"row-title\">Daten-Ingestion und Schemaflexibilit\u00e4t<\/span>\n                <span class=\"row-description\"><p><span style=\"font-weight: 400\">Sumo Logic parst Logs in ein Schema, und Roh-Logs durchlaufen eine Feldextraktion in der Kernplattform, wodurch Abfragen vereinfacht werden. Das SIEM-Log-Mapping gleicht Felder plattform\u00fcbergreifend f\u00fcr eine einheitliche Suche ab, sodass Analysten Ereignisse korrelieren und nahtlos Erkenntnisse aus strukturierten und unstrukturierten Daten gewinnen k\u00f6nnen.<\/span><\/p>\n<p><span style=\"font-weight: 400\">Google Security Operations, ehemals Google Chronicle, verwendet ein propriet\u00e4res Unified Data Model (UDM)-Schema, das erfordert, dass Logs vorab in ein festes Format geparst werden. Roh-Logs, die in Google Cloud Storage (GCS) gespeichert sind, verf\u00fcgen \u00fcber keine Feldextraktionsregeln, sodass SOC-Analysten komplexe regul\u00e4re Ausdr\u00fccke f\u00fcr Abfragen verwenden m\u00fcssen. Dieses Setup unterst\u00fctzt weder statistische Operationen noch die Korrelation zwischen Roh- und geparsten Daten.<\/span><\/p>\n<\/span>\n              <\/td><td class=\"brand-value\">\n                <span class=\"m-brand-name\">Sumo Logic Cloud SIEM<\/span>\n                <span class=\"am st\u00e4rksten legend-icon\"><\/span>\n                <span class=\"brand-value-text\"><\/span>\n              <\/td><td class=\"competitor-value\">\n                <span class=\"m-brand-name\">Google SecOps<\/span>\n                <span class=\"schwach legend-icon\"><\/span>\n                <span class=\"competitor-value-text\"><\/span>\n              <\/td><\/tr><tr class=\"single-brand-compare-table-row\"><td class=\"row-info\">\n                <span class=\"row-title\">Erkennungstechnik und Korrelationstiefe<\/span>\n                <span class=\"row-description\"><p><span style=\"font-weight: 400\">Die Insight Engine von Sumo Logic bek\u00e4mpft Alert-Fatigue, indem sie in das MITRE ATT&#038;CK-Framework integriert ist. Mithilfe eines adaptiven Signal-Clustering-Algorithmus gruppiert sie automatisch zusammenh\u00e4ngende Signale, wodurch die Triage von Alerts vereinfacht wird. Wenn das aggregierte Risiko einen vordefinierten Schwellenwert \u00fcberschreitet, werden umsetzbare Insights erzeugt, die die Aufmerksamkeit auf die kritischsten Bedrohungen lenken.<\/span><\/p>\n<p><span style=\"font-weight: 400\">Google SecOps verf\u00fcgt nicht \u00fcber eine ausgefeilte, risikobasierte Alert-Funktion. Ohne fortgeschrittene Korrelationen und anpassbare Risikobewertungen kann SecOps Alerts nicht effektiv priorisieren, wodurch hochriskante Bedrohungen nicht rechtzeitig adressiert werden und das Potenzial f\u00fcr Sicherheitsverletzungen steigt.\u00a0<\/span><\/p>\n<\/span>\n              <\/td><td class=\"brand-value\">\n                <span class=\"m-brand-name\">Sumo Logic Cloud SIEM<\/span>\n                <span class=\"am st\u00e4rksten legend-icon\"><\/span>\n                <span class=\"brand-value-text\"><\/span>\n              <\/td><td class=\"competitor-value\">\n                <span class=\"m-brand-name\">Google SecOps<\/span>\n                <span class=\"m\u00e4\u00dfig legend-icon\"><\/span>\n                <span class=\"competitor-value-text\"><\/span>\n              <\/td><\/tr><tr class=\"single-brand-compare-table-row\"><td class=\"row-info\">\n                <span class=\"row-title\">Sofort einsatzbereite Inhalte und Time-to-value<\/span>\n                <span class=\"row-description\"><p><span style=\"font-weight: 400\">Sumo Logic Cloud SIEM verf\u00fcgt \u00fcber vorgefertigte Apps, die eine umfassendere Sicherheitsabdeckung bieten. Diese Apps enthalten h\u00e4ufig bereits auf das MITRE ATT&#038;CK-Framework abgebildete Erkennungsregeln sowie Compliance-Inhalte, wodurch bekannte Bedrohungen und Fehlkonfigurationen sofort abgedeckt werden und blind Flecken reduziert werden.<\/span><span style=\"font-weight: 400\"><br \/>\n<\/span><span style=\"font-weight: 400\"><br \/>\n<\/span><span style=\"font-weight: 400\">Google SecOps bietet keinen integrierten Sicherheitsinhalt \u2013 weder Dashboards, Erkennungsregeln noch Click-to-Install-Apps \u2013 was zu l\u00e4ngeren Implementierungszeiten, h\u00f6heren Kosten f\u00fcr Professional Services und einer verz\u00f6gerten Wertrealisierung f\u00fchrt.<\/span><\/p>\n<\/span>\n              <\/td><td class=\"brand-value\">\n                <span class=\"m-brand-name\">Sumo Logic Cloud SIEM<\/span>\n                <span class=\"am st\u00e4rksten legend-icon\"><\/span>\n                <span class=\"brand-value-text\"><\/span>\n              <\/td><td class=\"competitor-value\">\n                <span class=\"m-brand-name\">Google SecOps<\/span>\n                <span class=\"am schw\u00e4chsten legend-icon\"><\/span>\n                <span class=\"competitor-value-text\"><\/span>\n              <\/td><\/tr><tr class=\"single-brand-compare-table-row\"><td class=\"row-info\">\n                <span class=\"row-title\">Workflow-Effizienz und SOC-Ergebnisse<\/span>\n                <span class=\"row-description\"><p><span style=\"font-weight: 400\">Die einheitliche Benutzeroberfl\u00e4che von Sumo Logic f\u00fcr SIEM, Logs und Automatisierung reduziert Alert-Fatigue durch optimierte Workflows und angereicherte, umsetzbare Alerts, die durch Echtzeit-Bedrohungsinformationen aus mehreren vertrauensw\u00fcrdigen Quellen \u2013 einschlie\u00dflich individuell kuratierter Feeds \u2013 unterst\u00fctzt werden.<\/span><\/p>\n<p><span style=\"font-weight: 400\">Google SecOps bietet grundlegende SOC-Operation-Funktionen, kommt jedoch nicht effektiv mit der Koordination von Workflows \u00fcber die Phasen Bedrohungserkennung, Untersuchung und Reaktion hinweg zurecht. SOC-Teams haben oft Schwierigkeiten, gro\u00dfe Mengen an Abfrageergebnissen zu bew\u00e4ltigen, ohne Zugang zu Echtzeit-Alerts, die f\u00fcr zeitnahe Interventionen entscheidend sind.<\/span><\/p>\n<\/span>\n              <\/td><td class=\"brand-value\">\n                <span class=\"m-brand-name\">Sumo Logic Cloud SIEM<\/span>\n                <span class=\"am st\u00e4rksten legend-icon\"><\/span>\n                <span class=\"brand-value-text\"><\/span>\n              <\/td><td class=\"competitor-value\">\n                <span class=\"m-brand-name\">Google SecOps<\/span>\n                <span class=\"schwach legend-icon\"><\/span>\n                <span class=\"competitor-value-text\"><\/span>\n              <\/td><\/tr><\/tbody><\/table>\n    <div class=\"bottom-description\">\n        <p class=\"compare-notes\"><\/p>\n        <p class=\"compare-legend\">\n            <span>Strong<\/span>\n            <span class=\"strongest legend-icon\"><\/span>\n            <span class=\"strong legend-icon\"><\/span>\n            <span class=\"moderate legend-icon\"><\/span>\n            <span class=\"weak legend-icon\"><\/span>\n            <span class=\"weakest legend-icon\"><\/span>\n            <span>Weak<\/span>\n        <\/p>\n    <\/div>\n<script>\ndocument.addEventListener('DOMContentLoaded', function () {\n    const titles = document.querySelectorAll('#single-brand-compare-block_a3f322a3f8046cf20a206268bdd86727 .row-title');\n    const descriptions = document.querySelectorAll('#single-brand-compare-block_a3f322a3f8046cf20a206268bdd86727 .row-description');\n    const toggleAllBtn = document.querySelector('#single-brand-compare-block_a3f322a3f8046cf20a206268bdd86727 #toggleAllDetails');\n\n    titles.forEach(function (title) {\n        title.addEventListener('click', function () {\n            const desc = this.nextElementSibling;\n            if (desc && desc.classList.contains('row-description')) {\n                desc.classList.toggle('expanded');\n            }\n            this.classList.toggle('active');\n        });\n    });\n\n    toggleAllBtn.addEventListener('click', function (e) {\n        e.preventDefault();\n\n        const isExpanding = this.textContent.trim().toLowerCase() === 'expand all';\n\n        descriptions.forEach(desc => {\n            desc.classList.toggle('expanded', isExpanding);\n        });\n\n        titles.forEach(title => {\n            title.classList.toggle('active', isExpanding);\n        });\n\n        this.textContent = isExpanding ? 'Collapse all' : 'Expand all';\n        this.classList.toggle('active');\n    });\n});\n<\/script>\n<\/div><\/div>\n<\/div>\n<\/section>\n\n<section class=\"page-section compare-items-sect gsbp-f6171ff alignfull\">\n<div class=\"gsbp-3a8a346\">\n<div class=\"box-container compare-items-sect__cont\">\n<div class=\"compare-items-sect__headings-wrap\">\n<p class=\"compare-items-sect__sub-heading\">Mehr entdecken<\/p>\n\n\n\n<h2 class=\"compare-items-sect__heading\">Zus\u00e4tzliche Ressourcen<\/h2>\n<\/div>\n\n\n\n<div class=\"compare-items-sect__btm grid--3 grid--l-3 grid--m-2 grid--s-1 gap--l\">\n<a class=\"compare-items-sect__btm-item\" href=\"https:\/\/www.sumologic.com\/briefs\/gartner-siem-critical-capabilities\" title=\"\">\n<div class=\"compare-items-sect__btm-item-img-wrap\">\n<figure>\n<img decoding=\"async\" class=\"compare-items-sect__btm-item-img\" src=\"https:\/\/www.sumologic.com\/wp-content\/uploads\/meta-gartner-critical-capabilities-1200x628-fig3.webp\" alt=\"\" width=\"1200\" height=\"628\" loading=\"lazy\" title=\"\">\n<\/figure>\n<\/div>\n\n\n\n<div class=\"compare-items-sect__btm-item-cont-wrap\">\n<h3 class=\"compare-items-sect__btm-item-heading\">Gartner-Bericht Critical Capabilities<\/h3>\n\n\n\n<div class=\"btn-right-arrow compare-items-sect__btm-item-link\">Bericht herunterladen<\/div>\n<\/div>\n<\/a>\n\n\n\n<a class=\"compare-items-sect__btm-item\" href=\"\/briefs\/idc-sumo-logic-roi\">\n<div class=\"compare-items-sect__btm-item-img-wrap\">\n<figure>\n<img decoding=\"async\" class=\"compare-items-sect__btm-item-img\" src=\"https:\/\/www.sumologic.com\/wp-content\/uploads\/thumb-IDC_ROI_Meta_1200x628_TINY-v2-1.jpg\" alt=\"\" width=\"652\" height=\"366\" loading=\"lazy\" title=\"\">\n<\/figure>\n<\/div>\n\n\n\n<div class=\"compare-items-sect__btm-item-cont-wrap\">\n<h3 class=\"compare-items-sect__btm-item-heading\">376 % ROI sind erst der Anfang mit Sumo Logic: der ROI-Bericht von IDC<\/h3>\n\n\n\n<div class=\"btn-right-arrow compare-items-sect__btm-item-link\">Bericht herunterladen<\/div>\n<\/div>\n<\/a>\n\n\n\n<a class=\"compare-items-sect__btm-item\" href=\"\/videos\/cloud-siem-highlights\">\n<div class=\"compare-items-sect__btm-item-img-wrap\">\n<figure>\n<img decoding=\"async\" class=\"compare-items-sect__btm-item-img\" src=\"https:\/\/www.sumologic.com\/wp-content\/uploads\/thumb-Cloud-SIEM-quick-overview.jpg\" alt=\"\" width=\"652\" height=\"366\" loading=\"lazy\" title=\"\">\n<\/figure>\n<\/div>\n\n\n\n<div class=\"compare-items-sect__btm-item-cont-wrap\">\n<h3 class=\"compare-items-sect__btm-item-heading\">\u00dcberblick \u00fcber Sumo Logic Cloud SIEM<\/h3>\n\n\n\n<div class=\"btn-right-arrow compare-items-sect__btm-item-link\">Video ansehen<\/div>\n<\/div>\n<\/a>\n\n\n\n<a class=\"compare-items-sect__btm-item\" href=\"\/blog\/sumo-logic-ahead-of-the-pack-in-a-consolidating-market\">\n<div class=\"compare-items-sect__btm-item-img-wrap\">\n<figure>\n<img decoding=\"async\" class=\"compare-items-sect__btm-item-img\" src=\"https:\/\/www.sumologic.com\/wp-content\/uploads\/thumb-Sumo_Ahead_social_652x366.png\" alt=\"\" width=\"652\" height=\"366\" loading=\"lazy\" title=\"\">\n<\/figure>\n<\/div>\n\n\n\n<div class=\"compare-items-sect__btm-item-cont-wrap\">\n<h3 class=\"compare-items-sect__btm-item-heading\">Sumo Logic hat die Nase vorn in einem sich konsolidierenden Markt<\/h3>\n\n\n\n<div class=\"btn-right-arrow compare-items-sect__btm-item-link\">Blog lesen<\/div>\n<\/div>\n<\/a>\n\n\n\n<a class=\"compare-items-sect__btm-item\" href=\"\/blog\/how-ai-will-impact-cybersecurity-the-beginning-of-fifth-gen-siem\">\n<div class=\"compare-items-sect__btm-item-img-wrap\">\n<figure>\n<img decoding=\"async\" class=\"compare-items-sect__btm-item-img\" src=\"https:\/\/www.sumologic.com\/wp-content\/uploads\/thumb-FifthGenSIEM_blog_social_652x341.jpg\" alt=\"\" width=\"1200\" height=\"628\" loading=\"lazy\" title=\"\">\n<\/figure>\n<\/div>\n\n\n\n<div class=\"compare-items-sect__btm-item-cont-wrap\">\n<h3 class=\"compare-items-sect__btm-item-heading\">Wie sich KI auf die Cybersicherheit auswirken wird: SIEM der f\u00fcnften Generation<\/h3>\n\n\n\n<div class=\"btn-right-arrow compare-items-sect__btm-item-link\">Blog lesen<\/div>\n<\/div>\n<\/a>\n\n\n\n<a class=\"compare-items-sect__btm-item\" href=\"\/blog\/navigate-changes-konsolidierung-siem-security-analytics\">\n<div class=\"compare-items-sect__btm-item-img-wrap\">\n<figure>\n<img decoding=\"async\" class=\"compare-items-sect__btm-item-img\" src=\"https:\/\/www.sumologic.com\/wp-content\/uploads\/thumb-Chas_CloudSIEM_blog_652x366.png\" alt=\"\" width=\"652\" height=\"366\" loading=\"lazy\" title=\"\">\n<\/figure>\n<\/div>\n\n\n\n<div class=\"compare-items-sect__btm-item-cont-wrap\">\n<h3 class=\"compare-items-sect__btm-item-heading\">Wie Sie die rasanten Ver\u00e4nderungen und die Konsolidierung auf dem SIEM- und Security-Analytics-Markt bew\u00e4ltigen<\/h3>\n\n\n\n<div class=\"btn-right-arrow compare-items-sect__btm-item-link\">Blog lesen<\/div>\n<\/div>\n<\/a>\n<\/div>\n<\/div>\n<\/div>\n<\/section>\n\n<section class=\"e-stn e-stn-ceba3706ee898be52a7a7a7b87aa3e5ff65e62e4 e-stn--events-main-banner e-pt-0\"><style>@media only screen and (max-width: 9999px) {\n\t\t\t\t\t\t\t\t\t.e-stn.e-stn-ceba3706ee898be52a7a7a7b87aa3e5ff65e62e4 { \n\t\t\t\t\t\t\t\t\t\tbackground-color: #101827; \n\t\t\t\t\t\t\t\t\t}\n\t\t\t\t\t\t\t\t}<\/style><div class=\"container\">\n<div class=\"wp-block-b3rg-row e-row row\">\n<div class=\"wp-block-b3rg-column e-col e-col-30cf6e0d31fd8780616c8617a3382c2b2c7f4e3b e-col--content-wrapper  col-sm-12 col-lg-6\">\n<h2 class=\"wp-block-heading has-pure-white-color has-text-color has-link-color has-large-font-size wp-elements-869a499a6095b7adf61496f40f4705e9\" id=\"experience-sumo-logic-for-yourself\">Erleben Sie Sumo Logic selbst<\/h2>\n\n\n\n<p class=\"has-text-color has-link-color wp-elements-712eb8e7bd1ad11e7fa3d0853cdb31d6\" style=\"color:#ffffff\">Brechen Sie die Silos auf und holen Sie sich noch heute die Cloud-native L\u00f6sung f\u00fcr Observability und Sicherheit.<\/p>\n\n\n<div class=\"e-btn e-btn--white-border-button\"><a class=\"e-btn__link\"href=\"https:\/\/www.sumologic.com\/request-demo\" target=\"_self\">\n<p class=\"title\">Demo buchen<\/p>\n<\/a><\/div><\/div>\n\n\n\n<div class=\"wp-block-b3rg-column e-col e-col-15df7f642de35e557df618afb20d16d065041e70 e-col--media-wrapper  col-sm-12 col-lg-6\"><div class=\"e-img \">\n<figure class=\"wp-block-image size-large\"><img decoding=\"async\" src=\"https:\/\/sumo-wp-marketing-site-assets.s3.amazonaws.com\/uploads\/2024\/10\/Frame-1073715737.svg\" alt=\"\" class=\"wp-image-1151\" title=\"\"><\/figure>\n<\/div><\/div>\n<\/div>\n<\/div><\/section>\n","protected":false},"excerpt":{"rendered":"<p>Warum sollten Sie das Tool bek\u00e4mpfen, auf das Sie sich im Kampf gegen Angreifer verlassen? Sehen Sie, wie Sumo\u202fLogic\u202fCloud SIEM die Erkennung, Untersuchung und Reaktion mit integrierter Verhaltensanalyse und Automatisierung beschleunigt \u2013 f\u00fcr schnellere und intelligentere Entscheidungen, ohne den Betrieb zu behindern.<\/p>\n","protected":false},"author":4,"featured_media":0,"parent":53124,"menu_order":0,"comment_status":"closed","ping_status":"closed","template":"","meta":{"_acf_changed":false,"show_custom_date":false,"custom_date":"","featured":false,"featured_image":0,"learn_more_label":"","image_alt_text":"","learn_more_type":"","show_popup":false,"learn_more_link_file":0,"event_date":false,"event_start_date":"","event_end_date":"","place_holder_image_url":"","post_reading_time":"< 1","notification_enabled":false,"notification_text":"","notification_logo":"","notification_expiration_time":0,"is_enable_transparent_header":false,"selected_taxonomy_terms":{"translation_priority":[221]},"selected_primary_terms":[],"learn_more_link":[],"featured_page_list":[],"notification_enabled_post_list":[],"_gspb_post_css":".gsbp-b63c2ff{display:flex;justify-content:center;flex-direction:column;align-items:center;padding-right:var(--wp--custom--spacing--side, min(3vw, 20px));padding-left:var(--wp--custom--spacing--side, min(3vw, 20px));padding-top:var(--wp--custom--spacing--top, 0px);padding-bottom:var(--wp--custom--spacing--bottom, 0px);margin-top:0;margin-bottom:0;position:relative}.gsbp-fc27bad{max-width:100%;width:1380px}.gsbp-04a6e3b{display:flex;justify-content:center;flex-direction:column;align-items:center;padding-right:var(--wp--custom--spacing--side, min(3vw, 20px));padding-left:var(--wp--custom--spacing--side, min(3vw, 20px));margin-top:0;margin-bottom:0;position:relative}.gsbp-c22e855{max-width:100%;width:1380px}.gsbp-f6171ff{display:flex;justify-content:center;flex-direction:column;align-items:center;padding-right:var(--wp--custom--spacing--side, min(3vw, 20px));padding-left:var(--wp--custom--spacing--side, min(3vw, 20px));margin-top:0;margin-bottom:0;position:relative}.gsbp-3a8a346{max-width:100%;width:1380px}","_relevanssi_hide_post":"","_relevanssi_hide_content":"","_relevanssi_pin_for_all":"","_relevanssi_pin_keywords":"","_relevanssi_unpin_keywords":"","_relevanssi_related_keywords":"","_relevanssi_related_include_ids":"","_relevanssi_related_exclude_ids":"","_relevanssi_related_no_append":"","_relevanssi_related_not_related":"","_relevanssi_related_posts":"","_relevanssi_noindex_reason":"","inline_featured_image":false,"footnotes":""},"class_list":["post-52386","page","type-page","status-publish","hentry"],"acf":[],"_links":{"self":[{"href":"https:\/\/www.sumologic.com\/de\/wp-json\/wp\/v2\/pages\/52386","targetHints":{"allow":["GET"]}}],"collection":[{"href":"https:\/\/www.sumologic.com\/de\/wp-json\/wp\/v2\/pages"}],"about":[{"href":"https:\/\/www.sumologic.com\/de\/wp-json\/wp\/v2\/types\/page"}],"author":[{"embeddable":true,"href":"https:\/\/www.sumologic.com\/de\/wp-json\/wp\/v2\/users\/4"}],"replies":[{"embeddable":true,"href":"https:\/\/www.sumologic.com\/de\/wp-json\/wp\/v2\/comments?post=52386"}],"version-history":[{"count":11,"href":"https:\/\/www.sumologic.com\/de\/wp-json\/wp\/v2\/pages\/52386\/revisions"}],"predecessor-version":[{"id":67391,"href":"https:\/\/www.sumologic.com\/de\/wp-json\/wp\/v2\/pages\/52386\/revisions\/67391"}],"up":[{"embeddable":true,"href":"https:\/\/www.sumologic.com\/de\/wp-json\/wp\/v2\/pages\/53124"}],"wp:attachment":[{"href":"https:\/\/www.sumologic.com\/de\/wp-json\/wp\/v2\/media?parent=52386"}],"curies":[{"name":"wp","href":"https:\/\/api.w.org\/{rel}","templated":true}]}}