{"id":52394,"date":"2025-05-07T10:04:28","date_gmt":"2025-05-07T18:04:28","guid":{"rendered":"https:\/\/www.sumologic.com\/coralogix-vs-sumo-logic"},"modified":"2026-02-09T09:21:00","modified_gmt":"2026-02-09T17:21:00","slug":"coralogix","status":"publish","type":"page","link":"https:\/\/www.sumologic.com\/de\/vs\/coralogix","title":{"rendered":"Coralogix vs. Sumo Logic"},"content":{"rendered":"\n<section class=\"e-stn e-stn-123fadf620c2bf68b8019a401fc4bfec370b2069 e-stn--cta-with-content-buttons\"><style>@media only screen and (max-width: 9999px) {\n\t\t\t\t\t\t\t\t\t.e-stn.e-stn-123fadf620c2bf68b8019a401fc4bfec370b2069 { \n\t\t\t\t\t\t\t\t\t\tbackground-color: #101827; \n\t\t\t\t\t\t\t\t\t}\n\t\t\t\t\t\t\t\t}<\/style><div class=\"container\">\n<div class=\"wp-block-b3rg-row e-row row\">\n<div class=\"wp-block-b3rg-column e-col e-col-0fb6f973503015aa16a81d26fbe404c54ad73406 e-col--content-wrapper  col-sm-12 col-lg-6 d-lg-flex flex-lg-column justify-content-lg-center\">\n<p class=\"has-chinese-silver-color has-text-color has-link-color wp-elements-54df46d34e7f7cbbc26727a7ee0efca3\" style=\"font-size:14px;font-style:normal;font-weight:600;letter-spacing:0.05em;text-transform:uppercase\">Coralogix vs. Sumo Logic<\/p>\n\n\n\n<h1 class=\"wp-block-heading fs-1 has-pure-white-color has-text-color has-link-color wp-elements-0c28286dc1bfadd6ec5eaa853443c247\" id=\"leading-enterprises-choose-sumo-logic-over-coralogix\">F\u00fchrende Unternehmen entscheiden sich f\u00fcr Sumo Logic und gegen Coralogix<\/h1>\n\n\n\n<p class=\"has-chinese-silver-color has-text-color has-link-color wp-elements-0045bc0f9b39a659cae9b708ad51fa80\">Mit Sumo Logic m\u00fcssen Sie Ihre Logs vor der Erfassung nicht optimieren. Holen Sie sich eine Cloud-native L\u00f6sung f\u00fcr alle Ihre Sicherheits- und Observability-Anforderungen und skalieren Sie ganz einfach.      <\/p>\n\n\n\n<div class=\"e-div e-div-b8650eb23605cc1c3c2b0261ca56a62af47c216e e-div--button-wrapper\"><div class=\"e-btn e-btn--blue-button-small\"><a class=\"e-btn__link\"href=\"https:\/\/www.sumologic.com\/request-demo\" target=\"_self\">\n<p class=\"title\">Demo buchen<\/p>\n<\/a><\/div>\n\n<\/div>\n<\/div>\n\n\n\n<div class=\"wp-block-b3rg-column e-col e-col-6ac9affda8bf2f34cb5962f2423d66ea16ac0c25  col-sm-12 col-lg-6 d-lg-flex flex-lg-column justify-content-lg-center\">\n<div id=\"wistia-block_e5294ddd97cbab27158437bdac0552a9\" class=\"wistia-video-block\" data-wistia-video=\"wistia_iuf8mi4ffk\">\n\n    <script src=\"https:\/\/fast.wistia.com\/player.js\" async><\/script>\n    <script src=\"https:\/\/fast.wistia.com\/embed\/iuf8mi4ffk.js\" async type=\"module\"><\/script>\n\n    <style>\n        wistia-player[media-id='iuf8mi4ffk']:not(:defined) {\n            background: center \/ contain no-repeat url('https:\/\/fast.wistia.com\/embed\/medias\/iuf8mi4ffk\/swatch');\n            display: block;\n            filter: blur(5px);\n            padding-top: 56.25%;\n        }\n    <\/style>\n\n    <wistia-player\n        media-id=\"iuf8mi4ffk\"\n        aspect=\"1.7777777777777777\">\n    <\/wistia-player>\n\n<\/div>\n\n<style>\n    div[data-wistia-video=\"wistia_iuf8mi4ffk\"] {\n        position: relative;\n        width: 100%;\n        padding-top: 56.25%;\n        background: center \/ cover no-repeat url('https:\/\/fast.wistia.com\/embed\/medias\/iuf8mi4ffk\/swatch');\n    }\n\n    div[data-wistia-video=\"wistia_iuf8mi4ffk\"] wistia-player {\n        position: absolute;\n        top: 0;\n        left: 0;\n        width: 100%;\n        height: 100%;\n        filter: none;\n    }\n<\/style>\n<\/div>\n<\/div>\n<\/div><\/section>\n\n<section class=\"customer-logos-sect mt-0 gsbp-b63c2ff alignfull\" data-type=\"section-component\">\n<div class=\"gsbp-fc27bad\" data-type=\"content-area-component\">\n<div class=\"box-container customer-logos-sect__cont\">\n<div class=\"customer-logos-sect__left\">\n<p class=\"customer-logos-sect__heading\">Mehr als 2.500 Kunden weltweit vertrauen uns<\/p>\n<\/div>\n\n\n\n<div class=\"customer-logos-sect__right\"><div id=\"customer-info-block_dbe7a1ae56cd68097ba6be350d18f845\" class=\"customer-info-block\"><div class=\"customer-logos-sect__logo-wrap\"><figure class=\"customer-logos-sect__logo-fig\"><img decoding=\"async\"\n                   class=\"customer-logos-sect__logo-img\"\n                   src=\"https:\/\/www.sumologic.com\/wp-content\/uploads\/alaska-logo-blk.svg\"\n                   alt=\"Alaska Airlines logo\"\n                   loading=\"lazy\"\n                   title=\"Alaska Airlines\" \/><\/figure><figure class=\"customer-logos-sect__logo-fig\"><img decoding=\"async\"\n                   class=\"customer-logos-sect__logo-img\"\n                   src=\"https:\/\/www.sumologic.com\/wp-content\/uploads\/logo-dolby-blk.svg\"\n                   alt=\"Dolby logo\"\n                   loading=\"lazy\"\n                   title=\"Dolby\" \/><\/figure><figure class=\"customer-logos-sect__logo-fig\"><img decoding=\"async\"\n                   class=\"customer-logos-sect__logo-img\"\n                   src=\"https:\/\/www.sumologic.com\/wp-content\/uploads\/grammarly-25-logo-blk.svg\"\n                   alt=\"Grammarly logo\"\n                   loading=\"lazy\"\n                   title=\"Grammarly\" \/><\/figure><figure class=\"customer-logos-sect__logo-fig\"><img decoding=\"async\"\n                   class=\"customer-logos-sect__logo-img\"\n                   src=\"https:\/\/www.sumologic.com\/wp-content\/uploads\/hello-fresh-logo-blk.svg\"\n                   alt=\"Hello Fresh logo\"\n                   loading=\"lazy\"\n                   title=\"Hello Fresh\" \/><\/figure><figure class=\"customer-logos-sect__logo-fig\"><img decoding=\"async\"\n                   class=\"customer-logos-sect__logo-img\"\n                   src=\"https:\/\/www.sumologic.com\/wp-content\/uploads\/2024\/10\/samsung-logo-blk.svg.svg\"\n                   alt=\"Samsung logo\"\n                   loading=\"lazy\"\n                   title=\"Samsung\" \/><\/figure><figure class=\"customer-logos-sect__logo-fig\"><img decoding=\"async\"\n                   class=\"customer-logos-sect__logo-img\"\n                   src=\"https:\/\/www.sumologic.com\/wp-content\/uploads\/logo-ulta-beauty-blk.svg\"\n                   alt=\"Ulta Beauty logo\"\n                   loading=\"lazy\"\n                   title=\"Ulta Beauty\" \/><\/figure><\/div><\/div><\/div>\n<\/div>\n<\/div>\n<\/section>\n\n<section class=\"e-stn e-stn-bcd9f2334eb65cbafc0517507764159b57a7ee52 e-stn--dlt e-mt-0 e-pt-50 e-mb-0 e-pb-20\"><style><\/style><div class=\"container\">\n<div class=\"wp-block-b3rg-row e-row row justify-content-center\">\n<div class=\"wp-block-b3rg-column e-col e-col-f5ce374d0251b1eeaae539dd91079af48af6ab5c  col-sm-9\">\n<p class=\"has-text-align-center eyebrow has-delft-blue-color has-text-color has-link-color wp-elements-e53942e87648206145f90d0dc779b39b\" style=\"font-size:14px;font-style:normal;font-weight:500;text-transform:uppercase\">Warum Sumo Logic?<\/p>\n\n\n\n<h2 class=\"wp-block-heading has-text-align-center has-gunmetal-color has-text-color has-link-color wp-elements-8833a4c76cde78ee52a06e45c377e95b\" id=\"discover-why-sumo-logic-outperforms-coralogix\">Entdecken Sie, warum Sumo Logic besser abschneidet als Coralogix<\/h2>\n\n\n\n<div class=\"e-div e-div-4811722787c96388d2dddea15778413c93d7cdc1 e-div--content-wrapper\">\n<p class=\"has-text-align-center has-delft-blue-color has-text-color has-link-color wp-elements-a47a7b6c1e046ac0e25512eae7f329cd\">Sumo Logic ist f\u00fcr ergebnisoffene Untersuchungen konzipiert und gibt Teams die Freiheit, ihre Daten durch schemalose Erfassung, leistungsstarke Abfragen und integrierte KI zu durchsuchen, zu analysieren und v\u00f6llig neue Fragen an sie zu stellen.  <\/p>\n\n\n\n<p class=\"has-text-align-center has-delft-blue-color has-text-color has-link-color wp-elements-fd6eb94bf37fbf01a61b71ae8e6230a8\">Coralogix mag auf dem Papier einfacher erscheinen, doch sein Pipeline-gesteuerter Ansatz schr\u00e4nkt Suchanfragen oft ein und erfordert zus\u00e4tzliche Konfigurationen, sobald sich Fragen \u2013 und Umgebungen \u2013 zwangsl\u00e4ufig \u00e4ndern.<\/p>\n<\/div>\n<\/div>\n<\/div>\n<\/div><\/section>\n\n<section class=\"e-stn e-stn-bcd9f2334eb65cbafc0517507764159b57a7ee52 e-stn--dlt e-mt-0 e-pt-50 e-mb-0 e-pb-20\"><style><\/style><div class=\"container\">\n<div class=\"wp-block-b3rg-row e-row row justify-content-center\">\n<div class=\"wp-block-b3rg-column e-col e-col-f5ce374d0251b1eeaae539dd91079af48af6ab5c  col-sm-9\"><div id=\"single-brand-compare-block_96aa90bb4b1125c90bda116d6cf47512\" class=\"single-brand-compare-table-wrapper\"><table class=\"single-brand-compare-table\"><thead>\n        <tr class=\"single-brand-compare-table-row\">\n            <th>\n                <a href=\"#\" class=\"single-brand-compare-table-all-expandable\" id=\"toggleAllDetails\">\n                    Expand all\n                <\/a>\n            <\/th>\n            <th class=\"single-brand-compare-table-heading brand-name\">Sumo Logic<\/th>\n            <th class=\"single-brand-compare-table-heading competitor-name\">Coralogix<\/th>\n        <\/tr>\n      <\/thead><tbody><tr class=\"single-brand-compare-table-row\"><td class=\"row-info\">\n                <span class=\"row-title\">Betriebliche Einfachheit bei skalierenden Umgebungen<\/span>\n                <span class=\"row-description\"><p>Sumo Logic reduziert den laufenden Betriebsaufwand durch schemalose Datenerfassung und ein SaaS-Modell, das keinerlei Pipeline-Tuning oder st\u00e4ndige Rekonfiguration erfordert. Dies erm\u00f6glicht es Teams, neue Fragen zu untersuchen, sobald sich ihre Anforderungen \u00e4ndern.<\/p>\n<p>Coralogix ist auf benutzerverwaltete Pipelines und Parsing-Regeln angewiesen, die bei jeder \u00c4nderung von Datenformaten und Anwendungsf\u00e4llen aktualisiert werden m\u00fcssen. Dies erh\u00f6ht den betrieblichen Aufwand erheblich, sobald Umgebungen skalieren.<\/p>\n<\/span>\n              <\/td><td class=\"brand-value\">\n                <span class=\"m-brand-name\">Sumo Logic<\/span>\n                <span class=\"am st\u00e4rksten legend-icon\"><\/span>\n                <span class=\"brand-value-text\"><\/span>\n              <\/td><td class=\"competitor-value\">\n                <span class=\"m-brand-name\">Coralogix<\/span>\n                <span class=\"m\u00e4\u00dfig legend-icon\"><\/span>\n                <span class=\"competitor-value-text\"><\/span>\n              <\/td><\/tr><tr class=\"single-brand-compare-table-row\"><td class=\"row-info\">\n                <span class=\"row-title\">Freiheit bei der Suche und Flexibilit\u00e4t bei den Ermittlungen<\/span>\n                <span class=\"row-description\"><p>Sumo Logic erm\u00f6glicht es Teams, Daten frei zu explorieren, mit flexiblen Abfragen \u00fcber strukturierte und unstrukturierte Logs hinweg \u2013 selbst wenn neue Fragen erst nach der Datenerfassung aufkommen.<\/p>\n<p>Untersuchungen in Coralogix h\u00e4ngen st\u00e4rker davon ab, wie Daten im Vorfeld analysiert und weitergeleitet wurden. Dies kann die Flexibilit\u00e4t einschr\u00e4nken, wenn neue oder unerwartete Probleme behoben werden m\u00fcssen.<\/p>\n<\/span>\n              <\/td><td class=\"brand-value\">\n                <span class=\"m-brand-name\">Sumo Logic<\/span>\n                <span class=\"am st\u00e4rksten legend-icon\"><\/span>\n                <span class=\"brand-value-text\"><\/span>\n              <\/td><td class=\"competitor-value\">\n                <span class=\"m-brand-name\">Coralogix<\/span>\n                <span class=\"m\u00e4\u00dfig legend-icon\"><\/span>\n                <span class=\"competitor-value-text\"><\/span>\n              <\/td><\/tr><tr class=\"single-brand-compare-table-row\"><td class=\"row-info\">\n                <span class=\"row-title\">Entwickelt f\u00fcr ungeplante Fragen<\/span>\n                <span class=\"row-description\"><p>Sumo Logic ist f\u00fcr Umgebungen konzipiert, in denen Teams nicht immer im Voraus wissen, was sie untersuchen m\u00fcssen. Dies erm\u00f6glicht es, historische Daten f\u00fcr v\u00f6llig neue Analysen wiederzuverwenden.<\/p>\n<p>Coralogix geht grunds\u00e4tzlich davon aus, dass Daten um bekannte Anwendungsf\u00e4lle herum strukturiert sind, was Anpassungen erforderlich machen kann, sobald neue Fragen aufkommen.<\/p>\n<\/span>\n              <\/td><td class=\"brand-value\">\n                <span class=\"m-brand-name\">Sumo Logic<\/span>\n                <span class=\"am st\u00e4rksten legend-icon\"><\/span>\n                <span class=\"brand-value-text\"><\/span>\n              <\/td><td class=\"competitor-value\">\n                <span class=\"m-brand-name\">Coralogix<\/span>\n                <span class=\"m\u00e4\u00dfig legend-icon\"><\/span>\n                <span class=\"competitor-value-text\"><\/span>\n              <\/td><\/tr><tr class=\"single-brand-compare-table-row\"><td class=\"row-info\">\n                <span class=\"row-title\">KI-gesteuerte Fehlersuche <\/span>\n                <span class=\"row-description\"><p>Sumo Logic Dojo AI nutzt koordinierte, erkl\u00e4rbare KI-Agenten, um Untersuchungen aktiv zu leiten. Dies hilft Teams dabei, den Weg vom Alarm zur L\u00f6sung durch strukturierte Analysen und klare, in den Workflow eingebettete n\u00e4chste Schritte zu verk\u00fcrzen.<\/p>\n<p>Coralogix Olly AI konzentriert sich darauf, Antworten in nat\u00fcrlicher Sprache zu liefern und Erkenntnisse aus Observability-Daten hervorzuheben, w\u00e4hrend die tiefergehende Untersuchung und Probleml\u00f6sung in der Regel weiterhin erfordern, dass Benutzer die zugrunde liegenden Daten manuell explorieren und verkn\u00fcpfen.<\/p>\n<\/span>\n              <\/td><td class=\"brand-value\">\n                <span class=\"m-brand-name\">Sumo Logic<\/span>\n                <span class=\"stark legend-icon\"><\/span>\n                <span class=\"brand-value-text\"><\/span>\n              <\/td><td class=\"competitor-value\">\n                <span class=\"m-brand-name\">Coralogix<\/span>\n                <span class=\"stark legend-icon\"><\/span>\n                <span class=\"competitor-value-text\"><\/span>\n              <\/td><\/tr><tr class=\"single-brand-compare-table-row\"><td class=\"row-info\">\n                <span class=\"row-title\">Vorhersehbare Kosten f\u00fcr den realen Einsatz<\/span>\n                <span class=\"row-description\"><p>Sumo Logic nutzt ein einheitliches Credit-Modell, das darauf ausgelegt ist, flexible Untersuchungen zu unterst\u00fctzen, ohne dass bereits zum Zeitpunkt der Datenerfassung kostensensible Entscheidungen getroffen werden m\u00fcssen.<\/p>\n<p>Coralogix nutzt ebenfalls ein einheitenbasiertes Modell, doch der Verbrauch wird st\u00e4rker durch die Konfiguration der Pipelines beeinflusst. Dies kann eine intensivere operative Verwaltung erforderlich machen, sobald sich die Nutzung weiterentwickelt.<\/p>\n<\/span>\n              <\/td><td class=\"brand-value\">\n                <span class=\"m-brand-name\">Sumo Logic<\/span>\n                <span class=\"stark legend-icon\"><\/span>\n                <span class=\"brand-value-text\"><\/span>\n              <\/td><td class=\"competitor-value\">\n                <span class=\"m-brand-name\">Coralogix<\/span>\n                <span class=\"stark legend-icon\"><\/span>\n                <span class=\"competitor-value-text\"><\/span>\n              <\/td><\/tr><\/tbody><\/table>\n    <div class=\"bottom-description\">\n        <p class=\"compare-notes\"><\/p>\n        <p class=\"compare-legend\">\n            <span>Strong<\/span>\n            <span class=\"strongest legend-icon\"><\/span>\n            <span class=\"strong legend-icon\"><\/span>\n            <span class=\"moderate legend-icon\"><\/span>\n            <span class=\"weak legend-icon\"><\/span>\n            <span class=\"weakest legend-icon\"><\/span>\n            <span>Weak<\/span>\n        <\/p>\n    <\/div>\n<script>\ndocument.addEventListener('DOMContentLoaded', function () {\n    const titles = document.querySelectorAll('#single-brand-compare-block_96aa90bb4b1125c90bda116d6cf47512 .row-title');\n    const descriptions = document.querySelectorAll('#single-brand-compare-block_96aa90bb4b1125c90bda116d6cf47512 .row-description');\n    const toggleAllBtn = document.querySelector('#single-brand-compare-block_96aa90bb4b1125c90bda116d6cf47512 #toggleAllDetails');\n\n    titles.forEach(function (title) {\n        title.addEventListener('click', function () {\n            const desc = this.nextElementSibling;\n            if (desc && desc.classList.contains('row-description')) {\n                desc.classList.toggle('expanded');\n            }\n            this.classList.toggle('active');\n        });\n    });\n\n    toggleAllBtn.addEventListener('click', function (e) {\n        e.preventDefault();\n\n        const isExpanding = this.textContent.trim().toLowerCase() === 'expand all';\n\n        descriptions.forEach(desc => {\n            desc.classList.toggle('expanded', isExpanding);\n        });\n\n        titles.forEach(title => {\n            title.classList.toggle('active', isExpanding);\n        });\n\n        this.textContent = isExpanding ? 'Collapse all' : 'Expand all';\n        this.classList.toggle('active');\n    });\n});\n<\/script>\n<\/div><\/div>\n<\/div>\n<\/div><\/section>\n\n<section id=\"section-7\" class=\"e-stn e-stn-cc941fb452ece4af7a2751b17834b3e1ada47061 e-stn--dynamic-grid-section e-mt-0 e-mb-0\"><style><\/style><div class=\"container\">\n<div class=\"wp-block-b3rg-row e-row row justify-content-center e-row--dlt\">\n<div class=\"wp-block-b3rg-column e-col e-col-fb16d19c19a5d501f2ddbce9412fd9f46af6fdf6  col-sm-4\">\n<div class=\"e-div e-div-431e405250f2ce8249058d3c4dd9ba0fc1b25722\">\n<h3 class=\"wp-block-heading has-eigengrau-color has-text-color has-link-color has-medium-font-size wp-elements-48e0f84ff76b5bdc9313bda5b6cd6072\" id=\"automated-insights\">Leistungsstarke Logsuche<\/h3>\n\n\n\n<p class=\"has-delft-blue-color has-text-color has-link-color has-small-font-size wp-elements-fa994bc391af7ff0fe8321203653a834\">Die Abfragesprache von Sumo Logic und die patentierten LogReduce- und LogCompare-Funktionen erm\u00f6glichen die Suche in strukturierten und unstrukturierten Daten, von Metriken und Traces bis hin zu Logs, ohne Stichproben nehmen zu m\u00fcssen.<\/p>\n<\/div>\n<\/div>\n\n\n\n<div class=\"wp-block-b3rg-column e-col e-col-fb16d19c19a5d501f2ddbce9412fd9f46af6fdf6  col-sm-4\">\n<div class=\"e-div e-div-431e405250f2ce8249058d3c4dd9ba0fc1b25722\">\n<h3 class=\"wp-block-heading has-eigengrau-color has-text-color has-link-color has-medium-font-size wp-elements-3e2f1b9b60902276bac27485bba3c9e2\" id=\"cloud-native-architecture\">Einheitliche Plattform<\/h3>\n\n\n\n<p class=\"has-delft-blue-color has-text-color has-link-color has-small-font-size wp-elements-aaa439b3a7369b37b7be700071e828a8\">Die integrierte Log-Analyse-Plattform von Sumo Logic bietet eine einzige L\u00f6sung f\u00fcr Observability und Sicherheit.<\/p>\n<\/div>\n<\/div>\n\n\n\n<div class=\"wp-block-b3rg-column e-col e-col-fb16d19c19a5d501f2ddbce9412fd9f46af6fdf6  col-sm-4\">\n<div class=\"e-div e-div-431e405250f2ce8249058d3c4dd9ba0fc1b25722\">\n<h3 class=\"wp-block-heading has-eigengrau-color has-text-color has-link-color has-medium-font-size wp-elements-d9e91e941ecf721135d5f7aab4d3bfca\" id=\"cloud-native-architecture\">Cloud-natives SIEM<\/h3>\n\n\n\n<p class=\"has-delft-blue-color has-text-color has-link-color has-small-font-size wp-elements-fe57042fe3168f8d702d27a2c4b1b585\">Sumo Logic Cloud SIEM bietet Sicherheitsanalysten und SOC-Managern einen verbesserten Einblick in das gesamte Unternehmen, um den Umfang und den Kontext eines Angriffs genau zu erfassen. Optimierte Workflows sortieren automatisch Alarme, um bekannte und unbekannte Bedrohungen schneller zu erkennen.<\/p>\n<\/div>\n<\/div>\n<\/div>\n<\/div><\/section>\n\n<section class=\"page-section resource-card-section gsbp-585e707 alignfull\" id=\"section-6\">\n<div>\n<div class=\"box-container resource-card-section__container\">\n<div class=\"resource-card-section__heading-wrapper\">\n<h2 class=\"resource-card-section__heading\">Zus\u00e4tzliche Ressourcen<\/h2>\n<\/div>\n\n\n\n<div class=\"grid--l-3 grid--m-2 grid--s-1 gap--l resource-block-wrapper mt-3 grid--3\">\n<a class=\"resource-block\" href=\"https:\/\/www.sumologic.com\/case-studies\/hashicorp\">\n<div class=\"resource-block__img-wrap\">\n<figure class=\"resource-block__figure\">\n<img decoding=\"async\" class=\"resource-block__img\" src=\"https:\/\/www.sumologic.com\/wp-content\/uploads\/thumb-Hashicorp_326x183_Resources-2.svg\" alt=\"\" width=\"326\" height=\"183\" loading=\"lazy\" title=\"\">\n<\/figure>\n<\/div>\n\n\n\n<div class=\"resource-block__body-wrap\">\n<div class=\"resource-block__sub-heading\">Fallstudie<\/div>\n\n\n\n<h3 class=\"resource-block__heading\">\u00dcberwachung und Sicherung von 10.000 Clouds<\/h3>\n\n\n\n<div class=\"btn-right-arrow resource-block__link\">Fallstudie lesen<\/div>\n<\/div>\n<\/a>\n\n\n\n<a class=\"resource-block\" href=\"https:\/\/www.sumologic.com\/de\/case-studies\/acquia\" target=\"_blank\" rel=\"noopener\">\n<div class=\"resource-block__img-wrap\">\n<figure class=\"resource-block__figure\">\n<img decoding=\"async\" class=\"resource-block__img\" src=\"https:\/\/www.sumologic.com\/wp-content\/uploads\/thumb-Acquia_326x183_Resources.svg\" alt=\"\" width=\"326\" height=\"183\" loading=\"lazy\" title=\"\">\n<\/figure>\n<\/div>\n\n\n\n<div class=\"resource-block__body-wrap\">\n<div class=\"resource-block__sub-heading\">Fallstudie<\/div>\n\n\n\n<h3 class=\"resource-block__heading\">Tool-Konsolidierung \u2013 p\u00fcnktlich und kosteng\u00fcnstig<\/h3>\n\n\n\n<div class=\"btn-right-arrow resource-block__link\">Fallstudie lesen<\/div>\n<\/div>\n<\/a>\n\n\n\n<a class=\"resource-block\" href=\"https:\/\/www.sumologic.com\/de\/case-studies\/standard-chartered\">\n<div class=\"resource-block__img-wrap\">\n<figure class=\"resource-block__figure\">\n<img decoding=\"async\" class=\"resource-block__img\" src=\"https:\/\/www.sumologic.com\/wp-content\/uploads\/thumb-StandardCharter_326x183_Resources-1.svg\" alt=\"\" width=\"326\" height=\"183\" loading=\"lazy\" title=\"\">\n<\/figure>\n<\/div>\n\n\n\n<div class=\"resource-block__body-wrap\">\n<div class=\"resource-block__sub-heading\">Fallstudie<\/div>\n\n\n\n<h3 class=\"resource-block__heading\">Wie Sicherheit und Leistung das Bankwesen neu definieren<\/h3>\n\n\n\n<div class=\"btn-right-arrow resource-block__link\">Fallstudie lesen<\/div>\n<\/div>\n<\/a>\n<\/div>\n<\/div>\n<\/div>\n<\/section>\n\n<section class=\"e-stn e-stn-147a9730cce5fd542d70196716a3fa89514c4a95 e-stn--events-main-banner e-mt-0 e-pt-0 e-mb-0\"><style>@media only screen and (max-width: 9999px) {\n\t\t\t\t\t\t\t\t\t.e-stn.e-stn-147a9730cce5fd542d70196716a3fa89514c4a95 { \n\t\t\t\t\t\t\t\t\t\tbackground-color: #101827; \n\t\t\t\t\t\t\t\t\t}\n\t\t\t\t\t\t\t\t}<\/style><div class=\"container\">\n<div class=\"wp-block-b3rg-row e-row row\">\n<div class=\"wp-block-b3rg-column e-col e-col-30cf6e0d31fd8780616c8617a3382c2b2c7f4e3b e-col--content-wrapper  col-sm-12 col-lg-6\">\n<h2 class=\"wp-block-heading has-pure-white-color has-text-color has-link-color has-large-font-size wp-elements-869a499a6095b7adf61496f40f4705e9\" id=\"experience-sumo-logic-for-yourself\">Erleben Sie Sumo Logic selbst<\/h2>\n\n\n\n<p class=\"has-text-color has-link-color wp-elements-712eb8e7bd1ad11e7fa3d0853cdb31d6\" style=\"color:#ffffff\">Brechen Sie die Silos auf und holen Sie sich noch heute die Cloud-native L\u00f6sung f\u00fcr Observability und Sicherheit.<\/p>\n\n\n<div class=\"e-btn e-btn--white-border-button\"><a class=\"e-btn__link\"href=\"https:\/\/www.sumologic.com\/request-demo\" target=\"_self\">\n<p class=\"title\">Demo buchen<\/p>\n<\/a><\/div><\/div>\n\n\n\n<div class=\"wp-block-b3rg-column e-col e-col-15df7f642de35e557df618afb20d16d065041e70 e-col--media-wrapper  col-sm-12 col-lg-6\"><div class=\"e-img \">\n<figure class=\"wp-block-image size-large\"><img decoding=\"async\" src=\"https:\/\/sumo-wp-marketing-site-assets.s3.amazonaws.com\/uploads\/2024\/10\/Frame-1073715737.svg\" alt=\"\" class=\"wp-image-1151\" title=\"\"><\/figure>\n<\/div><\/div>\n<\/div>\n<\/div><\/section>\n","protected":false},"excerpt":{"rendered":"","protected":false},"author":2,"featured_media":0,"parent":53124,"menu_order":0,"comment_status":"closed","ping_status":"closed","template":"","meta":{"_acf_changed":false,"show_custom_date":false,"custom_date":"","featured":false,"featured_image":0,"learn_more_label":"","image_alt_text":"","learn_more_type":"","show_popup":false,"learn_more_link_file":0,"event_date":false,"event_start_date":"","event_end_date":"","place_holder_image_url":"","post_reading_time":"2","notification_enabled":false,"notification_text":"","notification_logo":"","notification_expiration_time":0,"is_enable_transparent_header":false,"selected_taxonomy_terms":{"translation_priority":[221]},"selected_primary_terms":[],"learn_more_link":[],"featured_page_list":[],"notification_enabled_post_list":[],"_gspb_post_css":".gsbp-b63c2ff{display:flex;justify-content:center;flex-direction:column;align-items:center;padding-right:var(--wp--custom--spacing--side, min(3vw, 20px));padding-left:var(--wp--custom--spacing--side, min(3vw, 20px));padding-top:var(--wp--custom--spacing--top, 0px);padding-bottom:var(--wp--custom--spacing--bottom, 0px);margin-top:0;margin-bottom:0;position:relative}.gsbp-fc27bad{max-width:100%;width:1380px}.gsbp-585e707{display:flex;justify-content:center;flex-direction:column;align-items:center;padding-right:var(--wp--custom--spacing--side, min(3vw, 20px));padding-left:var(--wp--custom--spacing--side, min(3vw, 20px));margin-top:0;margin-bottom:0;position:relative}","_relevanssi_hide_post":"","_relevanssi_hide_content":"","_relevanssi_pin_for_all":"","_relevanssi_pin_keywords":"","_relevanssi_unpin_keywords":"","_relevanssi_related_keywords":"","_relevanssi_related_include_ids":"","_relevanssi_related_exclude_ids":"","_relevanssi_related_no_append":"","_relevanssi_related_not_related":"","_relevanssi_related_posts":"","_relevanssi_noindex_reason":"","inline_featured_image":false,"footnotes":""},"class_list":["post-52394","page","type-page","status-publish","hentry"],"acf":[],"_links":{"self":[{"href":"https:\/\/www.sumologic.com\/de\/wp-json\/wp\/v2\/pages\/52394","targetHints":{"allow":["GET"]}}],"collection":[{"href":"https:\/\/www.sumologic.com\/de\/wp-json\/wp\/v2\/pages"}],"about":[{"href":"https:\/\/www.sumologic.com\/de\/wp-json\/wp\/v2\/types\/page"}],"author":[{"embeddable":true,"href":"https:\/\/www.sumologic.com\/de\/wp-json\/wp\/v2\/users\/2"}],"replies":[{"embeddable":true,"href":"https:\/\/www.sumologic.com\/de\/wp-json\/wp\/v2\/comments?post=52394"}],"version-history":[{"count":13,"href":"https:\/\/www.sumologic.com\/de\/wp-json\/wp\/v2\/pages\/52394\/revisions"}],"predecessor-version":[{"id":69092,"href":"https:\/\/www.sumologic.com\/de\/wp-json\/wp\/v2\/pages\/52394\/revisions\/69092"}],"up":[{"embeddable":true,"href":"https:\/\/www.sumologic.com\/de\/wp-json\/wp\/v2\/pages\/53124"}],"wp:attachment":[{"href":"https:\/\/www.sumologic.com\/de\/wp-json\/wp\/v2\/media?parent=52394"}],"curies":[{"name":"wp","href":"https:\/\/api.w.org\/{rel}","templated":true}]}}