{"id":52411,"date":"2025-04-14T18:50:33","date_gmt":"2025-04-15T02:50:33","guid":{"rendered":"https:\/\/www.sumologic.com\/qradar-vs-sumo-logic"},"modified":"2026-01-22T05:55:26","modified_gmt":"2026-01-22T13:55:26","slug":"qradar","status":"publish","type":"page","link":"https:\/\/www.sumologic.com\/de\/vs\/qradar","title":{"rendered":"Qradar vs. Sumo Logic"},"content":{"rendered":"\n<section class=\"e-stn e-stn-123fadf620c2bf68b8019a401fc4bfec370b2069 e-stn--cta-with-content-buttons\"><style>@media only screen and (max-width: 9999px) {\n\t\t\t\t\t\t\t\t\t.e-stn.e-stn-123fadf620c2bf68b8019a401fc4bfec370b2069 { \n\t\t\t\t\t\t\t\t\t\tbackground-color: #101827; \n\t\t\t\t\t\t\t\t\t}\n\t\t\t\t\t\t\t\t}<\/style><div class=\"container\">\n<div class=\"wp-block-b3rg-row e-row row\">\n<div class=\"wp-block-b3rg-column e-col e-col-0fb6f973503015aa16a81d26fbe404c54ad73406 e-col--content-wrapper  col-sm-12 col-lg-6 d-lg-flex flex-lg-column justify-content-lg-center\">\n<p class=\"has-chinese-silver-color has-text-color has-link-color wp-elements-21e69850505d8c3dada3b678ac80c1f7\">SUMO LOGIC VS. QRADAR<\/p>\n\n\n\n<h1 class=\"wp-block-heading fs-1 has-pure-white-color has-text-color has-link-color wp-elements-bbfc32fa508d6861d2933a182cb25008\" id=\"take-control-of-your-siem-future\">\u00dcbernehmen Sie die Kontrolle \u00fcber Ihre SIEM-Zukunft<\/h1>\n\n\n\n<p class=\"has-chinese-silver-color has-text-color has-link-color wp-elements-54074b5d7ab8bc6f39b5d03dcb626aae\">Der SIEM-Markt konsolidiert sich \u2013 lassen Sie sich nicht von den Pl\u00e4nen der gro\u00dfen Anbieter einschr\u00e4nken! Nehmen Sie Ihre Cloud-Migration, Ihre unverzichtbaren Features und Ihre Kostenplanung selbst in die Hand. Vergleichen Sie jetzt Sumo Logic mit IBM QRadar, um die passende L\u00f6sung f\u00fcr Ihre Anforderungen zu finden.   <\/p>\n\n\n\n<p class=\"has-chinese-silver-color has-text-color has-link-color wp-elements-4cc11ee0865ca23b43f7e150ed7472fb\">Nehmen Sie die Zukunft selbst in die Hand und erkunden Sie noch heute Alternativen.<\/p>\n\n\n\n<div class=\"e-div e-div-b8650eb23605cc1c3c2b0261ca56a62af47c216e e-div--button-wrapper\"><div class=\"e-btn e-btn--blue-button-small\"><a class=\"e-btn__link\"href=\"https:\/\/www.sumologic.com\/request-demo\" target=\"_self\">\n<p class=\"title\">Demo anfordern<\/p>\n<\/a><\/div>\n\n<\/div>\n<\/div>\n\n\n\n<div class=\"wp-block-b3rg-column e-col e-col-6ac9affda8bf2f34cb5962f2423d66ea16ac0c25  col-sm-12 col-lg-6 d-lg-flex flex-lg-column justify-content-lg-center\">\n<div id=\"wistia-block_7642719b340eb0c979a1ade72d5ccb63\" class=\"wistia-video-block\" data-wistia-video=\"wistia_471zkno1sb\">\n\n    <script src=\"https:\/\/fast.wistia.com\/player.js\" async><\/script>\n    <script src=\"https:\/\/fast.wistia.com\/embed\/471zkno1sb.js\" async type=\"module\"><\/script>\n\n    <style>\n        wistia-player[media-id='471zkno1sb']:not(:defined) {\n            background: center \/ contain no-repeat url('https:\/\/fast.wistia.com\/embed\/medias\/471zkno1sb\/swatch');\n            display: block;\n            filter: blur(5px);\n            padding-top: 56.25%;\n        }\n    <\/style>\n\n    <wistia-player\n        media-id=\"471zkno1sb\"\n        aspect=\"1.7777777777777777\">\n    <\/wistia-player>\n\n<\/div>\n\n<style>\n    div[data-wistia-video=\"wistia_471zkno1sb\"] {\n        position: relative;\n        width: 100%;\n        padding-top: 56.25%;\n        background: center \/ cover no-repeat url('https:\/\/fast.wistia.com\/embed\/medias\/471zkno1sb\/swatch');\n    }\n\n    div[data-wistia-video=\"wistia_471zkno1sb\"] wistia-player {\n        position: absolute;\n        top: 0;\n        left: 0;\n        width: 100%;\n        height: 100%;\n        filter: none;\n    }\n<\/style>\n<\/div>\n<\/div>\n<\/div><\/section>\n\n<section class=\"customer-logos-sect mt-0 gsbp-b63c2ff alignfull\" data-type=\"section-component\">\n<div class=\"gsbp-fc27bad\" data-type=\"content-area-component\">\n<div class=\"box-container customer-logos-sect__cont\">\n<div class=\"customer-logos-sect__left\">\n<p class=\"customer-logos-sect__heading\">Mehr als 2.500 Kunden weltweit vertrauen uns<\/p>\n<\/div>\n\n\n\n<div class=\"customer-logos-sect__right\"><div id=\"customer-info-block_d080aeb129df46c5f331bae8263f5f00\" class=\"customer-info-block\"><div class=\"customer-logos-sect__logo-wrap\"><figure class=\"customer-logos-sect__logo-fig\"><img decoding=\"async\"\n                   class=\"customer-logos-sect__logo-img\"\n                   src=\"https:\/\/www.sumologic.com\/wp-content\/uploads\/alaska-logo-blk.svg\"\n                   alt=\"Alaska Airlines logo\"\n                   loading=\"lazy\"\n                   title=\"Alaska Airlines\" \/><\/figure><figure class=\"customer-logos-sect__logo-fig\"><img decoding=\"async\"\n                   class=\"customer-logos-sect__logo-img\"\n                   src=\"https:\/\/www.sumologic.com\/wp-content\/uploads\/logo-dolby-blk.svg\"\n                   alt=\"Dolby logo\"\n                   loading=\"lazy\"\n                   title=\"Dolby\" \/><\/figure><figure class=\"customer-logos-sect__logo-fig\"><img decoding=\"async\"\n                   class=\"customer-logos-sect__logo-img\"\n                   src=\"https:\/\/www.sumologic.com\/wp-content\/uploads\/grammarly-25-logo-blk.svg\"\n                   alt=\"Grammarly logo\"\n                   loading=\"lazy\"\n                   title=\"Grammarly\" \/><\/figure><figure class=\"customer-logos-sect__logo-fig\"><img decoding=\"async\"\n                   class=\"customer-logos-sect__logo-img\"\n                   src=\"https:\/\/www.sumologic.com\/wp-content\/uploads\/hello-fresh-logo-blk.svg\"\n                   alt=\"Hello Fresh logo\"\n                   loading=\"lazy\"\n                   title=\"Hello Fresh\" \/><\/figure><figure class=\"customer-logos-sect__logo-fig\"><img decoding=\"async\"\n                   class=\"customer-logos-sect__logo-img\"\n                   src=\"https:\/\/www.sumologic.com\/wp-content\/uploads\/2024\/10\/samsung-logo-blk.svg.svg\"\n                   alt=\"Samsung logo\"\n                   loading=\"lazy\"\n                   title=\"Samsung\" \/><\/figure><figure class=\"customer-logos-sect__logo-fig\"><img decoding=\"async\"\n                   class=\"customer-logos-sect__logo-img\"\n                   src=\"https:\/\/www.sumologic.com\/wp-content\/uploads\/logo-ulta-beauty-blk.svg\"\n                   alt=\"Ulta Beauty logo\"\n                   loading=\"lazy\"\n                   title=\"Ulta Beauty\" \/><\/figure><\/div><\/div><\/div>\n<\/div>\n<\/div>\n<\/section>\n\n<div class=\"wp-block-group is-content-justification-center is-nowrap is-layout-flex wp-container-core-group-is-layout-23441af8 wp-block-group-is-layout-flex\">\n<div class=\"wp-block-columns is-layout-flex wp-container-core-columns-is-layout-28f84493 wp-block-columns-is-layout-flex\">\n<div class=\"wp-block-column is-layout-flow wp-block-column-is-layout-flow\" style=\"flex-basis:100%\">\n<h2 class=\"wp-block-heading has-text-align-center mb-3 has-eigengrau-color has-text-color has-link-color wp-elements-ba5efad29cd16b785b620bc131cdf6b6\" id=\"revolutionize-your-security\">Revolutionieren Sie Ihre Sicherheit<\/h2>\n\n\n\n<p class=\"has-text-align-center has-delft-blue-color has-text-color has-link-color wp-elements-dc7546ad34d4ea2ba052fa5660adc10b\">Ihre bessere SIEM-L\u00f6sung ist da<\/p>\n<\/div>\n<\/div>\n<\/div>\n\n<section class=\"page-section gsbp-04a6e3b alignfull\">\n<div class=\"gsbp-c22e855\">\n<div class=\"box-container\"><div id=\"single-brand-compare-block_d0d00e3b9a3cbe739020331c030e1416\" class=\"single-brand-compare-table-wrapper\"><table class=\"single-brand-compare-table\"><thead>\n        <tr class=\"single-brand-compare-table-row\">\n            <th>\n                <a href=\"#\" class=\"single-brand-compare-table-all-expandable\" id=\"toggleAllDetails\">\n                    Expand all\n                <\/a>\n            <\/th>\n            <th class=\"single-brand-compare-table-heading brand-name\">Sumo Logic<\/th>\n            <th class=\"single-brand-compare-table-heading competitor-name\">QRadar<\/th>\n        <\/tr>\n      <\/thead><tbody><tr class=\"single-brand-compare-table-row\"><td class=\"row-info\">\n                <span class=\"row-title\">Cloud-Architektur<\/span>\n                <span class=\"row-description\"><p>QRadar ist eine Lift-and-Shift-Version seiner On-Prem-L\u00f6sung, die zus\u00e4tzliche Bereitstellungskosten f\u00fcr die Aufnahme und Suche in gro\u00dfem Umfang verursacht.<\/p>\n<p>Sumo Logic ist eine Cloud-native Multi-Tenant-Plattform, die jede Komponente der Architektur sofort hoch- oder herunterskalieren kann, um den Kundenanforderungen gerecht zu werden.<\/p>\n<\/span>\n              <\/td><td class=\"brand-value\">\n                <span class=\"m-brand-name\">Sumo Logic<\/span>\n                <span class=\"am st\u00e4rksten legend-icon\"><\/span>\n                <span class=\"brand-value-text\"><\/span>\n              <\/td><td class=\"competitor-value\">\n                <span class=\"m-brand-name\">QRadar<\/span>\n                <span class=\"schwach legend-icon\"><\/span>\n                <span class=\"competitor-value-text\"><\/span>\n              <\/td><\/tr><tr class=\"single-brand-compare-table-row\"><td class=\"row-info\">\n                <span class=\"row-title\">Breite des Portfolios<\/span>\n                <span class=\"row-description\"><p>QRadar verf\u00fcgt zwar \u00fcber ein umfassendes Portfolio (Logs, EDR, SIEM und SOAR), die Implementierung ist jedoch sehr komplex und kostspielig und erfordert h\u00e4ufig professionelle Dienstleistungen.<\/p>\n<p>Sumo Logic bietet eine einheitliche Plattform f\u00fcr Beobachtbarkeit (Logs, Metriken, APM\/Traces und RUM) und Sicherheit (Security Data Lake, Audit und Compliance, Cloud SIEM und Cloud SOAR), die bei der Tool-Konsolidierung hilft.<\/p>\n<\/span>\n              <\/td><td class=\"brand-value\">\n                <span class=\"m-brand-name\">Sumo Logic<\/span>\n                <span class=\"am st\u00e4rksten legend-icon\"><\/span>\n                <span class=\"brand-value-text\"><\/span>\n              <\/td><td class=\"competitor-value\">\n                <span class=\"m-brand-name\">QRadar<\/span>\n                <span class=\"moderat legend-icon\"><\/span>\n                <span class=\"competitor-value-text\"><\/span>\n              <\/td><\/tr><tr class=\"single-brand-compare-table-row\"><td class=\"row-info\">\n                <span class=\"row-title\">Sammeln<\/span>\n                <span class=\"row-description\"><p>QRadar on Cloud erfordert die Installation einer Data-Gateway-Appliance, die verwendet wird, um eine Verbindung zur QRadar-Instanz herzustellen, die in der IBM Cloud ausgef\u00fchrt wird.<\/p>\n<p>Sumo Logic ist eine plattform-\/anbieterunabh\u00e4ngige L\u00f6sung mit der M\u00f6glichkeit, Protokolle und sicherheitsrelevante Daten in Ihren On-Prem-, Cloud- und Multi-Cloud-Umgebungen zu erfassen, ohne dass zus\u00e4tzliche Hardware erforderlich ist.<\/p>\n<\/span>\n              <\/td><td class=\"brand-value\">\n                <span class=\"m-brand-name\">Sumo Logic<\/span>\n                <span class=\"am st\u00e4rksten legend-icon\"><\/span>\n                <span class=\"brand-value-text\"><\/span>\n              <\/td><td class=\"competitor-value\">\n                <span class=\"m-brand-name\">QRadar<\/span>\n                <span class=\"schwach legend-icon\"><\/span>\n                <span class=\"competitor-value-text\"><\/span>\n              <\/td><\/tr><tr class=\"single-brand-compare-table-row\"><td class=\"row-info\">\n                <span class=\"row-title\">Threat Intel Plattform<\/span>\n                <span class=\"row-description\"><p>QRadar bietet eine integrierte TIP, erfordert jedoch den Kauf von IBM Advanced Threat Protection Feed zu zus\u00e4tzlichen Kosten.<\/p>\n<p>Sumo Logic enth\u00e4lt eine integrierte, sofort einsatzbereite TIP, die CrowdStrike (OEM) nutzt, um Sicherheitsereignissen Bedrohungsdimensionen hinzuzuf\u00fcgen. Sumo Logic kann auch in externe Intelligence-Feeds integriert werden.   <\/p>\n<\/span>\n              <\/td><td class=\"brand-value\">\n                <span class=\"m-brand-name\">Sumo Logic<\/span>\n                <span class=\"am st\u00e4rksten legend-icon\"><\/span>\n                <span class=\"brand-value-text\"><\/span>\n              <\/td><td class=\"competitor-value\">\n                <span class=\"m-brand-name\">QRadar<\/span>\n                <span class=\"moderat legend-icon\"><\/span>\n                <span class=\"competitor-value-text\"><\/span>\n              <\/td><\/tr><tr class=\"single-brand-compare-table-row\"><td class=\"row-info\">\n                <span class=\"row-title\">Feste Datenstruktur<\/span>\n                <span class=\"row-description\"><p>In QRadar muss alles vorab geparst werden, um die Felder zu facetten, nach denen Sie suchen m\u00f6chten. Wenn ein bestimmtes Feld noch nicht geparst wurde, sind Sie auf Stichwortsuchen beschr\u00e4nkt. <\/p>\n<p>Sumo Logic indiziert alle Logdaten vollst\u00e4ndig \u2013 strukturiert und unstrukturiert \u2013 ohne dass Daten Indizes mit definierten Schemata entsprechen m\u00fcssen, was eine schnelle Wertsch\u00f6pfung und Flexibilit\u00e4t erm\u00f6glicht.<\/p>\n<\/span>\n              <\/td><td class=\"brand-value\">\n                <span class=\"m-brand-name\">Sumo Logic<\/span>\n                <span class=\"am st\u00e4rksten legend-icon\"><\/span>\n                <span class=\"brand-value-text\"><\/span>\n              <\/td><td class=\"competitor-value\">\n                <span class=\"m-brand-name\">QRadar<\/span>\n                <span class=\"schwach legend-icon\"><\/span>\n                <span class=\"competitor-value-text\"><\/span>\n              <\/td><\/tr><tr class=\"single-brand-compare-table-row\"><td class=\"row-info\">\n                <span class=\"row-title\">Lizenzierung<\/span>\n                <span class=\"row-description\"><p>QRadar-Lizenzen basieren auf der Anzahl der Mitarbeiter (1 EPS pro Mitarbeiter) mit 30-t\u00e4giger Aufbewahrung.<\/p>\n<p>Sumo Logic bietet ein einfaches, kreditbasiertes Lizenzmodell, das Vorhersagbarkeit und Flexibilit\u00e4t bietet und eine reibungslose Erweiterung erm\u00f6glicht, um sich an Anwendungsf\u00e4lle anzupassen, ohne dass eine nutzerbasierte Geb\u00fchr erhoben wird.<\/p>\n<\/span>\n              <\/td><td class=\"brand-value\">\n                <span class=\"m-brand-name\">Sumo Logic<\/span>\n                <span class=\"am st\u00e4rksten legend-icon\"><\/span>\n                <span class=\"brand-value-text\"><\/span>\n              <\/td><td class=\"competitor-value\">\n                <span class=\"m-brand-name\">QRadar<\/span>\n                <span class=\"moderat legend-icon\"><\/span>\n                <span class=\"competitor-value-text\"><\/span>\n              <\/td><\/tr><\/tbody><\/table>\n    <div class=\"bottom-description\">\n        <p class=\"compare-notes\"><\/p>\n        <p class=\"compare-legend\">\n            <span>Strong<\/span>\n            <span class=\"strongest legend-icon\"><\/span>\n            <span class=\"strong legend-icon\"><\/span>\n            <span class=\"moderate legend-icon\"><\/span>\n            <span class=\"weak legend-icon\"><\/span>\n            <span class=\"weakest legend-icon\"><\/span>\n            <span>Weak<\/span>\n        <\/p>\n    <\/div>\n<script>\ndocument.addEventListener('DOMContentLoaded', function () {\n    const titles = document.querySelectorAll('#single-brand-compare-block_d0d00e3b9a3cbe739020331c030e1416 .row-title');\n    const descriptions = document.querySelectorAll('#single-brand-compare-block_d0d00e3b9a3cbe739020331c030e1416 .row-description');\n    const toggleAllBtn = document.querySelector('#single-brand-compare-block_d0d00e3b9a3cbe739020331c030e1416 #toggleAllDetails');\n\n    titles.forEach(function (title) {\n        title.addEventListener('click', function () {\n            const desc = this.nextElementSibling;\n            if (desc && desc.classList.contains('row-description')) {\n                desc.classList.toggle('expanded');\n            }\n            this.classList.toggle('active');\n        });\n    });\n\n    toggleAllBtn.addEventListener('click', function (e) {\n        e.preventDefault();\n\n        const isExpanding = this.textContent.trim().toLowerCase() === 'expand all';\n\n        descriptions.forEach(desc => {\n            desc.classList.toggle('expanded', isExpanding);\n        });\n\n        titles.forEach(title => {\n            title.classList.toggle('active', isExpanding);\n        });\n\n        this.textContent = isExpanding ? 'Collapse all' : 'Expand all';\n        this.classList.toggle('active');\n    });\n});\n<\/script>\n<\/div><\/div>\n<\/div>\n<\/section>\n\n<section class=\"page-section compare-items-sect gsbp-f6171ff alignfull\">\n<div class=\"gsbp-3a8a346\">\n<div class=\"box-container compare-items-sect__cont\">\n<div class=\"compare-items-sect__headings-wrap\">\n<p class=\"compare-items-sect__sub-heading\">Mehr entdecken<\/p>\n\n\n\n<h2 class=\"compare-items-sect__heading\">Zus\u00e4tzliche Ressourcen<\/h2>\n<\/div>\n\n\n\n<div class=\"compare-items-sect__btm grid--3 grid--l-3 grid--m-2 grid--s-1 gap--l\">\n<a class=\"compare-items-sect__btm-item\" href=\"https:\/\/www.sumologic.com\/briefs\/gartner-siem-critical-capabilities\" title=\"\">\n<div class=\"compare-items-sect__btm-item-img-wrap\">\n<figure>\n<img decoding=\"async\" class=\"compare-items-sect__btm-item-img\" src=\"https:\/\/www.sumologic.com\/wp-content\/uploads\/meta-gartner-critical-capabilities-1200x628-fig3.webp\" alt=\"\" width=\"1200\" height=\"628\" loading=\"lazy\" title=\"\">\n<\/figure>\n<\/div>\n\n\n\n<div class=\"compare-items-sect__btm-item-cont-wrap\">\n<h3 class=\"compare-items-sect__btm-item-heading\">Gartner-Bericht Critical Capabilities<\/h3>\n\n\n\n<div class=\"btn-right-arrow compare-items-sect__btm-item-link\">Bericht herunterladen<\/div>\n<\/div>\n<\/a>\n\n\n\n<a class=\"compare-items-sect__btm-item\" href=\"\/briefs\/idc-sumo-logic-roi\">\n<div class=\"compare-items-sect__btm-item-img-wrap\">\n<figure>\n<img decoding=\"async\" class=\"compare-items-sect__btm-item-img\" src=\"https:\/\/www.sumologic.com\/wp-content\/uploads\/thumb-IDC_ROI_Meta_1200x628_TINY-v2-1.jpg\" alt=\"\" width=\"652\" height=\"366\" loading=\"lazy\" title=\"\">\n<\/figure>\n<\/div>\n\n\n\n<div class=\"compare-items-sect__btm-item-cont-wrap\">\n<h3 class=\"compare-items-sect__btm-item-heading\">376 % ROI ist nur der Anfang mit Sumo Logic: IDC-ROI-Bericht<\/h3>\n\n\n\n<div class=\"btn-right-arrow compare-items-sect__btm-item-link\">Kurzdarstellung herunterladen<\/div>\n<\/div>\n<\/a>\n\n\n\n<a class=\"compare-items-sect__btm-item\" href=\"\/videos\/cloud-siem-highlights\">\n<div class=\"compare-items-sect__btm-item-img-wrap\">\n<figure>\n<img decoding=\"async\" class=\"compare-items-sect__btm-item-img\" src=\"https:\/\/www.sumologic.com\/wp-content\/uploads\/thumb-Cloud-SIEM-quick-overview.jpg\" alt=\"\" width=\"652\" height=\"366\" loading=\"lazy\" title=\"\">\n<\/figure>\n<\/div>\n\n\n\n<div class=\"compare-items-sect__btm-item-cont-wrap\">\n<h3 class=\"compare-items-sect__btm-item-heading\">Sumo Logic Cloud SIEM \u00dcbersicht<\/h3>\n\n\n\n<div class=\"btn-right-arrow compare-items-sect__btm-item-link\">Video ansehen<\/div>\n<\/div>\n<\/a>\n\n\n\n<a class=\"compare-items-sect__btm-item\" href=\"\/blog\/sumo-logic-ahead-of-the-pack-in-a-consolidating-market\">\n<div class=\"compare-items-sect__btm-item-img-wrap\">\n<figure>\n<img decoding=\"async\" class=\"compare-items-sect__btm-item-img\" src=\"https:\/\/www.sumologic.com\/wp-content\/uploads\/thumb-Sumo_Ahead_social_652x366.png\" alt=\"\" width=\"652\" height=\"366\" loading=\"lazy\" title=\"\">\n<\/figure>\n<\/div>\n\n\n\n<div class=\"compare-items-sect__btm-item-cont-wrap\">\n<h3 class=\"compare-items-sect__btm-item-heading\">Sumo Logic in einem sich konsolidierenden Markt der Konkurrenz voraus<\/h3>\n\n\n\n<div class=\"btn-right-arrow compare-items-sect__btm-item-link\">Blog lesen<\/div>\n<\/div>\n<\/a>\n\n\n\n<a class=\"compare-items-sect__btm-item\" href=\"\/blog\/how-ai-will-impact-cybersecurity-the-beginning-of-fifth-gen-siem\">\n<div class=\"compare-items-sect__btm-item-img-wrap\">\n<figure>\n<img decoding=\"async\" class=\"compare-items-sect__btm-item-img\" src=\"https:\/\/www.sumologic.com\/wp-content\/uploads\/thumb-FifthGenSIEM_blog_social_652x341.jpg\" alt=\"\" width=\"1200\" height=\"628\" loading=\"lazy\" title=\"\">\n<\/figure>\n<\/div>\n\n\n\n<div class=\"compare-items-sect__btm-item-cont-wrap\">\n<h3 class=\"compare-items-sect__btm-item-heading\">Wie KI die Cybersicherheit beeinflussen wird: der Beginn der SIEM der f\u00fcnften Generation<\/h3>\n\n\n\n<div class=\"btn-right-arrow compare-items-sect__btm-item-link\">Blog lesen<\/div>\n<\/div>\n<\/a>\n\n\n\n<a class=\"compare-items-sect__btm-item\" href=\"\/blog\/navigate-changes-konsolidierung-siem-security-analytics\">\n<div class=\"compare-items-sect__btm-item-img-wrap\">\n<figure>\n<img decoding=\"async\" class=\"compare-items-sect__btm-item-img\" src=\"https:\/\/www.sumologic.com\/wp-content\/uploads\/thumb-Chas_CloudSIEM_blog_652x366.png\" alt=\"\" width=\"652\" height=\"366\" loading=\"lazy\" title=\"\">\n<\/figure>\n<\/div>\n\n\n\n<div class=\"compare-items-sect__btm-item-cont-wrap\">\n<h3 class=\"compare-items-sect__btm-item-heading\">So navigieren Sie durch die schnellen Ver\u00e4nderungen und die Konsolidierung im SIEM- und Sicherheitsanalysemarkt<\/h3>\n\n\n\n<div class=\"btn-right-arrow compare-items-sect__btm-item-link\">Blog lesen<\/div>\n<\/div>\n<\/a>\n<\/div>\n<\/div>\n<\/div>\n<\/section>\n\n<section class=\"e-stn e-stn-ceba3706ee898be52a7a7a7b87aa3e5ff65e62e4 e-stn--events-main-banner e-pt-0\"><style>@media only screen and (max-width: 9999px) {\n\t\t\t\t\t\t\t\t\t.e-stn.e-stn-ceba3706ee898be52a7a7a7b87aa3e5ff65e62e4 { \n\t\t\t\t\t\t\t\t\t\tbackground-color: #101827; \n\t\t\t\t\t\t\t\t\t}\n\t\t\t\t\t\t\t\t}<\/style><div class=\"container\">\n<div class=\"wp-block-b3rg-row e-row row\">\n<div class=\"wp-block-b3rg-column e-col e-col-30cf6e0d31fd8780616c8617a3382c2b2c7f4e3b e-col--content-wrapper  col-sm-12 col-lg-6\">\n<h2 class=\"wp-block-heading has-pure-white-color has-text-color has-link-color has-large-font-size wp-elements-869a499a6095b7adf61496f40f4705e9\" id=\"experience-sumo-logic-for-yourself\">Erleben Sie Sumo Logic selbst<\/h2>\n\n\n\n<p class=\"has-text-color has-link-color wp-elements-ae216b979000bb90137ef92d6a46f70a\" style=\"color:#ffffff\">Durchbrechen Sie die Silos und holen Sie sich noch heute die Cloud-native L\u00f6sung f\u00fcr Beobachtbarkeit und Sicherheit.<\/p>\n\n\n<div class=\"e-btn e-btn--white-border-button\"><a class=\"e-btn__link\"href=\"https:\/\/www.sumologic.com\/request-demo\" target=\"_self\">\n<p class=\"title\">Demo anfordern<\/p>\n<\/a><\/div><\/div>\n\n\n\n<div class=\"wp-block-b3rg-column e-col e-col-15df7f642de35e557df618afb20d16d065041e70 e-col--media-wrapper  col-sm-12 col-lg-6\"><div class=\"e-img \">\n<figure class=\"wp-block-image size-large\"><img decoding=\"async\" src=\"https:\/\/sumo-wp-marketing-site-assets.s3.amazonaws.com\/uploads\/2024\/10\/Frame-1073715737.svg\" alt=\"\" class=\"wp-image-1151\" title=\"\"><\/figure>\n<\/div><\/div>\n<\/div>\n<\/div><\/section>\n","protected":false},"excerpt":{"rendered":"<p>Revolutionieren Sie Ihre Sicherheit Ihre bessere SIEM-L\u00f6sung ist da<\/p>\n","protected":false},"author":4,"featured_media":0,"parent":53124,"menu_order":0,"comment_status":"closed","ping_status":"closed","template":"","meta":{"_acf_changed":false,"show_custom_date":false,"custom_date":"","featured":false,"featured_image":0,"learn_more_label":"","image_alt_text":"","learn_more_type":"","show_popup":false,"learn_more_link_file":0,"event_date":false,"event_start_date":"","event_end_date":"","place_holder_image_url":"","post_reading_time":"< 1","notification_enabled":false,"notification_text":"","notification_logo":"","notification_expiration_time":0,"is_enable_transparent_header":false,"selected_taxonomy_terms":{"translation_priority":[221]},"selected_primary_terms":[],"learn_more_link":[],"featured_page_list":[],"notification_enabled_post_list":[],"_gspb_post_css":".gsbp-b63c2ff{display:flex;justify-content:center;flex-direction:column;align-items:center;padding-right:var(--wp--custom--spacing--side, min(3vw, 20px));padding-left:var(--wp--custom--spacing--side, min(3vw, 20px));padding-top:var(--wp--custom--spacing--top, 0px);padding-bottom:var(--wp--custom--spacing--bottom, 0px);margin-top:0;margin-bottom:0;position:relative}.gsbp-fc27bad{max-width:100%;width:1380px}.gsbp-04a6e3b{display:flex;justify-content:center;flex-direction:column;align-items:center;padding-right:var(--wp--custom--spacing--side, min(3vw, 20px));padding-left:var(--wp--custom--spacing--side, min(3vw, 20px));margin-top:0;margin-bottom:0;position:relative}.gsbp-c22e855{max-width:100%;width:1380px}.gsbp-f6171ff{display:flex;justify-content:center;flex-direction:column;align-items:center;padding-right:var(--wp--custom--spacing--side, min(3vw, 20px));padding-left:var(--wp--custom--spacing--side, min(3vw, 20px));margin-top:0;margin-bottom:0;position:relative}.gsbp-3a8a346{max-width:100%;width:1380px}","_relevanssi_hide_post":"","_relevanssi_hide_content":"","_relevanssi_pin_for_all":"","_relevanssi_pin_keywords":"","_relevanssi_unpin_keywords":"","_relevanssi_related_keywords":"","_relevanssi_related_include_ids":"","_relevanssi_related_exclude_ids":"","_relevanssi_related_no_append":"","_relevanssi_related_not_related":"","_relevanssi_related_posts":"","_relevanssi_noindex_reason":"","inline_featured_image":false,"footnotes":""},"class_list":["post-52411","page","type-page","status-publish","hentry"],"acf":[],"_links":{"self":[{"href":"https:\/\/www.sumologic.com\/de\/wp-json\/wp\/v2\/pages\/52411","targetHints":{"allow":["GET"]}}],"collection":[{"href":"https:\/\/www.sumologic.com\/de\/wp-json\/wp\/v2\/pages"}],"about":[{"href":"https:\/\/www.sumologic.com\/de\/wp-json\/wp\/v2\/types\/page"}],"author":[{"embeddable":true,"href":"https:\/\/www.sumologic.com\/de\/wp-json\/wp\/v2\/users\/4"}],"replies":[{"embeddable":true,"href":"https:\/\/www.sumologic.com\/de\/wp-json\/wp\/v2\/comments?post=52411"}],"version-history":[{"count":11,"href":"https:\/\/www.sumologic.com\/de\/wp-json\/wp\/v2\/pages\/52411\/revisions"}],"predecessor-version":[{"id":67353,"href":"https:\/\/www.sumologic.com\/de\/wp-json\/wp\/v2\/pages\/52411\/revisions\/67353"}],"up":[{"embeddable":true,"href":"https:\/\/www.sumologic.com\/de\/wp-json\/wp\/v2\/pages\/53124"}],"wp:attachment":[{"href":"https:\/\/www.sumologic.com\/de\/wp-json\/wp\/v2\/media?parent=52411"}],"curies":[{"name":"wp","href":"https:\/\/api.w.org\/{rel}","templated":true}]}}