{"id":52418,"date":"2024-10-14T13:53:15","date_gmt":"2024-10-14T21:53:15","guid":{"rendered":"https:\/\/www.sumologic.com\/ueber-uns"},"modified":"2026-02-25T04:29:35","modified_gmt":"2026-02-25T12:29:35","slug":"company","status":"publish","type":"page","link":"https:\/\/www.sumologic.com\/de\/company","title":{"rendered":"\u00dcber uns"},"content":{"rendered":"\n<section class=\"e-stn e-stn-68fe5526776ca9b8b4cc486961a484fd50b0f25d e-stn--main-banner\"><style>@media only screen and (max-width: 9999px) {\n\t\t\t\t\t\t\t\t\t.e-stn.e-stn-68fe5526776ca9b8b4cc486961a484fd50b0f25d { \n\t\t\t\t\t\t\t\t\t\tbackground-color: #101827; \n\t\t\t\t\t\t\t\t\t}\n\t\t\t\t\t\t\t\t}<\/style><div class=\"container\">\n<div class=\"wp-block-b3rg-row e-row row\">\n<div class=\"wp-block-b3rg-column e-col e-col-30cf6e0d31fd8780616c8617a3382c2b2c7f4e3b e-col--content-wrapper  col-sm-12 col-lg-6\">\n<h1 class=\"wp-block-heading has-pure-white-color has-text-color has-link-color wp-elements-8bb9c7da6bf9f0018bcf09613b5e0ce4\" id=\"making-the-digital-world-secure-fast-and-reliable\" style=\"font-style:normal;font-weight:500\">Die digitale Welt sicher, schnell und zuverl\u00e4ssig gestalten<\/h1>\n\n\n\n<p class=\"description has-chinese-silver-color has-text-color has-link-color wp-elements-3b0c2bbc1a9aab88ffc83a43942b76ea\">Das wichtigste Ziel von Sumo Logic ist es, digitale Unternehmen in die Lage zu versetzen, riesige Datenmengen in verwertbare Erkenntnisse umzuwandeln, um modernen Herausforderungen im Bereich Sicherheit und Cloud-Betrieb vorzubeugen und sie zu beheben. Damit verhelfen wir unseren Kunden zum Erfolg.<\/p>\n\n\n\n<div class=\"e-div e-div-b8650eb23605cc1c3c2b0261ca56a62af47c216e e-div--button-wrapper\"><div class=\"e-btn e-btn--blue-button-with-right-arrow\"><a class=\"e-btn__link\"href=\"https:\/\/www.sumologic.com\/company\/careers\" target=\"_self\">\n<p class=\"title\">Werden Sie Teil unseres Teams<\/p>\n<\/a><\/div><\/div>\n<\/div>\n\n\n\n<div class=\"wp-block-b3rg-column e-col e-col-15df7f642de35e557df618afb20d16d065041e70 e-col--media-wrapper  col-sm-12 col-lg-6\">\n<div id=\"wistia-block_83ba779ac47e9d8946288f1eeb33b593\" class=\"wistia-video-block\" data-wistia-video=\"wistia_fol1jit00n\">\n\n    <script src=\"https:\/\/fast.wistia.com\/player.js\" async><\/script>\n    <script src=\"https:\/\/fast.wistia.com\/embed\/fol1jit00n.js\" async type=\"module\"><\/script>\n\n    <style>\n        wistia-player[media-id='fol1jit00n']:not(:defined) {\n            background: center \/ contain no-repeat url('https:\/\/fast.wistia.com\/embed\/medias\/fol1jit00n\/swatch');\n            display: block;\n            filter: blur(5px);\n            padding-top: 56.25%;\n        }\n    <\/style>\n\n    <wistia-player\n        media-id=\"fol1jit00n\"\n        aspect=\"1.7777777777777777\">\n    <\/wistia-player>\n\n<\/div>\n\n<style>\n    div[data-wistia-video=\"wistia_fol1jit00n\"] {\n        position: relative;\n        width: 100%;\n        padding-top: 56.25%;\n        background: center \/ cover no-repeat url('https:\/\/fast.wistia.com\/embed\/medias\/fol1jit00n\/swatch');\n    }\n\n    div[data-wistia-video=\"wistia_fol1jit00n\"] wistia-player {\n        position: absolute;\n        top: 0;\n        left: 0;\n        width: 100%;\n        height: 100%;\n        filter: none;\n    }\n<\/style>\n<\/div>\n<\/div>\n<\/div><\/section>\n\n<div style=\"height:10px\" aria-hidden=\"true\" class=\"wp-block-spacer\"><\/div>\n\n<div class=\"wp-block-b3rg-row e-row row justify-content-center\">\n<div class=\"wp-block-b3rg-column e-col e-col-23c491b9590ceaa0fec0c4d0a346887f5f358584  col-sm-7\">\n<h2 class=\"wp-block-heading has-text-align-center has-eigengrau-color has-text-color has-link-color wp-elements-051387045a7fffb6ab5602d522642f8c\" id=\"the-advantage-of-sumo-logic-cloud-soar\">Sehen Sie, was unsere Kunden von uns halten<\/h2>\n\n\n\n<p class=\"has-text-align-center mb-5 has-delft-blue-color has-text-color has-link-color wp-elements-bc6eeb69b8f12ba532dea9f08f63d676\">Was macht Sumo Logic so besonders? H\u00f6ren Sie von unseren Kunden, wie Sumo Logic f\u00fcr ihre Unternehmen einen Mehrwert schafft.   <\/p>\n\n\n\n<div style=\"height:10px\" aria-hidden=\"true\" class=\"wp-block-spacer\"><\/div>\n<\/div>\n<\/div>\n\n<div class=\"wp-block-b3rg-row e-row row justify-content-center e-row--dlt\">\n<div class=\"wp-block-b3rg-column e-col e-col-4096db6ec61bcb63aa64fcdf3c3cc9a49624d831  col-sm-6\">\n<div id=\"wistia-block_dceffb74eee79ea804383499b43fcc42\" class=\"wistia-video-block\" data-wistia-video=\"wistia_g8cwuoix9w\">\n\n    <script src=\"https:\/\/fast.wistia.com\/player.js\" async><\/script>\n    <script src=\"https:\/\/fast.wistia.com\/embed\/g8cwuoix9w.js\" async type=\"module\"><\/script>\n\n    <style>\n        wistia-player[media-id='g8cwuoix9w']:not(:defined) {\n            background: center \/ contain no-repeat url('https:\/\/fast.wistia.com\/embed\/medias\/g8cwuoix9w\/swatch');\n            display: block;\n            filter: blur(5px);\n            padding-top: 56.25%;\n        }\n    <\/style>\n\n    <wistia-player\n        media-id=\"g8cwuoix9w\"\n        aspect=\"1.7777777777777777\">\n    <\/wistia-player>\n\n<\/div>\n\n<style>\n    div[data-wistia-video=\"wistia_g8cwuoix9w\"] {\n        position: relative;\n        width: 100%;\n        padding-top: 56.25%;\n        background: center \/ cover no-repeat url('https:\/\/fast.wistia.com\/embed\/medias\/g8cwuoix9w\/swatch');\n    }\n\n    div[data-wistia-video=\"wistia_g8cwuoix9w\"] wistia-player {\n        position: absolute;\n        top: 0;\n        left: 0;\n        width: 100%;\n        height: 100%;\n        filter: none;\n    }\n<\/style>\n<\/div>\n<\/div>\n\n<div style=\"height:30px\" aria-hidden=\"true\" class=\"wp-block-spacer\"><\/div>\n\n<div class=\"wp-block-b3rg-row e-row row justify-content-center\">\n<div class=\"wp-block-b3rg-column e-col e-col-23c491b9590ceaa0fec0c4d0a346887f5f358584  col-sm-7\">\n<h2 class=\"wp-block-heading has-text-align-center has-eigengrau-color has-text-color has-link-color wp-elements-ee6760c9d5fb7961fad922acb66e6afb\" id=\"the-advantage-of-sumo-logic-cloud-soar\">Unser Ansatz<\/h2>\n\n\n\n<p class=\"has-text-align-center mb-5 has-delft-blue-color has-text-color has-link-color wp-elements-e8b30880b9a6d00a72c4727cb35418d5\">Die intelligente Betriebsplattform von Sumo Logic wurde entwickelt, um die zunehmende Komplexit\u00e4t moderner Herausforderungen im Bereich Cybersicherheit und Cloudbetrieb zu bew\u00e4ltigen. Sie vereint wichtige Daten und Signale, die modernen Teams helfen, gesch\u00e4ftskritischen Problemen und Bedrohungen einen Schritt voraus zu sein.<\/p>\n\n\n\n<div style=\"height:10px\" aria-hidden=\"true\" class=\"wp-block-spacer\"><\/div>\n<\/div>\n<\/div>\n\n<div class=\"wp-block-b3rg-row e-row row justify-content-center e-row--dlt\">\n<div class=\"wp-block-b3rg-column e-col e-col-fb16d19c19a5d501f2ddbce9412fd9f46af6fdf6  col-sm-4\">\n<div class=\"e-div e-div-431e405250f2ce8249058d3c4dd9ba0fc1b25722\"><div class=\"e-img \">\n<figure class=\"wp-block-image size-large is-resized mb-3\"><img loading=\"lazy\" decoding=\"async\" width=\"124\" height=\"124\" src=\"http:\/\/www.sumologic.com\/wp-content\/uploads\/icon-OurMission.svg\" alt=\"\" class=\"wp-image-9412\" style=\"width:auto;height:50px\" title=\"\"><\/figure>\n<\/div>\n\n\n<h3 class=\"wp-block-heading mb-2 fs-4 has-eigengrau-color has-text-color has-link-color wp-elements-8419fe4b32a037ec9508a0269e40bb69\" id=\"automated-insights\">Unsere Mission<\/h3>\n\n\n\n<p class=\"has-delft-blue-color has-text-color has-link-color wp-elements-331926d9ebc2357dc48389daf4f476f3\">Sumo Logic macht die digitale Welt sicher, schnell und zuverl\u00e4ssig.<\/p>\n<\/div>\n<\/div>\n\n\n\n<div class=\"wp-block-b3rg-column e-col e-col-fb16d19c19a5d501f2ddbce9412fd9f46af6fdf6  col-sm-4\">\n<div class=\"e-div e-div-431e405250f2ce8249058d3c4dd9ba0fc1b25722\"><div class=\"e-img \">\n<figure class=\"wp-block-image size-large is-resized mb-3\"><img loading=\"lazy\" decoding=\"async\" width=\"124\" height=\"124\" src=\"http:\/\/www.sumologic.com\/wp-content\/uploads\/icon-OurPurpose.svg\" alt=\"Unser Ziel\" class=\"wp-image-9413\" style=\"width:auto;height:50px\" title=\"\"><\/figure>\n<\/div>\n\n\n<h3 class=\"wp-block-heading mb-2 fs-4 has-eigengrau-color has-text-color has-link-color wp-elements-6c0546dbb3be6f655fe389fefd966a5f\" id=\"cloud-native-architecture\">Unser Ziel<\/h3>\n\n\n\n<p class=\"has-delft-blue-color has-text-color has-link-color wp-elements-12547d9285bb14a42983f4e1e8debc83\">Intelligente Sicherheits- und Cloudbetriebsl\u00f6sungen, die digitale Innovationen sch\u00fctzen und vorantreiben.<\/p>\n<\/div>\n<\/div>\n<\/div>\n\n<div style=\"height:50px\" aria-hidden=\"true\" class=\"wp-block-spacer\"><\/div>\n\n<div class=\"wp-block-b3rg-row e-row row justify-content-center\">\n<div class=\"wp-block-b3rg-column e-col e-col-23c491b9590ceaa0fec0c4d0a346887f5f358584  col-sm-7\">\n<h2 class=\"wp-block-heading has-text-align-center has-eigengrau-color has-text-color has-link-color wp-elements-2d9e071b4c3007dbebce5d4c79800aaf\" id=\"the-advantage-of-sumo-logic-cloud-soar\">Auszeichnungen und Anerkennungen<\/h2>\n<\/div>\n<\/div>\n\n<section id=\"sumo-about-badges\" class=\"e-stn e-stn-3653063be4bd5781e553898ebeffdfe002c4113e\"><div class=\"container\">\n<div class=\"wp-block-group flex--wrap gap-0 is-content-justification-center is-layout-flex wp-container-core-group-is-layout-b02886af wp-block-group-is-layout-flex\">\n<div class=\"wp-block-b3rg-column e-col e-col-de103a836afcfe608ff7e78ff9c4fd3eb92fadf7  col-xs-3 col-sm-3 col-md-2 col-lg-2\"><div class=\"e-img \">\n<figure class=\"wp-block-image size-full text-center img-fluid\"><img loading=\"lazy\" decoding=\"async\" width=\"503\" height=\"800\" src=\"https:\/\/www.sumologic.com\/wp-content\/uploads\/2025_CRN_ChannelChiefs_badge.png\" alt=\"\" class=\"wp-image-23811\" style=\"object-fit:cover\" title=\"\" srcset=\"https:\/\/www.sumologic.com\/wp-content\/uploads\/2025_CRN_ChannelChiefs_badge.png 503w, https:\/\/www.sumologic.com\/wp-content\/uploads\/2025_CRN_ChannelChiefs_badge-189x300.png 189w\" sizes=\"auto, (max-width: 503px) 100vw, 503px\" \/><\/figure>\n<\/div><\/div>\n\n\n\n<div class=\"wp-block-b3rg-column e-col e-col-de103a836afcfe608ff7e78ff9c4fd3eb92fadf7  col-xs-3 col-sm-3 col-md-2 col-lg-2\"><div class=\"e-img \">\n<figure class=\"wp-block-image size-full text-center img-fluid\"><img loading=\"lazy\" decoding=\"async\" width=\"458\" height=\"800\" src=\"https:\/\/www.sumologic.com\/wp-content\/uploads\/2025_CRN-Security-100-badge.png\" alt=\"\" class=\"wp-image-23812\" style=\"object-fit:cover\" title=\"\" srcset=\"https:\/\/www.sumologic.com\/wp-content\/uploads\/2025_CRN-Security-100-badge.png 458w, https:\/\/www.sumologic.com\/wp-content\/uploads\/2025_CRN-Security-100-badge-172x300.png 172w\" sizes=\"auto, (max-width: 458px) 100vw, 458px\" \/><\/figure>\n<\/div><\/div>\n\n\n\n<div class=\"wp-block-b3rg-column e-col e-col-de103a836afcfe608ff7e78ff9c4fd3eb92fadf7  col-xs-3 col-sm-3 col-md-2 col-lg-2\"><div class=\"e-img \">\n<figure class=\"wp-block-image size-full text-center img-fluid\"><img loading=\"lazy\" decoding=\"async\" width=\"257\" height=\"196\" src=\"https:\/\/www.sumologic.com\/wp-content\/uploads\/2025-computing-security-excellence-awards.png\" alt=\"\" class=\"wp-image-23814\" style=\"object-fit:cover\" title=\"\"><\/figure>\n<\/div><\/div>\n\n\n\n<div class=\"wp-block-b3rg-column e-col e-col-de103a836afcfe608ff7e78ff9c4fd3eb92fadf7  col-xs-3 col-sm-3 col-md-2 col-lg-2\"><div class=\"e-img \">\n<figure class=\"wp-block-image size-full text-center img-fluid\"><img loading=\"lazy\" decoding=\"async\" width=\"874\" height=\"800\" src=\"https:\/\/www.sumologic.com\/wp-content\/uploads\/data-breakthrough-awards-logo.png\" alt=\"\" class=\"wp-image-23815\" style=\"object-fit:cover\" title=\"\" srcset=\"https:\/\/www.sumologic.com\/wp-content\/uploads\/data-breakthrough-awards-logo.png 874w, https:\/\/www.sumologic.com\/wp-content\/uploads\/data-breakthrough-awards-logo-300x275.png 300w, https:\/\/www.sumologic.com\/wp-content\/uploads\/data-breakthrough-awards-logo-768x703.png 768w, https:\/\/www.sumologic.com\/wp-content\/uploads\/data-breakthrough-awards-logo-575x526.png 575w\" sizes=\"auto, (max-width: 874px) 100vw, 874px\" \/><\/figure>\n<\/div><\/div>\n\n\n\n<div class=\"wp-block-b3rg-column e-col e-col-de103a836afcfe608ff7e78ff9c4fd3eb92fadf7  col-xs-3 col-sm-3 col-md-2 col-lg-2\"><div class=\"e-img \">\n<figure class=\"wp-block-image size-full text-center img-fluid\"><img loading=\"lazy\" decoding=\"async\" width=\"1013\" height=\"800\" src=\"https:\/\/www.sumologic.com\/wp-content\/uploads\/Global-InfoSec-Awards-Winner-for-2025-large.png\" alt=\"\" class=\"wp-image-23816\" style=\"object-fit:cover\" title=\"\" srcset=\"https:\/\/www.sumologic.com\/wp-content\/uploads\/Global-InfoSec-Awards-Winner-for-2025-large.png 1013w, https:\/\/www.sumologic.com\/wp-content\/uploads\/Global-InfoSec-Awards-Winner-for-2025-large-300x237.png 300w, https:\/\/www.sumologic.com\/wp-content\/uploads\/Global-InfoSec-Awards-Winner-for-2025-large-768x607.png 768w, https:\/\/www.sumologic.com\/wp-content\/uploads\/Global-InfoSec-Awards-Winner-for-2025-large-575x454.png 575w\" sizes=\"auto, (max-width: 1013px) 100vw, 1013px\" \/><\/figure>\n<\/div><\/div>\n\n\n\n<div class=\"wp-block-b3rg-column e-col e-col-de103a836afcfe608ff7e78ff9c4fd3eb92fadf7  col-xs-3 col-sm-3 col-md-2 col-lg-2\"><div class=\"e-img \">\n<figure class=\"wp-block-image size-full text-center img-fluid\"><img loading=\"lazy\" decoding=\"async\" width=\"639\" height=\"800\" src=\"https:\/\/www.sumologic.com\/wp-content\/uploads\/theCyber-top-companies-badge-1.png\" alt=\"\" class=\"wp-image-23817\" style=\"object-fit:cover\" title=\"\" srcset=\"https:\/\/www.sumologic.com\/wp-content\/uploads\/theCyber-top-companies-badge-1.png 639w, https:\/\/www.sumologic.com\/wp-content\/uploads\/theCyber-top-companies-badge-1-240x300.png 240w, https:\/\/www.sumologic.com\/wp-content\/uploads\/theCyber-top-companies-badge-1-575x720.png 575w\" sizes=\"auto, (max-width: 639px) 100vw, 639px\" \/><\/figure>\n<\/div><\/div>\n<\/div>\n<\/div><\/section>\n\n<style>\n#sumo-about-badges img {height:120px; width:auto; margin:0 5px 10px;}\n@media (max-width: 992px) { #sumo-about-badges img {height:90px;} }\n@media (max-width: 550px) { #sumo-about-badges img {height:80px;} }\n<\/style>\n\n<div style=\"height:20px\" aria-hidden=\"true\" class=\"wp-block-spacer\"><\/div>\n\n<div class=\"wp-block-group gap-0 pe-0 pe-md-4 pe-lg-5 ps-0 ps-md-4 ps-lg-5 is-content-justification-center is-nowrap is-layout-flex wp-container-core-group-is-layout-81fe706a wp-block-group-is-layout-flex\" style=\"padding-right:var(--wp--preset--spacing--70);padding-left:var(--wp--preset--spacing--70)\"><div class=\"e-img \">\n<figure class=\"wp-block-image size-large\"><img loading=\"lazy\" decoding=\"async\" width=\"1024\" height=\"683\" src=\"https:\/\/www.sumologic.com\/wp-content\/uploads\/\/About-Us-Page_Option-3-v4-1-1024x683.jpg\" alt=\"Sumo Logic\" class=\"wp-image-51354\" style=\"object-fit:cover\" title=\"\" srcset=\"https:\/\/www.sumologic.com\/wp-content\/uploads\/About-Us-Page_Option-3-v4-1-1024x683.jpg 1024w, https:\/\/www.sumologic.com\/wp-content\/uploads\/About-Us-Page_Option-3-v4-1-300x200.jpg 300w, https:\/\/www.sumologic.com\/wp-content\/uploads\/About-Us-Page_Option-3-v4-1-768x512.jpg 768w, https:\/\/www.sumologic.com\/wp-content\/uploads\/About-Us-Page_Option-3-v4-1-1536x1024.jpg 1536w, https:\/\/www.sumologic.com\/wp-content\/uploads\/About-Us-Page_Option-3-v4-1-2048x1365.jpg 2048w, https:\/\/www.sumologic.com\/wp-content\/uploads\/About-Us-Page_Option-3-v4-1-575x383.jpg 575w\" sizes=\"auto, (max-width: 1024px) 100vw, 1024px\" \/><\/figure>\n<\/div><\/div>\n\n<div class=\"wp-block-group gap-0 mt-0 mb-0 pe-0 pe-md-4 pe-lg-5 ps-0 ps-md-4 ps-lg-5 d-none is-content-justification-center is-nowrap is-layout-flex wp-container-core-group-is-layout-81fe706a wp-block-group-is-layout-flex\" style=\"padding-right:var(--wp--preset--spacing--70);padding-left:var(--wp--preset--spacing--70)\"><div class=\"e-img \">\n<figure class=\"wp-block-image size-large\"><img loading=\"lazy\" decoding=\"async\" width=\"1024\" height=\"317\" src=\"https:\/\/www.sumologic.com\/wp-content\/uploads\/\/About-Us-Page_Option-1-v2-1024x317.jpg\" alt=\"\" class=\"wp-image-51326\" title=\"\" srcset=\"https:\/\/www.sumologic.com\/wp-content\/uploads\/About-Us-Page_Option-1-v2-1024x317.jpg 1024w, https:\/\/www.sumologic.com\/wp-content\/uploads\/About-Us-Page_Option-1-v2-300x93.jpg 300w, https:\/\/www.sumologic.com\/wp-content\/uploads\/About-Us-Page_Option-1-v2-768x237.jpg 768w, https:\/\/www.sumologic.com\/wp-content\/uploads\/About-Us-Page_Option-1-v2-1536x475.jpg 1536w, https:\/\/www.sumologic.com\/wp-content\/uploads\/About-Us-Page_Option-1-v2-2048x633.jpg 2048w, https:\/\/www.sumologic.com\/wp-content\/uploads\/About-Us-Page_Option-1-v2-575x178.jpg 575w\" sizes=\"auto, (max-width: 1024px) 100vw, 1024px\" \/><\/figure>\n<\/div><\/div>\n\n<section class=\"e-stn e-stn-ceba3706ee898be52a7a7a7b87aa3e5ff65e62e4 e-stn--events-main-banner e-pt-0\"><style>@media only screen and (max-width: 9999px) {\n\t\t\t\t\t\t\t\t\t.e-stn.e-stn-ceba3706ee898be52a7a7a7b87aa3e5ff65e62e4 { \n\t\t\t\t\t\t\t\t\t\tbackground-color: #101827; \n\t\t\t\t\t\t\t\t\t}\n\t\t\t\t\t\t\t\t}<\/style><div class=\"container\">\n<div class=\"wp-block-b3rg-row e-row row\">\n<div class=\"wp-block-b3rg-column e-col e-col-30cf6e0d31fd8780616c8617a3382c2b2c7f4e3b e-col--content-wrapper  col-sm-12 col-lg-6\">\n<h2 class=\"wp-block-heading has-pure-white-color has-text-color has-link-color has-large-font-size wp-elements-5efa82e520a00c8aa56edf69333f0b32\" id=\"join-the-sumo-logic-team\">Werden Sie Teil des Sumo Logic-Teams<\/h2>\n\n\n\n<p class=\"has-text-color has-link-color wp-elements-fb1178aa9d6068f88fe9f8f54346c399\" style=\"color:#ffffff\">Werden Sie Teil des Teams und tragen Sie dazu bei, die digitalen Erlebnisse weltweit zuverl\u00e4ssig und sicher zu gestalten.<\/p>\n\n\n<div class=\"e-btn e-btn--white-border-button\"><a class=\"e-btn__link\"href=\"https:\/\/www.sumologic.com\/company\/careers\" target=\"_self\">\n<p class=\"title\">Stellenangebote anzeigen<\/p>\n<\/a><\/div><\/div>\n\n\n\n<div class=\"wp-block-b3rg-column e-col e-col-15df7f642de35e557df618afb20d16d065041e70 e-col--media-wrapper  col-sm-12 col-lg-6\"><div class=\"e-img \">\n<figure class=\"wp-block-image size-large\"><img decoding=\"async\" src=\"https:\/\/sumo-wp-marketing-site-assets.s3.amazonaws.com\/uploads\/2024\/10\/Frame-1073715737.svg\" alt=\"\" class=\"wp-image-1151\" title=\"\"><\/figure>\n<\/div><\/div>\n<\/div>\n<\/div><\/section>\n","protected":false},"excerpt":{"rendered":"","protected":false},"author":1,"featured_media":45134,"parent":0,"menu_order":0,"comment_status":"closed","ping_status":"closed","template":"","meta":{"_acf_changed":false,"show_custom_date":false,"custom_date":"","featured":false,"featured_image":0,"learn_more_label":"","image_alt_text":"","learn_more_type":"","show_popup":false,"learn_more_link_file":0,"event_date":false,"event_start_date":"","event_end_date":"","place_holder_image_url":"","post_reading_time":"< 1","notification_enabled":false,"notification_text":"","notification_logo":"","notification_expiration_time":0,"is_enable_transparent_header":false,"selected_taxonomy_terms":{"translation_priority":[221]},"selected_primary_terms":[],"learn_more_link":[],"featured_page_list":[],"notification_enabled_post_list":[],"_gspb_post_css":"","_relevanssi_hide_post":"","_relevanssi_hide_content":"","_relevanssi_pin_for_all":"","_relevanssi_pin_keywords":"","_relevanssi_unpin_keywords":"","_relevanssi_related_keywords":"","_relevanssi_related_include_ids":"","_relevanssi_related_exclude_ids":"","_relevanssi_related_no_append":"","_relevanssi_related_not_related":"","_relevanssi_related_posts":"","_relevanssi_noindex_reason":"","inline_featured_image":false,"footnotes":""},"class_list":["post-52418","page","type-page","status-publish","has-post-thumbnail","hentry"],"acf":[],"_links":{"self":[{"href":"https:\/\/www.sumologic.com\/de\/wp-json\/wp\/v2\/pages\/52418","targetHints":{"allow":["GET"]}}],"collection":[{"href":"https:\/\/www.sumologic.com\/de\/wp-json\/wp\/v2\/pages"}],"about":[{"href":"https:\/\/www.sumologic.com\/de\/wp-json\/wp\/v2\/types\/page"}],"author":[{"embeddable":true,"href":"https:\/\/www.sumologic.com\/de\/wp-json\/wp\/v2\/users\/1"}],"replies":[{"embeddable":true,"href":"https:\/\/www.sumologic.com\/de\/wp-json\/wp\/v2\/comments?post=52418"}],"version-history":[{"count":13,"href":"https:\/\/www.sumologic.com\/de\/wp-json\/wp\/v2\/pages\/52418\/revisions"}],"predecessor-version":[{"id":70288,"href":"https:\/\/www.sumologic.com\/de\/wp-json\/wp\/v2\/pages\/52418\/revisions\/70288"}],"wp:featuredmedia":[{"embeddable":true,"href":"https:\/\/www.sumologic.com\/de\/wp-json\/wp\/v2\/media\/45134"}],"wp:attachment":[{"href":"https:\/\/www.sumologic.com\/de\/wp-json\/wp\/v2\/media?parent=52418"}],"curies":[{"name":"wp","href":"https:\/\/api.w.org\/{rel}","templated":true}]}}