{"id":52428,"date":"2025-02-11T21:43:51","date_gmt":"2025-02-12T05:43:51","guid":{"rendered":"https:\/\/www.sumologic.com\/platform\/plattformsicherheit"},"modified":"2026-01-23T07:04:24","modified_gmt":"2026-01-23T15:04:24","slug":"security","status":"publish","type":"page","link":"https:\/\/www.sumologic.com\/de\/platform\/security","title":{"rendered":"Plattformsicherheit"},"content":{"rendered":"\n<section class=\"e-stn e-stn-e29c1412f8521d8d563da1604836dba45a7358a5 e-stn--main-banner\"><style>@media only screen and (max-width: 9999px) {\n\t\t\t\t\t\t\t\t\t.e-stn.e-stn-e29c1412f8521d8d563da1604836dba45a7358a5 { \n\t\t\t\t\t\t\t\t\t\tbackground-color: #101827; \n\t\t\t\t\t\t\t\t\t}\n\t\t\t\t\t\t\t\t}<\/style><div class=\"container\">\n<div class=\"wp-block-b3rg-row e-row row\">\n<div class=\"wp-block-b3rg-column e-col e-col-30cf6e0d31fd8780616c8617a3382c2b2c7f4e3b e-col--content-wrapper  col-sm-12 col-lg-6\">\n<h1 class=\"wp-block-heading has-pure-white-color has-text-color has-link-color wp-elements-88d028bdd4707da53e87834a6561627b\" id=\"platform-security-you-can-count-on\">Plattformsicherheit, auf die Sie z\u00e4hlen k\u00f6nnen<\/h1>\n\n\n\n<p class=\"description has-chinese-silver-color has-text-color has-link-color wp-elements-0687f5505cac63bfc87bf4138342f077\">Vertrauen Sie auf erstklassige Plattformsicherheit.<\/p>\n\n\n\n<div class=\"e-div e-div-b8650eb23605cc1c3c2b0261ca56a62af47c216e e-div--button-wrapper\"><div class=\"e-btn e-btn--blue-button-with-right-arrow\"><a class=\"e-btn__link\"href=\"https:\/\/www.sumologic.com\/sign-up\" target=\"_blank\">\n<p class=\"title\">Kostenlose Testversion starten<\/p>\n<\/a><\/div>\n\n<div class=\"e-btn e-btn--white-border-button\"><a class=\"e-btn__link\"href=\"https:\/\/www.sumologic.com\/request-demo\" target=\"_self\">\n<p class=\"title\">Demo buchen<\/p>\n<\/a><\/div><\/div>\n<\/div>\n\n\n\n<div class=\"wp-block-b3rg-column e-col e-col-15df7f642de35e557df618afb20d16d065041e70 e-col--media-wrapper  col-sm-12 col-lg-6\">\n<div class=\"e-div e-div-c798c7a4466427637118b74d5226a20455577ae2 e-div--media-wrapper\"><div class=\"e-img \">\n<figure class=\"wp-block-image size-full\"><img loading=\"lazy\" decoding=\"async\" width=\"1440\" height=\"1000\" src=\"https:\/\/www.sumologic.com\/wp-content\/uploads\/hero-platform-security.jpg\" alt=\"\" class=\"wp-image-10292\" title=\"\" srcset=\"https:\/\/www.sumologic.com\/wp-content\/uploads\/hero-platform-security.jpg 1440w, https:\/\/www.sumologic.com\/wp-content\/uploads\/hero-platform-security-300x208.jpg 300w, https:\/\/www.sumologic.com\/wp-content\/uploads\/hero-platform-security-1024x711.jpg 1024w, https:\/\/www.sumologic.com\/wp-content\/uploads\/hero-platform-security-768x533.jpg 768w, https:\/\/www.sumologic.com\/wp-content\/uploads\/hero-platform-security-575x399.jpg 575w\" sizes=\"auto, (max-width: 1440px) 100vw, 1440px\" \/><\/figure>\n<\/div>\n\n<div class=\"e-img e-img--section-bg\">\n<figure class=\"wp-block-image size-large\"><img decoding=\"async\" src=\"https:\/\/sumo-wp-marketing-site-assets.s3.amazonaws.com\/uploads\/2024\/10\/main-banner-bg-blur.svg\" alt=\"\" class=\"wp-image-1076\" title=\"\"><\/figure>\n<\/div><\/div>\n<\/div>\n<\/div>\n<\/div><\/section>\n\n<section id=\"section-7\" class=\"e-stn e-stn-8e66010cd2b3d9904b0c46bc615798962741dab0 e-stn--dynamic-grid-section e-mt-0 e-mb-0\"><style>@media only screen and (max-width: 9999px) {\n\t\t\t\t\t\t\t\t\t.e-stn.e-stn-8e66010cd2b3d9904b0c46bc615798962741dab0 { \n\t\t\t\t\t\t\t\t\t\tbackground-color: #f1f1f1; \n\t\t\t\t\t\t\t\t\t}\n\t\t\t\t\t\t\t\t}<\/style><div class=\"container\">\n<div class=\"wp-block-b3rg-row e-row row justify-content-center\">\n<div class=\"wp-block-b3rg-column e-col e-col-23c491b9590ceaa0fec0c4d0a346887f5f358584  col-sm-7\">\n<h2 class=\"wp-block-heading has-text-align-center has-pure-black-color has-text-color has-link-color wp-elements-51e22085c00abdfac32cd676ab304d10\" id=\"security-is-in-our-dna\">Sicherheit liegt in unseren Genen<\/h2>\n\n\n\n<p class=\"has-text-align-center has-pure-black-color has-text-color has-link-color wp-elements-30449ce2a71777d240fdd1efdd092f94\">Sumo Logic basiert auf erstklassigen Technologien und einem strengen Prozess, bei dem die Sicherheit Ihrer Daten an erster Stelle steht.<\/p>\n\n\n\n<div style=\"height:20px\" aria-hidden=\"true\" class=\"wp-block-spacer\"><\/div>\n<\/div>\n<\/div>\n\n\n\n<div class=\"wp-block-b3rg-row e-row row e-row--dlt\">\n<div class=\"wp-block-b3rg-column e-col e-col-fb16d19c19a5d501f2ddbce9412fd9f46af6fdf6  col-sm-4\">\n<div class=\"e-div e-div-431e405250f2ce8249058d3c4dd9ba0fc1b25722\"><div class=\"e-img \">\n<figure class=\"wp-block-image size-full is-resized\"><img decoding=\"async\" src=\"http:\/\/www.sumologic.com\/wp-content\/uploads\/icon-world-class-security.svg\" alt=\"\" class=\"wp-image-3648\" style=\"aspect-ratio:1;width:63px\" title=\"\"><\/figure>\n<\/div>\n\n\n<h3 class=\"wp-block-heading has-pure-black-color has-text-color has-link-color has-medium-font-size wp-elements-9651f8c94e891104dbae1e4492d513c8\" id=\"automated-insights\">Weltklasse-Sicherheitsunternehmen<\/h3>\n\n\n\n<p class=\"has-pure-black-color has-text-color has-link-color wp-elements-8cae44261aa077a1bf78757474c7e865\">Gegr\u00fcndet von IT-Sicherheitsveteranen mit \u00fcber 100 Jahren Erfahrung. CSO und ein engagiertes SOC-Team, das sich auf die Gew\u00e4hrleistung der Plattform- und Datensicherheit konzentriert.<\/p>\n<\/div>\n<\/div>\n\n\n\n<div class=\"wp-block-b3rg-column e-col e-col-fb16d19c19a5d501f2ddbce9412fd9f46af6fdf6  col-sm-4\">\n<div class=\"e-div e-div-431e405250f2ce8249058d3c4dd9ba0fc1b25722\"><div class=\"e-img \">\n<figure class=\"wp-block-image size-full is-resized\"><img decoding=\"async\" src=\"http:\/\/www.sumologic.com\/wp-content\/uploads\/icon-best-in-class.svg\" alt=\"\" class=\"wp-image-10297\" style=\"aspect-ratio:1;width:63px\" title=\"\"><\/figure>\n<\/div>\n\n\n<h3 class=\"wp-block-heading has-pure-black-color has-text-color has-link-color has-medium-font-size wp-elements-8832713f4e61ae19c1058722414b0dbb\" id=\"cloud-native-architecture\">Best-in-Class-DevSecOps<\/h3>\n\n\n\n<p class=\"has-pure-black-color has-text-color has-link-color wp-elements-ed35364341c7d185c90ea911241d06c0\">Robuste Plattform durch Integration von Sicherheitsprinzipien in den Entwicklungsprozess \u2013 von Anfang an.<\/p>\n<\/div>\n<\/div>\n\n\n\n<div class=\"wp-block-b3rg-column e-col e-col-fb16d19c19a5d501f2ddbce9412fd9f46af6fdf6  col-sm-4\">\n<div class=\"e-div e-div-431e405250f2ce8249058d3c4dd9ba0fc1b25722\"><div class=\"e-img \">\n<figure class=\"wp-block-image size-full is-resized\"><img decoding=\"async\" src=\"http:\/\/www.sumologic.com\/wp-content\/uploads\/icon-in-depth-security-1.svg\" alt=\"\" class=\"wp-image-3461\" style=\"aspect-ratio:1;width:63px\" title=\"\"><\/figure>\n<\/div>\n\n\n<h3 class=\"wp-block-heading has-pure-black-color has-text-color has-link-color has-medium-font-size wp-elements-0548e21bb31678be1eeb24b15553b2a4\" id=\"single-collaborative-siem-platform\">Security-by-Design-Plattform<\/h3>\n\n\n\n<p class=\"has-pure-black-color has-text-color has-link-color wp-elements-48510bb578946fb2058685cae3204856\">Ein Shared-Responsibility-Modell, bei dem wir Zertifizierungen von Drittanbietern bereitstellen, die unsere InfoSec-Richtlinien und -Praktiken validieren, sowie eine Kundensteuerung, damit Sie Ihre Anwendungsf\u00e4lle direkt verwalten k\u00f6nnen.<\/p>\n<\/div>\n<\/div>\n<\/div>\n<\/div><\/section>\n\n<section class=\"page-section resource-card-section gsbp-585e707 alignfull\" id=\"section-6\">\n<div>\n<div class=\"box-container resource-card-section__container\">\n<div class=\"resource-card-section__heading-wrapper\">\n<h2 class=\"resource-card-section__heading\">Compliance-Zertifizierungen<\/h2>\n\n\n\n<p class=\"has-text-align-center\">Compliance-Bescheinigungen und -Zertifizierungen unterstreichen unsere Verpflichtung zur Datensicherheit. Sumo Logic hat f\u00fcr seine SaaS-Log-Analyse-Plattform und Cloud SIEM die folgenden Zertifizierungen.<\/p>\n<\/div>\n\n\n\n<div class=\"grid--l-3 grid--m-2 grid--s-1 gap--l resource-block-wrapper mt-3 grid--3\">\n<a class=\"resource-block\" href=\"https:\/\/marketplace.fedramp.gov\/#!\/product\/sumo-logic?sort=productName&amp;productNameSearch=sumo\" target=\"_blank\" rel=\"noopener\">\n<div class=\"resource-block__img-wrap\">\n<figure class=\"resource-block__figure\">\n<img decoding=\"async\" class=\"resource-block__img gsbp-432d09b\" src=\"https:\/\/www.sumologic.com\/wp-content\/uploads\/logo_FedRAMP_tm_200x200-v4.png\" alt=\"\" width=\"200\" height=\"200\" loading=\"lazy\" title=\"\">\n<\/figure>\n<\/div>\n\n\n\n<div class=\"resource-block__body-wrap\">\n<div class=\"resource-block__sub-heading\">Sicherheit<\/div>\n\n\n\n<h3 class=\"resource-block__heading\">FedRAMP\u00ae Moderate autorisiert<\/h3>\n\n\n\n<div class=\"btn-right-arrow resource-block__link\">Mehr erfahren<\/div>\n<\/div>\n<\/a>\n\n\n\n<a class=\"resource-block\" href=\"https:\/\/www.aicpa-cima.com\/topic\/audit-assurance\/audit-and-assurance-greater-than-soc-2\" target=\"_blank\" rel=\"noopener\">\n<div class=\"resource-block__img-wrap\">\n<figure class=\"resource-block__figure\">\n<img decoding=\"async\" class=\"resource-block__img gsbp-44bff77\" src=\"https:\/\/www.sumologic.com\/wp-content\/uploads\/logo-SOC2-v4.png\" alt=\"\" width=\"200\" height=\"200\" loading=\"lazy\" title=\"\">\n<\/figure>\n<\/div>\n\n\n\n<div class=\"resource-block__body-wrap\">\n<div class=\"resource-block__sub-heading\">Sicherheit<\/div>\n\n\n\n<h3 class=\"resource-block__heading\">SOC 2, Type 2-Zertifizierung<\/h3>\n\n\n\n<p class=\"compare-items-sect__btm-item-text\">Trust Services Principles<\/p>\n\n\n\n<div class=\"btn-right-arrow resource-block__link\">Mehr erfahren<\/div>\n<\/div>\n<\/a>\n\n\n\n<a class=\"resource-block\" href=\"https:\/\/www.hhs.gov\/hipaa\/for-professionals\/security\/laws-regulations\/index.html\" target=\"_blank\" rel=\"noopener\">\n<div class=\"resource-block__img-wrap\">\n<figure class=\"resource-block__figure\">\n<img decoding=\"async\" class=\"resource-block__img gsbp-2a96479\" src=\"https:\/\/www.sumologic.com\/wp-content\/uploads\/logo-HIPAA-v4.png\" alt=\"\" width=\"200\" height=\"200\" loading=\"lazy\" title=\"\">\n<\/figure>\n<\/div>\n\n\n\n<div class=\"resource-block__body-wrap\">\n<div class=\"resource-block__sub-heading\">Sicherheit<\/div>\n\n\n\n<h3 class=\"resource-block__heading\">Bescheinigung der HIPAA-Compliance<\/h3>\n\n\n\n<p class=\"compare-items-sect__btm-item-text\">Health Insurance Portability and Accountability Act<\/p>\n\n\n\n<div class=\"btn-right-arrow resource-block__link\">Mehr erfahren<\/div>\n<\/div>\n<\/a>\n\n\n\n<a class=\"resource-block\" href=\"https:\/\/www.pcisecuritystandards.org\/about_us\/\" target=\"_blank\" rel=\"noopener\">\n<div class=\"resource-block__img-wrap\">\n<figure class=\"resource-block__figure\">\n<img decoding=\"async\" class=\"resource-block__img gsbp-6f49efd\" src=\"https:\/\/www.sumologic.com\/wp-content\/uploads\/logo-pci-v3.png\" alt=\"\" width=\"200\" height=\"200\" loading=\"lazy\" title=\"\">\n<\/figure>\n<\/div>\n\n\n\n<div class=\"resource-block__body-wrap\">\n<div class=\"resource-block__sub-heading\">Sicherheit<\/div>\n\n\n\n<h3 class=\"resource-block__heading\">PCI DSS 3.2 Service Provider Level 1-Zertifizierung<\/h3>\n\n\n\n<div class=\"btn-right-arrow resource-block__link\">Mehr erfahren<\/div>\n<\/div>\n<\/a>\n\n\n\n<a class=\"resource-block\" href=\"https:\/\/www.iso.org\/standard\/27001\" target=\"_blank\" rel=\"noopener\">\n<div class=\"resource-block__img-wrap\">\n<figure class=\"resource-block__figure\">\n<img decoding=\"async\" class=\"resource-block__img gsbp-f391f39\" src=\"https:\/\/www.sumologic.com\/wp-content\/uploads\/logo-CoalfireISO-Cert_Logo-Reg_Color-v3.png\" alt=\"\" width=\"200\" height=\"200\" loading=\"lazy\" title=\"\">\n<\/figure>\n<\/div>\n\n\n\n<div class=\"resource-block__body-wrap\">\n<div class=\"resource-block__sub-heading\">Sicherheit<\/div>\n\n\n\n<h3 class=\"resource-block__heading\">ISO 27001<\/h3>\n\n\n\n<p class=\"compare-items-sect__btm-item-text\">Informationssicherheits-Managementsysteme<\/p>\n\n\n\n<div class=\"btn-right-arrow resource-block__link\">Mehr erfahren<\/div>\n<\/div>\n<\/a>\n<\/div>\n<\/div>\n<\/div>\n<\/section>\n\n<style>\n.resource-block__img {\n    width: 80%;\n    height: 80%;\n    object-fit: contain;\n display: inline-block; \/* Ensures the image obeys text-align *\/\n}\n.resource-block__figure {\ntext-align: center !important;\n}\n\n.resource-block__img-wrap {\n  display: grid;\n  place-items: center; \/* Centers both horizontally and vertically *\/\n  height: 250px;       \/* Required to see vertical centering *\/\n}\n<\/style>\n\n<section class=\"page-section resource-card-section gsbp-e74392e alignfull\" id=\"section-6\">\n<div>\n<div class=\"box-container resource-card-section__container\">\n<div class=\"resource-card-section__heading-wrapper\">\n<h2 class=\"resource-card-section__heading\">M\u00f6chten Sie mehr \u00fcber die Sicherheit unserer Plattform erfahren?<\/h2>\n<\/div>\n\n\n\n<div class=\"grid--l-3 grid--m-2 grid--s-1 gap--l resource-block-wrapper mt-3 grid--3\">\n<a class=\"resource-block\" href=\"https:\/\/www.sumologic.com\/guides\/siem\">\n<div class=\"resource-block__img-wrap\">\n<figure class=\"resource-block__figure\">\n<img decoding=\"async\" class=\"resource-block__img gsbp-12429b0\" src=\"https:\/\/www.sumologic.com\/wp-content\/uploads\/dashboard-New-cloud-SIEM-solution-v2.png\" alt=\"\" width=\"250\" height=\"250\" loading=\"lazy\" title=\"\">\n<\/figure>\n<\/div>\n\n\n\n<div class=\"resource-block__body-wrap\">\n<div class=\"resource-block__sub-heading\">Sicherheit<\/div>\n\n\n\n<h3 class=\"resource-block__heading\">Cloud-SIEM-L\u00f6sung f\u00fcr moderne Bedrohungen<\/h3>\n\n\n\n<p class=\"compare-items-sect__btm-item-text\">Der SIEM-Leitfaden von Sumo Logic erkl\u00e4rt klassische SIEM-L\u00f6sungen, moderne Sicherheitsanforderungen und wie sich Unternehmen an die sich st\u00e4ndig weiterentwickelnden Bedrohungen anpassen k\u00f6nnen.<\/p>\n\n\n\n<div class=\"btn-right-arrow resource-block__link\">Mehr erfahren<\/div>\n<\/div>\n<\/a>\n\n\n\n<a class=\"resource-block\" href=\"https:\/\/www.sumologic.com\/de\/platform\/security\">\n<div class=\"resource-block__img-wrap\">\n<figure class=\"resource-block__figure\">\n<img decoding=\"async\" class=\"resource-block__img gsbp-cf5c9f4\" src=\"https:\/\/www.sumologic.com\/wp-content\/uploads\/dashboard-Secure-by-design-1-v2.png\" alt=\"\" width=\"250\" height=\"250\" loading=\"lazy\" title=\"\">\n<\/figure>\n<\/div>\n\n\n\n<div class=\"resource-block__body-wrap\">\n<div class=\"resource-block__sub-heading\">Sicherheit<\/div>\n\n\n\n<h3 class=\"resource-block__heading\">Sicherheit durch Design<\/h3>\n\n\n\n<p class=\"compare-items-sect__btm-item-text\">Lesen Sie mehr \u00fcber die Technologien und Prozesse, die Sumo Logic zum Schutz von Kundendaten einsetzt, und erfahren Sie mehr \u00fcber die tief verwurzelte Sicherheitskultur des Unternehmens.<\/p>\n<\/div>\n<\/a>\n<\/div>\n<\/div>\n<\/div>\n<\/section>\n\n<section class=\"e-stn e-stn-ceba3706ee898be52a7a7a7b87aa3e5ff65e62e4 e-stn--events-main-banner e-pt-0\"><style>@media only screen and (max-width: 9999px) {\n\t\t\t\t\t\t\t\t\t.e-stn.e-stn-ceba3706ee898be52a7a7a7b87aa3e5ff65e62e4 { \n\t\t\t\t\t\t\t\t\t\tbackground-color: #101827; \n\t\t\t\t\t\t\t\t\t}\n\t\t\t\t\t\t\t\t}<\/style><div class=\"container\">\n<div class=\"wp-block-b3rg-row e-row row\">\n<div class=\"wp-block-b3rg-column e-col e-col-30cf6e0d31fd8780616c8617a3382c2b2c7f4e3b e-col--content-wrapper  col-sm-12 col-lg-6\">\n<h2 class=\"wp-block-heading has-pure-white-color has-text-color has-link-color wp-elements-636cbec997061bcaba139ad15753a5b6\" id=\"have-security-concerns-that-need-to-be-addressed\">Haben Sie Sicherheitsbedenken, die behoben werden m\u00fcssen?<\/h2>\n\n\n\n<p class=\"has-text-color has-link-color wp-elements-cfb9737960b66e0e7cfcb02f83891198\" style=\"color:#ffffff\">Wenn Sie bis hierher gescrollt haben, sollten wir Kontakt aufnehmen.<\/p>\n\n\n<div class=\"e-btn e-btn--white-border-button\"><a class=\"e-btn__link\" href=\"https:\/\/www.sumologic.com\/contact\" target=\"_self\">\n<p class=\"title\">Kontakt<\/p>\n<\/a><\/div><\/div>\n\n\n\n<div class=\"wp-block-b3rg-column e-col e-col-15df7f642de35e557df618afb20d16d065041e70 e-col--media-wrapper  col-sm-12 col-lg-6\"><div class=\"e-img \">\n<figure class=\"wp-block-image size-large\"><img decoding=\"async\" src=\"https:\/\/sumo-wp-marketing-site-assets.s3.amazonaws.com\/uploads\/2024\/10\/Frame-1073715737.svg\" alt=\"\" class=\"wp-image-1151\" title=\"\"><\/figure>\n<\/div><\/div>\n<\/div>\n<\/div><\/section>\n","protected":false},"excerpt":{"rendered":"","protected":false},"author":4,"featured_media":0,"parent":51538,"menu_order":0,"comment_status":"closed","ping_status":"closed","template":"","meta":{"_acf_changed":false,"show_custom_date":false,"custom_date":"","featured":false,"featured_image":0,"learn_more_label":"","image_alt_text":"","learn_more_type":"","show_popup":false,"learn_more_link_file":0,"event_date":false,"event_start_date":"","event_end_date":"","place_holder_image_url":"","post_reading_time":"2","notification_enabled":false,"notification_text":"","notification_logo":"","notification_expiration_time":0,"is_enable_transparent_header":false,"selected_taxonomy_terms":{"translation_priority":[221]},"selected_primary_terms":[],"learn_more_link":[],"featured_page_list":[],"notification_enabled_post_list":[],"_gspb_post_css":".gsbp-9713641{display:flex;justify-content:center;flex-direction:column;align-items:center;padding-right:var(--wp--custom--spacing--side, min(3vw, 20px));padding-left:var(--wp--custom--spacing--side, min(3vw, 20px));margin-top:0;margin-bottom:0;position:relative;padding-top:var(--cf-space-xl);padding-bottom:var(--cf-space-xl)}.gsbp-1581a8b{max-width:100%;width:1380px}.related-items__item .relate-items__item-img{height:auto;object-fit:fill}.gsbp-165a1c2{display:flex;justify-content:center;flex-direction:column;align-items:center;padding-right:var(--wp--custom--spacing--side, min(3vw, 20px));padding-left:var(--wp--custom--spacing--side, min(3vw, 20px));margin-top:0;margin-bottom:0;position:relative;padding-top:var(--cf-space-xl);padding-bottom:var(--cf-space-xl)}.gsbp-cb53288{max-width:100%;width:1380px}.related-items__left-col{display:flex;flex-direction:column;column-gap:var(--cf-space-m);row-gap:var(--cf-space-3xs)}body .related-items__heading:is(h1,h2,h3,h4,h5,h6){font-size:var(--cf-text-2xl)}.related-items__right-col{display:flex;column-gap:var(--space-l);row-gap:var(--space-l)}.related-items__item{border-width:1px;border-style:solid;border-color:var(--cf-primary-30);padding-top:var(--space-xs);padding-bottom:var(--space-xs);padding-left:var(--space-xs);padding-right:var(--space-xs);display:flex;flex-direction:column;row-gap:var(--cf-space-xs);text-decoration:none}.related-items__item .relate-items__item-img{max-width:100%}body .relate-items__item-title:is(h1,h2,h3,h4,h5,h6){text-decoration:none;color:var(--cf-primary)}.related-items__item .relate-items__item-img{text-decoration:none;margin-bottom:var(--cf-space-4xs)}.related-items__item .relate-items__item-title{text-decoration:none;font-size:var(--cf-text-l)}.related-items__item .related-items__item-btn{color:var(--cf-primary);padding-top:var(--cf-space-xs);padding-bottom:var(--cf-space-xs);padding-left:var(--cf-space-xs);padding-right:var(--cf-space-xs);border-width:1px;border-style:solid;max-width:150px;display:flex;justify-content:center}.related-items__item .related-items__item-text{color:var(--cf-primary)}","_relevanssi_hide_post":"","_relevanssi_hide_content":"","_relevanssi_pin_for_all":"","_relevanssi_pin_keywords":"","_relevanssi_unpin_keywords":"","_relevanssi_related_keywords":"","_relevanssi_related_include_ids":"","_relevanssi_related_exclude_ids":"","_relevanssi_related_no_append":"","_relevanssi_related_not_related":"","_relevanssi_related_posts":"","_relevanssi_noindex_reason":"","inline_featured_image":false,"footnotes":""},"class_list":["post-52428","page","type-page","status-publish","hentry"],"acf":[],"_links":{"self":[{"href":"https:\/\/www.sumologic.com\/de\/wp-json\/wp\/v2\/pages\/52428","targetHints":{"allow":["GET"]}}],"collection":[{"href":"https:\/\/www.sumologic.com\/de\/wp-json\/wp\/v2\/pages"}],"about":[{"href":"https:\/\/www.sumologic.com\/de\/wp-json\/wp\/v2\/types\/page"}],"author":[{"embeddable":true,"href":"https:\/\/www.sumologic.com\/de\/wp-json\/wp\/v2\/users\/4"}],"replies":[{"embeddable":true,"href":"https:\/\/www.sumologic.com\/de\/wp-json\/wp\/v2\/comments?post=52428"}],"version-history":[{"count":7,"href":"https:\/\/www.sumologic.com\/de\/wp-json\/wp\/v2\/pages\/52428\/revisions"}],"predecessor-version":[{"id":67563,"href":"https:\/\/www.sumologic.com\/de\/wp-json\/wp\/v2\/pages\/52428\/revisions\/67563"}],"up":[{"embeddable":true,"href":"https:\/\/www.sumologic.com\/de\/wp-json\/wp\/v2\/pages\/51538"}],"wp:attachment":[{"href":"https:\/\/www.sumologic.com\/de\/wp-json\/wp\/v2\/media?parent=52428"}],"curies":[{"name":"wp","href":"https:\/\/api.w.org\/{rel}","templated":true}]}}