{"id":52497,"date":"2024-10-14T13:48:06","date_gmt":"2024-10-14T21:48:06","guid":{"rendered":"https:\/\/www.sumologic.com\/company\/der-newsroom"},"modified":"2026-01-05T06:23:09","modified_gmt":"2026-01-05T14:23:09","slug":"newsroom","status":"publish","type":"page","link":"https:\/\/www.sumologic.com\/de\/company\/newsroom","title":{"rendered":"Der Newsroom"},"content":{"rendered":"\n<section class=\"glossary-header gsbp-5b9c720 alignfull\">\n<div class=\"gsbp-2287b7d\">\n<div class=\"grid--2 gap--s grid--m-1 box-container\">\n<div class=\"glossary-header__left-col\">\n<a class=\"header-backlink\" href=\"https:\/\/www.sumologic.com\/de\/company\/newsroom\">\n<p>Newsroom<\/p>\n<\/a>\n\n\n\n<h1 class=\"glossary-header__heading\">Der Newsroom   <\/h1>\n<\/div>\n\n\n\n<div class=\"glossary-header-right-col\">\n<div class=\"glossary-header__img-wrapper\">\n<figure class=\"glossary-header__figure\">\n<img decoding=\"async\" class=\"glossary-header__img\" src=\"http:\/\/www.sumologic.com\/wp-content\/uploads\/blue-bg-img.svg\" alt=\"\" width=\"791\" height=\"200\" loading=\"lazy\" title=\"\">\n<\/figure>\n<\/div>\n<\/div>\n<\/div>\n<\/div>\n<\/section>\n\n<section class=\"newsroom-type-nav gsbp-779c1af alignfull\">\n<div class=\"gsbp-653a9d7\">\n<div class=\"newsroom-type-nav-wrap\">\n  <a class=\"newsroom-type-nav-item\" href=\"https:\/\/www.sumologic.com\/de\/company\/newsroom\/news\">News<\/a><a class=\"newsroom-type-nav-item\" href=\"https:\/\/www.sumologic.com\/de\/company\/newsroom\/press-releases\">Pressemeldungen<\/a><a class=\"newsroom-type-nav-item\" href=\"https:\/\/www.sumologic.com\/de\/company\/newsroom\/awards\">Auszeichnungen<\/a><a class=\"newsroom-type-nav-item\" href=\"https:\/\/www.sumologic.com\/de\/company\/newsroom\/press-kit\">Virtual Press Kit<\/a>  \n<\/div>\n<\/div>\n<\/section>\n\n<section class=\"e-stn e-stn-610f95b9f3fb44121cb1363acc73615351463418 e-stn--common-general-posts e-stn--news-posts\"><div class=\"container\">\n<div class=\"wp-block-b3rg-row e-row row\">\n<div class=\"wp-block-b3rg-column e-col e-col-c9a83d8abe284d11fbac4cd5a5d68c32a07b6853 e-col--side-filter  col-sm-12 col-lg-3\">\n<p>Ressourcen filtern<\/p>\n\n\n\n<div class=\"e-div e-div-c40fe797389c3382ba3465006423b51f87c262d5 e-div--filter-main-wrapper\"><div class=\"facetwp-facet facetwp-facet-search facetwp-type-search\" data-name=\"search\" data-type=\"search\"><\/div>\n\n\n\n<div class=\"e-div e-div-9f80270ef01b6d10919c8754729981f5f7aa46bf\">\n<div class=\"e-div e-div-132347675d8d3083bda2c2435d8dbd7262512dcc e-div--filter-box-wrapper\">\n<p>Thema<\/p>\n\n\n<div class=\"facetwp-facet facetwp-facet-news_topics facetwp-type-checkboxes\" data-name=\"news_topics\" data-type=\"checkboxes\"><\/div>\n<\/div>\n<\/div>\n<\/div>\n<\/div>\n\n\n\n<div class=\"wp-block-b3rg-column e-col e-col-1e70282a6e70ce2e309026c6368b3c08606723a7 e-col--general-posts-wrapper  col-sm-12 col-lg-9\">\n<div class=\"wp-block-b3rg-column e-col e-col-a8a430092d6301ca0b738e2949102462319d06f7  col-sm-12\">\n<div class=\"wp-block-b3rg-column e-col e-col-da42d8945d6fa79d819d4b0bb75f4cc27d235d77  col-sm-12\"><div class=\"facetwp-selections\"><\/div>\n\n\n<div class=\"facetwp-facet facetwp-facet-clear_all facetwp-type-reset\" data-name=\"clear_all\" data-type=\"reset\"><\/div>\n<\/div>\n\n\n<div class=\"facetwp-template\" data-name=\"news_posts\"><div class=\"grid--2 grid--l-2 grid--m-1 stretch gap--l\">\n  \n            <div class=\"newsroom-item press-cont\">\n          <a href=\"https:\/\/www.sumologic.com\/de\/newsroom\/sumo-logic-brings-agentic-ai-into-the-enterprise-security-stack-with-the-launch-of-dojo-ai-on-amazon-web-services\" class=\"newsroom-item-link\">\n            <div class=\"newsroom-item__top\">\n              <div class=\"newsroom-item__cont-wrapper\">\n                <div class=\"newsroom-item__cont-tag\">Press <span> \/ September 22, 2025<\/span><\/div>\n                <h3>Sumo Logic stellt mit der Einf\u00fchrung von Dojo AI auf Amazon Web Services eine agentenbasierte KI f\u00fcr das Sicherheitspaket von Unternehmen bereit<\/h3>\n              <\/div>\n            <\/div>\n            <div class=\"newsroom-item__btm\">\n              Dojo AI wurde von Sumo Logic auf AWS entwickelt und bereitgestellt. Es beschleunigt und vereinfacht routinem\u00e4\u00dfige Sicherheitvorg\u00e4nge und hilft Kunden, von reaktiven zu proaktiven Strategien \u00fcberzugehen, um die Sicherheit zu erh\u00f6hen REDWOOD CITY, CA &#8211; 22. September 2025 \u2013 Sumo Logic, die f\u00fchrende Plattform f\u00fcr Intelligent Operations, gab heute den Start von Sumo Logic Dojo [&hellip;]            <\/div>\n          <\/a>\n        <\/div>\n      \n  \n            <div class=\"newsroom-item press-cont\">\n          <a href=\"https:\/\/www.sumologic.com\/de\/newsroom\/sumo-logic-announces-call-for-submissions-for-its-second-annual-sumie-awards\" class=\"newsroom-item-link\">\n            <div class=\"newsroom-item__top\">\n              <div class=\"newsroom-item__cont-wrapper\">\n                <div class=\"newsroom-item__cont-tag\">Press <span> \/ August 11, 2025<\/span><\/div>\n                <h3>Sumo Logic ruft zur Einreichung von Beitr\u00e4gen f\u00fcr seine zweiten j\u00e4hrlichen Sumie Awards auf<\/h3>\n              <\/div>\n            <\/div>\n            <div class=\"newsroom-item__btm\">\n              Die Sumie Awards w\u00fcrdigen den Einfluss und die Innovation von Sumo Logic-Kunden und -Partnern; Einsendeschluss ist der 1. Oktober 2025, die Gewinner werden im Dezember 2025 bekannt gegeben REDWOOD CITY, CA \u2013 11. August 2025 \u2013 Sumo Logic, die f\u00fchrende SaaS-Plattform f\u00fcr Log-Analysen, gab heute den Startschuss f\u00fcr die Einreichungen zu den Sumie Awards bekannt, [&hellip;]            <\/div>\n          <\/a>\n        <\/div>\n      \n  \n            <div class=\"newsroom-item press-cont\">\n          <a href=\"https:\/\/www.sumologic.com\/de\/newsroom\/new-sumo-logic-report-reveals-security-leaders-are-prioritizing-ai-in-new-solutions\" class=\"newsroom-item-link\">\n            <div class=\"newsroom-item__top\">\n              <div class=\"newsroom-item__cont-wrapper\">\n                <div class=\"newsroom-item__cont-tag\">Press <span> \/ June 10, 2025<\/span><\/div>\n                <h3>Der neue Sumo Logic-Bericht zeigt, dass f\u00fchrende Sicherheitsexperten der KI in neuen L\u00f6sungen Priorit\u00e4t einr\u00e4umen<\/h3>\n              <\/div>\n            <\/div>\n            <div class=\"newsroom-item__btm\">\n                 Sumo Logic, die f\u00fchrende SaaS-Plattform f\u00fcr Log-Analysen, hat heute auf dem AWS Summit in Washington, DC, ihren Bericht \u201eCybersecurity Priorities 2025\u201d ver\u00f6ffentlicht.              <\/div>\n          <\/a>\n        <\/div>\n      \n  \n              <div class=\"newsroom-item award-cont\">\n            <div class=\"newsroom-item__top\">\n              <div class=\"newsroom-item__cont-wrapper\">\n                <div class=\"newsroom-item__cont-tag\">Awards<\/div>\n                <h3>CRN Big Data 100 2025<\/h3>\n              <\/div>\n            <\/div>\n            <div class=\"newsroom-item__btm\">\n                              <div class=\"newsroom-item__img-wrapper\">\n                  <img decoding=\"async\" src=\"https:\/\/www.sumologic.com\/wp-content\/uploads\/CRN_BigData100_2025_Logo.png\" alt=\"\" title=\"\">\n                <\/div>\n                            <div class=\"newsroom-item__cont-award-desc\">\n                <p>Die Big Data 100 ist eine j\u00e4hrliche Liste der wichtigsten Anbieter mit innovativen, zukunftsweisenden Produkten und Dienstleistungen zur Datenanalyse.<\/p>\n              <\/div>\n            <\/div>\n          <\/div>\n        \n  \n              <div class=\"newsroom-item award-cont\">\n            <div class=\"newsroom-item__top\">\n              <div class=\"newsroom-item__cont-wrapper\">\n                <div class=\"newsroom-item__cont-tag\">Awards<\/div>\n                <h3>CRN Security 100 2025<\/h3>\n              <\/div>\n            <\/div>\n            <div class=\"newsroom-item__btm\">\n                              <div class=\"newsroom-item__img-wrapper\">\n                  <img decoding=\"async\" src=\"https:\/\/www.sumologic.com\/wp-content\/uploads\/CRN-top-100-security-2025-1-v2.png\" alt=\"\" title=\"\">\n                <\/div>\n                            <div class=\"newsroom-item__cont-award-desc\">\n                <p>Die CRN Security 100 f\u00fcr das Jahr 2025 hebt vertriebsfreundliche Anbieter von Cybersicherheitsl\u00f6sungen in einer Reihe von Marktsegmenten hervor.<\/p>\n              <\/div>\n            <\/div>\n          <\/div>\n        \n  \n              <div class=\"newsroom-item award-cont\">\n            <div class=\"newsroom-item__top\">\n              <div class=\"newsroom-item__cont-wrapper\">\n                <div class=\"newsroom-item__cont-tag\">Awards<\/div>\n                <h3>Global InfoSec Awards 2025<\/h3>\n              <\/div>\n            <\/div>\n            <div class=\"newsroom-item__btm\">\n                              <div class=\"newsroom-item__img-wrapper\">\n                  <img decoding=\"async\" src=\"https:\/\/www.sumologic.com\/wp-content\/uploads\/Global-InfoSec-Awards-Winner-for-2025-large-1.jpg\" alt=\"\" title=\"\">\n                <\/div>\n                            <div class=\"newsroom-item__cont-award-desc\">\n                <p>Sumo Logic wurde mit zwei Preisen geehrt: \u201ePioneering SIEM\u201c und \u201eGroundbreaking Cloud Native Security\u201c.<\/p>\n              <\/div>\n            <\/div>\n          <\/div>\n        \n  \n              <div class=\"newsroom-item award-cont\">\n            <div class=\"newsroom-item__top\">\n              <div class=\"newsroom-item__cont-wrapper\">\n                <div class=\"newsroom-item__cont-tag\">Awards<\/div>\n                <h3>2025 Enterprise Security Tech Cyber Top-Unternehmen<\/h3>\n              <\/div>\n            <\/div>\n            <div class=\"newsroom-item__btm\">\n                              <div class=\"newsroom-item__img-wrapper\">\n                  <img decoding=\"async\" src=\"https:\/\/www.sumologic.com\/wp-content\/uploads\/Cyber-Top-Companies-1.png\" alt=\"\" title=\"\">\n                <\/div>\n                            <div class=\"newsroom-item__cont-award-desc\">\n                <p>Enterprise Security Tech hat Sumo Logic f\u00fcr seine Produktinnovation und seinen Service als eines der sechs besten Unternehmen in der Cybersicherheitsbranche ausgezeichnet.<\/p>\n              <\/div>\n            <\/div>\n          <\/div>\n        \n  \n              <div class=\"newsroom-item award-cont\">\n            <div class=\"newsroom-item__top\">\n              <div class=\"newsroom-item__cont-wrapper\">\n                <div class=\"newsroom-item__cont-tag\">Awards<\/div>\n                <h3>2025 SC Awards<\/h3>\n              <\/div>\n            <\/div>\n            <div class=\"newsroom-item__btm\">\n                              <div class=\"newsroom-item__img-wrapper\">\n                  <img decoding=\"async\" src=\"https:\/\/www.sumologic.com\/wp-content\/uploads\/22963786-sca-winner-4000x4000-2.png\" alt=\"\" title=\"\">\n                <\/div>\n                            <div class=\"newsroom-item__cont-award-desc\">\n                <p>Sumo Logic wurde zum Gewinner der besten KI\/ML-Datenanalyse-Sicherheitsl\u00f6sung f\u00fcr 2025 gek\u00fcrt.<\/p>\n              <\/div>\n            <\/div>\n          <\/div>\n        \n  \n              <div class=\"newsroom-item award-cont\">\n            <div class=\"newsroom-item__top\">\n              <div class=\"newsroom-item__cont-wrapper\">\n                <div class=\"newsroom-item__cont-tag\">Awards<\/div>\n                <h3>SC Awards Europa 2025: Finalist<\/h3>\n              <\/div>\n            <\/div>\n            <div class=\"newsroom-item__btm\">\n                              <div class=\"newsroom-item__img-wrapper\">\n                  <img decoding=\"async\" src=\"https:\/\/www.sumologic.com\/wp-content\/uploads\/sc-awards-europe-1.png\" alt=\"\" title=\"\">\n                <\/div>\n                            <div class=\"newsroom-item__cont-award-desc\">\n                <p>Sumo Logic ist Finalist f\u00fcr die beste SIEM-L\u00f6sung bei den SC Awards Europe 2025.<\/p>\n              <\/div>\n            <\/div>\n          <\/div>\n        \n  \n              <div class=\"newsroom-item news-cont\">\n                          <a href=\"https:\/\/www.zdnet.com\/article\/ai-agents-make-great-teammates-but-dont-let-them-code-alone-heres-why\/\" target=\"_blank\" class=\"newsroom-item-link\" rel=\"noopener\">\n                        <div class=\"newsroom-item__top\">\n              <div class=\"newsroom-item__cont-wrapper\">\n                <div class=\"newsroom-item__cont-tag\">News <span> \/ May 30, 2025<\/span><\/div>\n                <h3>ZDNet | KI-Agenten sind gro\u00dfartige Teamkollegen, aber lassen Sie sie nicht alleine programmieren \u2013 aus diesem Grund<\/h3>\n              <\/div>\n            <\/div>\n            <div class=\"newsroom-item__btm\">\n              <p>Das Narrativ der vollst\u00e4ndig agentengesteuerten Softwareentwicklung \u201e\u00fcbersieht die zutiefst menschliche und vielschichtige Natur der Softwareentwicklung\u201c.<\/p>\n            <\/div>\n                          <\/a>\n                      <\/div>\n        \n  \n              <div class=\"newsroom-item news-cont\">\n                          <a href=\"https:\/\/channeljourneys.com\/how-sumo-logic-unlocked-partner-led-growth-timm-hoyt-cj165\/\" target=\"_blank\" class=\"newsroom-item-link\" rel=\"noopener\">\n                        <div class=\"newsroom-item__top\">\n              <div class=\"newsroom-item__cont-wrapper\">\n                <div class=\"newsroom-item__cont-tag\">News <span> \/ May 28, 2025<\/span><\/div>\n                <h3>Channel Journeys | Wie Sumo Logic partnergef\u00fchrtes Wachstum freisetzt \u2013 mit Timm Hoyt<\/h3>\n              <\/div>\n            <\/div>\n            <div class=\"newsroom-item__btm\">\n              <p>Lesen Sie \u00fcber umsetzbare Strategien zur Pflege effektiver Partnerschaften und zur F\u00f6rderung starken Gesch\u00e4ftswachstums durch einen partnerorientierten Ansatz.  <\/p>\n            <\/div>\n                          <\/a>\n                      <\/div>\n        \n  \n              <div class=\"newsroom-item news-cont\">\n                          <a href=\"https:\/\/www.channelpronetwork.com\/2025\/05\/26\/voice-of-the-vendor-rsac-2025-part-3\/\" target=\"_blank\" class=\"newsroom-item-link\" rel=\"noopener\">\n                        <div class=\"newsroom-item__top\">\n              <div class=\"newsroom-item__cont-wrapper\">\n                <div class=\"newsroom-item__cont-tag\">News <span> \/ May 26, 2025<\/span><\/div>\n                <h3>The ChannelPro Network | Voice of the Vendor: RSAC 2025, Teil 3<\/h3>\n              <\/div>\n            <\/div>\n            <div class=\"newsroom-item__btm\">\n              <p>Erleben Sie Ray Lyons von ChannelPro live auf der RSAC 2025 in San Francisco. In dieser Folge von  Voice of the Vendor spricht er mit Bitdefender, Sumo Logic, Vanta und BeyondTrust.<\/p>\n            <\/div>\n                          <\/a>\n                      <\/div>\n        \n  \n              <div class=\"newsroom-item news-cont\">\n                          <a href=\"https:\/\/cybertechnologyinsights.com\/cloud-security\/what-are-the-top-5-next-gen-siem-platforms-in-2025\/\" target=\"_blank\" class=\"newsroom-item-link\" rel=\"noopener\">\n                        <div class=\"newsroom-item__top\">\n              <div class=\"newsroom-item__cont-wrapper\">\n                <div class=\"newsroom-item__cont-tag\">News <span> \/ May 16, 2025<\/span><\/div>\n                <h3>Cyber Technology Insights | Die 5 wichtigsten SIEM-Plattformen der n\u00e4chsten Generation im Jahr 2025<\/h3>\n              <\/div>\n            <\/div>\n            <div class=\"newsroom-item__btm\">\n              <p>Diese f\u00fcnf Plattformen treiben diese Entwicklung im Jahr 2025 voran. Werfen Sie einen Blick auf die 5 wichtigsten SIEM-Plattformen der n\u00e4chsten Generation, die die Unternehmenssicherheit von heute neu gestalten werden.<\/p>\n            <\/div>\n                          <\/a>\n                      <\/div>\n        \n  \n              <div class=\"newsroom-item news-cont\">\n                          <a href=\"https:\/\/www.cybersecuritytribe.com\/articles\/how-agentic-ai-is-shaping-cybersecurity-in-2025\" target=\"_blank\" class=\"newsroom-item-link\" rel=\"noopener\">\n                        <div class=\"newsroom-item__top\">\n              <div class=\"newsroom-item__cont-wrapper\">\n                <div class=\"newsroom-item__cont-tag\">News <span> \/ May 16, 2025<\/span><\/div>\n                <h3>Cyber Security Tribe | Experten enth\u00fcllen, wie agentische KI die Cybersicherheit im Jahr 2025 pr\u00e4gen wird<\/h3>\n              <\/div>\n            <\/div>\n            <div class=\"newsroom-item__btm\">\n              <p>Im Rahmen des Jahresberichts 2025 des Cyber Security Tribe haben wir unsere CISO-Community gefragt, ob ihre Organisation agentische KI in der Cybersicherheit einsetzt. 59 % gaben an, dies sei noch in Arbeit.  <\/p>\n            <\/div>\n                          <\/a>\n                      <\/div>\n        \n  \n              <div class=\"newsroom-item news-cont\">\n                          <a href=\"https:\/\/event.computing.co.uk\/securityexcellenceawards\/en\/page\/2025-shortlist?hss_channel=tw-21258231\" target=\"_blank\" class=\"newsroom-item-link\" rel=\"noopener\">\n                        <div class=\"newsroom-item__top\">\n              <div class=\"newsroom-item__cont-wrapper\">\n                <div class=\"newsroom-item__cont-tag\">News <span> \/ May 14, 2025<\/span><\/div>\n                <h3>Computing | Shortlist 2025<\/h3>\n              <\/div>\n            <\/div>\n            <div class=\"newsroom-item__btm\">\n              <p>Sumo Logic Cloud SIEM wurde als Finalist f\u00fcr den Computing Security Excellence Awards 2025 Cloud Security Award nominiert.<\/p>\n            <\/div>\n                          <\/a>\n                      <\/div>\n        \n  \n            <div class=\"newsroom-item press-cont\">\n          <a href=\"https:\/\/www.sumologic.com\/de\/newsroom\/sumo-logic-celebrates-15-years-of-customer-centric-innovation\" class=\"newsroom-item-link\">\n            <div class=\"newsroom-item__top\">\n              <div class=\"newsroom-item__cont-wrapper\">\n                <div class=\"newsroom-item__cont-tag\">Press <span> \/ May 12, 2025<\/span><\/div>\n                <h3>Sumo Logic feiert 15 Jahre kundenzentrierte Innovation<\/h3>\n              <\/div>\n            <\/div>\n            <div class=\"newsroom-item__btm\">\n              Sumo Logic feiert heute seinen 15-j\u00e4hrigen Meilenstein der Transformation der Art und Weise, wie Unternehmen Log-Analysen f\u00fcr Sicherheit und Observability nutzen Sumo Logic wurde mit der Vision gegr\u00fcndet, Maschinendaten und Protokolle durch einen Cloud-nativen Service zu demokratisieren. Heute ist Sumo Logic ein zuverl\u00e4ssiger Partner f\u00fcr Unternehmen auf der ganzen Welt, die ihre DevSecOps-Initiativen durch die Leistungsf\u00e4higkeit der Log-Analysen vorantreiben wollen.            <\/div>\n          <\/a>\n        <\/div>\n      \n  <\/div>\n<\/div>\n\n\n\n<div class=\"wp-block-b3rg-column e-col e-col-ffe7e3de3cd0a9e2181b784528323426e3148e64 e-col--dlt e-col--pagination  col-sm-12\"><div class=\"facetwp-facet facetwp-facet-pagination facetwp-type-pager\" data-name=\"pagination\" data-type=\"pager\"><\/div>\n\n\n<div class=\"facetwp-facet facetwp-facet-mobile_pagination facetwp-type-pager\" data-name=\"mobile_pagination\" data-type=\"pager\"><\/div>\n<\/div>\n<\/div>\n<\/div>\n<\/div>\n<\/div><\/section>\n","protected":false},"excerpt":{"rendered":"","protected":false},"author":1,"featured_media":0,"parent":52418,"menu_order":0,"comment_status":"closed","ping_status":"closed","template":"","meta":{"_acf_changed":false,"show_custom_date":false,"custom_date":"","featured":false,"featured_image":0,"learn_more_label":"","image_alt_text":"","learn_more_type":"","show_popup":false,"learn_more_link_file":0,"event_date":false,"event_start_date":"","event_end_date":"","place_holder_image_url":"","post_reading_time":"< 1","notification_enabled":false,"notification_text":"","notification_logo":"","notification_expiration_time":0,"is_enable_transparent_header":false,"selected_taxonomy_terms":{"translation_priority":[221]},"selected_primary_terms":[],"learn_more_link":[],"featured_page_list":[],"notification_enabled_post_list":[],"_gspb_post_css":".glossary-header{background-color:var(--cf-primary);overflow:hidden}.gsbp-5b9c720{display:flex;justify-content:center;flex-direction:column;align-items:center;padding-right:var(--wp--custom--spacing--side, min(3vw, 20px));padding-left:var(--wp--custom--spacing--side, min(3vw, 20px));margin-top:0;margin-bottom:0;position:relative}.gsbp-2287b7d{max-width:100%;width:1380px}.glossary-header__left-col{padding-top:var(--space-xl);padding-bottom:var(--space-xl)}body .glossary-header__heading:is(h1,h2,h3,h4,h5,h6){font-size:var(--cf-text-2xl);color:#fff}.glossary-header-right-col{position:relative}@media (min-width:768px) and (max-width:991.98px){.glossary-header-right-col{display:none!important}}@media (min-width:576px) and (max-width:767.98px){.glossary-header-right-col{display:none!important}}@media (max-width:575.98px){.glossary-header-right-col{display:none!important}}.gsbp-779c1af{display:flex;justify-content:center;flex-direction:column;align-items:center;padding-right:var(--wp--custom--spacing--side, min(3vw, 20px));padding-left:var(--wp--custom--spacing--side, min(3vw, 20px));margin-top:0;margin-bottom:0;position:relative}.gsbp-653a9d7{max-width:100%;width:1380px}.newsroom-type-nav-wrap{display:flex;flex-direction:row;justify-content:center;align-items:center;column-gap:var(--cf-space-l);padding-top:var(--space-m)}","_relevanssi_hide_post":"","_relevanssi_hide_content":"","_relevanssi_pin_for_all":"","_relevanssi_pin_keywords":"","_relevanssi_unpin_keywords":"","_relevanssi_related_keywords":"","_relevanssi_related_include_ids":"","_relevanssi_related_exclude_ids":"","_relevanssi_related_no_append":"","_relevanssi_related_not_related":"","_relevanssi_related_posts":"","_relevanssi_noindex_reason":"","inline_featured_image":false,"footnotes":""},"class_list":["post-52497","page","type-page","status-publish","hentry"],"acf":[],"_links":{"self":[{"href":"https:\/\/www.sumologic.com\/de\/wp-json\/wp\/v2\/pages\/52497","targetHints":{"allow":["GET"]}}],"collection":[{"href":"https:\/\/www.sumologic.com\/de\/wp-json\/wp\/v2\/pages"}],"about":[{"href":"https:\/\/www.sumologic.com\/de\/wp-json\/wp\/v2\/types\/page"}],"author":[{"embeddable":true,"href":"https:\/\/www.sumologic.com\/de\/wp-json\/wp\/v2\/users\/1"}],"replies":[{"embeddable":true,"href":"https:\/\/www.sumologic.com\/de\/wp-json\/wp\/v2\/comments?post=52497"}],"version-history":[{"count":5,"href":"https:\/\/www.sumologic.com\/de\/wp-json\/wp\/v2\/pages\/52497\/revisions"}],"predecessor-version":[{"id":65010,"href":"https:\/\/www.sumologic.com\/de\/wp-json\/wp\/v2\/pages\/52497\/revisions\/65010"}],"up":[{"embeddable":true,"href":"https:\/\/www.sumologic.com\/de\/wp-json\/wp\/v2\/pages\/52418"}],"wp:attachment":[{"href":"https:\/\/www.sumologic.com\/de\/wp-json\/wp\/v2\/media?parent=52497"}],"curies":[{"name":"wp","href":"https:\/\/api.w.org\/{rel}","templated":true}]}}