{"id":53113,"date":"2025-03-21T03:39:09","date_gmt":"2025-03-21T11:39:09","guid":{"rendered":"https:\/\/www.sumologic.com\/company\/newsroom\/pressemeldungen"},"modified":"2026-01-05T06:23:10","modified_gmt":"2026-01-05T14:23:10","slug":"press-releases","status":"publish","type":"page","link":"https:\/\/www.sumologic.com\/de\/company\/newsroom\/press-releases","title":{"rendered":"Pressemeldungen"},"content":{"rendered":"\n<section class=\"glossary-header gsbp-5b9c720 alignfull\">\n<div class=\"gsbp-2287b7d\">\n<div class=\"grid--2 gap--s grid--m-1 box-container\">\n<div class=\"glossary-header__left-col\">\n<a class=\"header-backlink\" href=\"https:\/\/www.sumologic.com\/de\/company\/newsroom\">\n<p>Newsroom<\/p>\n<\/a>\n\n\n\n<h1 class=\"glossary-header__heading\">News<\/h1>\n<\/div>\n\n\n\n<div class=\"glossary-header-right-col\">\n<div class=\"glossary-header__img-wrapper\">\n<figure class=\"glossary-header__figure\">\n<img decoding=\"async\" class=\"glossary-header__img\" src=\"http:\/\/www.sumologic.com\/wp-content\/uploads\/blue-bg-img.svg\" alt=\"\" width=\"791\" height=\"200\" loading=\"lazy\" title=\"\">\n<\/figure>\n<\/div>\n<\/div>\n<\/div>\n<\/div>\n<\/section>\n\n<section class=\"newsroom-type-nav gsbp-bb05536 alignfull\">\n<div class=\"gsbp-080bdf3\">\n<div class=\"newsroom-type-nav-wrap\">\n  <a class=\"newsroom-type-nav-item\" href=\"https:\/\/www.sumologic.com\/de\/company\/newsroom\/news\">News<\/a><a class=\"newsroom-type-nav-item\" href=\"https:\/\/www.sumologic.com\/de\/company\/newsroom\/press-releases\">Pressemeldungen<\/a><a class=\"newsroom-type-nav-item\" href=\"https:\/\/www.sumologic.com\/de\/company\/newsroom\/awards\">Auszeichnungen<\/a><a class=\"newsroom-type-nav-item\" href=\"https:\/\/www.sumologic.com\/de\/company\/newsroom\/press-kit\">Virtual Press Kit<\/a>  \n<\/div>\n<\/div>\n<\/section>\n\n<section class=\"content-section gsbp-0d12de6 alignfull\">\n<div class=\"gsbp-d874d39\">\n<div class=\"box-container\">\n   <div class=\"facetwp-template\" data-name=\"press_page\"><div class=\"grid--3 grid--l-2 grid--m-1 stretch gap--l\">\n  \n            <div class=\"newsroom-item press-cont\">\n          <a href=\"https:\/\/www.sumologic.com\/de\/newsroom\/sumo-logic-brings-agentic-ai-into-the-enterprise-security-stack-with-the-launch-of-dojo-ai-on-amazon-web-services\" class=\"newsroom-item-link\">\n            <div class=\"newsroom-item__top\">\n              <div class=\"newsroom-item__cont-wrapper\">\n                <div class=\"newsroom-item__cont-tag\">Press <span> \/ September 22, 2025<\/span><\/div>\n                <h3>Sumo Logic stellt mit der Einf\u00fchrung von Dojo AI auf Amazon Web Services eine agentenbasierte KI f\u00fcr das Sicherheitspaket von Unternehmen bereit<\/h3>\n              <\/div>\n            <\/div>\n            <div class=\"newsroom-item__btm\">\n              Dojo AI wurde von Sumo Logic auf AWS entwickelt und bereitgestellt. Es beschleunigt und vereinfacht routinem\u00e4\u00dfige Sicherheitvorg\u00e4nge und hilft Kunden, von reaktiven zu proaktiven Strategien \u00fcberzugehen, um die Sicherheit zu erh\u00f6hen REDWOOD CITY, CA &#8211; 22. September 2025 \u2013 Sumo Logic, die f\u00fchrende Plattform f\u00fcr Intelligent Operations, gab heute den Start von Sumo Logic Dojo [&hellip;]            <\/div>\n          <\/a>\n        <\/div>\n      \n  \n            <div class=\"newsroom-item press-cont\">\n          <a href=\"https:\/\/www.sumologic.com\/de\/newsroom\/sumo-logic-announces-call-for-submissions-for-its-second-annual-sumie-awards\" class=\"newsroom-item-link\">\n            <div class=\"newsroom-item__top\">\n              <div class=\"newsroom-item__cont-wrapper\">\n                <div class=\"newsroom-item__cont-tag\">Press <span> \/ August 11, 2025<\/span><\/div>\n                <h3>Sumo Logic ruft zur Einreichung von Beitr\u00e4gen f\u00fcr seine zweiten j\u00e4hrlichen Sumie Awards auf<\/h3>\n              <\/div>\n            <\/div>\n            <div class=\"newsroom-item__btm\">\n              Die Sumie Awards w\u00fcrdigen den Einfluss und die Innovation von Sumo Logic-Kunden und -Partnern; Einsendeschluss ist der 1. Oktober 2025, die Gewinner werden im Dezember 2025 bekannt gegeben REDWOOD CITY, CA \u2013 11. August 2025 \u2013 Sumo Logic, die f\u00fchrende SaaS-Plattform f\u00fcr Log-Analysen, gab heute den Startschuss f\u00fcr die Einreichungen zu den Sumie Awards bekannt, [&hellip;]            <\/div>\n          <\/a>\n        <\/div>\n      \n  \n            <div class=\"newsroom-item press-cont\">\n          <a href=\"https:\/\/www.sumologic.com\/de\/newsroom\/new-sumo-logic-report-reveals-security-leaders-are-prioritizing-ai-in-new-solutions\" class=\"newsroom-item-link\">\n            <div class=\"newsroom-item__top\">\n              <div class=\"newsroom-item__cont-wrapper\">\n                <div class=\"newsroom-item__cont-tag\">Press <span> \/ June 10, 2025<\/span><\/div>\n                <h3>Der neue Sumo Logic-Bericht zeigt, dass f\u00fchrende Sicherheitsexperten der KI in neuen L\u00f6sungen Priorit\u00e4t einr\u00e4umen<\/h3>\n              <\/div>\n            <\/div>\n            <div class=\"newsroom-item__btm\">\n                 Sumo Logic, die f\u00fchrende SaaS-Plattform f\u00fcr Log-Analysen, hat heute auf dem AWS Summit in Washington, DC, ihren Bericht \u201eCybersecurity Priorities 2025\u201d ver\u00f6ffentlicht.              <\/div>\n          <\/a>\n        <\/div>\n      \n  \n            <div class=\"newsroom-item press-cont\">\n          <a href=\"https:\/\/www.sumologic.com\/de\/newsroom\/sumo-logic-celebrates-15-years-of-customer-centric-innovation\" class=\"newsroom-item-link\">\n            <div class=\"newsroom-item__top\">\n              <div class=\"newsroom-item__cont-wrapper\">\n                <div class=\"newsroom-item__cont-tag\">Press <span> \/ May 12, 2025<\/span><\/div>\n                <h3>Sumo Logic feiert 15 Jahre kundenzentrierte Innovation<\/h3>\n              <\/div>\n            <\/div>\n            <div class=\"newsroom-item__btm\">\n              Sumo Logic feiert heute seinen 15-j\u00e4hrigen Meilenstein der Transformation der Art und Weise, wie Unternehmen Log-Analysen f\u00fcr Sicherheit und Observability nutzen Sumo Logic wurde mit der Vision gegr\u00fcndet, Maschinendaten und Protokolle durch einen Cloud-nativen Service zu demokratisieren. Heute ist Sumo Logic ein zuverl\u00e4ssiger Partner f\u00fcr Unternehmen auf der ganzen Welt, die ihre DevSecOps-Initiativen durch die Leistungsf\u00e4higkeit der Log-Analysen vorantreiben wollen.            <\/div>\n          <\/a>\n        <\/div>\n      \n  \n            <div class=\"newsroom-item press-cont\">\n          <a href=\"https:\/\/www.sumologic.com\/de\/newsroom\/sumo-logic-unifies-security-to-deliver-intelligent-security-operations\" class=\"newsroom-item-link\">\n            <div class=\"newsroom-item__top\">\n              <div class=\"newsroom-item__cont-wrapper\">\n                <div class=\"newsroom-item__cont-tag\">Press <span> \/ May 11, 2025<\/span><\/div>\n                <h3>Sumo Logic vereinheitlicht die Cybersecurity f\u00fcr intelligente Sicherheitsabl\u00e4ufe<\/h3>\n              <\/div>\n            <\/div>\n            <div class=\"newsroom-item__btm\">\n               Sumo Logic k\u00fcndigte heute eine Reihe neuer Sicherheitsfunktionen an, die Unternehmen beim Aufbau und Betrieb intelligenter Sicherheitsabl\u00e4ufe unterst\u00fctzen, um Risiken zu reduzieren, die Eind\u00e4mmung von Bedrohungen zu beschleunigen und f\u00fcr st\u00e4rkere Sicherheitspositionen zu sorgen.                <\/div>\n          <\/a>\n        <\/div>\n      \n  <\/div>\n<\/div>   \n\n\n\n<div class=\"content-section__pagination\">\n<div class=\"content-section__pagination-desk gsbp-536cad6\">\n   <div class=\"facetwp-facet facetwp-facet-pagination facetwp-type-pager\" data-name=\"pagination\" data-type=\"pager\"><\/div>   \n<\/div>\n\n\n\n<div class=\"content-section__pagination-mobile gsbp-6ace0bf\">\n   <div class=\"facetwp-facet facetwp-facet-mobile_pagination facetwp-type-pager\" data-name=\"mobile_pagination\" data-type=\"pager\"><\/div>   \n<\/div>\n<\/div>\n<\/div>\n<\/div>\n<\/section>\n","protected":false},"excerpt":{"rendered":"","protected":false},"author":7,"featured_media":0,"parent":52497,"menu_order":0,"comment_status":"closed","ping_status":"closed","template":"","meta":{"_acf_changed":false,"show_custom_date":false,"custom_date":"","featured":false,"featured_image":0,"learn_more_label":"","image_alt_text":"","learn_more_type":"","show_popup":false,"learn_more_link_file":0,"event_date":false,"event_start_date":"","event_end_date":"","place_holder_image_url":"","post_reading_time":"< 1","notification_enabled":false,"notification_text":"","notification_logo":"","notification_expiration_time":0,"is_enable_transparent_header":false,"selected_taxonomy_terms":{"translation_priority":[221]},"selected_primary_terms":[],"learn_more_link":[],"featured_page_list":[],"notification_enabled_post_list":[],"_gspb_post_css":".glossary-header{background-color:var(--cf-primary);overflow:hidden}.gsbp-5b9c720{display:flex;justify-content:center;flex-direction:column;align-items:center;padding-right:var(--wp--custom--spacing--side, min(3vw, 20px));padding-left:var(--wp--custom--spacing--side, min(3vw, 20px));margin-top:0;margin-bottom:0;position:relative}.gsbp-2287b7d{max-width:100%;width:1380px}.glossary-header__left-col{padding-top:var(--space-xl);padding-bottom:var(--space-xl)}body .glossary-header__heading:is(h1,h2,h3,h4,h5,h6){font-size:var(--cf-text-2xl);color:#fff}.glossary-header-right-col{position:relative}@media (min-width:768px) and (max-width:991.98px){.glossary-header-right-col{display:none!important}}@media (min-width:576px) and (max-width:767.98px){.glossary-header-right-col{display:none!important}}@media (max-width:575.98px){.glossary-header-right-col{display:none!important}}.gsbp-bb05536{display:flex;justify-content:center;flex-direction:column;align-items:center;padding-right:var(--wp--custom--spacing--side, min(3vw, 20px));padding-left:var(--wp--custom--spacing--side, min(3vw, 20px));margin-top:0;margin-bottom:0;position:relative}.gsbp-080bdf3{max-width:100%;width:1380px}.gsbp-0d12de6{display:flex;justify-content:center;flex-direction:column;align-items:center;padding-right:var(--wp--custom--spacing--side, min(3vw, 20px));padding-left:var(--wp--custom--spacing--side, min(3vw, 20px));margin-top:0;margin-bottom:0;position:relative}.gsbp-d874d39{max-width:100%;width:1380px}.newsroom-type-nav-wrap{display:flex;flex-direction:row;justify-content:center;align-items:center;column-gap:var(--cf-space-l);padding-top:var(--space-m)}","_relevanssi_hide_post":"","_relevanssi_hide_content":"","_relevanssi_pin_for_all":"","_relevanssi_pin_keywords":"","_relevanssi_unpin_keywords":"","_relevanssi_related_keywords":"","_relevanssi_related_include_ids":"","_relevanssi_related_exclude_ids":"","_relevanssi_related_no_append":"","_relevanssi_related_not_related":"","_relevanssi_related_posts":"","_relevanssi_noindex_reason":"","inline_featured_image":false,"footnotes":""},"class_list":["post-53113","page","type-page","status-publish","hentry"],"acf":[],"_links":{"self":[{"href":"https:\/\/www.sumologic.com\/de\/wp-json\/wp\/v2\/pages\/53113","targetHints":{"allow":["GET"]}}],"collection":[{"href":"https:\/\/www.sumologic.com\/de\/wp-json\/wp\/v2\/pages"}],"about":[{"href":"https:\/\/www.sumologic.com\/de\/wp-json\/wp\/v2\/types\/page"}],"author":[{"embeddable":true,"href":"https:\/\/www.sumologic.com\/de\/wp-json\/wp\/v2\/users\/7"}],"replies":[{"embeddable":true,"href":"https:\/\/www.sumologic.com\/de\/wp-json\/wp\/v2\/comments?post=53113"}],"version-history":[{"count":5,"href":"https:\/\/www.sumologic.com\/de\/wp-json\/wp\/v2\/pages\/53113\/revisions"}],"predecessor-version":[{"id":65029,"href":"https:\/\/www.sumologic.com\/de\/wp-json\/wp\/v2\/pages\/53113\/revisions\/65029"}],"up":[{"embeddable":true,"href":"https:\/\/www.sumologic.com\/de\/wp-json\/wp\/v2\/pages\/52497"}],"wp:attachment":[{"href":"https:\/\/www.sumologic.com\/de\/wp-json\/wp\/v2\/media?parent=53113"}],"curies":[{"name":"wp","href":"https:\/\/api.w.org\/{rel}","templated":true}]}}