{"id":53124,"date":"2025-04-08T16:48:18","date_gmt":"2025-04-09T00:48:18","guid":{"rendered":"https:\/\/www.sumologic.com\/vergleichen"},"modified":"2026-02-09T09:21:05","modified_gmt":"2026-02-09T17:21:05","slug":"vs","status":"publish","type":"page","link":"https:\/\/www.sumologic.com\/de\/vs","title":{"rendered":"Vergleichen"},"content":{"rendered":"\n<section class=\"e-stn e-stn-a250ec117bbd5d7665a57bd43618e5b3fcdb80b9 e-stn--main-banner\"><style>@media only screen and (max-width: 9999px) {\n\t\t\t\t\t\t\t\t\t.e-stn.e-stn-a250ec117bbd5d7665a57bd43618e5b3fcdb80b9 { \n\t\t\t\t\t\t\t\t\t\tbackground-color: #101827; \n\t\t\t\t\t\t\t\t\t}\n\t\t\t\t\t\t\t\t}<\/style><div class=\"container\">\n<div class=\"wp-block-b3rg-row e-row row\">\n<div class=\"wp-block-b3rg-column e-col e-col-30cf6e0d31fd8780616c8617a3382c2b2c7f4e3b e-col--content-wrapper  col-sm-12 col-lg-6\">\n<p class=\"eyebrow text-start has-text-color has-link-color wp-elements-6196f10b0e91efb4f9a3e329975a269d\" style=\"color:#ffffff\">Plattform-Vergleiche<\/p>\n\n\n\n<h1 class=\"wp-block-heading text-start has-pure-white-color has-text-color has-link-color wp-elements-01dad53ec6c167cbb896adbb24afc3cd\" id=\"sumo-logic-showdown-compare-data-analytics-platforms\">Sumo Logic-Showdown: Datenanalyse-Plattformen im Vergleich<\/h1>\n\n\n\n<p class=\"mb-4 has-text-color has-link-color wp-elements-94b9996d93df13de2698896c029796fd\" style=\"color:#ffffff\">Erhalten Sie skalierbare Log-Analysen, SIEM, APM und mehr \u2013 alles an einem Ort. Entdecken Sie, wie das neue innovative Preismodell von Sumo Logic eine wichtige Kostenh\u00fcrde f\u00fcr Analysen beseitigt und Kunden in die Lage versetzt, ihre wachsenden Datenmengen f\u00fcr fundierte Entscheidungen und ununterbrochene Innovationen zu nutzen. H\u00f6ren Sie auf, f\u00fcr schwache Erkenntnisse, Skalierungsprobleme und exorbitante Kosten einen Aufpreis zu zahlen<\/p>\n\n\n<div class=\"e-btn e-btn--white-common-link-with-arrow-lg\"><a class=\"e-btn__link\"href=\"https:\/\/www.sumologic.com\/request-demo\" target=\"_self\">\n<p class=\"title\">Demo planen<\/p>\n<\/a><\/div><\/div>\n\n\n\n<div class=\"wp-block-b3rg-column e-col e-col-f8103971cc7fcdbbc29ff74ee44f2710cf5822fb e-col--media-wrapper  col-sm-12 col-lg-6 align-content-center\">\n<div id=\"wistia-block_b47fc26b991394e1a1227e3d8374bf36\" class=\"wistia-video-block\" data-wistia-video=\"wistia_zxngjavd9p\">\n\n    <script src=\"https:\/\/fast.wistia.com\/player.js\" async><\/script>\n    <script src=\"https:\/\/fast.wistia.com\/embed\/zxngjavd9p.js\" async type=\"module\"><\/script>\n\n    <style>\n        wistia-player[media-id='zxngjavd9p']:not(:defined) {\n            background: center \/ contain no-repeat url('https:\/\/fast.wistia.com\/embed\/medias\/zxngjavd9p\/swatch');\n            display: block;\n            filter: blur(5px);\n            padding-top: 56.25%;\n        }\n    <\/style>\n\n    <wistia-player\n        media-id=\"zxngjavd9p\"\n        aspect=\"1.7777777777777777\">\n    <\/wistia-player>\n\n<\/div>\n\n<style>\n    div[data-wistia-video=\"wistia_zxngjavd9p\"] {\n        position: relative;\n        width: 100%;\n        padding-top: 56.25%;\n        background: center \/ cover no-repeat url('https:\/\/fast.wistia.com\/embed\/medias\/zxngjavd9p\/swatch');\n    }\n\n    div[data-wistia-video=\"wistia_zxngjavd9p\"] wistia-player {\n        position: absolute;\n        top: 0;\n        left: 0;\n        width: 100%;\n        height: 100%;\n        filter: none;\n    }\n<\/style>\n<\/div>\n<\/div>\n<\/div><\/section>\n\n<section class=\"compare-items-sect page-section gsbp-f6171ff alignfull\">\n<div class=\"gsbp-3a8a346\">\n<div class=\"box-container compare-items-sect__cont\">\n<div class=\"compare-items-sect__headings-wrap\">\n<p class=\"compare-items-sect__sub-heading\">Sumo Logic im Vergleich zur Konkurrenz<\/p>\n\n\n\n<h2 class=\"compare-items-sect__heading\">Vergleichen Sie Sumo Logic-Alternativen f\u00fcr Log-Analyse, SIEM, APM und mehr<\/h2>\n<\/div>\n\n\n\n<a class=\"grid--1-3 gap--l grid--m-1 compare-items-sect__top\" href=\"https:\/\/www.sumologic.com\/vs\/splunk\">\n<div class=\"compare-items-sect__top-img-wrap\">\n<figure>\n<img decoding=\"async\" class=\"compare-items-sect__top-img gsbp-73ecf70\" src=\"https:\/\/www.sumologic.com\/wp-content\/uploads\/sumo-logic-vs-splunk-card.webp\" alt=\"\" width=\"640\" height=\"360\" loading=\"lazy\" title=\"\">\n<\/figure>\n<\/div>\n\n\n\n<div class=\"compare-items-sect__top-cont-wrap\">\n<h3 class=\"compare-items-sect__top-heading\">Splunk vs. Sumo Logic<\/h3>\n\n\n\n<p class=\"compare-items-sect__top-text\">Der isolierte Ansatz von Splunk f\u00fcr Log-Analyse und SIEM erh\u00f6ht die Implementierungskosten und die Komplexit\u00e4t. Mit Sumo Logic vermeiden Sie horrende Kosten und k\u00f6nnen nahtlos skalieren.<\/p>\n\n\n\n<div class=\"compare-items-sect__top-link btn-right-arrow\">Mehr erfahren<\/div>\n<\/div>\n<\/a>\n\n\n\n<div class=\"compare-items-sect__btm grid--4 grid--l-3 grid--m-2 grid--s-1 gap--l\">\n<a class=\"compare-items-sect__btm-item\" href=\"https:\/\/www.sumologic.com\/vs\/splunk-enterprise-security\">\n<div class=\"compare-items-sect__btm-item-img-wrap\">\n<figure>\n<img decoding=\"async\" class=\"compare-items-sect__btm-item-img\" src=\"https:\/\/www.sumologic.com\/wp-content\/uploads\/sumo-logic-vs-splunk-card.webp\" alt=\"\" width=\"640\" height=\"360\" loading=\"lazy\" title=\"\">\n<\/figure>\n<\/div>\n\n\n\n<div class=\"compare-items-sect__btm-item-cont-wrap\">\n<h3 class=\"compare-items-sect__btm-item-heading\">Splunk SecOps vs. Sumo Logic<\/h3>\n\n\n\n<p class=\"compare-items-sect__btm-item-text\">Moderne Bedrohungen erfordern ein modernes SIEM. Sumo Logic bietet eine Cloud-native Plattform f\u00fcr Sicherheitsanalysen, die Teams hilft, schneller zu erkennen, zu untersuchen und zu reagieren &#8211; ohne die Kosten, die Komplexit\u00e4t und die Skalierungsgrenzen herk\u00f6mmlicher SIEMs.<\/p>\n\n\n\n<div class=\"btn-right-arrow compare-items-sect__btm-item-link\">Jetzt vergleichen<\/div>\n<\/div>\n<\/a>\n\n\n\n<a class=\"compare-items-sect__btm-item\" href=\"https:\/\/www.sumologic.com\/vs\/microsoft-sentinel\">\n<div class=\"compare-items-sect__btm-item-img-wrap\">\n<figure>\n<img decoding=\"async\" class=\"compare-items-sect__btm-item-img\" src=\"https:\/\/www.sumologic.com\/wp-content\/uploads\/sumo-logic-vs-microsoft-sentinel.webp\" alt=\"\" width=\"640\" height=\"360\" loading=\"lazy\" title=\"\">\n<\/figure>\n<\/div>\n\n\n\n<div class=\"compare-items-sect__btm-item-cont-wrap\">\n<h3 class=\"compare-items-sect__btm-item-heading\">Microsoft Sentinel vs. Sumo Logic<\/h3>\n\n\n\n<p class=\"compare-items-sect__btm-item-text\">Kostspielige Log-Erfassung, manuelle Triage und Azure-First-Einschr\u00e4nkungen \u2013 Microsoft Sentinel behindert Sicherheitsteams, die schnelle, automatisierte Einblicke in Multi-Cloud-Umgebungen ben\u00f6tigen.<\/p>\n\n\n\n<div class=\"btn-right-arrow compare-items-sect__btm-item-link\">Jetzt vergleichen<\/div>\n<\/div>\n<\/a>\n\n\n\n<a class=\"compare-items-sect__btm-item\" href=\"https:\/\/www.sumologic.com\/vs\/google-security-operations\">\n<div class=\"compare-items-sect__btm-item-img-wrap\">\n<figure>\n<img decoding=\"async\" class=\"compare-items-sect__btm-item-img\" src=\"https:\/\/www.sumologic.com\/wp-content\/uploads\/sumo-logic-vs-google-secops-card.webp\" alt=\"\" width=\"640\" height=\"360\" loading=\"lazy\" title=\"\">\n<\/figure>\n<\/div>\n\n\n\n<div class=\"compare-items-sect__btm-item-cont-wrap\">\n<h3 class=\"compare-items-sect__btm-item-heading\">Google SecOps vs. Sumo Logic<\/h3>\n\n\n\n<p class=\"compare-items-sect__btm-item-text\">Begrenzte Erkennungen, verrauschte Alarme, Regelerstellung nach dem Code-Prinzip und eine Komfortzone nur f\u00fcr die Google Cloud \u2013 Google SecOps bremst Teams, die schnelle, kontextbezogene Reaktionen in hybriden Umgebungen ben\u00f6tigen, aus.     <\/p>\n\n\n\n<div class=\"btn-right-arrow compare-items-sect__btm-item-link\">Jetzt vergleichen<\/div>\n<\/div>\n<\/a>\n\n\n\n<a class=\"compare-items-sect__btm-item\" href=\"https:\/\/www.sumologic.com\/vs\/splunk\">\n<div class=\"compare-items-sect__btm-item-img-wrap\">\n<figure>\n<img decoding=\"async\" class=\"compare-items-sect__btm-item-img\" src=\"https:\/\/www.sumologic.com\/wp-content\/uploads\/sumo-logic-vs-splunk-card.webp\" alt=\"\" width=\"640\" height=\"360\" loading=\"lazy\" title=\"\">\n<\/figure>\n<\/div>\n\n\n\n<div class=\"compare-items-sect__btm-item-cont-wrap\">\n<h3 class=\"compare-items-sect__btm-item-heading\">Splunk vs. Sumo Logic<\/h3>\n\n\n\n<p class=\"compare-items-sect__btm-item-text\">Der isolierte Ansatz von Splunk f\u00fcr Log-Analyse und SIEM erh\u00f6ht die Implementierungskosten und die Komplexit\u00e4t. Mit Sumo Logic vermeiden Sie horrende Kosten und k\u00f6nnen nahtlos skalieren.<\/p>\n\n\n\n<div class=\"btn-right-arrow compare-items-sect__btm-item-link\">Jetzt vergleichen<\/div>\n<\/div>\n<\/a>\n\n\n\n<a class=\"compare-items-sect__btm-item\" href=\"\/vs\/datadog\">\n<div class=\"compare-items-sect__btm-item-img-wrap\">\n<figure>\n<img decoding=\"async\" class=\"compare-items-sect__btm-item-img\" src=\"https:\/\/www.sumologic.com\/wp-content\/uploads\/sumo-logic-vs-datadog-card.webp\" alt=\"\" width=\"640\" height=\"360\" loading=\"lazy\" title=\"\">\n<\/figure>\n<\/div>\n\n\n\n<div class=\"compare-items-sect__btm-item-cont-wrap\">\n<h3 class=\"compare-items-sect__btm-item-heading\">Datadog vs. Sumo Logic<\/h3>\n\n\n\n<p class=\"compare-items-sect__btm-item-text\">Datadog kann unstrukturierte Daten nicht verarbeiten. Erfahren Sie, warum der einheitliche Ansatz bei allen Protokollen und ein Cloud-natives SIEM Sumo Logic so besonders macht.    <\/p>\n\n\n\n<div class=\"btn-right-arrow compare-items-sect__btm-item-link\">Jetzt vergleichen<\/div>\n<\/div>\n<\/a>\n\n\n\n<a class=\"compare-items-sect__btm-item\" href=\"\/vs\/elastic\">\n<div class=\"compare-items-sect__btm-item-img-wrap\">\n<figure>\n<img decoding=\"async\" class=\"compare-items-sect__btm-item-img\" src=\"https:\/\/www.sumologic.com\/wp-content\/uploads\/sumo-logic-vs-elastic-card.webp\" alt=\"\" width=\"640\" height=\"360\" loading=\"lazy\" title=\"\">\n<\/figure>\n<\/div>\n\n\n\n<div class=\"compare-items-sect__btm-item-cont-wrap\">\n<h3 class=\"compare-items-sect__btm-item-heading\">Elastic vs. Sumo Logic<\/h3>\n\n\n\n<p class=\"compare-items-sect__btm-item-text\">Elastic erf\u00fcllt nicht die Anforderungen von schnell agierenden Teams. Erfahren Sie, warum Sumo Logic auf Geschwindigkeit und Skalierbarkeit ausgelegt ist, mit einer mehrere Mandanten umfassenden Cloud-nativen Plattform, die bei Bedarf automatisch skaliert und beliebige Daten ohne vorherige Schemata aufnimmt.<\/p>\n\n\n\n<div class=\"btn-right-arrow compare-items-sect__btm-item-link\">Jetzt vergleichen<\/div>\n<\/div>\n<\/a>\n\n\n\n<a class=\"compare-items-sect__btm-item\" href=\"http:\/\/vs\/new-relic\">\n<div class=\"compare-items-sect__btm-item-img-wrap\">\n<figure>\n<img decoding=\"async\" class=\"compare-items-sect__btm-item-img\" src=\"https:\/\/www.sumologic.com\/wp-content\/uploads\/sumo-logic-vs-new-relic-card.webp\" alt=\"\" width=\"640\" height=\"360\" loading=\"lazy\" title=\"\">\n<\/figure>\n<\/div>\n\n\n\n<div class=\"compare-items-sect__btm-item-cont-wrap\">\n<h3 class=\"compare-items-sect__btm-item-heading\">New Relic vs. Sumo Logic<\/h3>\n\n\n\n<p class=\"compare-items-sect__btm-item-text\">Lassen Sie teure Lizenzmodelle pro Benutzer nicht Ihre Echtzeiteinblicke behindern. Bieten Sie allen Ihren Nutzern einfachen Zugriff auf eine einheitliche Sicherheits- und Observability-Plattform. Sehen Sie sich den direkten Vergleich zwischen Sumo Logic und New Relic an.<\/p>\n\n\n\n<div class=\"btn-right-arrow compare-items-sect__btm-item-link\">Jetzt vergleichen<\/div>\n<\/div>\n<\/a>\n\n\n\n<a class=\"compare-items-sect__btm-item\" href=\"\/vs\/coralogix\">\n<div class=\"compare-items-sect__btm-item-img-wrap\">\n<figure>\n<img decoding=\"async\" class=\"compare-items-sect__btm-item-img\" src=\"https:\/\/www.sumologic.com\/wp-content\/uploads\/sumo-logic-vs-colralogix-card.webp\" alt=\"\" width=\"640\" height=\"360\" loading=\"lazy\" title=\"\">\n<\/figure>\n<\/div>\n\n\n\n<div class=\"compare-items-sect__btm-item-cont-wrap\">\n<h3 class=\"compare-items-sect__btm-item-heading\">Coralogix vs. Sumo Logic<\/h3>\n\n\n\n<p class=\"compare-items-sect__btm-item-text\">Coralogix erscheint auf dem Papier simpel, doch die Pipeline-gesteuerte Komplexit\u00e4t kann Untersuchungen verlangsamen, sobald sich Anforderungen \u00e4ndern. Sumo Logic wurde f\u00fcr Teams entwickelt, die volle Freiheit bei der Suche, flexible Analysem\u00f6glichkeiten und planbare Kosten in jeder Gr\u00f6\u00dfenordnung ben\u00f6tigen.<\/p>\n\n\n\n<div class=\"btn-right-arrow compare-items-sect__btm-item-link\">Jetzt vergleichen<\/div>\n<\/div>\n<\/a>\n\n\n\n<a class=\"compare-items-sect__btm-item\" href=\"\/vs\/qradar\">\n<div class=\"compare-items-sect__btm-item-img-wrap\">\n<figure>\n<img decoding=\"async\" class=\"compare-items-sect__btm-item-img\" src=\"https:\/\/www.sumologic.com\/wp-content\/uploads\/sumo-logic-vs-qradar-card.webp\" alt=\"\" width=\"640\" height=\"360\" loading=\"lazy\" title=\"\">\n<\/figure>\n<\/div>\n\n\n\n<div class=\"compare-items-sect__btm-item-cont-wrap\">\n<h3 class=\"compare-items-sect__btm-item-heading\">QRadar vs. Sumo Logic<\/h3>\n\n\n\n<p class=\"compare-items-sect__btm-item-text\">SIEM-Anbieter konsolidieren sich \u2013 lassen Sie sich nicht von ihren Pl\u00e4nen einengen! \u00dcbernehmen Sie die Kontrolle \u00fcber Ihre Cloud-Migration, essentielle Funktionen und Kostenfragen.    <\/p>\n\n\n\n<div class=\"btn-right-arrow compare-items-sect__btm-item-link\">Jetzt vergleichen<\/div>\n<\/div>\n<\/a>\n<\/div>\n<\/div>\n<\/div>\n<\/section>\n\n<section id=\"section-7\" class=\"e-stn e-stn-e098a68275a08db3139a26f1ac787b30425306fe e-stn--dynamic-grid-section e-mt-0 e-pt-30 e-mb-80 e-pb-50\"><style>@media only screen and (max-width: 9999px) {\n\t\t\t\t\t\t\t\t\t.e-stn.e-stn-e098a68275a08db3139a26f1ac787b30425306fe { \n\t\t\t\t\t\t\t\t\t\tbackground-color: #ffffff; \n\t\t\t\t\t\t\t\t\t}\n\t\t\t\t\t\t\t\t}<\/style><div class=\"container\">\n\n\n<div class=\"wp-block-b3rg-row e-row row justify-content-center e-row--dlt\">\n<div class=\"wp-block-b3rg-column e-col e-col-fb16d19c19a5d501f2ddbce9412fd9f46af6fdf6  col-sm-4\">\n<div class=\"e-div e-div-431e405250f2ce8249058d3c4dd9ba0fc1b25722\">\n<h3 class=\"wp-block-heading mb-2 fs-4 has-eigengrau-color has-text-color has-link-color wp-elements-c7a083073e49126dce877523a323bfb0\" id=\"automated-insights\">Leistungsstarke Protokollsuche<\/h3>\n\n\n\n<p class=\"has-delft-blue-color has-text-color has-link-color wp-elements-a19bc894278ba859ba8ac7fd3e4e986a\">Die Abfragesprache von Sumo Logic und die patentierten LogReduce- und LogCompare-Funktionen erm\u00f6glichen das Durchsuchen strukturierter und unstrukturierter Daten, von Metriken und Traces bis hin zu Logs, ohne dass Stichproben genommen werden m\u00fcssen, um die volle Datengenauigkeit zu erreichen.<\/p>\n\n\n<div class=\"e-btn e-btn--black-common-link-with-arrow\"><a class=\"e-btn__link\"href=\"https:\/\/www.sumologic.com\/demo\/log-reduce-and-log-compare-to-filter-noise-for-faster-troubleshooting\" target=\"_self\">\n<p class=\"title\">Tour zu LogReduce und LogCompare<\/p>\n<\/a><\/div><\/div>\n<\/div>\n\n\n\n<div class=\"wp-block-b3rg-column e-col e-col-fb16d19c19a5d501f2ddbce9412fd9f46af6fdf6  col-sm-4\">\n<div class=\"e-div e-div-431e405250f2ce8249058d3c4dd9ba0fc1b25722\">\n<h3 class=\"wp-block-heading mb-2 fs-4 has-eigengrau-color has-text-color has-link-color wp-elements-8d98d8a3c41a618d3b449720952fea60\" id=\"cloud-native-architecture\">Flexible Lizenzierung<\/h3>\n\n\n\n<p class=\"has-delft-blue-color has-text-color has-link-color wp-elements-8c0298ec19153061c0dfdf4e74b3341b\">Das Flex-Lizenzierungsmodell von Sumo Logic wurde entwickelt, um die finanziellen H\u00fcrden f\u00fcr Unternehmen zu senken, die mit wachsenden Datenmengen zu k\u00e4mpfen haben. Durch die flexible Preisgestaltung erm\u00f6glicht es Sumo Logic seinen Kunden, ihre datengesteuerten Entscheidungsprozesse zu skalieren, ohne auf Transparenz oder Kontrolle verzichten zu m\u00fcssen.<\/p>\n\n\n<div class=\"e-btn e-btn--black-common-link-with-arrow\"><a class=\"e-btn__link\"href=\"https:\/\/www.sumologic.com\/pricing\" target=\"_self\">\n<p class=\"title\">Flex-Preiskalkulation<\/p>\n<\/a><\/div><\/div>\n<\/div>\n\n\n\n<div class=\"wp-block-b3rg-column e-col e-col-fb16d19c19a5d501f2ddbce9412fd9f46af6fdf6  col-sm-4\">\n<div class=\"e-div e-div-431e405250f2ce8249058d3c4dd9ba0fc1b25722\">\n<h3 class=\"wp-block-heading mb-2 fs-4 has-eigengrau-color has-text-color has-link-color wp-elements-49c75f5c2a49cb034d8f530f265d893b\" id=\"cloud-native-architecture\">Cloud-natives SIEM<\/h3>\n\n\n\n<p class=\"has-delft-blue-color has-text-color has-link-color wp-elements-96e6d5e59a7783e49541cc71009ae685\">Sumo Logic Cloud SIEM bietet Sicherheitsanalysten und SOC-Managern einen verbesserten Einblick in das gesamte Unternehmen, um den Umfang und den Kontext eines Angriffs genau zu erfassen. Optimierte Workflows sortieren automatisch Alarme, um bekannte und unbekannte Bedrohungen schneller zu erkennen.<\/p>\n\n\n<div class=\"e-btn e-btn--black-common-link-with-arrow\"><a class=\"e-btn__link\"href=\"https:\/\/www.sumologic.com\/solutions\/cloud-siem\" target=\"_self\">\n<p class=\"title\">Cloud-natives SIEM<\/p>\n<\/a><\/div><\/div>\n<\/div>\n<\/div>\n\n\n\n<div class=\"wp-block-b3rg-row e-row row\">\n<div class=\"wp-block-b3rg-column e-col e-col-a8a430092d6301ca0b738e2949102462319d06f7 col-sm-12\"><\/div>\n<\/div>\n<\/div><\/section>\n","protected":false},"excerpt":{"rendered":"","protected":false},"author":4,"featured_media":0,"parent":0,"menu_order":0,"comment_status":"closed","ping_status":"closed","template":"","meta":{"_acf_changed":false,"show_custom_date":false,"custom_date":"","featured":false,"featured_image":0,"learn_more_label":"","image_alt_text":"","learn_more_type":"","show_popup":false,"learn_more_link_file":0,"event_date":false,"event_start_date":"","event_end_date":"","place_holder_image_url":"","post_reading_time":"3","notification_enabled":false,"notification_text":"","notification_logo":"","notification_expiration_time":0,"is_enable_transparent_header":false,"selected_taxonomy_terms":{"translation_priority":[221]},"selected_primary_terms":[],"learn_more_link":[],"featured_page_list":[],"notification_enabled_post_list":[],"_gspb_post_css":".gsbp-f6171ff{display:flex;justify-content:center;flex-direction:column;align-items:center;padding-right:var(--wp--custom--spacing--side, min(3vw, 20px));padding-left:var(--wp--custom--spacing--side, min(3vw, 20px));margin-top:0;margin-bottom:0;position:relative}.gsbp-3a8a346{max-width:100%;width:1380px}.gsbp-73ecf70{object-position:50% 50%}","_relevanssi_hide_post":"","_relevanssi_hide_content":"","_relevanssi_pin_for_all":"","_relevanssi_pin_keywords":"","_relevanssi_unpin_keywords":"","_relevanssi_related_keywords":"","_relevanssi_related_include_ids":"","_relevanssi_related_exclude_ids":"","_relevanssi_related_no_append":"","_relevanssi_related_not_related":"","_relevanssi_related_posts":"","_relevanssi_noindex_reason":"","inline_featured_image":false,"footnotes":""},"class_list":["post-53124","page","type-page","status-publish","hentry"],"acf":[],"_links":{"self":[{"href":"https:\/\/www.sumologic.com\/de\/wp-json\/wp\/v2\/pages\/53124","targetHints":{"allow":["GET"]}}],"collection":[{"href":"https:\/\/www.sumologic.com\/de\/wp-json\/wp\/v2\/pages"}],"about":[{"href":"https:\/\/www.sumologic.com\/de\/wp-json\/wp\/v2\/types\/page"}],"author":[{"embeddable":true,"href":"https:\/\/www.sumologic.com\/de\/wp-json\/wp\/v2\/users\/4"}],"replies":[{"embeddable":true,"href":"https:\/\/www.sumologic.com\/de\/wp-json\/wp\/v2\/comments?post=53124"}],"version-history":[{"count":7,"href":"https:\/\/www.sumologic.com\/de\/wp-json\/wp\/v2\/pages\/53124\/revisions"}],"predecessor-version":[{"id":69121,"href":"https:\/\/www.sumologic.com\/de\/wp-json\/wp\/v2\/pages\/53124\/revisions\/69121"}],"wp:attachment":[{"href":"https:\/\/www.sumologic.com\/de\/wp-json\/wp\/v2\/media?parent=53124"}],"curies":[{"name":"wp","href":"https:\/\/api.w.org\/{rel}","templated":true}]}}