{"id":53125,"date":"2025-04-19T21:45:57","date_gmt":"2025-04-20T05:45:57","guid":{"rendered":"https:\/\/www.sumologic.com\/aws-logs-monitoring"},"modified":"2026-02-25T04:29:33","modified_gmt":"2026-02-25T12:29:33","slug":"aws-logs-monitoring","status":"publish","type":"page","link":"https:\/\/www.sumologic.com\/de\/lp\/aws-logs-monitoring","title":{"rendered":"AWS Logs Monitoring"},"content":{"rendered":"\n<section class=\"e-stn e-stn-e29c1412f8521d8d563da1604836dba45a7358a5 e-stn--main-banner\"><style>@media only screen and (max-width: 9999px) {\n\t\t\t\t\t\t\t\t\t.e-stn.e-stn-e29c1412f8521d8d563da1604836dba45a7358a5 { \n\t\t\t\t\t\t\t\t\t\tbackground-color: #101827; \n\t\t\t\t\t\t\t\t\t}\n\t\t\t\t\t\t\t\t}<\/style><div class=\"container\">\n<div class=\"wp-block-b3rg-row e-row row\">\n<div class=\"wp-block-b3rg-column e-col e-col-098b30900c82011ffda1c1452926d077909638cb e-col--content-wrapper  col-sm-12 col-lg-6 col-xl-8\">\n<figure class=\"wp-block-image size-large is-resized\"><img loading=\"lazy\" decoding=\"async\" width=\"490\" height=\"100\" src=\"https:\/\/www.sumologic.com\/wp-content\/uploads\/lockup-aws-sumo-logic-partnership_2023-10-17-175832_zsio.svg\" alt=\"\" class=\"wp-image-20188\" style=\"width:220px\" title=\"\"><\/figure>\n\n\n\n<h1 class=\"wp-block-heading has-pure-white-color has-text-color has-link-color wp-elements-75874e9f9af5d1cd37f3827266455caa\" id=\"find-and-fix-the-problem-with-log-analytics\">Finden und beheben Sie das Problem mittels Log-Analyse<\/h1>\n\n\n\n<p class=\"description has-chinese-silver-color has-text-color has-link-color wp-elements-747a819dcceba6166ebd77af022fee6b\">Erhalten Sie echte Transparenz mit Tools zur Fehlerbehebung f\u00fcr AWS<\/p>\n\n\n\n<div class=\"e-div e-div-b8650eb23605cc1c3c2b0261ca56a62af47c216e e-div--button-wrapper\"><div class=\"e-btn e-btn--blue-button-with-right-arrow\"><a class=\"e-btn__link\"href=\"https:\/\/www.sumologic.com\/sign-up\" target=\"_self\">\n<p class=\"title\">Kostenlose Testversion starten<\/p>\n<\/a><\/div><\/div>\n<\/div>\n\n\n\n<div class=\"wp-block-b3rg-column e-col e-col-ef5c02666130da2b0e406fb3a34e005682f9691c e-col--media-wrapper  col-sm-12 col-lg-6 col-xl-4\"><div class=\"e-img \">\n<figure class=\"wp-block-image size-full\"><img loading=\"lazy\" decoding=\"async\" width=\"382\" height=\"107\" src=\"https:\/\/www.sumologic.com\/wp-content\/uploads\/hero-demo-lp-hero.svg\" alt=\"Sumo Logic:  \" class=\"wp-image-20187\" title=\"\"><\/figure>\n<\/div><\/div>\n<\/div>\n<\/div><\/section>\n\n<div class=\"wp-block-group is-content-justification-center is-nowrap is-layout-flex wp-container-core-group-is-layout-23441af8 wp-block-group-is-layout-flex\">\n<div class=\"wp-block-columns is-layout-flex wp-container-core-columns-is-layout-28f84493 wp-block-columns-is-layout-flex\">\n<div class=\"wp-block-column is-layout-flow wp-block-column-is-layout-flow\" style=\"flex-basis:66.66%\">\n<h2 class=\"wp-block-heading\" id=\"see-the-difference-today\">Erleben Sie heute den Unterschied<\/h2>\n\n\n\n<p>Registrieren Sie sich f\u00fcr eine Demo und erhalten Sie eine kostenlose Reisetasche.<\/p>\n\n\n\n<ul class=\"wp-block-list\">\n<li>Besprechen Sie Ihre individuellen Bed\u00fcrfnisse und erhalten Sie Antworten auf Ihre Fragen<\/li>\n\n\n\n<li>Profitieren Sie von der einfachen Bereitstellung f\u00fcr Ihren AWS-Service\/Stack<\/li>\n<\/ul>\n\n\n<div class=\"e-btn e-btn--blue-button-with-right-arrow\"><a class=\"e-btn__link\"href=\"https:\/\/www.sumologic.com\/sign-up\" target=\"_self\">\n<p class=\"title\">Kostenlose Testversion starten<\/p>\n<\/a><\/div>\n\n\n<p class=\"has-small-font-size\">*Reisetasche nur in den Vereinigten Staaten erh\u00e4ltlich, solange der Vorrat reicht<\/p>\n<\/div>\n\n\n\n<div class=\"wp-block-column is-vertically-aligned-center is-layout-flow wp-block-column-is-layout-flow\" style=\"flex-basis:33.33%\">\n<figure class=\"wp-block-image size-full\"><img loading=\"lazy\" decoding=\"async\" width=\"628\" height=\"488\" src=\"https:\/\/www.sumologic.com\/wp-content\/uploads\/highlight-Sumo-Logic-AWS-Mockup-9.png\" alt=\"Sumo Logic\" class=\"wp-image-20193\" title=\"\" srcset=\"https:\/\/www.sumologic.com\/wp-content\/uploads\/highlight-Sumo-Logic-AWS-Mockup-9.png 628w, https:\/\/www.sumologic.com\/wp-content\/uploads\/highlight-Sumo-Logic-AWS-Mockup-9-300x233.png 300w, https:\/\/www.sumologic.com\/wp-content\/uploads\/highlight-Sumo-Logic-AWS-Mockup-9-575x447.png 575w\" sizes=\"auto, (max-width: 628px) 100vw, 628px\" \/><\/figure>\n<\/div>\n<\/div>\n<\/div>\n\n<div style=\"height:30px\" aria-hidden=\"true\" class=\"wp-block-spacer\"><\/div>\n\n<div class=\"wp-block-group is-content-justification-center is-nowrap is-layout-flex wp-container-core-group-is-layout-23441af8 wp-block-group-is-layout-flex\">\n<h2 class=\"wp-block-heading has-text-align-center\" id=\"aws-and-sumo-logic-empowering-you-with-insights\">AWS und Sumo Logic: Erkenntnisse, die Sie st\u00e4rken<\/h2>\n<\/div>\n\n<div style=\"height:40px\" aria-hidden=\"true\" class=\"wp-block-spacer\"><\/div>\n\n<section id=\"section-1\" class=\"e-stn e-stn-882ea8d4f6335bfbc25115eff8c5a9b78952f832 e-mt-0 e-pt-80 e-mb-0 e-pb-80\"><style>@media only screen and (max-width: 9999px) {\n\t\t\t\t\t\t\t\t\t.e-stn.e-stn-882ea8d4f6335bfbc25115eff8c5a9b78952f832 { \n\t\t\t\t\t\t\t\t\t\tbackground-color: #f8f9fa; \n\t\t\t\t\t\t\t\t\t}\n\t\t\t\t\t\t\t\t}<\/style><div class=\"container\">\n<div class=\"wp-block-b3rg-row e-row row\">\n<div class=\"wp-block-b3rg-column e-col e-col-30cf6e0d31fd8780616c8617a3382c2b2c7f4e3b e-col--content-wrapper  col-sm-12 col-lg-6\">\n<h2 class=\"wp-block-heading has-gunmetal-color has-text-color has-link-color has-large-font-size wp-elements-26e38479cd59f74836e354fa30cd7f02\" id=\"secure-saas-and-cloud-based-applications\">Starten Sie mit bew\u00e4hrten Verfahren von AWS und Sumo Logic<\/h2>\n\n\n\n<p>Gew\u00e4hrleisten Sie die Zuverl\u00e4ssigkeit Ihrer umsatzrelevanten und gesch\u00e4ftskritischen Anwendungen mit einer robusten, f\u00fcr AWS entwickelten Observability-Strategie. Lernen Sie Best Practices kennen, um die Log-Analytics-Plattform von Sumo Logic f\u00fcr das Monitoring und Troubleshooting Ihrer AWS-Umgebung optimal zu nutzen.<\/p>\n\n\n<div class=\"e-btn e-btn--underline-black-common-link-with-arrow\"><a class=\"e-btn__link\"href=\"https:\/\/www.sumologic.com\/briefs\/advancing-observability-on-aws-with-sumo-logic\" target=\"_self\">\n<p class=\"title\">Bericht herunterladen<\/p>\n<\/a><\/div><\/div>\n\n\n\n<div class=\"wp-block-b3rg-column e-col e-col-15df7f642de35e557df618afb20d16d065041e70 e-col--media-wrapper  col-sm-12 col-lg-6\"><div class=\"e-img \"><a href=\"http:\/\/www.youtube.com\/watch?v=T4WAZz8-r54\" data-fancybox=\"1\" data-type=\"iframe\" target=\"_blank\" rel=\"noopener\">\n<figure class=\"wp-block-image size-large\"><img loading=\"lazy\" decoding=\"async\" width=\"1024\" height=\"512\" src=\"https:\/\/www.sumologic.com\/wp-content\/uploads\/\/dashboard-SUMO_AWS_AdvancingOBS_1200x600-v2-1024x512.png\" alt=\"\" class=\"wp-image-20199\" title=\"\" srcset=\"https:\/\/www.sumologic.com\/wp-content\/uploads\/dashboard-SUMO_AWS_AdvancingOBS_1200x600-v2-1024x512.png 1024w, https:\/\/www.sumologic.com\/wp-content\/uploads\/dashboard-SUMO_AWS_AdvancingOBS_1200x600-v2-300x150.png 300w, https:\/\/www.sumologic.com\/wp-content\/uploads\/dashboard-SUMO_AWS_AdvancingOBS_1200x600-v2-768x384.png 768w, https:\/\/www.sumologic.com\/wp-content\/uploads\/dashboard-SUMO_AWS_AdvancingOBS_1200x600-v2-575x288.png 575w, https:\/\/www.sumologic.com\/wp-content\/uploads\/dashboard-SUMO_AWS_AdvancingOBS_1200x600-v2.png 1200w\" sizes=\"auto, (max-width: 1024px) 100vw, 1024px\" \/><\/figure>\n<\/a><\/div><\/div>\n<\/div>\n<\/div><\/section>\n\n<section id=\"section-2\" class=\"e-stn e-stn-c283737d522fe85a630debd574f46357ccedbb47 e-mt-0 e-pt-80 e-mb-0 e-pb-80\"><div class=\"container\">\n<div class=\"wp-block-b3rg-row e-row row\">\n<div class=\"wp-block-b3rg-column e-col e-col-15df7f642de35e557df618afb20d16d065041e70 e-col--media-wrapper  col-sm-12 col-lg-6\"><div class=\"e-img \"><a href=\"http:\/\/www.youtube.com\/watch?v=T4WAZz8-r54\" data-fancybox=\"1\" data-type=\"iframe\" target=\"_blank\" rel=\"noopener\">\n<figure class=\"wp-block-image size-large\"><img loading=\"lazy\" decoding=\"async\" width=\"1024\" height=\"512\" src=\"https:\/\/www.sumologic.com\/wp-content\/uploads\/\/dashboard-82_-less-downtime_1200x600-v2-1024x512.png\" alt=\"\" class=\"wp-image-20200\" title=\"\" srcset=\"https:\/\/www.sumologic.com\/wp-content\/uploads\/dashboard-82_-less-downtime_1200x600-v2-1024x512.png 1024w, https:\/\/www.sumologic.com\/wp-content\/uploads\/dashboard-82_-less-downtime_1200x600-v2-300x150.png 300w, https:\/\/www.sumologic.com\/wp-content\/uploads\/dashboard-82_-less-downtime_1200x600-v2-768x384.png 768w, https:\/\/www.sumologic.com\/wp-content\/uploads\/dashboard-82_-less-downtime_1200x600-v2-575x288.png 575w, https:\/\/www.sumologic.com\/wp-content\/uploads\/dashboard-82_-less-downtime_1200x600-v2.png 1200w\" sizes=\"auto, (max-width: 1024px) 100vw, 1024px\" \/><\/figure>\n<\/a><\/div><\/div>\n\n\n\n<div class=\"wp-block-b3rg-column e-col e-col-30cf6e0d31fd8780616c8617a3382c2b2c7f4e3b e-col--content-wrapper  col-sm-12 col-lg-6\">\n<h2 class=\"wp-block-heading has-gunmetal-color has-text-color has-link-color has-large-font-size wp-elements-2fab993b8ee935c10d0e22c5d4b8b060\" id=\"secure-saas-and-cloud-based-applications\">82 % weniger Ausfallzeiten<\/h2>\n\n\n\n<p>Sumo Logic erm\u00f6glicht es Ihnen, durch proaktive Observability die Zusammenarbeit zu verbessern, Ausfallzeiten zu reduzieren, Kosten einzusparen und die Produktivit\u00e4t zu steigern. Durch die Nutzung fortschrittlicher Funktionen beherrschen Sie die Komplexit\u00e4t von AWS-Umgebungen souver\u00e4n und sichern so nachhaltiges Wachstum und gesch\u00e4ftlichen Erfolg.<\/p>\n\n\n<div class=\"e-btn e-btn--underline-black-common-link-with-arrow\"><a class=\"e-btn__link\" href=\"https:\/\/www.sumologic.com\/blog\/82-percent-less-downtime-org-efficiency\" target=\"_self\">\n<p class=\"title\">Blog lesen<\/p>\n<\/a><\/div><\/div>\n<\/div>\n<\/div><\/section>\n\n<section id=\"section-1\" class=\"e-stn e-stn-882ea8d4f6335bfbc25115eff8c5a9b78952f832 e-mt-0 e-pt-80 e-mb-0 e-pb-80\"><style>@media only screen and (max-width: 9999px) {\n\t\t\t\t\t\t\t\t\t.e-stn.e-stn-882ea8d4f6335bfbc25115eff8c5a9b78952f832 { \n\t\t\t\t\t\t\t\t\t\tbackground-color: #f8f9fa; \n\t\t\t\t\t\t\t\t\t}\n\t\t\t\t\t\t\t\t}<\/style><div class=\"container\">\n<div class=\"wp-block-b3rg-row e-row row\">\n<div class=\"wp-block-b3rg-column e-col e-col-30cf6e0d31fd8780616c8617a3382c2b2c7f4e3b e-col--content-wrapper  col-sm-12 col-lg-6\">\n<h2 class=\"wp-block-heading has-gunmetal-color has-text-color has-link-color has-large-font-size wp-elements-3780ff8cea9aadd321dd395f1e955cdb\" id=\"secure-saas-and-cloud-based-applications\">Eine Weltklasse-Anwendung mit AWS Observability von Sumo Logic<\/h2>\n\n\n\n<p>\u201eSumo Logic erm\u00f6glicht uns einen einfachen Deep Dive in die Logs unseres gesamten Stacks \u2013 unabh\u00e4ngig davon, ob diese vom Applikations-Backend, unserem MFA-Provider oder unseren CI\/CD-Pipelines stammen. Es hilft uns, Probleme wesentlich schneller zu finden und zu priorisieren.\u201c \u2013 Jamie West, Head of DevSecOps bei Snoop<\/p>\n\n\n<div class=\"e-btn e-btn--underline-black-common-link-with-arrow\"><a class=\"e-btn__link\" href=\"https:\/\/www.sumologic.com\/blog\/aws-observability-dora-regulations\" target=\"_self\">\n<p class=\"title\">Blog lesen<\/p>\n<\/a><\/div><\/div>\n\n\n\n<div class=\"wp-block-b3rg-column e-col e-col-15df7f642de35e557df618afb20d16d065041e70 e-col--media-wrapper  col-sm-12 col-lg-6\"><div class=\"e-img \"><a href=\"http:\/\/www.youtube.com\/watch?v=T4WAZz8-r54\" data-fancybox=\"1\" data-type=\"iframe\" target=\"_blank\" rel=\"noopener\">\n<figure class=\"wp-block-image size-large\"><img loading=\"lazy\" decoding=\"async\" width=\"1024\" height=\"512\" src=\"https:\/\/www.sumologic.com\/wp-content\/uploads\/\/dashboard-AWS-Snoop-Sumo_1200x600-v2-1024x512.jpg\" alt=\"\" class=\"wp-image-20201\" title=\"\" srcset=\"https:\/\/www.sumologic.com\/wp-content\/uploads\/dashboard-AWS-Snoop-Sumo_1200x600-v2-1024x512.jpg 1024w, https:\/\/www.sumologic.com\/wp-content\/uploads\/dashboard-AWS-Snoop-Sumo_1200x600-v2-300x150.jpg 300w, https:\/\/www.sumologic.com\/wp-content\/uploads\/dashboard-AWS-Snoop-Sumo_1200x600-v2-768x384.jpg 768w, https:\/\/www.sumologic.com\/wp-content\/uploads\/dashboard-AWS-Snoop-Sumo_1200x600-v2-575x288.jpg 575w, https:\/\/www.sumologic.com\/wp-content\/uploads\/dashboard-AWS-Snoop-Sumo_1200x600-v2.jpg 1200w\" sizes=\"auto, (max-width: 1024px) 100vw, 1024px\" \/><\/figure>\n<\/a><\/div><\/div>\n<\/div>\n<\/div><\/section>\n\n<section id=\"section-2\" class=\"e-stn e-stn-c283737d522fe85a630debd574f46357ccedbb47 e-mt-0 e-pt-80 e-mb-0 e-pb-80\"><div class=\"container\">\n<div class=\"wp-block-b3rg-row e-row row\">\n<div class=\"wp-block-b3rg-column e-col e-col-15df7f642de35e557df618afb20d16d065041e70 e-col--media-wrapper  col-sm-12 col-lg-6\"><div class=\"e-img \"><a href=\"http:\/\/www.youtube.com\/watch?v=T4WAZz8-r54\" data-fancybox=\"1\" data-type=\"iframe\" target=\"_blank\" rel=\"noopener\">\n<figure class=\"wp-block-image size-large\"><img loading=\"lazy\" decoding=\"async\" width=\"1024\" height=\"512\" src=\"https:\/\/www.sumologic.com\/wp-content\/uploads\/\/dashboard-Samsung-CS_1200x600-v2-1024x512.jpg\" alt=\"\" class=\"wp-image-20203\" title=\"\" srcset=\"https:\/\/www.sumologic.com\/wp-content\/uploads\/dashboard-Samsung-CS_1200x600-v2-1024x512.jpg 1024w, https:\/\/www.sumologic.com\/wp-content\/uploads\/dashboard-Samsung-CS_1200x600-v2-300x150.jpg 300w, https:\/\/www.sumologic.com\/wp-content\/uploads\/dashboard-Samsung-CS_1200x600-v2-768x384.jpg 768w, https:\/\/www.sumologic.com\/wp-content\/uploads\/dashboard-Samsung-CS_1200x600-v2-575x288.jpg 575w, https:\/\/www.sumologic.com\/wp-content\/uploads\/dashboard-Samsung-CS_1200x600-v2.jpg 1200w\" sizes=\"auto, (max-width: 1024px) 100vw, 1024px\" \/><\/figure>\n<\/a><\/div><\/div>\n\n\n\n<div class=\"wp-block-b3rg-column e-col e-col-30cf6e0d31fd8780616c8617a3382c2b2c7f4e3b e-col--content-wrapper  col-sm-12 col-lg-6\">\n<h2 class=\"wp-block-heading has-gunmetal-color has-text-color has-link-color has-large-font-size wp-elements-3c4c0ccabac28eb5f85cb40510e66ca7\" id=\"secure-saas-and-cloud-based-applications\">KI-Plattform floriert mit riesigem Datenaufkommen<\/h2>\n\n\n\n<p>Der KI-gest\u00fctzte Assistent von Samsung, Bixby, basiert auf AWS mit einer durchschnittlichen t\u00e4glichen Log-Aufnahme von 35 TB pro Tag und floriert dank verbesserter Problemerkennung und -l\u00f6sung. Entdecken Sie, wie ihr Team dank Sumo Logic und AWS zusammenarbeitet.<\/p>\n\n\n<div class=\"e-btn e-btn--underline-black-common-link-with-arrow\"><a class=\"e-btn__link\" href=\"https:\/\/www.sumologic.com\/case-studies\/samsung\" target=\"_self\">\n<p class=\"title\">Fallstudie lesen<\/p>\n<\/a><\/div><\/div>\n<\/div>\n<\/div><\/section>\n\n<section class=\"e-stn e-stn-1ae2644aef81f26c1c5926bff7acc7e25ee1e117\"><div class=\"container\">\n<div class=\"wp-block-b3rg-row e-row row\">\n<div class=\"wp-block-b3rg-column e-col e-col-3fc3a6233cb7a35f1c94aab569c19f3c7c19d1a7  col-xs-12 col-sm-12\">\n<p class=\"has-text-align-center mb-1 has-delft-blue-color has-text-color has-link-color wp-elements-0f4f394fb98a781141516c20ae0a0485\" style=\"font-style:normal;font-weight:500;letter-spacing:0.03px;text-transform:uppercase\"><strong>So funktioniert&#8217;s<\/strong><\/p>\n\n\n\n<h2 class=\"wp-block-heading has-text-align-center mt-1 has-eigengrau-color has-text-color has-link-color wp-elements-7535da1ce638403239e3e1ba3d213b95\" id=\"get-to-the-root-cause-with-sumo-logic\">Gehen Sie mit Sumo Logic der Ursache auf den Grund<\/h2>\n<\/div>\n<\/div>\n<\/div><\/section>\n\n<section class=\"e-stn e-stn-1ae2644aef81f26c1c5926bff7acc7e25ee1e117\"><div class=\"container\">\n<div class=\"wp-block-b3rg-row e-row row\">\n<div class=\"wp-block-b3rg-column e-col e-col-a8a430092d6301ca0b738e2949102462319d06f7  col-sm-12\">\n<div>\n  <script async=\"\" src=\"https:\/\/js.storylane.io\/js\/v2\/storylane.js\"><\/script>\n  <div class=\"sl-embed\" style=\"position:relative;padding-bottom:calc(47.62% + 25px);width:100%;height:0;transform:scale(1)\">\n    <iframe loading=\"lazy\" class=\"sl-demo\" src=\"https:\/\/app.storylane.io\/demo\/cxsx3e5mufsx?embed=inline\" name=\"sl-embed\" allow=\"fullscreen\" allowfullscreen=\"\" style=\"position:absolute;top:0;left:0;width:100%!important;height:100%!important;border:1px solid rgba(63,95,172,0.35);box-shadow: 0px 0px 18px rgba(26, 19, 72, 0.15);border-radius:10px;box-sizing:border-box;\"><\/iframe>\n  <\/div>\n<\/div>\n<\/div>\n<\/div>\n<\/div><\/section>\n\n<section class=\"page-section resource-card-section gsbp-585e707 alignfull\" id=\"section-6\">\n<div>\n<div class=\"box-container resource-card-section__container\">\n<div class=\"resource-card-section__heading-wrapper\">\n<h2 class=\"resource-card-section__heading\">Zus\u00e4tzliche Ressourcen<\/h2>\n<\/div>\n\n\n\n<div class=\"grid--l-3 grid--m-2 grid--s-1 gap--l resource-block-wrapper mt-3 grid--3\">\n<a class=\"resource-block\" href=\"https:\/\/www.sumologic.com\/de\/solutions\/log-analytics\">\n<div class=\"resource-block__img-wrap\">\n<figure class=\"resource-block__figure\">\n<img decoding=\"async\" class=\"resource-block__img\" src=\"https:\/\/www.sumologic.com\/wp-content\/uploads\/thumb-LogAnalytics2.jpg\" alt=\"\" width=\"1118\" height=\"628\" loading=\"lazy\" title=\"\">\n<\/figure>\n<\/div>\n\n\n\n<div class=\"resource-block__body-wrap\">\n<div class=\"resource-block__sub-heading\">L\u00f6sung<\/div>\n\n\n\n<h3 class=\"resource-block__heading\">Skalierbare Log-Analyse<\/h3>\n\n\n\n<div class=\"btn-right-arrow resource-block__link\">Mehr erfahren<\/div>\n<\/div>\n<\/a>\n\n\n\n<a class=\"resource-block\" href=\"https:\/\/www.sumologic.com\/de\/app-catalog?_integration_cloud_provider=amazon-web-services\">\n<div class=\"resource-block__img-wrap\">\n<figure class=\"resource-block__figure\">\n<img decoding=\"async\" class=\"resource-block__img\" src=\"https:\/\/www.sumologic.com\/wp-content\/uploads\/thumb-aws-apps.png\" alt=\"\" width=\"652\" height=\"366\" loading=\"lazy\" title=\"\">\n<\/figure>\n<\/div>\n\n\n\n<div class=\"resource-block__body-wrap\">\n<div class=\"resource-block__sub-heading\">Integration<\/div>\n\n\n\n<h3 class=\"resource-block__heading\">AWS-Integrationen<\/h3>\n\n\n\n<div class=\"btn-right-arrow resource-block__link\">Integration ansehen<\/div>\n<\/div>\n<\/a>\n\n\n\n<a class=\"resource-block\" href=\"https:\/\/www.sumologic.com\/de\/solutions\/aws-monitoring\">\n<div class=\"resource-block__img-wrap\">\n<figure class=\"resource-block__figure\">\n<img decoding=\"async\" class=\"resource-block__img\" src=\"https:\/\/www.sumologic.com\/wp-content\/uploads\/thumb-AWSMonotoring_Page_652x366.jpg\" alt=\"\" width=\"1118\" height=\"628\" loading=\"lazy\" title=\"\">\n<\/figure>\n<\/div>\n\n\n\n<div class=\"resource-block__body-wrap\">\n<div class=\"resource-block__sub-heading\">L\u00f6sung<\/div>\n\n\n\n<h3 class=\"resource-block__heading\">AWS-Monitoring<\/h3>\n\n\n\n<div class=\"btn-right-arrow resource-block__link\">Mehr erfahren<\/div>\n<\/div>\n<\/a>\n<\/div>\n<\/div>\n<\/div>\n<\/section>\n\n<div style=\"height:40px\" aria-hidden=\"true\" class=\"wp-block-spacer\"><\/div>\n","protected":false},"excerpt":{"rendered":"<p>Erleben Sie heute den Unterschied Registrieren Sie sich f\u00fcr eine Demo und erhalten Sie eine kostenlose Reisetasche. *Reisetasche nur in den Vereinigten Staaten erh\u00e4ltlich, solange der Vorrat reicht AWS und Sumo Logic: Erkenntnisse, die Sie st\u00e4rken<\/p>\n","protected":false},"author":4,"featured_media":45302,"parent":53142,"menu_order":0,"comment_status":"closed","ping_status":"closed","template":"","meta":{"_acf_changed":false,"show_custom_date":false,"custom_date":"","featured":false,"featured_image":0,"learn_more_label":"","image_alt_text":"","learn_more_type":"","show_popup":false,"learn_more_link_file":0,"event_date":false,"event_start_date":"","event_end_date":"","place_holder_image_url":"","post_reading_time":"2","notification_enabled":false,"notification_text":"","notification_logo":"","notification_expiration_time":0,"is_enable_transparent_header":false,"selected_taxonomy_terms":{"translation_priority":[221]},"selected_primary_terms":[],"learn_more_link":[],"featured_page_list":[],"notification_enabled_post_list":[],"_gspb_post_css":".gsbp-9713641{display:flex;justify-content:center;flex-direction:column;align-items:center;padding-right:var(--wp--custom--spacing--side, min(3vw, 20px));padding-left:var(--wp--custom--spacing--side, min(3vw, 20px));margin-top:0;margin-bottom:0;position:relative;padding-top:var(--cf-space-xl);padding-bottom:var(--cf-space-xl)}.gsbp-1581a8b{max-width:100%;width:1380px}.related-items__left-col{display:flex;flex-direction:column;column-gap:var(--cf-space-m);row-gap:var(--cf-space-3xs)}body .related-items__heading:is(h1,h2,h3,h4,h5,h6){font-size:var(--cf-text-2xl)}.related-items__right-col{display:flex;column-gap:var(--space-l);row-gap:var(--space-l)}.related-items__item{padding-top:var(--cf-space-s);padding-bottom:var(--cf-space-s);padding-left:var(--cf-space-s);padding-right:var(--cf-space-s);display:flex;flex-direction:column;row-gap:var(--cf-space-xs);text-decoration:none;border-width:1px;border-style:solid;border-color:var(--cf-primary-30)}.related-items__item .relate-items__item-img{max-width:100%;height:auto;object-fit:cover}body .relate-items__item-title:is(h1,h2,h3,h4,h5,h6){text-decoration:none;color:var(--cf-primary)}.related-items__item .relate-items__item-img{text-decoration:none;margin-bottom:var(--cf-space-4xs)}.related-items__item .relate-items__item-title{text-decoration:none;font-size:var(--cf-text-l)}.related-items__item .related-items__item-btn{color:var(--cf-primary);padding-top:var(--cf-space-xs);padding-bottom:var(--cf-space-xs);padding-left:var(--cf-space-xs);padding-right:var(--cf-space-xs);border-width:1px;border-style:solid;max-width:150px;display:flex;justify-content:center}.related-items__item .related-items__item-text{color:var(--cf-primary)}","_relevanssi_hide_post":"","_relevanssi_hide_content":"","_relevanssi_pin_for_all":"","_relevanssi_pin_keywords":"","_relevanssi_unpin_keywords":"","_relevanssi_related_keywords":"","_relevanssi_related_include_ids":"","_relevanssi_related_exclude_ids":"","_relevanssi_related_no_append":"","_relevanssi_related_not_related":"","_relevanssi_related_posts":"","_relevanssi_noindex_reason":"Rank Math Relevanssi index exclude","inline_featured_image":false,"footnotes":""},"class_list":["post-53125","page","type-page","status-publish","has-post-thumbnail","hentry"],"acf":[],"_links":{"self":[{"href":"https:\/\/www.sumologic.com\/de\/wp-json\/wp\/v2\/pages\/53125","targetHints":{"allow":["GET"]}}],"collection":[{"href":"https:\/\/www.sumologic.com\/de\/wp-json\/wp\/v2\/pages"}],"about":[{"href":"https:\/\/www.sumologic.com\/de\/wp-json\/wp\/v2\/types\/page"}],"author":[{"embeddable":true,"href":"https:\/\/www.sumologic.com\/de\/wp-json\/wp\/v2\/users\/4"}],"replies":[{"embeddable":true,"href":"https:\/\/www.sumologic.com\/de\/wp-json\/wp\/v2\/comments?post=53125"}],"version-history":[{"count":11,"href":"https:\/\/www.sumologic.com\/de\/wp-json\/wp\/v2\/pages\/53125\/revisions"}],"predecessor-version":[{"id":70276,"href":"https:\/\/www.sumologic.com\/de\/wp-json\/wp\/v2\/pages\/53125\/revisions\/70276"}],"up":[{"embeddable":true,"href":"https:\/\/www.sumologic.com\/de\/wp-json\/wp\/v2\/pages\/53142"}],"wp:featuredmedia":[{"embeddable":true,"href":"https:\/\/www.sumologic.com\/de\/wp-json\/wp\/v2\/media\/45302"}],"wp:attachment":[{"href":"https:\/\/www.sumologic.com\/de\/wp-json\/wp\/v2\/media?parent=53125"}],"curies":[{"name":"wp","href":"https:\/\/api.w.org\/{rel}","templated":true}]}}