{"id":53134,"date":"2025-03-20T05:33:19","date_gmt":"2025-03-20T13:33:19","guid":{"rendered":"https:\/\/www.sumologic.com\/company\/newsroom\/news"},"modified":"2026-01-05T06:23:05","modified_gmt":"2026-01-05T14:23:05","slug":"news","status":"publish","type":"page","link":"https:\/\/www.sumologic.com\/de\/company\/newsroom\/news","title":{"rendered":"News"},"content":{"rendered":"\n<section class=\"glossary-header gsbp-5b9c720 alignfull\">\n<div class=\"gsbp-2287b7d\">\n<div class=\"grid--2 gap--s grid--m-1 box-container\">\n<div class=\"glossary-header__left-col\">\n<a class=\"header-backlink\" href=\"https:\/\/www.sumologic.com\/de\/company\/newsroom\">\n<p>Newsroom<\/p>\n<\/a>\n\n\n\n<h1 class=\"glossary-header__heading\">News<\/h1>\n<\/div>\n\n\n\n<div class=\"glossary-header-right-col\">\n<div class=\"glossary-header__img-wrapper\">\n<figure class=\"glossary-header__figure\">\n<img decoding=\"async\" class=\"glossary-header__img\" src=\"http:\/\/www.sumologic.com\/wp-content\/uploads\/blue-bg-img.svg\" alt=\"\" width=\"791\" height=\"200\" loading=\"lazy\" title=\"\">\n<\/figure>\n<\/div>\n<\/div>\n<\/div>\n<\/div>\n<\/section>\n\n<section class=\"gsbp-779c1af alignfull\">\n<div class=\"gsbp-653a9d7\">\n<div class=\"newsroom-type-nav-wrap\">\n  <a class=\"newsroom-type-nav-item\" href=\"https:\/\/www.sumologic.com\/de\/company\/newsroom\/news\">News<\/a><a class=\"newsroom-type-nav-item\" href=\"https:\/\/www.sumologic.com\/de\/company\/newsroom\/press-releases\">Pressemeldungen<\/a><a class=\"newsroom-type-nav-item\" href=\"https:\/\/www.sumologic.com\/de\/company\/newsroom\/awards\">Auszeichnungen<\/a><a class=\"newsroom-type-nav-item\" href=\"https:\/\/www.sumologic.com\/de\/company\/newsroom\/press-kit\">Virtual Press Kit<\/a>  \n<\/div>\n<\/div>\n<\/section>\n\n<section class=\"content-section gsbp-0d12de6 alignfull\">\n<div class=\"gsbp-d874d39\">\n<div class=\"box-container\">\n   <div class=\"facetwp-template\" data-name=\"news_page\"><div class=\"grid--3 grid--l-2 grid--m-1 stretch gap--l\">\n  \n              <div class=\"newsroom-item news-cont\">\n                          <a href=\"https:\/\/www.zdnet.com\/article\/ai-agents-make-great-teammates-but-dont-let-them-code-alone-heres-why\/\" target=\"_blank\" class=\"newsroom-item-link\" rel=\"noopener\">\n                        <div class=\"newsroom-item__top\">\n              <div class=\"newsroom-item__cont-wrapper\">\n                <div class=\"newsroom-item__cont-tag\">News <span> \/ May 30, 2025<\/span><\/div>\n                <h3>ZDNet | KI-Agenten sind gro\u00dfartige Teamkollegen, aber lassen Sie sie nicht alleine programmieren \u2013 aus diesem Grund<\/h3>\n              <\/div>\n            <\/div>\n            <div class=\"newsroom-item__btm\">\n              <p>Das Narrativ der vollst\u00e4ndig agentengesteuerten Softwareentwicklung \u201e\u00fcbersieht die zutiefst menschliche und vielschichtige Natur der Softwareentwicklung\u201c.<\/p>\n            <\/div>\n                          <\/a>\n                      <\/div>\n        \n  \n              <div class=\"newsroom-item news-cont\">\n                          <a href=\"https:\/\/channeljourneys.com\/how-sumo-logic-unlocked-partner-led-growth-timm-hoyt-cj165\/\" target=\"_blank\" class=\"newsroom-item-link\" rel=\"noopener\">\n                        <div class=\"newsroom-item__top\">\n              <div class=\"newsroom-item__cont-wrapper\">\n                <div class=\"newsroom-item__cont-tag\">News <span> \/ May 28, 2025<\/span><\/div>\n                <h3>Channel Journeys | Wie Sumo Logic partnergef\u00fchrtes Wachstum freisetzt \u2013 mit Timm Hoyt<\/h3>\n              <\/div>\n            <\/div>\n            <div class=\"newsroom-item__btm\">\n              <p>Lesen Sie \u00fcber umsetzbare Strategien zur Pflege effektiver Partnerschaften und zur F\u00f6rderung starken Gesch\u00e4ftswachstums durch einen partnerorientierten Ansatz.  <\/p>\n            <\/div>\n                          <\/a>\n                      <\/div>\n        \n  \n              <div class=\"newsroom-item news-cont\">\n                          <a href=\"https:\/\/www.channelpronetwork.com\/2025\/05\/26\/voice-of-the-vendor-rsac-2025-part-3\/\" target=\"_blank\" class=\"newsroom-item-link\" rel=\"noopener\">\n                        <div class=\"newsroom-item__top\">\n              <div class=\"newsroom-item__cont-wrapper\">\n                <div class=\"newsroom-item__cont-tag\">News <span> \/ May 26, 2025<\/span><\/div>\n                <h3>The ChannelPro Network | Voice of the Vendor: RSAC 2025, Teil 3<\/h3>\n              <\/div>\n            <\/div>\n            <div class=\"newsroom-item__btm\">\n              <p>Erleben Sie Ray Lyons von ChannelPro live auf der RSAC 2025 in San Francisco. In dieser Folge von  Voice of the Vendor spricht er mit Bitdefender, Sumo Logic, Vanta und BeyondTrust.<\/p>\n            <\/div>\n                          <\/a>\n                      <\/div>\n        \n  \n              <div class=\"newsroom-item news-cont\">\n                          <a href=\"https:\/\/cybertechnologyinsights.com\/cloud-security\/what-are-the-top-5-next-gen-siem-platforms-in-2025\/\" target=\"_blank\" class=\"newsroom-item-link\" rel=\"noopener\">\n                        <div class=\"newsroom-item__top\">\n              <div class=\"newsroom-item__cont-wrapper\">\n                <div class=\"newsroom-item__cont-tag\">News <span> \/ May 16, 2025<\/span><\/div>\n                <h3>Cyber Technology Insights | Die 5 wichtigsten SIEM-Plattformen der n\u00e4chsten Generation im Jahr 2025<\/h3>\n              <\/div>\n            <\/div>\n            <div class=\"newsroom-item__btm\">\n              <p>Diese f\u00fcnf Plattformen treiben diese Entwicklung im Jahr 2025 voran. Werfen Sie einen Blick auf die 5 wichtigsten SIEM-Plattformen der n\u00e4chsten Generation, die die Unternehmenssicherheit von heute neu gestalten werden.<\/p>\n            <\/div>\n                          <\/a>\n                      <\/div>\n        \n  \n              <div class=\"newsroom-item news-cont\">\n                          <a href=\"https:\/\/www.cybersecuritytribe.com\/articles\/how-agentic-ai-is-shaping-cybersecurity-in-2025\" target=\"_blank\" class=\"newsroom-item-link\" rel=\"noopener\">\n                        <div class=\"newsroom-item__top\">\n              <div class=\"newsroom-item__cont-wrapper\">\n                <div class=\"newsroom-item__cont-tag\">News <span> \/ May 16, 2025<\/span><\/div>\n                <h3>Cyber Security Tribe | Experten enth\u00fcllen, wie agentische KI die Cybersicherheit im Jahr 2025 pr\u00e4gen wird<\/h3>\n              <\/div>\n            <\/div>\n            <div class=\"newsroom-item__btm\">\n              <p>Im Rahmen des Jahresberichts 2025 des Cyber Security Tribe haben wir unsere CISO-Community gefragt, ob ihre Organisation agentische KI in der Cybersicherheit einsetzt. 59 % gaben an, dies sei noch in Arbeit.  <\/p>\n            <\/div>\n                          <\/a>\n                      <\/div>\n        \n  \n              <div class=\"newsroom-item news-cont\">\n                          <a href=\"https:\/\/event.computing.co.uk\/securityexcellenceawards\/en\/page\/2025-shortlist?hss_channel=tw-21258231\" target=\"_blank\" class=\"newsroom-item-link\" rel=\"noopener\">\n                        <div class=\"newsroom-item__top\">\n              <div class=\"newsroom-item__cont-wrapper\">\n                <div class=\"newsroom-item__cont-tag\">News <span> \/ May 14, 2025<\/span><\/div>\n                <h3>Computing | Shortlist 2025<\/h3>\n              <\/div>\n            <\/div>\n            <div class=\"newsroom-item__btm\">\n              <p>Sumo Logic Cloud SIEM wurde als Finalist f\u00fcr den Computing Security Excellence Awards 2025 Cloud Security Award nominiert.<\/p>\n            <\/div>\n                          <\/a>\n                      <\/div>\n        \n  \n              <div class=\"newsroom-item news-cont\">\n                          <a href=\"https:\/\/dev.to\/alvinslee\/the-human-side-of-logs-what-unstructured-data-is-trying-to-tell-you-3hi1\" target=\"_blank\" class=\"newsroom-item-link\" rel=\"noopener\">\n                        <div class=\"newsroom-item__top\">\n              <div class=\"newsroom-item__cont-wrapper\">\n                <div class=\"newsroom-item__cont-tag\">News <span> \/ May 12, 2025<\/span><\/div>\n                <h3>DEV Community | Die menschliche Seite von Logs: Was unstrukturierte Daten Ihnen zu sagen versuchen<\/h3>\n              <\/div>\n            <\/div>\n            <div class=\"newsroom-item__btm\">\n              <p>Es gibt Werkzeuge, um unstrukturierte Daten nutzbar zu machen. Jetzt geht es darum, sie einzusetzen. Die menschliche Seite der Protokolle spricht. H\u00f6ren Sie zu.<\/p>\n            <\/div>\n                          <\/a>\n                      <\/div>\n        \n  \n              <div class=\"newsroom-item news-cont\">\n                          <a href=\"https:\/\/expertinsights.com\/ai-solutions\/agentic-ai-deep-dive\" target=\"_blank\" class=\"newsroom-item-link\" rel=\"noopener\">\n                        <div class=\"newsroom-item__top\">\n              <div class=\"newsroom-item__cont-wrapper\">\n                <div class=\"newsroom-item__cont-tag\">News <span> \/ May 8, 2025<\/span><\/div>\n                <h3>Expert Insights | \u201eAgentic AI\u201c: Eine autonome Zukunft f\u00fcr Cybersecurity oder nur ein weiteres Schlagwort??<\/h3>\n              <\/div>\n            <\/div>\n            <div class=\"newsroom-item__btm\">\n              <p>In diesem Bericht geht es darum, zu erl\u00e4utern, was agentenbasierte KI ist, wie sie die Cybersicherheit umgestaltet und ob agentenbasierte KI echte Sicherheitserkenntnisse liefern kann.  <\/p>\n            <\/div>\n                          <\/a>\n                      <\/div>\n        \n  \n              <div class=\"newsroom-item news-cont\">\n                          <a href=\"https:\/\/devops.com\/sumo-logic-previews-ai-tool-to-analyze-telemetry-data\/\" target=\"_blank\" class=\"newsroom-item-link\" rel=\"noopener\">\n                        <div class=\"newsroom-item__top\">\n              <div class=\"newsroom-item__cont-wrapper\">\n                <div class=\"newsroom-item__cont-tag\">News <span> \/ May 8, 2025<\/span><\/div>\n                <h3>DevOps.com | Sumo Logic stellt KI-Tool zur Analyse von Telemetriedaten vor<\/h3>\n              <\/div>\n            <\/div>\n            <div class=\"newsroom-item__btm\">\n              <p>Sumo Logic hat einen Prototyp eines generativen KI-Tools entwickelt, das textbasierte Zusammenfassungen aus gro\u00dfen Mengen von Log- und Telemetriedaten erstellt, die von seiner Log-Analyseplattform gesammelt werden.<\/p>\n            <\/div>\n                          <\/a>\n                      <\/div>\n        \n  \n              <div class=\"newsroom-item news-cont\">\n                          <a href=\"https:\/\/www.channelpronetwork.com\/2025\/05\/02\/syncro-xmm-launches-more-channel-headlines\/\" target=\"_blank\" class=\"newsroom-item-link\" rel=\"noopener\">\n                        <div class=\"newsroom-item__top\">\n              <div class=\"newsroom-item__cont-wrapper\">\n                <div class=\"newsroom-item__cont-tag\">News <span> \/ May 2, 2025<\/span><\/div>\n                <h3>The ChannelPro Network | Wichtigste Channel-Schlagzeilen<\/h3>\n              <\/div>\n            <\/div>\n            <div class=\"newsroom-item__btm\">\n              <p>Syncro bringt XMM auf den Markt, Malwarebytes erweitert ThreatDown-Partnerprogramm und mehr<\/p>\n            <\/div>\n                          <\/a>\n                      <\/div>\n        \n  \n              <div class=\"newsroom-item news-cont\">\n                          <a href=\"https:\/\/expertinsights.com\/newsletter\/cybersecurity-decrypted-31\" target=\"_blank\" class=\"newsroom-item-link\" rel=\"noopener\">\n                        <div class=\"newsroom-item__top\">\n              <div class=\"newsroom-item__cont-wrapper\">\n                <div class=\"newsroom-item__cont-tag\">News <span> \/ May 1, 2025<\/span><\/div>\n                <h3>Expert Insights | Cybersecurity Decrypted #31: Live @ RSAC 2025<\/h3>\n              <\/div>\n            <\/div>\n            <div class=\"newsroom-item__btm\">\n              <p>Wichtige Einblicke von Cybersecurity-Experten auf der RSAC 2025<\/p>\n            <\/div>\n                          <\/a>\n                      <\/div>\n        \n  \n              <div class=\"newsroom-item news-cont\">\n                          <a href=\"https:\/\/securityboulevard.com\/2025\/05\/best-10-soc-tools-for-security-operations-and-threat-detection\/\" target=\"_blank\" class=\"newsroom-item-link\" rel=\"noopener\">\n                        <div class=\"newsroom-item__top\">\n              <div class=\"newsroom-item__cont-wrapper\">\n                <div class=\"newsroom-item__cont-tag\">News <span> \/ May 1, 2025<\/span><\/div>\n                <h3>Security Boulevard | Die 10 besten SOC-Tools f\u00fcr Sicherheitsoperationen und Bedrohungserkennungen<\/h3>\n              <\/div>\n            <\/div>\n            <div class=\"newsroom-item__btm\">\n              <p>\u00dcberblick \u00fcber die 10 wichtigsten SOC-Plattformen, die den modernen Betrieb pr\u00e4gen. Dabei werden die Faktoren untersucht, die dar\u00fcber entscheiden, ob ein Unternehmen ein internes SOC aufbauen oder sich f\u00fcr eine verwaltete L\u00f6sung entscheiden sollte.<\/p>\n            <\/div>\n                          <\/a>\n                      <\/div>\n        \n  <\/div>\n<\/div>   \n\n\n\n<div class=\"content-section__pagination\">\n<div class=\"content-section__pagination-desk gsbp-536cad6\">\n   <div class=\"facetwp-facet facetwp-facet-pagination facetwp-type-pager\" data-name=\"pagination\" data-type=\"pager\"><\/div>   \n<\/div>\n\n\n\n<div class=\"content-section__pagination-mobile gsbp-6ace0bf\">\n   <div class=\"facetwp-facet facetwp-facet-mobile_pagination facetwp-type-pager\" data-name=\"mobile_pagination\" data-type=\"pager\"><\/div>   \n<\/div>\n<\/div>\n<\/div>\n<\/div>\n<\/section>\n","protected":false},"excerpt":{"rendered":"","protected":false},"author":7,"featured_media":0,"parent":52497,"menu_order":0,"comment_status":"closed","ping_status":"closed","template":"","meta":{"_acf_changed":false,"show_custom_date":false,"custom_date":"","featured":false,"featured_image":0,"learn_more_label":"","image_alt_text":"","learn_more_type":"","show_popup":false,"learn_more_link_file":0,"event_date":false,"event_start_date":"","event_end_date":"","place_holder_image_url":"","post_reading_time":"< 1","notification_enabled":false,"notification_text":"","notification_logo":"","notification_expiration_time":0,"is_enable_transparent_header":false,"selected_taxonomy_terms":{"translation_priority":[221]},"selected_primary_terms":[],"learn_more_link":[],"featured_page_list":[],"notification_enabled_post_list":[],"_gspb_post_css":".glossary-header{background-color:var(--cf-primary);overflow:hidden}.gsbp-5b9c720{display:flex;justify-content:center;flex-direction:column;align-items:center;padding-right:var(--wp--custom--spacing--side, min(3vw, 20px));padding-left:var(--wp--custom--spacing--side, min(3vw, 20px));margin-top:0;margin-bottom:0;position:relative}.gsbp-2287b7d{max-width:100%;width:1380px}.glossary-header__left-col{padding-top:var(--space-xl);padding-bottom:var(--space-xl)}body .glossary-header__heading:is(h1,h2,h3,h4,h5,h6){font-size:var(--cf-text-2xl);color:#fff}.glossary-header-right-col{position:relative}@media (min-width:768px) and (max-width:991.98px){.glossary-header-right-col{display:none!important}}@media (min-width:576px) and (max-width:767.98px){.glossary-header-right-col{display:none!important}}@media (max-width:575.98px){.glossary-header-right-col{display:none!important}}.gsbp-779c1af{display:flex;justify-content:center;flex-direction:column;align-items:center;padding-right:var(--wp--custom--spacing--side, min(3vw, 20px));padding-left:var(--wp--custom--spacing--side, min(3vw, 20px));margin-top:0;margin-bottom:0;position:relative}.gsbp-653a9d7{max-width:100%;width:1380px}.gsbp-0d12de6,.newsroom-type-nav-wrap{display:flex;justify-content:center;align-items:center}.newsroom-type-nav-wrap{flex-direction:row;column-gap:var(--cf-space-l);padding-top:var(--space-m)}.gsbp-0d12de6{flex-direction:column;padding-right:var(--wp--custom--spacing--side, min(3vw, 20px));padding-left:var(--wp--custom--spacing--side, min(3vw, 20px));margin-top:0;margin-bottom:0;position:relative}.gsbp-d874d39{max-width:100%;width:1380px}","_relevanssi_hide_post":"","_relevanssi_hide_content":"","_relevanssi_pin_for_all":"","_relevanssi_pin_keywords":"","_relevanssi_unpin_keywords":"","_relevanssi_related_keywords":"","_relevanssi_related_include_ids":"","_relevanssi_related_exclude_ids":"","_relevanssi_related_no_append":"","_relevanssi_related_not_related":"","_relevanssi_related_posts":"","_relevanssi_noindex_reason":"","inline_featured_image":false,"footnotes":""},"class_list":["post-53134","page","type-page","status-publish","hentry"],"acf":[],"_links":{"self":[{"href":"https:\/\/www.sumologic.com\/de\/wp-json\/wp\/v2\/pages\/53134","targetHints":{"allow":["GET"]}}],"collection":[{"href":"https:\/\/www.sumologic.com\/de\/wp-json\/wp\/v2\/pages"}],"about":[{"href":"https:\/\/www.sumologic.com\/de\/wp-json\/wp\/v2\/types\/page"}],"author":[{"embeddable":true,"href":"https:\/\/www.sumologic.com\/de\/wp-json\/wp\/v2\/users\/7"}],"replies":[{"embeddable":true,"href":"https:\/\/www.sumologic.com\/de\/wp-json\/wp\/v2\/comments?post=53134"}],"version-history":[{"count":5,"href":"https:\/\/www.sumologic.com\/de\/wp-json\/wp\/v2\/pages\/53134\/revisions"}],"predecessor-version":[{"id":64993,"href":"https:\/\/www.sumologic.com\/de\/wp-json\/wp\/v2\/pages\/53134\/revisions\/64993"}],"up":[{"embeddable":true,"href":"https:\/\/www.sumologic.com\/de\/wp-json\/wp\/v2\/pages\/52497"}],"wp:attachment":[{"href":"https:\/\/www.sumologic.com\/de\/wp-json\/wp\/v2\/media?parent=53134"}],"curies":[{"name":"wp","href":"https:\/\/api.w.org\/{rel}","templated":true}]}}