{"id":53171,"date":"2025-03-20T06:04:49","date_gmt":"2025-03-20T14:04:49","guid":{"rendered":"https:\/\/www.sumologic.com\/company\/newsroom\/auszeichnungen"},"modified":"2026-01-07T07:14:59","modified_gmt":"2026-01-07T15:14:59","slug":"awards","status":"publish","type":"page","link":"https:\/\/www.sumologic.com\/de\/company\/newsroom\/awards","title":{"rendered":"Auszeichnungen"},"content":{"rendered":"\n<section class=\"glossary-header gsbp-5b9c720 alignfull\">\n<div class=\"gsbp-2287b7d\">\n<div class=\"grid--2 gap--s grid--m-1 box-container\">\n<div class=\"glossary-header__left-col\">\n<a class=\"header-backlink\" href=\"https:\/\/www.sumologic.com\/de\/company\/newsroom\">\n<p>Newsroom<\/p>\n<\/a>\n\n\n\n<h1 class=\"glossary-header__heading\">Auszeichnungen<\/h1>\n<\/div>\n\n\n\n<div class=\"glossary-header-right-col\">\n<div class=\"glossary-header__img-wrapper\">\n<figure class=\"glossary-header__figure\">\n<img decoding=\"async\" class=\"glossary-header__img\" src=\"http:\/\/www.sumologic.com\/wp-content\/uploads\/blue-bg-img.svg\" alt=\"\" width=\"791\" height=\"200\" loading=\"lazy\" title=\"\">\n<\/figure>\n<\/div>\n<\/div>\n<\/div>\n<\/div>\n<\/section>\n\n<section class=\"newsroom-type-nav gsbp-406eae3 alignfull\">\n<div class=\"gsbp-cabbe85\">\n<div class=\"newsroom-type-nav-wrap\">\n  <a class=\"newsroom-type-nav-item\" href=\"https:\/\/www.sumologic.com\/de\/company\/newsroom\/news\">News<\/a><a class=\"newsroom-type-nav-item\" href=\"https:\/\/www.sumologic.com\/de\/company\/newsroom\/press-releases\">Pressemeldungen<\/a><a class=\"newsroom-type-nav-item\" href=\"https:\/\/www.sumologic.com\/de\/company\/newsroom\/awards\">Auszeichnungen<\/a><a class=\"newsroom-type-nav-item\" href=\"https:\/\/www.sumologic.com\/de\/company\/newsroom\/press-kit\">Virtual Press Kit<\/a>  \n<\/div>\n<\/div>\n<\/section>\n\n<section class=\"content-section gsbp-0d12de6 alignfull\">\n<div class=\"gsbp-d874d39\">\n<div class=\"box-container\">\n   <div class=\"facetwp-template\" data-name=\"awards_page\"><div class=\"grid--3 grid--l-2 grid--m-1 stretch gap--l\">\n  \n              <div class=\"newsroom-item award-cont\">\n            <div class=\"newsroom-item__top\">\n              <div class=\"newsroom-item__cont-wrapper\">\n                <div class=\"newsroom-item__cont-tag\">Awards<\/div>\n                <h3>CRN Big Data 100 2025<\/h3>\n              <\/div>\n            <\/div>\n            <div class=\"newsroom-item__btm\">\n                              <div class=\"newsroom-item__img-wrapper\">\n                  <img decoding=\"async\" src=\"https:\/\/www.sumologic.com\/wp-content\/uploads\/CRN_BigData100_2025_Logo.png\" alt=\"\" title=\"\">\n                <\/div>\n                            <div class=\"newsroom-item__cont-award-desc\">\n                <p>Die Big Data 100 ist eine j\u00e4hrliche Liste der wichtigsten Anbieter mit innovativen, zukunftsweisenden Produkten und Dienstleistungen zur Datenanalyse.<\/p>\n              <\/div>\n            <\/div>\n          <\/div>\n        \n  \n              <div class=\"newsroom-item award-cont\">\n            <div class=\"newsroom-item__top\">\n              <div class=\"newsroom-item__cont-wrapper\">\n                <div class=\"newsroom-item__cont-tag\">Awards<\/div>\n                <h3>CRN Security 100 2025<\/h3>\n              <\/div>\n            <\/div>\n            <div class=\"newsroom-item__btm\">\n                              <div class=\"newsroom-item__img-wrapper\">\n                  <img decoding=\"async\" src=\"https:\/\/www.sumologic.com\/wp-content\/uploads\/CRN-top-100-security-2025-1-v2.png\" alt=\"\" title=\"\">\n                <\/div>\n                            <div class=\"newsroom-item__cont-award-desc\">\n                <p>Die CRN Security 100 f\u00fcr das Jahr 2025 hebt vertriebsfreundliche Anbieter von Cybersicherheitsl\u00f6sungen in einer Reihe von Marktsegmenten hervor.<\/p>\n              <\/div>\n            <\/div>\n          <\/div>\n        \n  \n              <div class=\"newsroom-item award-cont\">\n            <div class=\"newsroom-item__top\">\n              <div class=\"newsroom-item__cont-wrapper\">\n                <div class=\"newsroom-item__cont-tag\">Awards<\/div>\n                <h3>Global InfoSec Awards 2025<\/h3>\n              <\/div>\n            <\/div>\n            <div class=\"newsroom-item__btm\">\n                              <div class=\"newsroom-item__img-wrapper\">\n                  <img decoding=\"async\" src=\"https:\/\/www.sumologic.com\/wp-content\/uploads\/Global-InfoSec-Awards-Winner-for-2025-large-1.jpg\" alt=\"\" title=\"\">\n                <\/div>\n                            <div class=\"newsroom-item__cont-award-desc\">\n                <p>Sumo Logic wurde mit zwei Preisen geehrt: \u201ePioneering SIEM\u201c und \u201eGroundbreaking Cloud Native Security\u201c.<\/p>\n              <\/div>\n            <\/div>\n          <\/div>\n        \n  \n              <div class=\"newsroom-item award-cont\">\n            <div class=\"newsroom-item__top\">\n              <div class=\"newsroom-item__cont-wrapper\">\n                <div class=\"newsroom-item__cont-tag\">Awards<\/div>\n                <h3>2025 Enterprise Security Tech Cyber Top-Unternehmen<\/h3>\n              <\/div>\n            <\/div>\n            <div class=\"newsroom-item__btm\">\n                              <div class=\"newsroom-item__img-wrapper\">\n                  <img decoding=\"async\" src=\"https:\/\/www.sumologic.com\/wp-content\/uploads\/Cyber-Top-Companies-1.png\" alt=\"\" title=\"\">\n                <\/div>\n                            <div class=\"newsroom-item__cont-award-desc\">\n                <p>Enterprise Security Tech hat Sumo Logic f\u00fcr seine Produktinnovation und seinen Service als eines der sechs besten Unternehmen in der Cybersicherheitsbranche ausgezeichnet.<\/p>\n              <\/div>\n            <\/div>\n          <\/div>\n        \n  \n              <div class=\"newsroom-item award-cont\">\n            <div class=\"newsroom-item__top\">\n              <div class=\"newsroom-item__cont-wrapper\">\n                <div class=\"newsroom-item__cont-tag\">Awards<\/div>\n                <h3>2025 SC Awards<\/h3>\n              <\/div>\n            <\/div>\n            <div class=\"newsroom-item__btm\">\n                              <div class=\"newsroom-item__img-wrapper\">\n                  <img decoding=\"async\" src=\"https:\/\/www.sumologic.com\/wp-content\/uploads\/22963786-sca-winner-4000x4000-2.png\" alt=\"\" title=\"\">\n                <\/div>\n                            <div class=\"newsroom-item__cont-award-desc\">\n                <p>Sumo Logic wurde zum Gewinner der besten KI\/ML-Datenanalyse-Sicherheitsl\u00f6sung f\u00fcr 2025 gek\u00fcrt.<\/p>\n              <\/div>\n            <\/div>\n          <\/div>\n        \n  \n              <div class=\"newsroom-item award-cont\">\n            <div class=\"newsroom-item__top\">\n              <div class=\"newsroom-item__cont-wrapper\">\n                <div class=\"newsroom-item__cont-tag\">Awards<\/div>\n                <h3>SC Awards Europa 2025: Finalist<\/h3>\n              <\/div>\n            <\/div>\n            <div class=\"newsroom-item__btm\">\n                              <div class=\"newsroom-item__img-wrapper\">\n                  <img decoding=\"async\" src=\"https:\/\/www.sumologic.com\/wp-content\/uploads\/sc-awards-europe-1.png\" alt=\"\" title=\"\">\n                <\/div>\n                            <div class=\"newsroom-item__cont-award-desc\">\n                <p>Sumo Logic ist Finalist f\u00fcr die beste SIEM-L\u00f6sung bei den SC Awards Europe 2025.<\/p>\n              <\/div>\n            <\/div>\n          <\/div>\n        \n  \n              <div class=\"newsroom-item award-cont\">\n            <div class=\"newsroom-item__top\">\n              <div class=\"newsroom-item__cont-wrapper\">\n                <div class=\"newsroom-item__cont-tag\">Awards<\/div>\n                <h3>Data Breakthrough Award 2025 f\u00fcr die beste Log Analytics-L\u00f6sung<\/h3>\n              <\/div>\n            <\/div>\n            <div class=\"newsroom-item__btm\">\n                              <div class=\"newsroom-item__img-wrapper\">\n                  <img decoding=\"async\" src=\"https:\/\/www.sumologic.com\/wp-content\/uploads\/Data_Breakthrough_Awards_2025-1.png\" alt=\"\" title=\"\">\n                <\/div>\n                            <div class=\"newsroom-item__cont-award-desc\">\n                <p>Sumo Logic als Log Analytics-L\u00f6sung des Jahres ausgezeichnet<\/p>\n              <\/div>\n            <\/div>\n          <\/div>\n        \n  \n              <div class=\"newsroom-item award-cont\">\n            <div class=\"newsroom-item__top\">\n              <div class=\"newsroom-item__cont-wrapper\">\n                <div class=\"newsroom-item__cont-tag\">Awards<\/div>\n                <h3>CRN-Channel Chiefs<\/h3>\n              <\/div>\n            <\/div>\n            <div class=\"newsroom-item__btm\">\n                              <div class=\"newsroom-item__img-wrapper\">\n                  <img decoding=\"async\" src=\"https:\/\/www.sumologic.com\/wp-content\/uploads\/2025_CRN_ChannelChiefs_Logo-2.jpg\" alt=\"\" title=\"\">\n                <\/div>\n                            <div class=\"newsroom-item__cont-award-desc\">\n                <p>Timm Hoyt, SVP of Worldwide Alliances and Channels bei Sumo Logic, wurde zum dritten Mal in Folge von CRN als f\u00fchrender Entwickler von Channel-Strategien ausgezeichnet, die Partnern zum Erfolg verhelfen. <\/p>\n              <\/div>\n            <\/div>\n          <\/div>\n        \n  \n              <div class=\"newsroom-item award-cont\">\n            <div class=\"newsroom-item__top\">\n              <div class=\"newsroom-item__cont-wrapper\">\n                <div class=\"newsroom-item__cont-tag\">Awards<\/div>\n                <h3>Computing Security Excellence Awards 2025<\/h3>\n              <\/div>\n            <\/div>\n            <div class=\"newsroom-item__btm\">\n                              <div class=\"newsroom-item__img-wrapper\">\n                  <img decoding=\"async\" src=\"https:\/\/www.sumologic.com\/wp-content\/uploads\/Computing-Security-Excellence25_Finalist.png\" alt=\"\" title=\"\">\n                <\/div>\n                            <div class=\"newsroom-item__cont-award-desc\">\n                <p>Sumo Logic als Finalist f\u00fcr den Cloud Security Award ausgezeichnet<\/p>\n              <\/div>\n            <\/div>\n          <\/div>\n        \n  \n              <div class=\"newsroom-item award-cont\">\n            <div class=\"newsroom-item__top\">\n              <div class=\"newsroom-item__cont-wrapper\">\n                <div class=\"newsroom-item__cont-tag\">Awards<\/div>\n                <h3>G2 Winter 2025<\/h3>\n              <\/div>\n            <\/div>\n            <div class=\"newsroom-item__btm\">\n                              <div class=\"newsroom-item__img-wrapper\">\n                  <img decoding=\"async\" src=\"https:\/\/www.sumologic.com\/wp-content\/uploads\/awards-G2-Winter-Badge-Social-Card_V2.jpg\" alt=\"\" title=\"\">\n                <\/div>\n                            <div class=\"newsroom-item__cont-award-desc\">\n                <p>Das neue Jahr l\u00e4uten wir mit 26 G2 Winter 2025-Auszeichnungen ein, darunter: G2 Leader, G2 Leader \u2013 Europa, G2 Leader \u2013 Asien-Pazifik, H\u00f6chste Nutzerakzeptanz \u2013 Unternehmen, Nutzer mit der h\u00f6chsten Weiterempfehlungswahrscheinlichkeit \u2013 Unternehmen und Best Est. ROI - Unternehmen.<\/p>\n              <\/div>\n            <\/div>\n          <\/div>\n        \n  \n              <div class=\"newsroom-item award-cont\">\n            <div class=\"newsroom-item__top\">\n              <div class=\"newsroom-item__cont-wrapper\">\n                <div class=\"newsroom-item__cont-tag\">Awards<\/div>\n                <h3>Gewinner des Top Infosec Innovator<\/h3>\n              <\/div>\n            <\/div>\n            <div class=\"newsroom-item__btm\">\n                              <div class=\"newsroom-item__img-wrapper\">\n                  <img decoding=\"async\" src=\"https:\/\/www.sumologic.com\/wp-content\/uploads\/awards-top-infosec-innovator-winner-2024.jpg\" alt=\"\" title=\"\">\n                <\/div>\n                            <div class=\"newsroom-item__cont-award-desc\">\n                <p>Sumo Logic wurde vom Cyber Defense Magazine mit zwei InfoSec Innovator Awards ausgezeichnet: als Marktf\u00fchrer im Bereich DevSecOps und als Publisher&#039;s Choice f\u00fcr Next Gen SIEM.<\/p>\n              <\/div>\n            <\/div>\n          <\/div>\n        \n  <\/div>\n<\/div>   \n\n\n\n<div class=\"content-section__pagination\">\n<div class=\"content-section__pagination-desk gsbp-536cad6\">\n   <div class=\"facetwp-facet facetwp-facet-pagination facetwp-type-pager\" data-name=\"pagination\" data-type=\"pager\"><\/div>   \n<\/div>\n\n\n\n<div class=\"content-section__pagination-mobile gsbp-6ace0bf\">\n   <div class=\"facetwp-facet facetwp-facet-mobile_pagination facetwp-type-pager\" data-name=\"mobile_pagination\" data-type=\"pager\"><\/div>   \n<\/div>\n<\/div>\n<\/div>\n<\/div>\n<\/section>\n","protected":false},"excerpt":{"rendered":"","protected":false},"author":7,"featured_media":0,"parent":52497,"menu_order":0,"comment_status":"closed","ping_status":"closed","template":"","meta":{"_acf_changed":false,"show_custom_date":false,"custom_date":"","featured":false,"featured_image":0,"learn_more_label":"","image_alt_text":"","learn_more_type":"","show_popup":false,"learn_more_link_file":0,"event_date":false,"event_start_date":"","event_end_date":"","place_holder_image_url":"","post_reading_time":"< 1","notification_enabled":false,"notification_text":"","notification_logo":"","notification_expiration_time":0,"is_enable_transparent_header":false,"selected_taxonomy_terms":{"translation_priority":[221]},"selected_primary_terms":[],"learn_more_link":[],"featured_page_list":[],"notification_enabled_post_list":[],"_gspb_post_css":".glossary-header{background-color:var(--cf-primary);overflow:hidden}.gsbp-5b9c720{display:flex;justify-content:center;flex-direction:column;align-items:center;padding-right:var(--wp--custom--spacing--side, min(3vw, 20px));padding-left:var(--wp--custom--spacing--side, min(3vw, 20px));margin-top:0;margin-bottom:0;position:relative}.gsbp-2287b7d{max-width:100%;width:1380px}.glossary-header__left-col{padding-top:var(--space-xl);padding-bottom:var(--space-xl)}body .glossary-header__heading:is(h1,h2,h3,h4,h5,h6){font-size:var(--cf-text-2xl);color:#fff}.glossary-header-right-col{position:relative}@media (min-width:768px) and (max-width:991.98px){.glossary-header-right-col{display:none!important}}@media (min-width:576px) and (max-width:767.98px){.glossary-header-right-col{display:none!important}}@media (max-width:575.98px){.glossary-header-right-col{display:none!important}}.gsbp-406eae3{display:flex;justify-content:center;flex-direction:column;align-items:center;padding-right:var(--wp--custom--spacing--side, min(3vw, 20px));padding-left:var(--wp--custom--spacing--side, min(3vw, 20px));margin-top:0;margin-bottom:0;position:relative}.gsbp-cabbe85{max-width:100%;width:1380px}.gsbp-0d12de6{display:flex;justify-content:center;flex-direction:column;align-items:center;padding-right:var(--wp--custom--spacing--side, min(3vw, 20px));padding-left:var(--wp--custom--spacing--side, min(3vw, 20px));margin-top:0;margin-bottom:0;position:relative}.gsbp-d874d39{max-width:100%;width:1380px}.newsroom-type-nav-wrap{display:flex;flex-direction:row;justify-content:center;align-items:center;column-gap:var(--cf-space-l);padding-top:var(--space-m)}","_relevanssi_hide_post":"","_relevanssi_hide_content":"","_relevanssi_pin_for_all":"","_relevanssi_pin_keywords":"","_relevanssi_unpin_keywords":"","_relevanssi_related_keywords":"","_relevanssi_related_include_ids":"","_relevanssi_related_exclude_ids":"","_relevanssi_related_no_append":"","_relevanssi_related_not_related":"","_relevanssi_related_posts":"","_relevanssi_noindex_reason":"","inline_featured_image":false,"footnotes":""},"class_list":["post-53171","page","type-page","status-publish","hentry"],"acf":[],"_links":{"self":[{"href":"https:\/\/www.sumologic.com\/de\/wp-json\/wp\/v2\/pages\/53171","targetHints":{"allow":["GET"]}}],"collection":[{"href":"https:\/\/www.sumologic.com\/de\/wp-json\/wp\/v2\/pages"}],"about":[{"href":"https:\/\/www.sumologic.com\/de\/wp-json\/wp\/v2\/types\/page"}],"author":[{"embeddable":true,"href":"https:\/\/www.sumologic.com\/de\/wp-json\/wp\/v2\/users\/7"}],"replies":[{"embeddable":true,"href":"https:\/\/www.sumologic.com\/de\/wp-json\/wp\/v2\/comments?post=53171"}],"version-history":[{"count":7,"href":"https:\/\/www.sumologic.com\/de\/wp-json\/wp\/v2\/pages\/53171\/revisions"}],"predecessor-version":[{"id":65548,"href":"https:\/\/www.sumologic.com\/de\/wp-json\/wp\/v2\/pages\/53171\/revisions\/65548"}],"up":[{"embeddable":true,"href":"https:\/\/www.sumologic.com\/de\/wp-json\/wp\/v2\/pages\/52497"}],"wp:attachment":[{"href":"https:\/\/www.sumologic.com\/de\/wp-json\/wp\/v2\/media?parent=53171"}],"curies":[{"name":"wp","href":"https:\/\/api.w.org\/{rel}","templated":true}]}}