{"id":61667,"date":"2025-04-21T10:29:42","date_gmt":"2025-04-21T18:29:42","guid":{"rendered":"https:\/\/www.sumologic.com\/sumo-logic-professional-services"},"modified":"2025-11-21T14:22:06","modified_gmt":"2025-11-21T22:22:06","slug":"services","status":"publish","type":"page","link":"https:\/\/www.sumologic.com\/de\/services","title":{"rendered":"Sumo Logic Professional Services"},"content":{"rendered":"\n<div class=\"wp-block-group is-content-justification-center is-nowrap is-layout-flex wp-container-core-group-is-layout-8b102c37 wp-block-group-is-layout-flex\" style=\"padding-top:var(--wp--preset--spacing--80);padding-bottom:var(--wp--preset--spacing--80)\">\n<h1 class=\"wp-block-heading has-text-align-center has-eigengrau-color has-text-color has-link-color wp-elements-e25925845cd22d966786e6ae8e65c77c\" id=\"sumo-logic-professional-services\">Sumo Logic Professional Services<\/h1>\n<\/div>\n\n<section class=\"e-stn e-stn-345ae3f012093aaddb4e48354074a818fd6e0667 e-stn--dynamic-grid-section e-mt-0 e-pt-0\"><div class=\"container\">\n<div class=\"wp-block-b3rg-row e-row row\">\n<div class=\"wp-block-b3rg-column e-col e-col-e7fe808e6d2efaa5c71081c4ab7e76403faddf20 e-col--content-wrapper  col-sm-12\"><a class=\"e-lnk e-lnk--card-wrapper\" href=\"https:\/\/www.sumologic.com\/wp-content\/uploads\/Pro_Serv_Automation-Playbook-Add-On.pdf\" target=\"_blank\"> \n\n<div class=\"e-div e-div-b811dc700533949fc5121627184bac0481bd5190 e-div--card-wrapper\">\n<h3 class=\"wp-block-heading has-gunmetal-color has-text-color has-link-color wp-elements-5b14723ba2e1ac6c2535d0b5d2e33bb1\" id=\"cloud-soar-playbook-add-on\">Automation Playbook Add-On<\/h3>\n\n\n\n<p class=\"description has-delft-blue-color has-text-color has-link-color wp-elements-39e6cb98c06bc9fef49bff8f2630f47a\">Das Sumo Logic Add-On-Paket Professional Services Automation Playbook ist f\u00fcr Kunden gedacht, die Unterst\u00fctzung bei der Entwicklung und Implementierung eines (1) Playbooks innerhalb einer bestehenden Sumo Logic-Installation suchen, wie nachfolgend beschrieben.<\/p>\n\n\n\n<div class=\"e-div e-div-a1b32f66e1749758df41d5aea14f647cd10e362c e-div--card-btn-link\">\n<p>PDF herunterladen<\/p>\n<\/div>\n<\/div>\n\n <\/a>\n\n<a class=\"e-lnk e-lnk--card-wrapper\" href=\"https:\/\/www.sumologic.com\/wp-content\/uploads\/Pro_Serv_Automation-Service-Quickstart-with-One-Playbook.pdf\" target=\"_blank\"> \n\n<div class=\"e-div e-div-b811dc700533949fc5121627184bac0481bd5190 e-div--card-wrapper\">\n<h3 class=\"wp-block-heading has-gunmetal-color has-text-color has-link-color wp-elements-54f878c6839c937461ccd69bff5c3b4b\" id=\"cloud-siem-for-service-providers-1\">Automation Service Quickstart mit einem Playbook<\/h3>\n\n\n\n<p class=\"description has-delft-blue-color has-text-color has-link-color wp-elements-2385316953588a02ab4b9e4dfc3844ee\">Sumo Logic Professional Services Automation Service Quickstart mit einem Playbook (\u201eAutomation Service Quickstart\u201c) wurde entwickelt, um Orchestrierung und Automatisierung sowie Funktionen rund um Threat-Intelligence-Management innerhalb von Sumo Logic zu implementieren, wie nachfolgend beschrieben.<\/p>\n\n\n\n<div class=\"e-div e-div-a1b32f66e1749758df41d5aea14f647cd10e362c e-div--card-btn-link\">\n<p>PDF herunterladen<\/p>\n<\/div>\n<\/div>\n\n <\/a>\n\n<a class=\"e-lnk e-lnk--card-wrapper\" href=\"https:\/\/www.sumologic.com\/wp-content\/uploads\/Pro_Serv_Cloud_SIEM-Service-Providers.pdf\" target=\"_blank\"> \n\n<div class=\"e-div e-div-b811dc700533949fc5121627184bac0481bd5190 e-div--card-wrapper\">\n<h3 class=\"wp-block-heading has-gunmetal-color has-text-color has-link-color wp-elements-f7758c3a7552c3038dc2f5d752c82025\" id=\"cloud-siem-for-service-providers-1\">Cloud SIEM f\u00fcr Service Provider<\/h3>\n\n\n\n<p class=\"description has-delft-blue-color has-text-color has-link-color wp-elements-0a9f08dccb23d4bc37e44facb3eedc19\">Sumo Logic Professional Services Cloud SIEM f\u00fcr Service Provider (\u201eCloud SIEM f\u00fcr Service Provider\u201c) ist f\u00fcr Service Provider konzipiert, die Sumo Logic zum ersten Mal nutzen. Sumo Logic arbeitet mit dem Service Provider zusammen, um Cloud SIEM wie unten beschrieben auf einem einzigen Mandanten zu implementieren und gleichzeitig den Mitarbeitern des Service Providers die M\u00f6glichkeit zu geben, Cloud SIEM als Service Provider zu verwalten und zu nutzen, um ihre Kunden zu unterst\u00fctzen.<\/p>\n\n\n\n<div class=\"e-div e-div-a1b32f66e1749758df41d5aea14f647cd10e362c e-div--card-btn-link\">\n<p>PDF herunterladen<\/p>\n<\/div>\n<\/div>\n\n <\/a>\n\n<a class=\"e-lnk e-lnk--card-wrapper\" href=\"https:\/\/www.sumologic.com\/wp-content\/uploads\/Pro_Serv_Cloud_SIEM-Lite-Quickstart.pdf\" target=\"_blank\"> \n\n<div class=\"e-div e-div-b811dc700533949fc5121627184bac0481bd5190 e-div--card-wrapper\">\n<h3 class=\"wp-block-heading has-gunmetal-color has-text-color has-link-color wp-elements-4a1f4a2997b71c03d6a78d0213cb0f9a\" id=\"cloud-native-distributed-architecture\">Cloud SIEM Lite Quickstart<\/h3>\n\n\n\n<p class=\"description has-delft-blue-color has-text-color has-link-color wp-elements-1be3931562e2d530bb92fd404f0bc900\">Sumo Logic Professional Services Cloud SIEM Lite Quickstart (\u201eCloud SIEM Lite Quickstart\u201c) ist f\u00fcr Kunden gedacht, die Sumo Logic zum ersten Mal nutzen. Sumo Logic arbeitet mit dem Kunden zusammen, um Cloud SIEM zu implementieren und gleichzeitig die Mitarbeiter des Kunden in die Lage zu versetzen, Cloud SIEM effektiv zu verwalten und zu nutzen, wie nachfolgend beschrieben.<\/p>\n\n\n\n<div class=\"e-div e-div-a1b32f66e1749758df41d5aea14f647cd10e362c e-div--card-btn-link\">\n<p>PDF herunterladen<\/p>\n<\/div>\n<\/div>\n\n <\/a>\n\n<a class=\"e-lnk e-lnk--card-wrapper\" href=\"https:\/\/www.sumologic.com\/wp-content\/uploads\/Pro_Serv_Cloud-SIEM-Quickstart-072525.pdf\" target=\"_blank\"> \n\n<div class=\"e-div e-div-b811dc700533949fc5121627184bac0481bd5190 e-div--card-wrapper\">\n<h3 class=\"wp-block-heading has-gunmetal-color has-text-color has-link-color wp-elements-fda844e1152814374fe66110ef230fe9\" id=\"cloud-native-distributed-architecture\">Cloud SIEM Quickstart<\/h3>\n\n\n\n<p class=\"description has-delft-blue-color has-text-color has-link-color wp-elements-4fa93ebcfc1605b731bfee35bd100546\">Sumo Logic Professional Services Cloud SIEM Quickstart (\u201eCloud SIEM Quickstart\u201c) ist f\u00fcr Kunden konzipiert, die Sumo Logic zum ersten Mal nutzen. Sumo Logic arbeitet mit dem Kunden zusammen, um Cloud SIEM zu implementieren und gleichzeitig die Mitarbeiter des Kunden in die Lage zu versetzen, Cloud SIEM effektiv zu verwalten und zu nutzen, wie nachfolgend beschrieben.<\/p>\n\n\n\n<div class=\"e-div e-div-a1b32f66e1749758df41d5aea14f647cd10e362c e-div--card-btn-link\">\n<p>PDF herunterladen<\/p>\n<\/div>\n<\/div>\n\n <\/a>\n\n<a class=\"e-lnk e-lnk--card-wrapper\" href=\"https:\/\/www.sumologic.com\/wp-content\/uploads\/Pro_Serv_Cloud_SIEM-Uprgrade-Lite-Quickstart.pdf\" target=\"_blank\"> \n\n<div class=\"e-div e-div-b811dc700533949fc5121627184bac0481bd5190 e-div--card-wrapper\">\n<h3 class=\"wp-block-heading has-gunmetal-color has-text-color has-link-color wp-elements-7fdcac7b5ced6c3dcee8cf21ba78a55e\" id=\"cloud-siem-upgrade-lite-quickstart\">Cloud SIEM Upgrade Lite Quickstart<\/h3>\n\n\n\n<p class=\"description has-delft-blue-color has-text-color has-link-color wp-elements-c842db571e1a62ecbf19d94434bf64ca\">Sumo Logic Professional Services Cloud SIEM Upgrade Lite Quickstart (\u201eCloud SIEM Upgrade Lite Quickstart\u201c) wurde f\u00fcr bestehende Kunden entwickelt, die die Sumo Logic-Plattform bereits implementiert haben und derzeit die erforderlichen Logdaten f\u00fcr eine Cloud SIEM-Implementierung einlesen.<\/p>\n\n\n\n<div class=\"e-div e-div-a1b32f66e1749758df41d5aea14f647cd10e362c e-div--card-btn-link\">\n<p>PDF herunterladen<\/p>\n<\/div>\n<\/div>\n\n <\/a>\n\n<a class=\"e-lnk e-lnk--card-wrapper\" href=\"https:\/\/www.sumologic.com\/wp-content\/uploads\/Pro_Serv_Cloud-SIEM-Upgrade-Quickstart-072525.pdf\" target=\"_blank\"> \n\n<div class=\"e-div e-div-b811dc700533949fc5121627184bac0481bd5190 e-div--card-wrapper\">\n<h3 class=\"wp-block-heading has-gunmetal-color has-text-color has-link-color wp-elements-4d890d9034d3091eac4e7722d416748f\" id=\"cloud-siem-upgrade-quickstart\">Cloud SIEM Upgrade Quickstart<\/h3>\n\n\n\n<p class=\"description has-delft-blue-color has-text-color has-link-color wp-elements-c8019f00d5ea0fea1ec4a7cb5d1478ae\">Sumo Logic Professional Services Cloud SIEM Upgrade Quickstart (\u201eCloud SIEM Upgrade Quickstart\u201c) ist f\u00fcr bestehende Kunden gedacht, die die Sumo Logic-Plattform bereits implementiert haben und derzeit die erforderlichen Logdaten f\u00fcr eine Cloud SIEM-Implementierung einlesen.<\/p>\n\n\n\n<div class=\"e-div e-div-a1b32f66e1749758df41d5aea14f647cd10e362c e-div--card-btn-link\">\n<p>PDF herunterladen<\/p>\n<\/div>\n<\/div>\n\n <\/a>\n\n<a class=\"e-lnk e-lnk--card-wrapper\" href=\"https:\/\/www.sumologic.com\/wp-content\/uploads\/Pro_Serv_Cloud_SOAR-Quickstart-with-One-Playbook.pdf\" target=\"_blank\"> \n\n<div class=\"e-div e-div-b811dc700533949fc5121627184bac0481bd5190 e-div--card-wrapper\">\n<h3 class=\"wp-block-heading has-gunmetal-color has-text-color has-link-color wp-elements-104655e0545993ffce595645bb5d537e\" id=\"cloud-soar-playbook-add-on\">Cloud SOAR Quickstart mit einem Playbook<\/h3>\n\n\n\n<p class=\"description has-delft-blue-color has-text-color has-link-color wp-elements-da17fe5cbfd28803d6327abf4b633301\">Sumo Logic Professional Services Cloud SOAR Quickstart mit einem Playbook (\u201eCloud SOAR Quickstart\u201c) dient der Bereitstellung von Funktionen f\u00fcr Incident Response, Orchestrierung und Automatisierung sowie Threat-Intelligence-Management innerhalb von Sumo Logic Cloud SOAR (\u201eCloud SOAR\u201c), wie nachfolgend beschrieben.<\/p>\n\n\n\n<div class=\"e-div e-div-a1b32f66e1749758df41d5aea14f647cd10e362c e-div--card-btn-link\">\n<p>PDF herunterladen<\/p>\n<\/div>\n<\/div>\n\n <\/a>\n\n<a class=\"e-lnk e-lnk--card-wrapper\" href=\"https:\/\/www.sumologic.com\/wp-content\/uploads\/Pro_Serv_Content-Development-Add-On.pdf\" target=\"_blank\"> \n\n<div class=\"e-div e-div-b811dc700533949fc5121627184bac0481bd5190 e-div--card-wrapper\">\n<h3 class=\"wp-block-heading has-gunmetal-color has-text-color has-link-color wp-elements-1bc0539567b35e59680e75f67bded053\" id=\"cloud-soar-playbook-add-on\">Content Development Add-on<\/h3>\n\n\n\n<p class=\"description has-delft-blue-color has-text-color has-link-color wp-elements-4f3517f043ba6c050cd6747ebb357114\">Das Sumo Logic Add-On-Paket Professional Services Content Development ist f\u00fcr Kunden gedacht, die Unterst\u00fctzung bei der Entwicklung zus\u00e4tzlicher Inhalte auf der Sumo Logic-Plattform suchen, wie z. B. Suchen, Monitore, geplante Suchen, Dashboards, Regeln und Aktionsknoten, wie nachfolgend beschrieben.<\/p>\n\n\n\n<div class=\"e-div e-div-a1b32f66e1749758df41d5aea14f647cd10e362c e-div--card-btn-link\">\n<p>PDF herunterladen<\/p>\n<\/div>\n<\/div>\n\n <\/a>\n\n<a class=\"e-lnk e-lnk--card-wrapper\" href=\"https:\/\/www.sumologic.com\/wp-content\/uploads\/Pro_Serv_Infrastructure-Monitoring.pdf\" target=\"_blank\"> \n\n<div class=\"e-div e-div-b811dc700533949fc5121627184bac0481bd5190 e-div--card-wrapper\">\n<h3 class=\"wp-block-heading has-gunmetal-color has-text-color has-link-color wp-elements-6789a04d7bc6cacb6dc0be26bda480bb\" id=\"cloud-soar-playbook-add-on\">Infrastruktur-Monitoring (Logs und Metriken) Quickstart<\/h3>\n\n\n\n<p class=\"description has-delft-blue-color has-text-color has-link-color wp-elements-087a6be228a75726bcc7956fd62dbd0e\">Sumo Logic Professional Services Infrastruktur-Monitoring (Logs und Metriken) Quickstart (\u201eInfrastruktur-Monitoring Quickstart\u201c) wurde entwickelt, um die Sumo Logic-Plattform f\u00fcr den Einsatz von vereinheitlichten Logs und Metrik-Analysen zur Unterst\u00fctzung der Zustands- und Leistungs\u00fcberwachung der Infrastruktur zu konfigurieren, wie nachfolgend beschrieben.<\/p>\n\n\n\n<div class=\"e-div e-div-a1b32f66e1749758df41d5aea14f647cd10e362c e-div--card-btn-link\">\n<p>PDF herunterladen<\/p>\n<\/div>\n<\/div>\n\n <\/a>\n\n<a class=\"e-lnk e-lnk--card-wrapper\" href=\"https:\/\/www.sumologic.com\/wp-content\/uploads\/Pro_Serv_Log-Analytics-and-Monitoring-Quickstart.pdf\" target=\"_blank\"> \n\n<div class=\"e-div e-div-b811dc700533949fc5121627184bac0481bd5190 e-div--card-wrapper\">\n<h3 class=\"wp-block-heading has-gunmetal-color has-text-color has-link-color wp-elements-f7be506e4ffda63ae110fc79a78297dd\" id=\"cloud-soar-playbook-add-on\">Log-Analyse und Monitoring Quickstart<\/h3>\n\n\n\n<p class=\"description has-delft-blue-color has-text-color has-link-color wp-elements-f0c261862edbff7270a15c02346ed997\">Sumo Logic Professional Services Log-Analyse und Monitoring Quickstart (\u201eLog-Analyse und Monitoring Quickstart\u201c) wurde entwickelt, um die Sumo Logic-Plattform f\u00fcr den Einsatz von Log-Analyse-Funktionen zur Unterst\u00fctzung der operativen \u00dcberwachung und\/oder von Sicherheitsanwendungen zu konfigurieren, wie nachfolgend beschrieben.<\/p>\n\n\n\n<div class=\"e-div e-div-a1b32f66e1749758df41d5aea14f647cd10e362c e-div--card-btn-link\">\n<p>PDF herunterladen<\/p>\n<\/div>\n<\/div>\n\n <\/a>\n\n<a class=\"e-lnk e-lnk--card-wrapper\" href=\"https:\/\/www.sumologic.com\/wp-content\/uploads\/Pro_Serv_Log-Analytics-for-Flex-Quickstart.pdf\" target=\"_blank\"> \n\n<div class=\"e-div e-div-b811dc700533949fc5121627184bac0481bd5190 e-div--card-wrapper\">\n<h3 class=\"wp-block-heading has-gunmetal-color has-text-color has-link-color wp-elements-ea368d82dc53e945e25bf48da2a392ea\" id=\"cloud-soar-playbook-add-on\">Log-Analyse f\u00fcr Flex Quickstart<\/h3>\n\n\n\n<p class=\"description has-delft-blue-color has-text-color has-link-color wp-elements-9185707481a3cc40f125ccc13e1d5cc3\">Sumo Logic Professional Services Log-Analyse f\u00fcr Flex Quickstart (\u201eLog-Analyse f\u00fcr Flex Quickstart\u201c) dient der Konfiguration der Sumo Logic-Plattform f\u00fcr die Bereitstellung von Log-Analyse-Funktionen zur Unterst\u00fctzung der Betriebs\u00fcberwachung und\/oder von Sicherheitsanwendungen, wie nachfolgend beschrieben.<\/p>\n\n\n\n<div class=\"e-div e-div-a1b32f66e1749758df41d5aea14f647cd10e362c e-div--card-btn-link\">\n<p>PDF herunterladen<\/p>\n<\/div>\n<\/div>\n\n <\/a>\n\n<a class=\"e-lnk e-lnk--card-wrapper\" href=\"https:\/\/www.sumologic.com\/wp-content\/uploads\/Pro_Serv-Log-Analytics-for-Flex-Quickstart_July2025.pdf\" target=\"_blank\"> \n\n<div class=\"e-div e-div-b811dc700533949fc5121627184bac0481bd5190 e-div--card-wrapper\">\n<h3 class=\"wp-block-heading has-gunmetal-color has-text-color has-link-color wp-elements-c7d3eb40a21c083d0a756672d32bf7fc\" id=\"cloud-soar-playbook-add-on\">Log-Analyse f\u00fcr Flex Upgrade Quickstart<\/h3>\n\n\n\n<p class=\"description has-delft-blue-color has-text-color has-link-color wp-elements-9185707481a3cc40f125ccc13e1d5cc3\">Sumo Logic Professional Services Log-Analyse f\u00fcr Flex Quickstart (\u201eLog-Analyse f\u00fcr Flex Quickstart\u201c) dient der Konfiguration der Sumo Logic-Plattform f\u00fcr die Bereitstellung von Log-Analyse-Funktionen zur Unterst\u00fctzung der Betriebs\u00fcberwachung und\/oder von Sicherheitsanwendungen, wie nachfolgend beschrieben.<\/p>\n\n\n\n<div class=\"e-div e-div-a1b32f66e1749758df41d5aea14f647cd10e362c e-div--card-btn-link\">\n<p>PDF herunterladen<\/p>\n<\/div>\n<\/div>\n\n <\/a>\n\n<a class=\"e-lnk e-lnk--card-wrapper\" href=\"https:\/\/www.sumologic.com\/wp-content\/uploads\/Pro_Serv_Onboarding-Enablement-for-Flex-Logs.pdf\" target=\"_blank\"> \n\n<div class=\"e-div e-div-b811dc700533949fc5121627184bac0481bd5190 e-div--card-wrapper\">\n<h3 class=\"wp-block-heading has-gunmetal-color has-text-color has-link-color wp-elements-6bd4e71998071be9443ad93ce3239235\" id=\"cloud-soar-playbook-add-on\">Onboarding-Enablement f\u00fcr Flex Logs<\/h3>\n\n\n\n<p class=\"description has-delft-blue-color has-text-color has-link-color wp-elements-77d2a9a9494a87b970ba0770615b6843\">Sumo Logic Professional Services Log-Analyse f\u00fcr Flex Lite (\u201eLog-Analyse f\u00fcr Flex Lite\u201c) wurde entwickelt, um die Anwender der Sumo Logic-Plattform in die Lage zu versetzen, Inhalte im Einklang mit unserem Flex-Preismodell zu optimieren.<\/p>\n\n\n\n<div class=\"e-div e-div-a1b32f66e1749758df41d5aea14f647cd10e362c e-div--card-btn-link\">\n<p>PDF herunterladen<\/p>\n<\/div>\n<\/div>\n\n <\/a>\n\n<a class=\"e-lnk e-lnk--card-wrapper\" href=\"https:\/\/www.sumologic.com\/wp-content\/uploads\/Pro_Serv_Onboarding-Enablement-Service-for-CloudSIEM-2.pdf\" target=\"_blank\"> \n\n<div class=\"e-div e-div-b811dc700533949fc5121627184bac0481bd5190 e-div--card-wrapper\">\n<h3 class=\"wp-block-heading has-gunmetal-color has-text-color has-link-color wp-elements-b21d143317403227f6f9d590e23131e1\" id=\"cloud-soar-playbook-add-on\">Onboarding Enablement Service f\u00fcr Cloud SIEM<\/h3>\n\n\n\n<p class=\"description has-delft-blue-color has-text-color has-link-color wp-elements-1aaa7a3db932577048edd150b6793412\">Sumo Logic Professional Services Onboarding Enablement Service f\u00fcr Cloud SIEM (\u201eOnboarding Enablement Service\u201c) wurde entwickelt, um Kunden beim Verst\u00e4ndnis der Log-Erfassung und der Logsuche innerhalb der Sumo Logic-Plattform zu helfen, wie nachfolgend beschrieben.<\/p>\n\n\n\n<div class=\"e-div e-div-a1b32f66e1749758df41d5aea14f647cd10e362c e-div--card-btn-link\">\n<p>PDF herunterladen<\/p>\n<\/div>\n<\/div>\n\n <\/a>\n\n<a class=\"e-lnk e-lnk--card-wrapper\" href=\"https:\/\/www.sumologic.com\/wp-content\/uploads\/Pro_Serv_Onboarding-Enablement-Service-for-Log-Analytics-2.pdf\" target=\"_blank\"> \n\n<div class=\"e-div e-div-b811dc700533949fc5121627184bac0481bd5190 e-div--card-wrapper\">\n<h3 class=\"wp-block-heading has-gunmetal-color has-text-color has-link-color wp-elements-7e8ccac01caaf36bc3c2e7cd2732047f\" id=\"cloud-soar-playbook-add-on\">Onboarding Enablement Service f\u00fcr Log-Analyse<\/h3>\n\n\n\n<p class=\"description has-delft-blue-color has-text-color has-link-color wp-elements-2b4dd2a10f2eec78c51f269cfdaca7be\">Sumo Logic Professional Services Onboarding Enablement Service f\u00fcr Log-Analyse (\u201eOnboarding Enablement Service\u201c) soll Kunden beim Verst\u00e4ndnis der Log-Erfassung und der Log-Suche innerhalb der Sumo Logic-Plattform helfen, wie nachfolgend beschrieben.<\/p>\n\n\n\n<div class=\"e-div e-div-a1b32f66e1749758df41d5aea14f647cd10e362c e-div--card-btn-link\">\n<p>PDF herunterladen<\/p>\n<\/div>\n<\/div>\n\n <\/a>\n\n<a class=\"e-lnk e-lnk--card-wrapper\" href=\"https:\/\/www.sumologic.com\/wp-content\/uploads\/Pro_Serv_Source-Add-On.pdf\" target=\"_blank\"> \n\n<div class=\"e-div e-div-b811dc700533949fc5121627184bac0481bd5190 e-div--card-wrapper\">\n<h3 class=\"wp-block-heading has-gunmetal-color has-text-color has-link-color wp-elements-bb45850c2562d68951c32cea511f9872\" id=\"cloud-soar-playbook-add-on\">Source Add-on<\/h3>\n\n\n\n<p class=\"description has-delft-blue-color has-text-color has-link-color wp-elements-cd27f2b6f02ceb189bcdd67bf2dbad6e\">Das Professional Services Source Add-On-Paket von Sumo Logic ist f\u00fcr Kunden gedacht, die Unterst\u00fctzung bei der Aufnahme von Log- oder Metrikquellen ben\u00f6tigen, wie nachfolgend beschrieben. Dieses Paket kann einzeln oder in Kombination mit anderen Sumo Logic Professional Services-Paketen erworben werden.<\/p>\n\n\n\n<div class=\"e-div e-div-a1b32f66e1749758df41d5aea14f647cd10e362c e-div--card-btn-link\">\n<p>PDF herunterladen<\/p>\n<\/div>\n<\/div>\n\n <\/a>\n\n<a class=\"e-lnk e-lnk--card-wrapper\" href=\"https:\/\/www.sumologic.com\/legal\/professional-services\/service-archive\" target=\"_blank\"> \n\n<div class=\"e-div e-div-b811dc700533949fc5121627184bac0481bd5190 e-div--card-wrapper\">\n<h3 class=\"wp-block-heading has-gunmetal-color has-text-color has-link-color wp-elements-5bd27c53d238905dd7ce33b2cc0454ed\" id=\"cloud-soar-playbook-add-on\">Archivierte Service-Beschreibungen<\/h3>\n\n\n\n<p class=\"description has-delft-blue-color has-text-color has-link-color wp-elements-128940cbc037083ddfd1085979523593\"><\/p>\n\n\n\n<div class=\"e-div e-div-a1b32f66e1749758df41d5aea14f647cd10e362c e-div--card-btn-link\">\n<p>Archive ansehen<\/p>\n<\/div>\n<\/div>\n\n <\/a><\/div>\n<\/div>\n<\/div><\/section>\n","protected":false},"excerpt":{"rendered":"<p>Sumo Logic Professional Services<\/p>\n","protected":false},"author":4,"featured_media":0,"parent":0,"menu_order":0,"comment_status":"closed","ping_status":"closed","template":"","meta":{"_acf_changed":false,"show_custom_date":false,"custom_date":"","featured":false,"featured_image":0,"learn_more_label":"","image_alt_text":"","learn_more_type":"","show_popup":false,"learn_more_link_file":0,"event_date":false,"event_start_date":"","event_end_date":"","place_holder_image_url":"","post_reading_time":"3","notification_enabled":false,"notification_text":"","notification_logo":"","notification_expiration_time":0,"is_enable_transparent_header":false,"selected_taxonomy_terms":{"translation_priority":[221]},"selected_primary_terms":[],"learn_more_link":[],"featured_page_list":[],"notification_enabled_post_list":[],"_gspb_post_css":".gsbp-9713641,.related-items{display:flex;justify-content:center;flex-direction:column;align-items:center;padding-right:var(--wp--custom--spacing--side, min(3vw, 20px));padding-left:var(--wp--custom--spacing--side, min(3vw, 20px));margin-top:0;margin-bottom:0;position:relative;padding-top:var(--cf-space-xl);padding-bottom:var(--cf-space-xl)}.gsbp-1581a8b{max-width:100%;width:1380px}.related-items__right-col{display:flex;column-gap:var(--space-l);row-gap:var(--space-l)}.related-items__item{border-width:1px;border-style:solid;border-color:var(--cf-primary-30);padding-top:var(--space-xs);padding-bottom:var(--space-xs);padding-left:var(--space-xs);padding-right:var(--space-xs);display:flex;flex-direction:column;row-gap:var(--cf-space-xs);text-decoration:none}.related-items__item .relate-items__item-img{max-width:100%;height:auto;object-fit:cover}body .related-items__heading:is(h1,h2,h3,h4,h5,h6){font-size:var(--cf-text-2xl)}body .relate-items__item-title:is(h1,h2,h3,h4,h5,h6),body .related-items__item-text:is(p){text-decoration:none;color:var(--cf-primary)}.related-items__item .relate-items__item-img{text-decoration:none;margin-bottom:var(--cf-space-4xs)}.related-items__item .relate-items__item-title{text-decoration:none;font-size:var(--cf-text-l)}.related-items__item .related-items__item-btn{color:var(--cf-primary);padding-top:var(--cf-space-xs);padding-bottom:var(--cf-space-xs);padding-left:var(--cf-space-xs);padding-right:var(--cf-space-xs);border-width:1px;border-style:solid;max-width:150px;display:flex;justify-content:center}.related-items__item .related-items__item-text{color:var(--cf-primary)}","_relevanssi_hide_post":"","_relevanssi_hide_content":"","_relevanssi_pin_for_all":"","_relevanssi_pin_keywords":"","_relevanssi_unpin_keywords":"","_relevanssi_related_keywords":"","_relevanssi_related_include_ids":"","_relevanssi_related_exclude_ids":"","_relevanssi_related_no_append":"","_relevanssi_related_not_related":"","_relevanssi_related_posts":"","_relevanssi_noindex_reason":"","inline_featured_image":false,"footnotes":""},"class_list":["post-61667","page","type-page","status-publish","hentry"],"acf":[],"_links":{"self":[{"href":"https:\/\/www.sumologic.com\/de\/wp-json\/wp\/v2\/pages\/61667","targetHints":{"allow":["GET"]}}],"collection":[{"href":"https:\/\/www.sumologic.com\/de\/wp-json\/wp\/v2\/pages"}],"about":[{"href":"https:\/\/www.sumologic.com\/de\/wp-json\/wp\/v2\/types\/page"}],"author":[{"embeddable":true,"href":"https:\/\/www.sumologic.com\/de\/wp-json\/wp\/v2\/users\/4"}],"replies":[{"embeddable":true,"href":"https:\/\/www.sumologic.com\/de\/wp-json\/wp\/v2\/comments?post=61667"}],"version-history":[{"count":1,"href":"https:\/\/www.sumologic.com\/de\/wp-json\/wp\/v2\/pages\/61667\/revisions"}],"predecessor-version":[{"id":61668,"href":"https:\/\/www.sumologic.com\/de\/wp-json\/wp\/v2\/pages\/61667\/revisions\/61668"}],"wp:attachment":[{"href":"https:\/\/www.sumologic.com\/de\/wp-json\/wp\/v2\/media?parent=61667"}],"curies":[{"name":"wp","href":"https:\/\/api.w.org\/{rel}","templated":true}]}}